{"id":75,"date":"2021-09-01T11:18:05","date_gmt":"2021-09-01T09:18:05","guid":{"rendered":"https:\/\/semmelweis.hu\/noidaganatsebeszet\/?page_id=75"},"modified":"2024-10-27T10:45:52","modified_gmt":"2024-10-27T09:45:52","slug":"daganatok","status":"publish","type":"page","link":"https:\/\/semmelweis.hu\/noidaganatsebeszet\/daganatok\/","title":{"rendered":"Daganatok"},"content":{"rendered":"<p>Az al\u00e1bbiakban t\u00e1j\u00e9koz\u00f3dhat az \u00e1ltalunk kezelt n\u0151gy\u00f3gy\u00e1szati daganatt\u00edpusokr\u00f3l<\/p>\n<div class=\"responsive-tabs\">\n<h2 class=\"tabtitle\">M\u00e9htestr\u00e1k<\/h2>\n<div class=\"tabcontent\">\n\n<p>A m\u00e9htest vagy endometrium r\u00e1k a m\u00e9h\u0171rb\u0151l kiindul\u00f3 daganat.<\/p>\n<p>Az endometrium a m\u00e9h bels\u0151 felsz\u00edn\u00e1t bor\u00edtja, ez a daganatt\u00edpus az endometriumot alkot\u00f3 sejtek r\u00e9teg\u00e9ben kezd\u0151dik. Az endometrium r\u00e1kot m\u00e1sn\u00e9ven m\u00e9htestr\u00e1knak is nevezik. A m\u00e9h \u00fcreg\u00e9ben m\u00e1s eredet\u0171 r\u00e1k is kialakulhat, \u00e1m ezek sokkal ritk\u00e1bbak, mint az endometrium eredet\u0171ek.<\/p>\n<p>Szerencs\u00e9re az endometrium r\u00e1kot gyakran korai st\u00e1diumban diagnosztiz\u00e1lj\u00e1k, mivel gyakran k\u00f3ros h\u00fcvelyi v\u00e9rz\u00e9st okoz. A diagn\u00f3zis fel\u00e1ll\u00edt\u00e1s\u00e1t k\u00f6vet\u0151en, korai st\u00e1dium eset\u00e9n a m\u00e9htest elt\u00e1vol\u00edt\u00e1s\u00e1val a beteg teljesen meggy\u00f3gy\u00edthat\u00f3.<\/p>\n<p><strong>Mik a m\u00e9htestr\u00e1k leggyakoribb t\u00fcnetei?<\/strong><\/p>\n<ul>\n<li>Menopauz\u00e1t k\u00f6vet\u0151en megjelen\u0151 h\u00fcvelyi v\u00e9rz\u00e9s<\/li>\n<li>Ciklus alatti k\u00f6zti v\u00e9rz\u00e9s<\/li>\n<li>Kismedencei f\u00e1jdalom<\/li>\n<\/ul>\n<p>Amennyiben ezek a t\u00fcnetek jelentkeznek, jelentkezzen kezel\u0151orvos\u00e1n\u00e1l tov\u00e1bbi kivizsg\u00e1l\u00e1s c\u00e9lj\u00e1b\u00f3l.<\/p>\n<p><strong>Hogyan diagnosztiz\u00e1lja a kezel\u0151orvosa a m\u00e9htestr\u00e1kot?<\/strong><\/p>\n<p>A m\u00e9htestr\u00e1k diagn\u00f3zis\u00e1hoz, h\u00fcvelyi vizsg\u00e1lat, ultrahanagvizsg\u00e1lat \u00e9s a diagn\u00f3zis fel\u00e1ll\u00edt\u00e1s\u00e1hoz \u00e1ltal\u00e1ban mintav\u00e9tel sz\u00fck\u00e9sges. Ha a kezel\u0151orvosa \u00fagy \u00e9rzi, hogy ez indokolt, egy \u00fagynevezett curettage-ra, (m\u00e9hkapara\u00e1sra) fogja beutalni ami alapj\u00e1n a megsze\u00fclethet a sz\u00f6vettani diagn\u00f3zis az elv\u00e1ltoz\u00e1sr\u00f3l.<\/p>\n<p>Amennyiben az endometrium r\u00e1k, vagy ennek megel\u0151z\u0151 \u00e1llapota ker\u00fcl le\u00edr\u00e1sra, javasoljuk, hogy forduljon ambulanci\u00e1nkhoz a min\u00e9l gyorsabb ell\u00e1t\u00e1s \u00e9rdek\u00e9ben.<\/p>\n<p>A Semmelweis Egyetem szak\u00e9rt\u0151kb\u0151l \u00e1ll\u00f3 orvosi csapata seg\u00edt a n\u0151gy\u00f3gy\u00e1szati daganatok min\u00e9l hamrabbi kivizsg\u00e1l\u00e1sban \u00e9s kezel\u00e9s\u00e9ben, foglaljon id\u0151pontot az <a href=\"https:\/\/semmelweis.hu\/noidaganatsebeszet\/idopontfoglalas\/\"><strong>Id\u0151pontfoglal\u00e1s<\/strong><\/a> f\u00fcl alatt.\u00a0<\/p>\n\n<\/div><h2 class=\"tabtitle\">M\u00e9hnyakr\u00e1k<\/h2>\n<div class=\"tabcontent\">\n\n<p>A m\u00e9hnyakr\u00e1k a m\u00e9hnyak sejtjeib\u0151l kiindul\u00f3 r\u00e1kt\u00edpus, melynek kialakul\u00e1s\u00e1ban f\u0151leg\u00a0\u00a0a hum\u00e1n papillomav\u00edrus (HPV) k\u00fcl\u00f6nb\u00f6z\u0151 t\u00f6rzsei j\u00e1tszanak szerepet.<\/p>\n<p>Magyarorsz\u00e1gon el\u0151fordul\u00e1s\u00e1t tekintve a 7-8. helyen \u00e1ll. \u00c9vente k\u00f6r\u00fclbel\u00fcl 1200-1400 \u00faj m\u00e9hnyakr\u00e1kos eset ker\u00fcl felfedez\u00e9sre \u00e9s k\u00f6r\u00fclbel\u00fcl 400 n\u0151 hal meg ebben a betegs\u00e9gben. Leggyakrabban 30-35 \u00e9ves korban ker\u00fcl felismer\u00e9sre, sajnos sokszor el\u0151rehaladott \u00e1llapotban. Tendencia, hogy egyre fiatalabb koroszt\u00e1lyt \u00e9rinti a betegs\u00e9g.<\/p>\n<p>Cs\u00f6kkentheti a m\u00e9hnyakr\u00e1k kialakul\u00e1s\u00e1nak kock\u00e1zat\u00e1t sz\u0171r\u0151vizsg\u00e1latokkal \u00e9s HPV -fert\u0151z\u00e9s elleni v\u00e9d\u0151olt\u00e1ssal.<\/p>\n<p><strong>Mik a m\u00e9hnyakr\u00e1k t\u00fcnetei?\u00a0<\/strong><\/p>\n<p>A m\u00e9hnyak daganat kezdeti \u00e1llapotban t\u00fcnetmentes, csak az \u00e9ves sz\u0171r\u00f6vizsg\u00e1laton kimutathat\u00f3. Az el\u0151rehaladottabb st\u00e1dium\u00fa m\u00e9hnyakr\u00e1k t\u00fcnetei lehetnek:<\/p>\n<ul>\n<li>K\u00f6z\u00f6s\u00fcl\u00e9s sor\u00e1n, k\u00e9t menstru\u00e1ci\u00f3 k\u00f6z\u00f6tt, vagy menopauza ut\u00e1n jelentkez\u0151 h\u00fcvelyi v\u00e9rz\u00e9s<\/li>\n<li>B\u0151, kellemetlen szag\u00fa, \u201eh\u00fasl\u00e9szer\u0171\u201d foly\u00e1s<\/li>\n<li>Szexu\u00e1lis egy\u00fcttl\u00e9t sor\u00e1n, vagy att\u00f3l f\u00fcggetlen\u00fcl jelentkez\u0151 alhasi f\u00e1jdalom<\/li>\n<li>Vizel\u00e9si, sz\u00e9klet\u00fcr\u00edt\u00e9si panaszok<\/li>\n<li>Fogy\u00e1s<\/li>\n<\/ul>\n<p>Amennyiben ezek a t\u00fcnetek jelentkeznek, jelentkezzen kezel\u0151orvos\u00e1n\u00e1l tov\u00e1bbi kivizsg\u00e1l\u00e1s c\u00e9lj\u00e1b\u00f3l.\u00a0<\/p>\n<p><strong>Hogyan diagnosztiz\u00e1lja a kezel\u0151orvosa a m\u00e9hnyakr\u00e1kot?\u00a0<\/strong><\/p>\n<p>A sz\u0171r\u0151vizsg\u00e1latok seg\u00edthetnek kimutatni a m\u00e9hnyakr\u00e1kot \u00e9s a r\u00e1k el\u0151tti \u00e1llapotot, amib\u0151l k\u00e9s\u0151bb daganatos sejtek v\u00e1lhatnak.\u00a0<\/p>\n<p>A legt\u00f6bb ir\u00e1nyelv\u00a0\u00a021 \u00e9ves kort\u00f3l\u00a0\u00a0felfel\u00e9 rendszeres sz\u0171r\u0151vizsg\u00e1latot\u00a0\u00a0javasol, a m\u00e9hnyakr\u00e1k \u00e9s a r\u00e1k el\u0151tti elv\u00e1ltoz\u00e1sok id\u0151beni felismer\u00e9se c\u00e9lj\u00e1b\u00f3l.\u00a0<\/p>\n<p>A kezel\u0151orvosa r\u00e1ksz\u0171r\u00e9st, HPV tipiz\u00e1l\u00e1st fog v\u00e9gezni a m\u00e9hnyakr\u00f3l, melynek esetleges rossz eredm\u00e9ny\u00e9t k\u00f6vet\u0151en biopszi\u00e1ra vagy conisatiora fogja tov\u00e1bb utalni. Ez egyben lehet ter\u00e1pi\u00e1s (megfelel\u0151 metsz\u00e9si m\u00e9lys\u00e9g eset\u00e9n) de diagnosztikus is, hiszen a molekul\u00e1ris ismeretek birtok\u00e1ban lehet tov\u00e1bbi ter\u00e1pi\u00e1t tervezni.\u00a0<\/p>\n<p>Amennyiben az m\u00e9hnyakr\u00e1k, vagy ennek megel\u0151z\u0151 \u00e1llapota ker\u00fclt le\u00edr\u00e1sra, javasoljuk, hogy forduljon ambulanci\u00e1nkhoz a min\u00e9l gyorsabb ell\u00e1t\u00e1s \u00e9rdek\u00e9ben.\u00a0<\/p>\n<p>A Semmelweis Egyetem szak\u00e9rt\u0151kb\u0151l \u00e1ll\u00f3 orvosi csapata seg\u00edt a n\u0151gy\u00f3gy\u00e1szati daganatok min\u00e9l hamarabbi kivizsg\u00e1l\u00e1sban \u00e9s kezel\u00e9s\u00e9ben foglaljon id\u0151pontot az <a href=\"https:\/\/semmelweis.hu\/noidaganatsebeszet\/idopontfoglalas\/\"><strong>Id\u0151pontfoglal\u00e1s<\/strong><\/a> f\u00fcl alatt.\u00a0<b>\u00a0<\/b><\/p>\n\n<\/div><h2 class=\"tabtitle\">Petef\u00e9szekr\u00e1k<\/h2>\n<div class=\"tabcontent\">\n\n<p>A petef\u00e9szekr\u00e1k a petef\u00e9szkekb\u0151l kiindul\u00f3\u00a0\u00a0gyakran sok\u00e1ig \u00e9szrev\u00e9tlen daganatt\u00edpus, legink\u00e1bb akkor okoz panaszokat, amikor\u00a0\u00a0m\u00e1r elterjed a medenc\u00e9ben \u00e9s a hasban. Ebben a k\u00e9s\u0151i st\u00e1diumban a petef\u00e9szekr\u00e1k kezel\u00e9se nehezebb. A korai st\u00e1dium\u00fa petef\u00e9szekr\u00e1k eset\u00e9n, amelyben a betegs\u00e9g a petef\u00e9szekre korl\u00e1toz\u00f3dik, nagyobb val\u00f3sz\u00edn\u0171s\u00e9ggel lesz sikeres kezel\u00e9s.<\/p>\n<p>A petef\u00e9szekr\u00e1k kezel\u00e9s\u00e9re \u00e1ltal\u00e1ban seb\u00e9szetet \u00e9s kemoter\u00e1pi\u00e1t alkalmaznak.<\/p>\n<p><strong>Mik a petef\u00e9szekr\u00e1k t\u00fcnetei?\u00a0<\/strong><\/p>\n<p>A petef\u00e9szekr\u00e1k korai st\u00e1dium\u00e1ban ritk\u00e1n okoz t\u00fcneteket. Az el\u0151rehaladott st\u00e1dium\u00fa petef\u00e9szekr\u00e1k kev\u00e9s \u00e9s nem specifikus t\u00fcnetet okozhat, amelyeket gyakran \u00f6sszet\u00e9vesztenek a gyakoribb j\u00f3indulat\u00fa \u00e1llapotokkal.<\/p>\n<p>A petef\u00e9szekr\u00e1k jelei \u00e9s t\u00fcnetei a k\u00f6vetkez\u0151k lehetnek:<\/p>\n<ul>\n<li>Hasi puffad\u00e1s vagy duzzanat<\/li>\n<li>Gyors telts\u00e9g\u00e9rzet \u00e9tkez\u00e9s k\u00f6zben<\/li>\n<li>Fogy\u00e1s<\/li>\n<li>Kellemetlen \u00e9rz\u00e9s a medence ter\u00fclet\u00e9n<\/li>\n<li>V\u00e1ltoz\u00e1sok a sz\u00e9kletben, p\u00e9ld\u00e1ul sz\u00e9kreked\u00e9s<\/li>\n<li>Gyakori vizel\u00e9si sz\u00fcks\u00e9glet<\/li>\n<\/ul>\n<p>Amennyiben ezek a t\u00fcnetek jelentkeznek, jelentkezzen kezel\u0151orvos\u00e1n\u00e1l tov\u00e1bbi kivizsg\u00e1l\u00e1s c\u00e9lj\u00e1b\u00f3l.\u00a0<\/p>\n<p><strong>Hogyan diagnosztiz\u00e1lja a kezel\u0151orvosa a petef\u00e9szekr\u00e1kot?\u00a0<\/strong><\/p>\n<p>A petef\u00e9szekr\u00e1k diagn\u00f3zis\u00e1hoz, h\u00fcvelyi vizsg\u00e1lat, ultrhanagvizsg\u00e1lat \u00e9s a diagn\u00f3zis fel\u00e1ll\u00edt\u00e1s\u00e1hoz \u00e1ltal\u00e1ban laborvizsg\u00e1latok sz\u00fcks\u00e9gesek. Ha a kezel\u0151orvosa \u00fagy \u00e9rzi, hogy ez indokolt, tov\u00e1bb fogja \u00f6nt ir\u00e1ny\u00edtani egy k\u00e9palkot\u00f3 (MRI) vizsg\u00e1latra hogy m\u00e9g pontosabban fel lehessen t\u00e9rk\u00e9pezni a kismedencei \/ hasi viszonyokat.\u00a0<\/p>\n<p>Amennyiben a petef\u00e9szekr\u00e1k, vagy valamilyen bizonytalan eredet\u0171 petef\u00e9szek strukt\u00fara ker\u00fclt le\u00edr\u00e1sra, javasoljuk, hogy forduljon ambulanci\u00e1nkhoz a min\u00e9l gyorsabb ell\u00e1t\u00e1s \u00e9rdek\u00e9ben.\u00a0<\/p>\n<p>A Semmelweis Egyetem szak\u00e9rt\u0151kb\u0151l \u00e1ll\u00f3 orvosi csapata seg\u00edt a n\u0151gy\u00f3gy\u00e1szati daganatok min\u00e9l hamarabbi kivizsg\u00e1l\u00e1sban \u00e9s kezel\u00e9s\u00e9ben foglaljon id\u0151pontot az <a href=\"https:\/\/semmelweis.hu\/noidaganatsebeszet\/idopontfoglalas\/\"><strong>Id\u0151pontfoglal\u00e1s<\/strong><\/a> f\u00fcl alatt.<\/p>\n\n<\/div><h2 class=\"tabtitle\">Szem\u00e9remtestr\u00e1k<\/h2>\n<div class=\"tabcontent\">\n\n<p>A szem\u00e9remtestr\u00e1kon vulv\u00e1n, a h\u00fagycs\u00f6v\u00f6n \u00e9s a h\u00fcvelyt k\u00f6r\u00fclvev\u0151 b\u0151rter\u00fcleten (bele\u00e9rtve a csikl\u00f3t \u00e9s a szem\u00e9remajkakat) jelentkez\u0151 daganatot \u00e9rtj\u00fck.\u00a0<\/p>\n<p>A szem\u00e9remtest r\u00e1k vagy vulva r\u00e1k \u00e1ltal\u00e1ban csom\u00f3k\u00e9nt vagy sebk\u00e9nt alakul ki a szem\u00e9remtesten, ami gyakran viszket\u00e9st okoz. B\u00e1r minden \u00e9letkorban el\u0151fordulhat, a vulva r\u00e1kot leggyakrabban id\u0151sebb feln\u0151ttekn\u00e9l diagnosztiz\u00e1lj\u00e1k.<\/p>\n<p>A vulvarr\u00e1k kezel\u00e9se \u00e1ltal\u00e1ban m\u0171t\u00e9tet foglal mag\u00e1ban,\u00a0\u00a0a r\u00e1k \u00e9s a k\u00f6rnyez\u0151 eg\u00e9szs\u00e9ges sz\u00f6vetek kis mennyis\u00e9g\u00e9nek elt\u00e1vol\u00edt\u00e1s\u00e1val.\u00a0\u00a0Min\u00e9l kor\u00e1bban ker\u00fcl a vulvar\u00e1k diagnosztiz\u00e1l\u00e1sra, ann\u00e1l kev\u00e9sb\u00e9 val\u00f3sz\u00edn\u0171, hogy kiterjedt m\u0171t\u00e9tre van sz\u00fcks\u00e9g a kezel\u00e9shez.<\/p>\n<p><strong>Mik a szem\u00e9remtest r\u00e1k t\u00fcnetei?\u00a0<\/strong><\/p>\n<ul>\n<li>El nem m\u00fal\u00f3 viszket\u00e9s\u00a0<\/li>\n<li>F\u00e1jdalom \u00e9s gyenges\u00e9g<\/li>\n<li>Nem menstru\u00e1ci\u00f3 eredet\u0171 v\u00e9rz\u00e9s<\/li>\n<li>A b\u0151rfelsz\u00edn megv\u00e1ltoz\u00e1sa, p\u00e9ld\u00e1ul sz\u00ednv\u00e1ltoz\u00e1s vagy megvastagod\u00e1s<\/li>\n<\/ul>\n<p>Csom\u00f3s, szem\u00f6lcsszer\u0171 dudorok vagy ny\u00edlt seb (fek\u00e9ly) megjelen\u00e9se<\/p>\n<p>Amennyiben ezek a t\u00fcnetek jelentkeznek, jelentkezzen kezel\u0151orvos\u00e1n\u00e1l tov\u00e1bbi kivizsg\u00e1l\u00e1s c\u00e9lj\u00e1b\u00f3l.\u00a0<\/p>\n<p><strong>Hogyan diagnosztiz\u00e1lja a kezel\u0151orvosa a szem\u00e9remtestr\u00e1kot?\u00a0<\/strong><\/p>\n<p>A szm\u00e9remtestr\u00e1k diagn\u00f3zis\u00e1hoz, h\u00fcvelyi vizsg\u00e1lat, esetlegesen kolposzk\u00f3pos vizsg\u00e1lat \u00e9s biopszia sz\u00fcks\u00e9ges. Amennyiben a diagn\u00f3zis al\u00e1t\u00e1masztja a gyanut, a kiterjedts\u00e9g meg\u00edt\u00e9l\u00e9se c\u00e9lj\u00e1b\u00f3l val\u00f3sz\u00edn\u0171leg k\u00e9palkot\u00f3 vizsg\u00e1latokat fog rendelni.\u00a0<\/p>\n<p>Amennyiben a szem\u00e9remtestr\u00e1k, vagy valamilyen bizonytalan eredet\u0171 szem\u00e9remtesten megjelen\u0151 strukt\u00fara ker\u00fclt le\u00edr\u00e1sra, javasoljuk, hogy forduljon ambulanci\u00e1nkhoz a min\u00e9l gyorsabb ell\u00e1t\u00e1s \u00e9rdek\u00e9ben.\u00a0<\/p>\n<p>A Semmelweis Egyetem szak\u00e9rt\u0151kb\u0151l \u00e1ll\u00f3 orvosi csapata seg\u00edt a n\u0151gy\u00f3gy\u00e1szati daganatok min\u00e9l hamrabbi kivizsg\u00e1l\u00e1sban \u00e9s kezel\u00e9s\u00e9ben foglaljon id\u0151pontot az <a href=\"https:\/\/semmelweis.hu\/noidaganatsebeszet\/idopontfoglalas\/\"><strong>Id\u0151pontfoglal\u00e1s<\/strong><\/a> f\u00fcl alatt.\u00a0<\/p>\n<\/div><\/div>\n","protected":false},"excerpt":{"rendered":"<p>Az al\u00e1bbiakban t\u00e1j\u00e9koz\u00f3dhat az \u00e1ltalunk kezelt n\u0151gy\u00f3gy\u00e1szati daganatt\u00edpusokr\u00f3l A m\u00e9htest vagy endometrium r\u00e1k a m\u00e9h\u0171rb\u0151l kiindul\u00f3 daganat. Az endometrium a m\u00e9h bels\u0151 felsz\u00edn\u00e1t bor\u00edtja, ez a daganatt\u00edpus az endometriumot alkot\u00f3 sejtek r\u00e9teg\u00e9ben kezd\u0151dik. Az endometrium r\u00e1kot m\u00e1sn\u00e9ven m\u00e9htestr\u00e1knak is nevezik. A m\u00e9h \u00fcreg\u00e9ben m\u00e1s eredet\u0171 r\u00e1k is kialakulhat, \u00e1m ezek sokkal ritk\u00e1bbak, mint az endometrium &hellip;<\/p>\n","protected":false},"author":101933,"featured_media":0,"parent":0,"menu_order":2,"comment_status":"closed","ping_status":"closed","template":"","meta":{"_acf_changed":false,"footnotes":""},"categories":[],"tags":[],"class_list":["post-75","page","type-page","status-publish","hentry"],"acf":[],"_links":{"self":[{"href":"https:\/\/semmelweis.hu\/noidaganatsebeszet\/wp-json\/wp\/v2\/pages\/75","targetHints":{"allow":["GET"]}}],"collection":[{"href":"https:\/\/semmelweis.hu\/noidaganatsebeszet\/wp-json\/wp\/v2\/pages"}],"about":[{"href":"https:\/\/semmelweis.hu\/noidaganatsebeszet\/wp-json\/wp\/v2\/types\/page"}],"author":[{"embeddable":true,"href":"https:\/\/semmelweis.hu\/noidaganatsebeszet\/wp-json\/wp\/v2\/users\/101933"}],"replies":[{"embeddable":true,"href":"https:\/\/semmelweis.hu\/noidaganatsebeszet\/wp-json\/wp\/v2\/comments?post=75"}],"version-history":[{"count":6,"href":"https:\/\/semmelweis.hu\/noidaganatsebeszet\/wp-json\/wp\/v2\/pages\/75\/revisions"}],"predecessor-version":[{"id":221,"href":"https:\/\/semmelweis.hu\/noidaganatsebeszet\/wp-json\/wp\/v2\/pages\/75\/revisions\/221"}],"wp:attachment":[{"href":"https:\/\/semmelweis.hu\/noidaganatsebeszet\/wp-json\/wp\/v2\/media?parent=75"}],"wp:term":[{"taxonomy":"category","embeddable":true,"href":"https:\/\/semmelweis.hu\/noidaganatsebeszet\/wp-json\/wp\/v2\/categories?post=75"},{"taxonomy":"post_tag","embeddable":true,"href":"https:\/\/semmelweis.hu\/noidaganatsebeszet\/wp-json\/wp\/v2\/tags?post=75"}],"curies":[{"name":"wp","href":"https:\/\/api.w.org\/{rel}","templated":true}]}}