{"id":71,"date":"2021-08-31T21:33:37","date_gmt":"2021-08-31T19:33:37","guid":{"rendered":"https:\/\/semmelweis.hu\/noidaganatsebeszet\/?page_id=71"},"modified":"2024-11-29T19:54:59","modified_gmt":"2024-11-29T18:54:59","slug":"munkatarsak-2","status":"publish","type":"page","link":"https:\/\/semmelweis.hu\/noidaganatsebeszet\/munkatarsak-2\/","title":{"rendered":"Munkat\u00e1rsak"},"content":{"rendered":"<h1>CENTRUMVEZET\u0150<\/h1>\n<p><img loading=\"lazy\" decoding=\"async\" class=\"wp-image-41  alignleft\" src=\"https:\/\/semmelweis.hu\/noidaganatsebeszet\/files\/2021\/08\/35600_1024-e1630582402831.jpeg\" alt=\"\" width=\"234\" height=\"351\" \/><\/p>\n<p><span style=\"font-size: 18pt\"><strong>\u00a0Dr. Lintner Bal\u00e1zs PhD<\/strong><\/span><\/p>\n<p>\u00a0Sz\u00fcl\u00e9sz \u2013 n\u0151gy\u00f3gy\u00e1sz szakorvos,<\/p>\n<p>\u00a0N\u0151gy\u00f3gy\u00e1szati daganatseb\u00e9sz<\/p>\n<p>&nbsp;<\/p>\n<h3>\u00a0<\/h3>\n<hr \/>\n<h1>SZAKORVOSOK<\/h1>\n<p><img loading=\"lazy\" decoding=\"async\" class=\"wp-image-89  alignleft\" src=\"https:\/\/semmelweis.hu\/noidaganatsebeszet\/files\/2021\/09\/dr-toth-richard-150x150.jpg\" alt=\"\" width=\"220\" height=\"220\" srcset=\"https:\/\/semmelweis.hu\/noidaganatsebeszet\/files\/2021\/09\/dr-toth-richard-150x150.jpg 150w, https:\/\/semmelweis.hu\/noidaganatsebeszet\/files\/2021\/09\/dr-toth-richard.jpg 250w\" sizes=\"auto, (max-width: 220px) 100vw, 220px\" \/><\/p>\n<p><strong><span style=\"font-size: 18pt\">Dr. T\u00f3th Rich\u00e1rd G\u00e1bor \u00a0<\/span><\/strong><\/p>\n<p>Sz\u00fcl\u00e9sz \u2013 n\u0151gy\u00f3gy\u00e1sz szakorvos<\/p>\n<p>N\u0151gy\u00f3gy\u00e1sz- daganatseb\u00e9sz<\/p>\n<hr \/>\n<p><img loading=\"lazy\" decoding=\"async\" class=\"wp-image-40  alignleft\" src=\"https:\/\/semmelweis.hu\/noidaganatsebeszet\/files\/2021\/08\/Dr.-Tab\u00e1nyi-\u00c1d\u00e1m-150x150.jpg\" alt=\"\" width=\"221\" height=\"221\" \/><\/p>\n<p><span style=\"font-size: 18pt\"><strong>Dr. Tab\u00e1nyi \u00c1d\u00e1m\u00a0<\/strong><\/span><\/p>\n<p>Sz\u00fcl\u00e9sz &#8211; n\u0151gy\u00f3gy\u00e1sz szakorvos<\/p>\n<p>&nbsp;<\/p>\n<p>&nbsp;<\/p>\n<p>&nbsp;<\/p>\n<p>&nbsp;<\/p>\n<p><img loading=\"lazy\" decoding=\"async\" class=\"wp-image-135 alignleft\" src=\"https:\/\/semmelweis.hu\/noidaganatsebeszet\/files\/2021\/09\/IMG_20200427_171643__01-150x150.jpg\" alt=\"\" width=\"213\" height=\"213\" srcset=\"https:\/\/semmelweis.hu\/noidaganatsebeszet\/files\/2021\/09\/IMG_20200427_171643__01-150x150.jpg 150w, https:\/\/semmelweis.hu\/noidaganatsebeszet\/files\/2021\/09\/IMG_20200427_171643__01-400x400.jpg 400w, https:\/\/semmelweis.hu\/noidaganatsebeszet\/files\/2021\/09\/IMG_20200427_171643__01-1024x1024.jpg 1024w, https:\/\/semmelweis.hu\/noidaganatsebeszet\/files\/2021\/09\/IMG_20200427_171643__01-768x768.jpg 768w, https:\/\/semmelweis.hu\/noidaganatsebeszet\/files\/2021\/09\/IMG_20200427_171643__01-1536x1536.jpg 1536w, https:\/\/semmelweis.hu\/noidaganatsebeszet\/files\/2021\/09\/IMG_20200427_171643__01-2048x2048.jpg 2048w, https:\/\/semmelweis.hu\/noidaganatsebeszet\/files\/2021\/09\/IMG_20200427_171643__01-753x753.jpg 753w\" sizes=\"auto, (max-width: 213px) 100vw, 213px\" \/><\/p>\n<p><span style=\"font-size: 18pt\"><strong>Dr. Keszthelyi M\u00e1rton PhD\u00a0<\/strong><\/span><\/p>\n<p>Sz\u00fcl\u00e9sz &#8211; n\u0151gy\u00f3gy\u00e1sz szakorvos<\/p>\n<p>&nbsp;<\/p>\n<p>&nbsp;<\/p>\n<p>&nbsp;<\/p>\n<h1>VEND\u00c9G PROFESSZOR\u00a0<\/h1>\n<p><img loading=\"lazy\" decoding=\"async\" class=\"wp-image-239 alignleft\" src=\"https:\/\/semmelweis.hu\/noidaganatsebeszet\/files\/2024\/11\/dr-ungar-laszlo-150x150.jpg\" alt=\"Prof. Dr. Ung\u00e1r L\u00e1szl\u00f3 \" width=\"208\" height=\"208\" \/>\u00a0 \u00a0<\/p>\n<p><span style=\"font-size: 18pt\"><strong>Prof. Dr. Ung\u00e1r L\u00e1szl\u00f3<\/strong><\/span><\/p>\n<p>Sz\u00fcl\u00e9sz &#8211; n\u0151gy\u00f3gy\u00e1sz szakorvos<br \/>\nN\u0151gy\u00f3gy\u00e1sz &#8211; daganatseb\u00e9sz<br \/>\nPathol\u00f3gus szakorvos\u00a0<\/p>\n<p>&nbsp;<\/p>\n","protected":false},"excerpt":{"rendered":"<p>CENTRUMVEZET\u0150 \u00a0Dr. Lintner Bal\u00e1zs PhD \u00a0Sz\u00fcl\u00e9sz \u2013 n\u0151gy\u00f3gy\u00e1sz szakorvos, \u00a0N\u0151gy\u00f3gy\u00e1szati daganatseb\u00e9sz &nbsp; \u00a0 SZAKORVOSOK Dr. T\u00f3th Rich\u00e1rd G\u00e1bor \u00a0 Sz\u00fcl\u00e9sz \u2013 n\u0151gy\u00f3gy\u00e1sz szakorvos N\u0151gy\u00f3gy\u00e1sz- daganatseb\u00e9sz Dr. Tab\u00e1nyi \u00c1d\u00e1m\u00a0 Sz\u00fcl\u00e9sz &#8211; n\u0151gy\u00f3gy\u00e1sz szakorvos &nbsp; &nbsp; &nbsp; &nbsp; Dr. Keszthelyi M\u00e1rton PhD\u00a0 Sz\u00fcl\u00e9sz &#8211; n\u0151gy\u00f3gy\u00e1sz szakorvos &nbsp; &nbsp; &nbsp; VEND\u00c9G PROFESSZOR\u00a0 \u00a0 \u00a0 Prof. Dr. Ung\u00e1r L\u00e1szl\u00f3 &hellip;<\/p>\n","protected":false},"author":101933,"featured_media":0,"parent":0,"menu_order":1,"comment_status":"closed","ping_status":"closed","template":"","meta":{"_acf_changed":false,"footnotes":""},"categories":[],"tags":[],"class_list":["post-71","page","type-page","status-publish","hentry"],"acf":[],"_links":{"self":[{"href":"https:\/\/semmelweis.hu\/noidaganatsebeszet\/wp-json\/wp\/v2\/pages\/71","targetHints":{"allow":["GET"]}}],"collection":[{"href":"https:\/\/semmelweis.hu\/noidaganatsebeszet\/wp-json\/wp\/v2\/pages"}],"about":[{"href":"https:\/\/semmelweis.hu\/noidaganatsebeszet\/wp-json\/wp\/v2\/types\/page"}],"author":[{"embeddable":true,"href":"https:\/\/semmelweis.hu\/noidaganatsebeszet\/wp-json\/wp\/v2\/users\/101933"}],"replies":[{"embeddable":true,"href":"https:\/\/semmelweis.hu\/noidaganatsebeszet\/wp-json\/wp\/v2\/comments?post=71"}],"version-history":[{"count":10,"href":"https:\/\/semmelweis.hu\/noidaganatsebeszet\/wp-json\/wp\/v2\/pages\/71\/revisions"}],"predecessor-version":[{"id":154,"href":"https:\/\/semmelweis.hu\/noidaganatsebeszet\/wp-json\/wp\/v2\/pages\/71\/revisions\/154"}],"wp:attachment":[{"href":"https:\/\/semmelweis.hu\/noidaganatsebeszet\/wp-json\/wp\/v2\/media?parent=71"}],"wp:term":[{"taxonomy":"category","embeddable":true,"href":"https:\/\/semmelweis.hu\/noidaganatsebeszet\/wp-json\/wp\/v2\/categories?post=71"},{"taxonomy":"post_tag","embeddable":true,"href":"https:\/\/semmelweis.hu\/noidaganatsebeszet\/wp-json\/wp\/v2\/tags?post=71"}],"curies":[{"name":"wp","href":"https:\/\/api.w.org\/{rel}","templated":true}]}}