{"id":28,"date":"2021-08-31T21:12:18","date_gmt":"2021-08-31T19:12:18","guid":{"rendered":"https:\/\/semmelweis.hu\/noidaganatsebeszet\/?page_id=28"},"modified":"2024-10-27T06:28:49","modified_gmt":"2024-10-27T05:28:49","slug":"elerhetoseg","status":"publish","type":"page","link":"https:\/\/semmelweis.hu\/noidaganatsebeszet\/elerhetoseg\/","title":{"rendered":"El\u00e9rhet\u0151s\u00e9g"},"content":{"rendered":"<p style=\"text-align: center\"><em>Semmelweis Egyetem, Sz\u00fcl\u00e9szeti \u00e9s N\u0151gy\u00f3gy\u00e1szati Klinika\u00a0<\/em><br \/>\n<strong>N\u0151gy\u00f3gy\u00e1szati Daganatseb\u00e9szeti Centrum\u00a0<\/strong><\/p>\n<p style=\"text-align: center\">C\u00edm: 1083 Budapest, \u00dcll\u0151i \u00fat 78\/A<\/p>\n<p style=\"text-align: center\"><strong>Centrumunk el\u00e9rhet\u0151s\u00e9gei<\/strong><\/p>\n<p style=\"text-align: center\"><strong>Telefon:<\/strong><\/p>\n<p style=\"text-align: center\"><strong>munkanapokon 7:00-15:00 \u00f3ra k\u00f6z\u00f6tt\u00a0<\/strong><\/p>\n<p style=\"text-align: center\"><strong>Recepci\u00f3<\/strong> (adminisztrat\u00edv k\u00e9rd\u00e9sekben): +36206661608<\/p>\n<p style=\"text-align: center\"><strong>N\u0151gy\u00f3gy\u00e1szati Oszt\u00e1ly<\/strong>: +36206661753<\/p>\n<p>&nbsp;<\/p>\n<p><strong>Megk\u00f6zel\u00edt\u00e9s:<\/strong><\/p>\n<p>Centrumunkat\u00a0 az \u00dcll\u0151i \u00fatr\u00f3l, a N\u0151gy\u00f3gy\u00e1szati Klinika fel\u0151l tudj\u00e1k megk\u00f6zel\u00edteni.\u00a0A mozg\u00f3l\u00e9pcs\u0151n feljutva jobb k\u00e9z fel\u00e9 a betegfelv\u00e9teli pultn\u00e1l kell bejelentkezni. Az ottani koll\u00e9gan\u0151k, amennyiben ambul\u00e1ns betegell\u00e1t\u00e1sra \u00e9rkezett &#8211; az alagsor fel\u00e9, amennyiben m\u0171t\u00e9tre a harmadik emelet fel\u00e9 ir\u00e1ny\u00edtj\u00e1k.\u00a0<\/p>\n<p><iframe loading=\"lazy\" src=\"https:\/\/www.google.com\/maps\/embed?pb=!1m18!1m12!1m3!1d2696.3714380436086!2d19.079598515349726!3d47.48267700452405!2m3!1f0!2f0!3f0!3m2!1i1024!2i768!4f13.1!3m3!1m2!1s0x4741dcfa43208afd%3A0x1a3268f06b9f28ea!2zU2VtbWVsd2VpcyBFZ3lldGVtIFN6w7xsw6lzemV0aSDDqXMgTsWRZ3nDs2d5w6FzemF0aSBLbGluaWthICjDnGxsxZFpIMO6dGkgcsOpc3psZWcp!5e0!3m2!1shu!2shu!4v1630579700014!5m2!1shu!2shu\" width=\"100%\" height=\"450\"><\/iframe><\/p>\n","protected":false},"excerpt":{"rendered":"<p>Semmelweis Egyetem, Sz\u00fcl\u00e9szeti \u00e9s N\u0151gy\u00f3gy\u00e1szati Klinika\u00a0 N\u0151gy\u00f3gy\u00e1szati Daganatseb\u00e9szeti Centrum\u00a0 C\u00edm: 1083 Budapest, \u00dcll\u0151i \u00fat 78\/A Centrumunk el\u00e9rhet\u0151s\u00e9gei Telefon: munkanapokon 7:00-15:00 \u00f3ra k\u00f6z\u00f6tt\u00a0 Recepci\u00f3 (adminisztrat\u00edv k\u00e9rd\u00e9sekben): +36206661608 N\u0151gy\u00f3gy\u00e1szati Oszt\u00e1ly: +36206661753 &nbsp; Megk\u00f6zel\u00edt\u00e9s: Centrumunkat\u00a0 az \u00dcll\u0151i \u00fatr\u00f3l, a N\u0151gy\u00f3gy\u00e1szati Klinika fel\u0151l tudj\u00e1k megk\u00f6zel\u00edteni.\u00a0A mozg\u00f3l\u00e9pcs\u0151n feljutva jobb k\u00e9z fel\u00e9 a betegfelv\u00e9teli pultn\u00e1l kell bejelentkezni. Az ottani koll\u00e9gan\u0151k, amennyiben &hellip;<\/p>\n","protected":false},"author":101933,"featured_media":0,"parent":0,"menu_order":8,"comment_status":"closed","ping_status":"closed","template":"","meta":{"_acf_changed":false,"footnotes":""},"categories":[],"tags":[],"class_list":["post-28","page","type-page","status-publish","hentry"],"acf":[],"_links":{"self":[{"href":"https:\/\/semmelweis.hu\/noidaganatsebeszet\/wp-json\/wp\/v2\/pages\/28","targetHints":{"allow":["GET"]}}],"collection":[{"href":"https:\/\/semmelweis.hu\/noidaganatsebeszet\/wp-json\/wp\/v2\/pages"}],"about":[{"href":"https:\/\/semmelweis.hu\/noidaganatsebeszet\/wp-json\/wp\/v2\/types\/page"}],"author":[{"embeddable":true,"href":"https:\/\/semmelweis.hu\/noidaganatsebeszet\/wp-json\/wp\/v2\/users\/101933"}],"replies":[{"embeddable":true,"href":"https:\/\/semmelweis.hu\/noidaganatsebeszet\/wp-json\/wp\/v2\/comments?post=28"}],"version-history":[{"count":7,"href":"https:\/\/semmelweis.hu\/noidaganatsebeszet\/wp-json\/wp\/v2\/pages\/28\/revisions"}],"predecessor-version":[{"id":216,"href":"https:\/\/semmelweis.hu\/noidaganatsebeszet\/wp-json\/wp\/v2\/pages\/28\/revisions\/216"}],"wp:attachment":[{"href":"https:\/\/semmelweis.hu\/noidaganatsebeszet\/wp-json\/wp\/v2\/media?parent=28"}],"wp:term":[{"taxonomy":"category","embeddable":true,"href":"https:\/\/semmelweis.hu\/noidaganatsebeszet\/wp-json\/wp\/v2\/categories?post=28"},{"taxonomy":"post_tag","embeddable":true,"href":"https:\/\/semmelweis.hu\/noidaganatsebeszet\/wp-json\/wp\/v2\/tags?post=28"}],"curies":[{"name":"wp","href":"https:\/\/api.w.org\/{rel}","templated":true}]}}