{"id":206,"date":"2024-10-26T20:38:55","date_gmt":"2024-10-26T18:38:55","guid":{"rendered":"https:\/\/semmelweis.hu\/noidaganatsebeszet\/?page_id=206"},"modified":"2024-10-27T10:48:14","modified_gmt":"2024-10-27T09:48:14","slug":"karrier","status":"publish","type":"page","link":"https:\/\/semmelweis.hu\/noidaganatsebeszet\/karrier\/","title":{"rendered":"Karrier"},"content":{"rendered":"<p><strong>Szerezd meg n\u00e1lunk a PhD-d!\u00a0 L\u00e9gy a TDK-sunk!\u00a0<\/strong><\/p>\n<div class=\"responsive-tabs\">\n<h2 class=\"tabtitle\">PhD<\/h2>\n<div class=\"tabcontent\">\n\n<p>&nbsp;<\/p>\n<p><strong>PhD hallgat\u00f3kat keres\u00fcnk a\u00a0 N\u0151gy\u00f3gy\u00e1szati Daganatseb\u00e9szeti Centrum kutat\u00f3csoportj\u00e1ba!<\/strong><\/p>\n<p>A Semmelweis Egyetem N\u0151gy\u00f3gy\u00e1szati Daganatseb\u00e9szeti Centrum\u00e1ban v\u00e1rjuk ( <strong>Dr. Lintner Bal\u00e1zs PhD ,\u00a0 Dr. Keszthelyi M\u00e1rton PhD t\u00e9mavezet\u00e9s\u00e9vel<\/strong> ) a\u00a0 n\u0151gy\u00f3gy\u00e1szati daganatseb\u00e9szeti ir\u00e1nt \u00e9rdekl\u0151d\u0151, a daganatkutat\u00e1s ir\u00e1nt elk\u00f6telezett, transzl\u00e1ci\u00f3s szeml\u00e9letet elsaj\u00e1t\u00edtani k\u00edv\u00e1n\u00f3 PhD hallgat\u00f3k jelentkez\u00e9s\u00e9t.<\/p>\n<p>Dinamikus, fiatal kutat\u00f3csoportunk c\u00e9lkit\u0171z\u00e9sei k\u00f6z\u00e9 tartozik a n\u0151gy\u00f3gy\u00e1szati daganatok molekul\u00e1ris \u00e9s sejtszint\u0171 jellegzetess\u00e9geinek felt\u00e1r\u00e1sa, a daganatos betegek adatainak nemzetk\u00f6zi sztenderdekkel val\u00f3 \u00f6sszahasonl\u00edt\u00e1sa, az Eur\u00f3pai Konzorciumban val\u00f3 akt\u00edv r\u00e9szv\u00e9tel\u00fcnk biztos\u00edt\u00e1sa valamint a leg\u00fajabb seb\u00e9szeti \u00e9s gy\u00f3gyszeres ter\u00e1pi\u00e1s m\u00f3dszerek klinikai hat\u00e9konys\u00e1g\u00e1nak vizsg\u00e1lata.<\/p>\n<p><strong>T\u00e9m\u00e1k:<\/strong><\/p>\n<ul>\n<li>A n\u0151gy\u00f3gy\u00e1szati daganatok kialakul\u00e1s\u00e1nak molekul\u00e1ris mechanizmusai \u00e9s patol\u00f3gi\u00e1s elt\u00e9r\u00e9sek vizsg\u00e1lata.<\/li>\n<li>A leg\u00fajabb c\u00e9lzott ter\u00e1pi\u00e1s \u00e9s seb\u00e9szeti elj\u00e1r\u00e1sok hat\u00e9konys\u00e1g\u00e1nak \u00e9rt\u00e9kel\u00e9se n\u0151gy\u00f3gy\u00e1szati onkol\u00f3gi\u00e1ban.<\/li>\n<li>Laborparam\u00e9terek predikt\u00edv \u00e9rt\u00e9kei tumoros betegek eset\u00e9n<\/li>\n<li>\u00c9letmin\u0151s\u00e9g jav\u00edt\u00f3 kezel\u00e9sek a n\u0151gy\u00f3gy\u00e1szati onkol\u00f3gi\u00e1ban\u00a0<\/li>\n<\/ul>\n<p><strong>Amit k\u00edn\u00e1lunk:<\/strong><\/p>\n<ul>\n<li>In vivo kutat\u00e1si technik\u00e1k sz\u00e9les k\u00f6r\u00e9nek elsaj\u00e1t\u00edt\u00e1sa<\/li>\n<li>Transzl\u00e1ci\u00f3s kutat\u00e1si m\u00f3dszerek \u00e9s tudom\u00e1nyos szeml\u00e9let fejleszt\u00e9se<\/li>\n<li>Kreat\u00edv, \u00f6n\u00e1ll\u00f3 feladatok \u00e9s projektvezet\u00e9si lehet\u0151s\u00e9g<\/li>\n<li>Lehet\u0151s\u00e9g hazai \u00e9s nemzetk\u00f6zi konferenci\u00e1kon val\u00f3 r\u00e9szv\u00e9telre<\/li>\n<li>Inspir\u00e1l\u00f3, fiatalos kutat\u00f3i csapat<\/li>\n<\/ul>\n<p><strong>Amit k\u00e9r\u00fcnk:<\/strong><\/p>\n<ul>\n<li>Szakir\u00e1ny\u00fa v\u00e9gzetts\u00e9g (orvos\/biol\u00f3gus)<\/li>\n<li>Elk\u00f6telezetts\u00e9g \u00e9s szakmai amb\u00edci\u00f3<\/li>\n<li>Prec\u00edz, lelkiismeretes munkav\u00e9gz\u00e9s<\/li>\n<li>Angol nyelvismeret<\/li>\n<li>El\u0151nyt jelent: kutat\u00e1si tapasztalat, tudom\u00e1nyos publik\u00e1ci\u00f3k, TDK\/OTDK r\u00e9szv\u00e9tel<\/li>\n<\/ul>\n<p>Jelentkez\u00e9s: A szakmai \u00f6n\u00e9letrajzot \u00e9s motiv\u00e1ci\u00f3s levelet\u00a0 a <strong>keszthelyi.marton@semmelweis.hu<\/strong> e-mail c\u00edmre v\u00e1rjuk.<\/p>\n<\/div><\/div>\n","protected":false},"excerpt":{"rendered":"<p>Szerezd meg n\u00e1lunk a PhD-d!\u00a0 L\u00e9gy a TDK-sunk!\u00a0 &nbsp; PhD hallgat\u00f3kat keres\u00fcnk a\u00a0 N\u0151gy\u00f3gy\u00e1szati Daganatseb\u00e9szeti Centrum kutat\u00f3csoportj\u00e1ba! A Semmelweis Egyetem N\u0151gy\u00f3gy\u00e1szati Daganatseb\u00e9szeti Centrum\u00e1ban v\u00e1rjuk ( Dr. Lintner Bal\u00e1zs PhD ,\u00a0 Dr. Keszthelyi M\u00e1rton PhD t\u00e9mavezet\u00e9s\u00e9vel ) a\u00a0 n\u0151gy\u00f3gy\u00e1szati daganatseb\u00e9szeti ir\u00e1nt \u00e9rdekl\u0151d\u0151, a daganatkutat\u00e1s ir\u00e1nt elk\u00f6telezett, transzl\u00e1ci\u00f3s szeml\u00e9letet elsaj\u00e1t\u00edtani k\u00edv\u00e1n\u00f3 PhD hallgat\u00f3k jelentkez\u00e9s\u00e9t. Dinamikus, fiatal kutat\u00f3csoportunk &hellip;<\/p>\n","protected":false},"author":101933,"featured_media":207,"parent":0,"menu_order":0,"comment_status":"closed","ping_status":"closed","template":"","meta":{"_acf_changed":false,"footnotes":""},"categories":[1],"tags":[],"class_list":["post-206","page","type-page","status-publish","has-post-thumbnail","hentry","category-hirek"],"acf":[],"_links":{"self":[{"href":"https:\/\/semmelweis.hu\/noidaganatsebeszet\/wp-json\/wp\/v2\/pages\/206","targetHints":{"allow":["GET"]}}],"collection":[{"href":"https:\/\/semmelweis.hu\/noidaganatsebeszet\/wp-json\/wp\/v2\/pages"}],"about":[{"href":"https:\/\/semmelweis.hu\/noidaganatsebeszet\/wp-json\/wp\/v2\/types\/page"}],"author":[{"embeddable":true,"href":"https:\/\/semmelweis.hu\/noidaganatsebeszet\/wp-json\/wp\/v2\/users\/101933"}],"replies":[{"embeddable":true,"href":"https:\/\/semmelweis.hu\/noidaganatsebeszet\/wp-json\/wp\/v2\/comments?post=206"}],"version-history":[{"count":2,"href":"https:\/\/semmelweis.hu\/noidaganatsebeszet\/wp-json\/wp\/v2\/pages\/206\/revisions"}],"predecessor-version":[{"id":223,"href":"https:\/\/semmelweis.hu\/noidaganatsebeszet\/wp-json\/wp\/v2\/pages\/206\/revisions\/223"}],"wp:featuredmedia":[{"embeddable":true,"href":"https:\/\/semmelweis.hu\/noidaganatsebeszet\/wp-json\/wp\/v2\/media\/207"}],"wp:attachment":[{"href":"https:\/\/semmelweis.hu\/noidaganatsebeszet\/wp-json\/wp\/v2\/media?parent=206"}],"wp:term":[{"taxonomy":"category","embeddable":true,"href":"https:\/\/semmelweis.hu\/noidaganatsebeszet\/wp-json\/wp\/v2\/categories?post=206"},{"taxonomy":"post_tag","embeddable":true,"href":"https:\/\/semmelweis.hu\/noidaganatsebeszet\/wp-json\/wp\/v2\/tags?post=206"}],"curies":[{"name":"wp","href":"https:\/\/api.w.org\/{rel}","templated":true}]}}