{"id":146,"date":"2021-09-02T21:17:10","date_gmt":"2021-09-02T19:17:10","guid":{"rendered":"https:\/\/semmelweis.hu\/noidaganatsebeszet\/?page_id=146"},"modified":"2021-09-09T12:42:38","modified_gmt":"2021-09-09T10:42:38","slug":"centrumrol","status":"publish","type":"page","link":"https:\/\/semmelweis.hu\/noidaganatsebeszet\/centrumrol\/","title":{"rendered":"Centrumr\u00f3l"},"content":{"rendered":"<p>A N\u0151gy\u00f3gy\u00e1szati Daganatseb\u00e9szeti Centrumban\u00a0 a daganatos \u00e9s daganat megel\u0151z\u0151 \u00e1llapottal diagnosztiz\u00e1lt betegek kivizsg\u00e1l\u00e1s\u00e1t, m\u0171t\u00e9ti, illetve m\u0171t\u00e9t ut\u00e1ni ell\u00e1t\u00e1s\u00e1t, valamint ut\u00f3gondoz\u00e1s\u00e1t v\u00e9gezz\u00fck.\u00a0<\/p>\n<p>C\u00e9lunk, hogy a n\u0151gy\u00f3gy\u00e1szati daganatok tejes palett\u00e1j\u00e1ban magas szint\u0171, centrum k\u00f3rh\u00e1znak megfelel\u0151 ell\u00e1t\u00e1sban r\u00e9szes\u00fcljenek a paciensek.\u00a0<\/p>\n<p>Min\u0151s\u00edtett n\u0151gy\u00f3gy\u00e1szati \u200b\u200bdaganatk\u00f6zpontunkban a n\u0151i nemi szervek \u00f6sszes daganatos \u2013 vagy daganat megel\u0151z\u0151 elv\u00e1ltoz\u00e1s\u00e1t kezelj\u00fck \u00e9s oper\u00e1ljuk a jelenlegi ir\u00e1nyelveknek megfelel\u0151en.<\/p>\n<p>Ha a r\u00e1k, vagy kor\u00e1bban ismert megbeteged\u00e9s ism\u00e9telt megjelen\u00e9s\u00e9nek gyan\u00faja mer\u00fcl fel, ez kezdetben sokkol\u00f3 hat\u00e1s\u00fa lehet.\u00a0<\/p>\n<p>Fontos sz\u00e1munkra, hogy ebben az id\u0151szakban a legmagasabb szakmai \u00e9s emberi t\u00e1mogat\u00e1sban r\u00e9szes\u00fclj\u00f6n.\u00a0<\/p>\n<p>N\u00e1lunk teljes k\u00f6r\u0171 t\u00e1j\u00e9koztat\u00e1st kap az \u00f6sszes l\u00e9p\u00e9sr\u0151l, hogy k\u00f6z\u00f6sen tudjuk fel\u00e1ll\u00edtani a legjobb kezel\u00e9si tervet.<\/p>\n<p>Seg\u00edt\u00fcnk minden seb\u00e9szeti, sug\u00e1rter\u00e1pi\u00e1s \u00e9s gy\u00f3gyszeres kezel\u00e9s kivitelez\u00e9s\u00e9ben, valamint pszichol\u00f3giai \u00e9s testi-lelki rehabilitci\u00f3 megszervez\u00e9s\u00e9ben.\u00a0<\/p>\n\r\n        [slb_exclude]\r\n        <div class=\"row galeria-wrapper mx-0 h-auto\">\r\n            <div class=\"col-9 pl-0 pr-2\">\r\n            <span class=\"gallery-item frame\">\r\n\t\t\t\t<div class=\"galeria-left-img\"><a href=\"https:\/\/semmelweis.hu\/noidaganatsebeszet\/files\/2021\/08\/IMG_20210830_141304-scaled.jpg\"><img src=https:\/\/semmelweis.hu\/noidaganatsebeszet\/files\/2021\/08\/IMG_20210830_141304-scaled.jpg  \r\n                            alt=\"\" \r\n                            class=\"attachment-sote-gallery-big size-sote-gallery-big\" \r\n                            srcset=\"https:\/\/semmelweis.hu\/noidaganatsebeszet\/files\/2021\/08\/IMG_20210830_141304-400x310.jpg 400w, https:\/\/semmelweis.hu\/noidaganatsebeszet\/files\/2021\/08\/IMG_20210830_141304-1024x793.jpg 1024w, https:\/\/semmelweis.hu\/noidaganatsebeszet\/files\/2021\/08\/IMG_20210830_141304-768x595.jpg 768w, https:\/\/semmelweis.hu\/noidaganatsebeszet\/files\/2021\/08\/IMG_20210830_141304-1536x1190.jpg 1536w, https:\/\/semmelweis.hu\/noidaganatsebeszet\/files\/2021\/08\/IMG_20210830_141304-2048x1587.jpg 2048w, https:\/\/semmelweis.hu\/noidaganatsebeszet\/files\/2021\/08\/IMG_20210830_141304-753x583.jpg 753w\" ><\/a><\/div>\r\n            <\/span>\r\n\r\n            <\/div>\r\n\r\n\t\t\t<div class=\"col-3 pl-0 pr-0\">\r\n\t\t\t\t<div class=\"galeria-right-img d-flex justify-content-between flex-column h-100 w-100 px-0 mx-0 \">\r\n                <div class=\"galeria-box\">\r\n\t\t\t\t\t<h3 class=\"galeria-title\">Gal\u00e9ria<\/h3>\r\n\t\t\t\t\t<div class=\"galeria-subtitle\">\r\n\r\n\t\t\t\t\t\t<div class=\"galeria-page-counter\"><span>3<\/span>k\u00e9p<\/div>\r\n                    <\/div> <\/div>\r\n                    <span class=\"gallery-item frame d-none d-md-flex\">\r\n\t\t\t\t\t<div class=\"galeria-small-img mt-0\"><a href=\"https:\/\/semmelweis.hu\/noidaganatsebeszet\/files\/2021\/08\/IMG_20210830_141359-scaled.jpg\"><img src=https:\/\/semmelweis.hu\/noidaganatsebeszet\/files\/2021\/08\/IMG_20210830_141359-scaled.jpg \r\n                                alt=\"\"  \r\n                                class=\"attachment-sote-gallery-small size-sote-gallery-small\" \r\n                                srcset=\"https:\/\/semmelweis.hu\/noidaganatsebeszet\/files\/2021\/08\/IMG_20210830_141359-400x208.jpg 400w, https:\/\/semmelweis.hu\/noidaganatsebeszet\/files\/2021\/08\/IMG_20210830_141359-1024x533.jpg 1024w, https:\/\/semmelweis.hu\/noidaganatsebeszet\/files\/2021\/08\/IMG_20210830_141359-768x400.jpg 768w, https:\/\/semmelweis.hu\/noidaganatsebeszet\/files\/2021\/08\/IMG_20210830_141359-1536x800.jpg 1536w, https:\/\/semmelweis.hu\/noidaganatsebeszet\/files\/2021\/08\/IMG_20210830_141359-2048x1067.jpg 2048w, https:\/\/semmelweis.hu\/noidaganatsebeszet\/files\/2021\/08\/IMG_20210830_141359-753x392.jpg 753w\" ><\/a><\/div>\r\n                    <\/span>\r\n                    <span class=\"gallery-item frame d-none d-md-flex\">\r\n\t\t\t\t\t<div class=\"galeria-small-img mt-0\"><a href=\"https:\/\/semmelweis.hu\/noidaganatsebeszet\/files\/2021\/08\/IMG_20210830_141431-scaled.jpg\"><img src=https:\/\/semmelweis.hu\/noidaganatsebeszet\/files\/2021\/08\/IMG_20210830_141431-scaled.jpg \r\n                                alt=\"\" \r\n                                class=\"attachment-sote-gallery-small size-sote-gallery-small\" \r\n                                srcset=\"https:\/\/semmelweis.hu\/noidaganatsebeszet\/files\/2021\/08\/IMG_20210830_141431-225x400.jpg 225w, https:\/\/semmelweis.hu\/noidaganatsebeszet\/files\/2021\/08\/IMG_20210830_141431-576x1024.jpg 576w, https:\/\/semmelweis.hu\/noidaganatsebeszet\/files\/2021\/08\/IMG_20210830_141431-768x1365.jpg 768w, https:\/\/semmelweis.hu\/noidaganatsebeszet\/files\/2021\/08\/IMG_20210830_141431-864x1536.jpg 864w, https:\/\/semmelweis.hu\/noidaganatsebeszet\/files\/2021\/08\/IMG_20210830_141431-1152x2048.jpg 1152w, https:\/\/semmelweis.hu\/noidaganatsebeszet\/files\/2021\/08\/IMG_20210830_141431-753x1339.jpg 753w, https:\/\/semmelweis.hu\/noidaganatsebeszet\/files\/2021\/08\/IMG_20210830_141431-scaled.jpg 1440w\" ><\/a><\/div>\r\n                    <\/span>\r\n\r\n                <\/div>\r\n\r\n            <\/div>\r\n\r\n            \r\n            <\/div>\r\n\r\n            [\/slb_exclude]\r\n\t\n","protected":false},"excerpt":{"rendered":"<p>A N\u0151gy\u00f3gy\u00e1szati Daganatseb\u00e9szeti Centrumban\u00a0 a daganatos \u00e9s daganat megel\u0151z\u0151 \u00e1llapottal diagnosztiz\u00e1lt betegek kivizsg\u00e1l\u00e1s\u00e1t, m\u0171t\u00e9ti, illetve m\u0171t\u00e9t ut\u00e1ni ell\u00e1t\u00e1s\u00e1t, valamint ut\u00f3gondoz\u00e1s\u00e1t v\u00e9gezz\u00fck.\u00a0 C\u00e9lunk, hogy a n\u0151gy\u00f3gy\u00e1szati daganatok tejes palett\u00e1j\u00e1ban magas szint\u0171, centrum k\u00f3rh\u00e1znak megfelel\u0151 ell\u00e1t\u00e1sban r\u00e9szes\u00fcljenek a paciensek.\u00a0 Min\u0151s\u00edtett n\u0151gy\u00f3gy\u00e1szati \u200b\u200bdaganatk\u00f6zpontunkban a n\u0151i nemi szervek \u00f6sszes daganatos \u2013 vagy daganat megel\u0151z\u0151 elv\u00e1ltoz\u00e1s\u00e1t kezelj\u00fck \u00e9s oper\u00e1ljuk a &hellip;<\/p>\n","protected":false},"author":101933,"featured_media":15,"parent":0,"menu_order":0,"comment_status":"closed","ping_status":"closed","template":"","meta":{"_acf_changed":false,"footnotes":""},"categories":[],"tags":[],"class_list":["post-146","page","type-page","status-publish","has-post-thumbnail","hentry"],"acf":[],"_links":{"self":[{"href":"https:\/\/semmelweis.hu\/noidaganatsebeszet\/wp-json\/wp\/v2\/pages\/146","targetHints":{"allow":["GET"]}}],"collection":[{"href":"https:\/\/semmelweis.hu\/noidaganatsebeszet\/wp-json\/wp\/v2\/pages"}],"about":[{"href":"https:\/\/semmelweis.hu\/noidaganatsebeszet\/wp-json\/wp\/v2\/types\/page"}],"author":[{"embeddable":true,"href":"https:\/\/semmelweis.hu\/noidaganatsebeszet\/wp-json\/wp\/v2\/users\/101933"}],"replies":[{"embeddable":true,"href":"https:\/\/semmelweis.hu\/noidaganatsebeszet\/wp-json\/wp\/v2\/comments?post=146"}],"version-history":[{"count":4,"href":"https:\/\/semmelweis.hu\/noidaganatsebeszet\/wp-json\/wp\/v2\/pages\/146\/revisions"}],"predecessor-version":[{"id":171,"href":"https:\/\/semmelweis.hu\/noidaganatsebeszet\/wp-json\/wp\/v2\/pages\/146\/revisions\/171"}],"wp:featuredmedia":[{"embeddable":true,"href":"https:\/\/semmelweis.hu\/noidaganatsebeszet\/wp-json\/wp\/v2\/media\/15"}],"wp:attachment":[{"href":"https:\/\/semmelweis.hu\/noidaganatsebeszet\/wp-json\/wp\/v2\/media?parent=146"}],"wp:term":[{"taxonomy":"category","embeddable":true,"href":"https:\/\/semmelweis.hu\/noidaganatsebeszet\/wp-json\/wp\/v2\/categories?post=146"},{"taxonomy":"post_tag","embeddable":true,"href":"https:\/\/semmelweis.hu\/noidaganatsebeszet\/wp-json\/wp\/v2\/tags?post=146"}],"curies":[{"name":"wp","href":"https:\/\/api.w.org\/{rel}","templated":true}]}}