{"id":49,"date":"2013-06-04T19:28:07","date_gmt":"2013-06-04T17:28:07","guid":{"rendered":"http:\/\/semmelweis-egyetem.hu\/nkok\/?page_id=49"},"modified":"2024-04-16T15:56:33","modified_gmt":"2024-04-16T13:56:33","slug":"people","status":"publish","type":"page","link":"https:\/\/semmelweis.hu\/nkok\/en\/people\/","title":{"rendered":"People"},"content":{"rendered":"<table style=\"width: 69.6715%;height: 447px\" border=\"0\" align=\"left\">\n<tbody>\n<tr>\n<td style=\"width: 26.0035%\"><span lang=\"EN\">Name<\/span><\/td>\n<td style=\"width: 26.0035%\"><span lang=\"EN\">Position<\/span><\/td>\n<td style=\"width: 47.8185%\"><span lang=\"EN\">Email<\/span><\/td>\n<\/tr>\n<tr>\n<td style=\"width: 26.0035%\"><span lang=\"EN\">Prof. Dr. J\u00e1nos Szebeni MD. PhD. DSc.<\/span><\/td>\n<td style=\"width: 26.0035%\"><span lang=\"EN\">director, general<\/span><\/td>\n<td style=\"width: 47.8185%\"><span lang=\"EN\">jszebeni2@gmail.com<\/span><\/td>\n<\/tr>\n<tr>\n<td style=\"width: 26.0035%\"><span lang=\"EN\">Prof. Dr. L\u00e1szl\u00f3 Rosivall MD. PhD. DSc.<\/span><\/td>\n<td style=\"width: 26.0035%\"><span lang=\"EN\">director, education<\/span><\/td>\n<td style=\"width: 47.8185%\"><span lang=\"EN\">roslasz@net.sote.hu<\/span><\/td>\n<\/tr>\n<tr>\n<td style=\"width: 26.0035%\"><span lang=\"EN\">Dr. Rudolf Urbanics MD. PhD.<\/span><\/td>\n<td style=\"width: 26.0035%\"><span lang=\"EN\">head of research (in vivo)<\/span><\/td>\n<td style=\"width: 47.8185%\"><span lang=\"EN\">urbanicsr@gmail.com<\/span><\/td>\n<\/tr>\n<tr>\n<td style=\"width: 26.0035%\"><span lang=\"EN\">Dr. L\u00e1szl\u00f3 D\u00e9zsi PhD. Dr. habil.<br \/>\n<\/span><\/td>\n<td style=\"width: 26.0035%\"><span lang=\"EN\">senior scientist (in vivo)<\/span><\/td>\n<td style=\"width: 47.8185%\"><span lang=\"EN\">dezsi.laszlo@med.semmelweis-univ.hu<\/span><\/td>\n<\/tr>\n<tr>\n<td style=\"width: 26.0035%\"><span lang=\"EN\">Dr. Gergely Tibor Kozma<\/span><\/td>\n<td style=\"width: 26.0035%\">head of research<\/td>\n<td style=\"width: 47.8185%\">gkozma@seroscience.com<\/td>\n<\/tr>\n<tr>\n<td style=\"width: 26.0035%\"><span lang=\"EN\">Tam\u00e1s M\u00e9sz\u00e1ros MSC<\/span><\/td>\n<td style=\"width: 26.0035%\"><span lang=\"EN\">junior researcher (in vitro)<\/span><\/td>\n<td style=\"width: 47.8185%\"><span lang=\"EN\">tmeszaros@seroscience.com<\/span><\/td>\n<\/tr>\n<tr>\n<td style=\"width: 26.0035%\">R\u00e9ka Facsk\u00f3<\/td>\n<td style=\"width: 26.0035%\">PhD student<\/td>\n<td style=\"width: 47.8185%\">facsko.reka.seroscience@gmail.com<\/td>\n<\/tr>\n<tr>\n<td style=\"width: 26.0035%\">Petra Ber\u00e9nyi<\/td>\n<td style=\"width: 26.0035%\">research assistant<\/td>\n<td style=\"width: 47.8185%\">berenyipetra@gmail.com<\/td>\n<\/tr>\n<tr>\n<td style=\"width: 26.0035%\">Ibolya Katalin Pint\u00e9r<\/td>\n<td style=\"width: 26.0035%\">Executive Assistant<\/td>\n<td style=\"width: 47.8185%\">ipinter@seroscience.com<\/td>\n<\/tr>\n<\/tbody>\n<\/table>\n","protected":false},"excerpt":{"rendered":"<p>Name Position Email Prof. Dr. J\u00e1nos Szebeni MD. PhD. DSc. director, general jszebeni2@gmail.com Prof. Dr. L\u00e1szl\u00f3 Rosivall MD. PhD. DSc. director, education roslasz@net.sote.hu Dr. Rudolf Urbanics MD. PhD. head of research (in vivo) urbanicsr@gmail.com Dr. L\u00e1szl\u00f3 D\u00e9zsi PhD. Dr. habil. senior scientist (in vivo) dezsi.laszlo@med.semmelweis-univ.hu Dr. Gergely Tibor Kozma head of research gkozma@seroscience.com Tam\u00e1s M\u00e9sz\u00e1ros &hellip;<\/p>\n","protected":false},"author":177,"featured_media":0,"parent":0,"menu_order":0,"comment_status":"open","ping_status":"open","template":"","meta":{"_acf_changed":false,"footnotes":""},"categories":[],"tags":[],"class_list":["post-49","page","type-page","status-publish","hentry"],"acf":[],"_links":{"self":[{"href":"https:\/\/semmelweis.hu\/nkok\/wp-json\/wp\/v2\/pages\/49","targetHints":{"allow":["GET"]}}],"collection":[{"href":"https:\/\/semmelweis.hu\/nkok\/wp-json\/wp\/v2\/pages"}],"about":[{"href":"https:\/\/semmelweis.hu\/nkok\/wp-json\/wp\/v2\/types\/page"}],"author":[{"embeddable":true,"href":"https:\/\/semmelweis.hu\/nkok\/wp-json\/wp\/v2\/users\/177"}],"replies":[{"embeddable":true,"href":"https:\/\/semmelweis.hu\/nkok\/wp-json\/wp\/v2\/comments?post=49"}],"version-history":[{"count":10,"href":"https:\/\/semmelweis.hu\/nkok\/wp-json\/wp\/v2\/pages\/49\/revisions"}],"predecessor-version":[{"id":230,"href":"https:\/\/semmelweis.hu\/nkok\/wp-json\/wp\/v2\/pages\/49\/revisions\/230"}],"wp:attachment":[{"href":"https:\/\/semmelweis.hu\/nkok\/wp-json\/wp\/v2\/media?parent=49"}],"wp:term":[{"taxonomy":"category","embeddable":true,"href":"https:\/\/semmelweis.hu\/nkok\/wp-json\/wp\/v2\/categories?post=49"},{"taxonomy":"post_tag","embeddable":true,"href":"https:\/\/semmelweis.hu\/nkok\/wp-json\/wp\/v2\/tags?post=49"}],"curies":[{"name":"wp","href":"https:\/\/api.w.org\/{rel}","templated":true}]}}