{"id":225,"date":"2024-04-15T16:01:57","date_gmt":"2024-04-15T14:01:57","guid":{"rendered":"https:\/\/semmelweis.hu\/nkok\/?page_id=225"},"modified":"2024-04-22T15:12:13","modified_gmt":"2024-04-22T13:12:13","slug":"palyazatok","status":"publish","type":"page","link":"https:\/\/semmelweis.hu\/nkok\/palyazatok\/","title":{"rendered":"P\u00e1ly\u00e1zatok"},"content":{"rendered":"<p><b>Projekt: 2022-1.2.5-T\u00c9T-IPARI-KR-2022-00009<\/b><\/p>\n<p><a href=\"https:\/\/semmelweis.hu\/nkok\/2022-1-2-5-tet-ipari-kr-2022-00009\/\"><img loading=\"lazy\" decoding=\"async\" class=\"alignleft\" style=\"font-size: 1rem\" src=\"https:\/\/semmelweis.hu\/nkok\/files\/2024\/04\/TET-IPARI-KR_tabla-1.jpg\" alt=\"\" width=\"261\" height=\"184\" \/><\/a><\/p>\n<p>&nbsp;<\/p>\n<p>&nbsp;<\/p>\n<p>&nbsp;<\/p>\n<p>&nbsp;<\/p>\n<p><a href=\"https:\/\/semmelweis.hu\/nkok\/2022-1-2-5-tet-ipari-kr-2022-00009\/\">Tov\u00e1bb \u2192<\/a><\/p>\n<p>&nbsp;<\/p>\n","protected":false},"excerpt":{"rendered":"<p>Projekt: 2022-1.2.5-T\u00c9T-IPARI-KR-2022-00009<br \/>\n<a href=\"https:\/\/semmelweis.hu\/nkok\/2022-1-2-5-tet-ipari-kr-2022-00009\/\"><\/a><br \/>\n&nbsp;<br \/>\n&nbsp;<br \/>\n&nbsp;<br \/>\n&nbsp;<br \/>\n<a href=\"https:\/\/semmelweis.hu\/nkok\/2022-1-2-5-tet-ipari-kr-2022-00009\/\">Tov\u00e1bb \u2192<\/a><br \/>\n&nbsp;<\/p>\n","protected":false},"author":102230,"featured_media":0,"parent":0,"menu_order":0,"comment_status":"closed","ping_status":"closed","template":"","meta":{"_acf_changed":false,"footnotes":""},"categories":[],"tags":[],"class_list":["post-225","page","type-page","status-publish","hentry"],"acf":[],"_links":{"self":[{"href":"https:\/\/semmelweis.hu\/nkok\/wp-json\/wp\/v2\/pages\/225","targetHints":{"allow":["GET"]}}],"collection":[{"href":"https:\/\/semmelweis.hu\/nkok\/wp-json\/wp\/v2\/pages"}],"about":[{"href":"https:\/\/semmelweis.hu\/nkok\/wp-json\/wp\/v2\/types\/page"}],"author":[{"embeddable":true,"href":"https:\/\/semmelweis.hu\/nkok\/wp-json\/wp\/v2\/users\/102230"}],"replies":[{"embeddable":true,"href":"https:\/\/semmelweis.hu\/nkok\/wp-json\/wp\/v2\/comments?post=225"}],"version-history":[{"count":5,"href":"https:\/\/semmelweis.hu\/nkok\/wp-json\/wp\/v2\/pages\/225\/revisions"}],"predecessor-version":[{"id":281,"href":"https:\/\/semmelweis.hu\/nkok\/wp-json\/wp\/v2\/pages\/225\/revisions\/281"}],"wp:attachment":[{"href":"https:\/\/semmelweis.hu\/nkok\/wp-json\/wp\/v2\/media?parent=225"}],"wp:term":[{"taxonomy":"category","embeddable":true,"href":"https:\/\/semmelweis.hu\/nkok\/wp-json\/wp\/v2\/categories?post=225"},{"taxonomy":"post_tag","embeddable":true,"href":"https:\/\/semmelweis.hu\/nkok\/wp-json\/wp\/v2\/tags?post=225"}],"curies":[{"name":"wp","href":"https:\/\/api.w.org\/{rel}","templated":true}]}}