{"id":84,"date":"2024-07-15T16:12:18","date_gmt":"2024-07-15T14:12:18","guid":{"rendered":"https:\/\/semmelweis.hu\/nkl\/?page_id=84"},"modified":"2024-12-11T15:33:10","modified_gmt":"2024-12-11T14:33:10","slug":"innovativ-orvostechnikai-es-diagnosztikai-eszkozok-es-adatbazisok-fejlesztese-modul","status":"publish","type":"page","link":"https:\/\/semmelweis.hu\/nkl\/teruletek\/innovativ-orvostechnikai-es-diagnosztikai-eszkozok-es-adatbazisok-fejlesztese-modul\/","title":{"rendered":"Innovat\u00edv orvostechnikai \u00e9s diagnosztikai eszk\u00f6z\u00f6k \u00e9s adatb\u00e1zisok fejleszt\u00e9se modul"},"content":{"rendered":"<h5>A Nemzeti Kardiovaszkul\u00e1ris Laborat\u00f3rium innovat\u00edv orvostechnikai \u00e9s diagnosztikai eszk\u00f6z\u00f6k \u00e9s adatb\u00e1zisok fejleszt\u00e9s\u00e9t c\u00e9lz\u00f3 programjainak r\u00e9szek\u00e9nt az extacellul\u00e1ris vezikula alap\u00fa diagnosztikai- \u00e9s ter\u00e1pi\u00e1s hat\u00e1s-markereket \u00e9s m\u00e9r\u00e9si m\u00f3dszerek beaazonos\u00edt\u00e1sa \u00e9s valid\u00e1l\u00e1sa fog megt\u00f6rt\u00e9nni.<\/h5>\n<p>A program r\u00e9szek\u00e9nt a sz\u00edvseb\u00e9szeti beavatkoz\u00e1sok \u00e9s kardiol\u00f3giai intervenci\u00f3k pontos tervez\u00e9s\u00e9t, kivitelez\u00e9s\u00e9t lehet\u0151v\u00e9 tev\u0151 hardveres \u00e9s szoftveres technol\u00f3gi\u00e1kat t\u00e1mogat\u00f3 eszk\u00f6z\u00f6k ker\u00fclnek kifejleszt\u00e9sre, mellyel a m\u0171t\u00e9tre ker\u00fcl\u0151 betegek jobb rizik\u00f3stratifik\u00e1ci\u00f3ja, a kimenetel jav\u00edt\u00e1sa \u00e9rhet\u0151 el. \u201eBig data\u201d h\u00e1l\u00f3zatos elemz\u00e9sekhez haszn\u00e1lt, struktur\u00e1lt leletez\u00e9st t\u00e1mogat\u00f3 szoftverek tov\u00e1bbfejleszt\u00e9se szint\u00e9n a program egyik eleme. Bevezet\u00e9sre ker\u00fcl tov\u00e1bb\u00e1 a biol\u00f3giai kor meghat\u00e1roz\u00e1s\u00e1ra alkalmas laborat\u00f3riumi teszt \u00e9s a hozz\u00e1 kapcsol\u00f3d\u00f3 szoftver.<\/p>\n<p>A<strong> \u201eSz\u00edvseb\u00e9szetet t\u00e1mogat\u00f3 eszk\u00f6z\u00f6k fejleszt\u00e9se\u201d kutat\u00f3csoport<\/strong> \u00a0\u00e1ltal v\u00e9gzett munka t\u00e1rsadalmi jelent\u0151s\u00e9ge a morbidit\u00e1si \u00e9s mortalit\u00e1si statisztik\u00e1kban el\u0151kel\u0151 helyen \u00e1ll\u00f3 sz\u00edvizom- \u00e9s sz\u00edvbillenty\u0171 betegs\u00e9gek m\u0171t\u00e9ti megold\u00e1s\u00e1nak pontosabb tervez\u00e9s\u00e9t, kivitelez\u00e9s\u00e9t lehet\u0151v\u00e9 tev\u0151 hardveres \u00e9s szoftveres technol\u00f3gi\u00e1k kifejleszt\u00e9s\u00e9ben, klinikai tesztel\u00e9s\u00e9ben \u00e9s alkalmaz\u00e1s\u00e1ban rejlik, mellyel jobb betegszelekci\u00f3 \u00e9s jobb progn\u00f3zis \u00e9rhet\u0151 el. Kedvez\u0151 eredm\u00e9nyek eset\u00e9n ezeket a technol\u00f3gi\u00e1kat hazai c\u00e9gekkel egy\u00fcttm\u0171k\u00f6d\u00e9sben nemzetk\u00f6zi piacra is tervezz\u00fck vinni.<\/p>\n<p><strong>A kutat\u00f3csoport vezet\u0151i: Dr. Szilveszter B\u00e1lint \u00e9s Dr. Lakatos B\u00e1lint K\u00e1roly<\/strong><\/p>\n<p><strong>A kutat\u00f3csoport legjelent\u0151sebb publik\u00e1ci\u00f3inak el\u00e9rhet\u0151s\u00e9ge:<\/strong><\/p>\n<ul>\n<li>Non-invasive myocardial work as an independent predictor of postprocedural NT-proBNP in elderly patients undergoing transcatheter aortic valve replacement<br \/>\n<a href=\"https:\/\/link.springer.com\/article\/10.1007\/s11357-024-01302-0\" target=\"_blank\" rel=\"noopener\">https:\/\/link.springer.com\/article\/10.1007\/s11357-024-01302-0<\/a><\/li>\n<li>Significant Disagreement Between Conventional Parameters and 3D Echocardiography-Derived Ejection Fraction in the Detection of Right Ventricular Systolic Dysfunction and Its Association With Outcomes\u00a0<br \/>\n<a href=\"https:\/\/www.clinicalkey.com\/#!\/content\/playContent\/1-s2.0-S0894731724001731?returnurl=https:%2F%2Flinkinghub.elsevier.com%2Fretrieve%2Fpii%2FS0894731724001731%3Fshowall%3Dtrue&amp;referrer=https:%2F%2Fpubmed.ncbi.nlm.nih.gov%2F\" target=\"_blank\" rel=\"noopener\">https:\/\/www.clinicalkey.com\/#!\/content\/playContent\/1-s2.0-S0894731724001731?returnurl=https:%2F%2Flinkinghub.elsevier.com%2Fretrieve%2Fpii%2FS0894731724001731%3Fshowall%3Dtrue&amp;referrer=https:%2F%2Fpubmed.ncbi.nlm.nih.gov%2F<\/a><\/li>\n<li>Right ventricular pressure-strain relationship-derived myocardial work reflects contractility: Validation with invasive pressure-volume analysis<br \/>\n<a href=\"https:\/\/www.clinicalkey.com\/#!\/content\/playContent\/1-s2.0-S1053249824015328?returnurl=https:%2F%2Flinkinghub.elsevier.com%2Fretrieve%2Fpii%2FS1053249824015328%3Fshowall%3Dtrue&amp;referrer=https:%2F%2Fpubmed.ncbi.nlm.nih.gov%2F\" target=\"_blank\" rel=\"noopener\">https:\/\/www.clinicalkey.com\/#!\/content\/playContent\/1-s2.0-S1053249824015328?returnurl=https:%2F%2Flinkinghub.elsevier.com%2Fretrieve%2Fpii%2FS1053249824015328%3Fshowall%3Dtrue&amp;referrer=https:%2F%2Fpubmed.ncbi.nlm.nih.gov%2F<\/a><\/li>\n<li>Association of Right Ventricular Functional Parameters With Adverse Cardiopulmonary Outcomes: A Meta-analysis\u00a0<br \/>\n<a href=\"https:\/\/www.clinicalkey.com\/#!\/content\/playContent\/1-s2.0-S0894731723000743?returnurl=https:%2F%2Flinkinghub.elsevier.com%2Fretrieve%2Fpii%2FS0894731723000743%3Fshowall%3Dtrue&amp;referrer=https:%2F%2Fpubmed.ncbi.nlm.nih.gov%2F\" target=\"_blank\" rel=\"noopener\">https:\/\/www.clinicalkey.com\/#!\/content\/playContent\/1-s2.0-S0894731723000743?returnurl=https:%2F%2Flinkinghub.elsevier.com%2Fretrieve%2Fpii%2FS0894731723000743%3Fshowall%3Dtrue&amp;referrer=https:%2F%2Fpubmed.ncbi.nlm.nih.gov%2F<\/a><\/li>\n<li>Impact of virtual monoenergetic levels on coronary plaque volume components using photon-counting computed tomography<br \/>\n<a href=\"https:\/\/link.springer.com\/article\/10.1007\/s00330-023-09876-7\" target=\"_blank\" rel=\"noopener\">https:\/\/link.springer.com\/article\/10.1007\/s00330-023-09876-7<\/a><\/li>\n<li>Qualitative and quantitative image quality of coronary CT angiography using photon-counting computed tomography: Standard and Ultra-high resolution protocols<br \/>\n<a href=\"https:\/\/www.sciencedirect.com\/science\/article\/pii\/S0720048X24001426?via%3Dihub\" target=\"_blank\" rel=\"noopener\">https:\/\/www.sciencedirect.com\/science\/article\/pii\/S0720048X24001426?via%3Dihub<\/a><\/li>\n<\/ul>\n<p>&nbsp;<\/p>\n<p>A<strong> \u201eStruktur\u00e1lt leletez\u00e9st t\u00e1mogat\u00f3 szoftverfejleszt\u00e9s\u201d kutat\u00f3csoport<\/strong> \u00e1ltal v\u00e9gzett munka sor\u00e1n a n\u00e9peg\u00e9szs\u00e9gtanilag, ez\u00e1ltal nemzetgazdas\u00e1gilag is jelent\u0151s kardiovaszkul\u00e1ris betegs\u00e9gekben szenved\u0151 betegek struktur\u00e1lt adatgy\u0171jt\u00e9s\u00e9vel egy egys\u00e9ges, ak\u00e1r orsz\u00e1gos szint\u0171 kapcsolatokkal rendelkez\u0151 adatk\u00f6zpont ker\u00fcl kialak\u00edt\u00e1sra. \u00a0A Semmelweis Egyetem <strong>Mesters\u00e9ges Intelligencia Core Laborat\u00f3riuma<\/strong> orsz\u00e1gos szinten t\u00e1mogatn\u00e1 \u201eknow-how\u201d-val, sz\u00e1m\u00edt\u00e1si kapacit\u00e1ssal \u00e9s egy\u00e9b szolg\u00e1ltat\u00e1sokkal a klinikai k\u00e9rd\u00e9sek megv\u00e1laszol\u00e1s\u00e1t, egyben inkub\u00e1tork\u00e9nt is funkcion\u00e1lna a kiemelked\u0151 projektek piacra vitel\u00e9hez.<\/p>\n<p><strong>A kutat\u00f3csoport vezet\u0151je: Dr. Assabiny Alexandra<\/strong><\/p>\n<p><strong>A kutat\u00f3csoport legjelent\u0151sebb publik\u00e1ci\u00f3inak el\u00e9rhet\u0151s\u00e9ge:<\/strong><\/p>\n<ul>\n<li style=\"background: white\"><span style=\"font-size: 15.0pt;color: #1e2326\">There is more than just longitudinal strain: Prognostic significance of biventricular circumferential mechanics<br \/>\n<\/span><span style=\"font-size: 15.0pt;color: #1e2326\"><a href=\"https:\/\/www.frontiersin.org\/journals\/cardiovascular-medicine\/articles\/10.3389\/fcvm.2023.1082725\/full\" target=\"_blank\" rel=\"noopener\">https:\/\/www.frontiersin.org\/journals\/cardiovascular-medicine\/articles\/10.3389\/fcvm.2023.1082725\/full<\/a><\/span><\/li>\n<\/ul>\n","protected":false},"excerpt":{"rendered":"<p>A Nemzeti Kardiovaszkul\u00e1ris Laborat\u00f3rium innovat\u00edv orvostechnikai \u00e9s diagnosztikai eszk\u00f6z\u00f6k \u00e9s adatb\u00e1zisok fejleszt\u00e9s\u00e9t c\u00e9lz\u00f3 programjainak r\u00e9szek\u00e9nt az extacellul\u00e1ris vezikula alap\u00fa diagnosztikai- \u00e9s ter\u00e1pi\u00e1s hat\u00e1s-markereket \u00e9s m\u00e9r\u00e9si m\u00f3dszerek beaazonos\u00edt\u00e1sa \u00e9s valid\u00e1l\u00e1sa fog megt\u00f6rt\u00e9nni. A program r\u00e9szek\u00e9nt a sz\u00edvseb\u00e9szeti beavatkoz\u00e1sok \u00e9s kardiol\u00f3giai intervenci\u00f3k pontos tervez\u00e9s\u00e9t, kivitelez\u00e9s\u00e9t lehet\u0151v\u00e9 tev\u0151 hardveres \u00e9s szoftveres technol\u00f3gi\u00e1kat t\u00e1mogat\u00f3 eszk\u00f6z\u00f6k ker\u00fclnek kifejleszt\u00e9sre, mellyel a &hellip;<\/p>\n","protected":false},"author":102384,"featured_media":0,"parent":9,"menu_order":3,"comment_status":"closed","ping_status":"closed","template":"template-fullwidth.php","meta":{"_acf_changed":false,"footnotes":""},"categories":[],"tags":[],"class_list":["post-84","page","type-page","status-publish","hentry"],"acf":[],"_links":{"self":[{"href":"https:\/\/semmelweis.hu\/nkl\/wp-json\/wp\/v2\/pages\/84","targetHints":{"allow":["GET"]}}],"collection":[{"href":"https:\/\/semmelweis.hu\/nkl\/wp-json\/wp\/v2\/pages"}],"about":[{"href":"https:\/\/semmelweis.hu\/nkl\/wp-json\/wp\/v2\/types\/page"}],"author":[{"embeddable":true,"href":"https:\/\/semmelweis.hu\/nkl\/wp-json\/wp\/v2\/users\/102384"}],"replies":[{"embeddable":true,"href":"https:\/\/semmelweis.hu\/nkl\/wp-json\/wp\/v2\/comments?post=84"}],"version-history":[{"count":10,"href":"https:\/\/semmelweis.hu\/nkl\/wp-json\/wp\/v2\/pages\/84\/revisions"}],"predecessor-version":[{"id":322,"href":"https:\/\/semmelweis.hu\/nkl\/wp-json\/wp\/v2\/pages\/84\/revisions\/322"}],"up":[{"embeddable":true,"href":"https:\/\/semmelweis.hu\/nkl\/wp-json\/wp\/v2\/pages\/9"}],"wp:attachment":[{"href":"https:\/\/semmelweis.hu\/nkl\/wp-json\/wp\/v2\/media?parent=84"}],"wp:term":[{"taxonomy":"category","embeddable":true,"href":"https:\/\/semmelweis.hu\/nkl\/wp-json\/wp\/v2\/categories?post=84"},{"taxonomy":"post_tag","embeddable":true,"href":"https:\/\/semmelweis.hu\/nkl\/wp-json\/wp\/v2\/tags?post=84"}],"curies":[{"name":"wp","href":"https:\/\/api.w.org\/{rel}","templated":true}]}}