{"id":82,"date":"2024-07-15T16:08:38","date_gmt":"2024-07-15T14:08:38","guid":{"rendered":"https:\/\/semmelweis.hu\/nkl\/?page_id=82"},"modified":"2024-12-05T13:55:27","modified_gmt":"2024-12-05T12:55:27","slug":"innovativ-gyogyszer-biotechnologiai-fejlesztesek-modul","status":"publish","type":"page","link":"https:\/\/semmelweis.hu\/nkl\/teruletek\/innovativ-gyogyszer-biotechnologiai-fejlesztesek-modul\/","title":{"rendered":"Innovat\u00edv gy\u00f3gyszer-biotechnol\u00f3giai fejleszt\u00e9sek modul"},"content":{"rendered":"<h5>Az \u201eInnovat\u00edv gy\u00f3gyszer-biotechnol\u00f3giai fejleszt\u00e9sek\u201d pill\u00e9rben \u00faj gy\u00f3gyszert\u00e1mad\u00e1spontok felder\u00edt\u00e9s\u00e9t \u00e9s megl\u00e9v\u0151 gy\u00f3gyszerek \u00fajrapoz\u00edcion\u00e1l\u00e1s\u00e1t v\u00e9gezz\u00fck.<\/h5>\n<p>\u00a0A beteg sz\u00edvizomsz\u00f6vet g\u00e9n- \u00e9s feh\u00e9rje-expresszi\u00f3s mint\u00e1zat\u00e1nak elemz\u00e9se integrat\u00edv, h\u00e1l\u00f3zatelm\u00e9leti \u00e9s mesters\u00e9ges intelligencia alap\u00fa rendszerek fejleszt\u00e9s\u00e9vel \u00e9s alkalmaz\u00e1s\u00e1val fog t\u00f6rt\u00e9nni, melynek eredm\u00e9nyek\u00e9nt \u00faj gy\u00f3gyszertargetek ker\u00fclnek beazonos\u00edt\u00e1sra, valamint gy\u00f3gyszer \u00fajrapoz\u00edcion\u00e1l\u00e1si fejleszt\u00e9sek ker\u00fclnek megval\u00f3s\u00edt\u00e1sra.<\/p>\n<p>\u00a0A program fontos elemei: in vitro kardiovaszkul\u00e1ris platformok kidolgoz\u00e1sa, mikroRNS alap\u00fa farmakoter\u00e1pi\u00e1s megold\u00e1sok tov\u00e1bbfejleszt\u00e9se, kardio-onkol\u00f3giai vizsg\u00e1latok, RNS alap\u00fa h\u00e1l\u00f3zatos molekul\u00e1ris bioinformatikai gy\u00f3gyszerfejleszt\u00e9st t\u00e1mogat\u00f3 szoftverek piacra vitele \u00e9s gy\u00f3gyszerbiztons\u00e1gi fejleszt\u00e9sek.<\/p>\n<p>A &#8222;<strong>Gy\u00f3gyszerc\u00e9lpont felfedez\u00e9s \u00e9s \u00fajrapoz\u00edcion\u00e1l\u00e1s&#8221; kutat\u00f3csoport<\/strong> c\u00e9lja, hogy \u00faj gy\u00f3gyszerc\u00e9lpontokat azonos\u00edtsunk, ezek alapj\u00e1n az iszk\u00e9mi\u00e1s sz\u00edvbetegs\u00e9g \u00e9s a sz\u00edvel\u00e9gtelens\u00e9g megel\u0151z\u00e9s\u00e9nek \u00e9s kezel\u00e9s\u00e9nek \u00faj farmakol\u00f3giai lehet\u0151s\u00e9geit t\u00e1rjuk fel. Az azonos\u00edtott \u00faj c\u00e9lpontok alapj\u00e1n \u00fajrapoz\u00edcion\u00e1lt gy\u00f3gyszermolekul\u00e1k sz\u00e9les betegcsoportok gy\u00f3gyul\u00e1s\u00e1hoz j\u00e1rulhatnak hozz\u00e1.<\/p>\n<p>A beteg sz\u00edvizomsz\u00f6vet g\u00e9n- \u00e9s feh\u00e9rje-expresszi\u00f3s mint\u00e1zat\u00e1nak integrat\u00edv elemz\u00e9s\u00e9re szolg\u00e1l\u00f3 h\u00e1l\u00f3zatelm\u00e9leti \u00e9s mesters\u00e9ges intelligencia alap\u00fa rendszerek alkalmaz\u00e1s\u00e1val potenci\u00e1lis \u00faj gy\u00f3gyszer targetek azonos\u00edt\u00e1s\u00e1t v\u00e9gzi, amelynek potenci\u00e1lis eredm\u00e9nyei lehetnek a k\u00eds\u00e9rletesen \u00e9s hum\u00e1n mint\u00e1kon valid\u00e1lt gy\u00f3gyszertargetek. A gy\u00f3gyszerek \u00fajrapoz\u00edcion\u00e1l\u00e1s\u00e1t t\u00e1mogat\u00f3 in silico megk\u00f6zel\u00edt\u00e9s\u00fcnkkel pedig ak\u00e1r a fentiek szerint megtal\u00e1lt c\u00e9lpontokhoz tal\u00e1lhatunk megfelel\u0151 gy\u00f3gyszereket. Mindez hozz\u00e1j\u00e1rulhat a gy\u00f3gyszerfejleszt\u00e9s hat\u00e9konyabb\u00e1 t\u00e9tel\u00e9hez, a k\u00f6lts\u00e9gek cs\u00f6kkent\u00e9s\u00e9hez.<\/p>\n<p><strong>A kutat\u00f3csoport vezet\u0151i Prof. Dr. Radovits Tam\u00e1s \u00e9s Dr. G\u00f6rbe Anik\u00f3<\/strong><\/p>\n<p><strong>A kutat\u00f3csoport legjelent\u0151sebb publik\u00e1ci\u00f3inak el\u00e9rhet\u0151s\u00e9ge:<\/strong><\/p>\n<ul>\n<li>Sayour AA, Ol\u00e1h A, Ruppert M, Barta BA, Merkely B, Radovits T.<br \/>\nEffect of pharmacological selectivity of SGLT2 inhibitors on cardiovascular outcomes in patients with type 2 diabetes: a meta-analysis.<br \/>\nSci Rep 2024; 14: 2188.<br \/>\nIF: 3,8<br \/>\n<a href=\"https:\/\/www.nature.com\/articles\/s41598-024-52331-w\" target=\"_blank\" rel=\"noopener\">https:\/\/www.nature.com\/articles\/s41598-024-52331-w<\/a><\/li>\n<li>Ruppert M, Korkmaz-Ic\u00f6z S, Benczik B, \u00c1gg B, Nagy D, B\u00e1lint T, Sayour AA, Ol\u00e1h A, Barta BA, Benke K, Ferdinandy P, Karck M, Merkely B, Radovits T*, Szab\u00f3 G*.<br \/>\nPressure overload-induced systolic heart failure is associated with characteristic myocardial microRNA expression signature and post-transcriptional gene regulation in male rats.<br \/>\nSci Rep 2023; 13: 16122.<br \/>\n*megosztott utols\u00f3szerz\u0151s\u00e9g<br \/>\nIF2023: 3,8<br \/>\n<a href=\"https:\/\/www.nature.com\/articles\/s41598-023-43171-1\" target=\"_blank\" rel=\"noopener\">https:\/\/www.nature.com\/articles\/s41598-023-43171-1<\/a><\/li>\n<li>Ragone I, Barallobre-Barreiro J, Takov K, Theofilatos K, Yin X, Schmidt LE, Domenech N, Crespo-Leiro MG, van der Voorn SM, Vink A, van Veen TAB, B\u00f6d\u00f6r C, Merkely B, Radovits T\u00ad*, Mayr M*.<br \/>\nSERCA2a Protein Levels Are Unaltered in Human Heart Failure.<br \/>\nCirculation 2023; 148: 613-6<br \/>\n*megosztott utols\u00f3szerz\u0151s\u00e9g<br \/>\nIF2023: 35,5<br \/>\n<a href=\"https:\/\/www.ahajournals.org\/doi\/full\/10.1161\/CIRCULATIONAHA.123.064513?rfr_dat=cr_pub++0pubmed&amp;url_ver=Z39.88-2003&amp;rfr_id=ori%3Arid%3Acrossref.org\" target=\"_blank\" rel=\"noopener\">https:\/\/www.ahajournals.org\/doi\/full\/10.1161\/CIRCULATIONAHA.123.064513?rfr_dat=cr_pub++0pubmed&amp;url_ver=Z39.88-2003&amp;rfr_id=ori%3Arid%3Acrossref.org<\/a><\/li>\n<li>Ruppert M, Barta BA, Korkmaz-Ic\u00f6z S, Loganathan S, Ol\u00e1h A, Sayour AA, Benke K, Nagy D, B\u00e1lint T, Karck M, Schilling O, Merkely B, Radovits T*, Szab\u00f3 G*.<br \/>\nSex similarities and differences in the reverse and anti-remodeling effect of pressure unloading therapy in a rat model of aortic banding and debanding<br \/>\nAm J Physiol Heart Circ Physiol 2022; 323: H204-22.<br \/>\n*megosztott utols\u00f3szerz\u0151s\u00e9g<br \/>\nIF2022: 4,8<br \/>\n<a href=\"https:\/\/journals.physiology.org\/doi\/full\/10.1152\/ajpheart.00654.2021\" target=\"_blank\" rel=\"noopener\">https:\/\/journals.physiology.org\/doi\/full\/10.1152\/ajpheart.00654.2021<\/a><\/li>\n<li>Kugler S, On\u00f3di Z, Ruppert M, Sayour AA, Ol\u00e1h A, Benke K, Ferdinandy P, Merkely B, Radovits T*, Varga ZV*.<br \/>\nInflammasome activation in end-stage heart failure-associated atrial fibrillation<br \/>\nESC Heart Fail 2022; 9: 2747-52.<br \/>\n*megosztott utols\u00f3szerz\u0151s\u00e9g<br \/>\nIF2022: 3,8<br \/>\n<a href=\"https:\/\/pubmed.ncbi.nlm.nih.gov\/35585786\/\" target=\"_blank\" rel=\"noopener\">https:\/\/pubmed.ncbi.nlm.nih.gov\/35585786\/<\/a><\/li>\n<\/ul>\n<p>&nbsp;<\/p>\n<p>A<strong> \u201eSejtter\u00e1pi\u00e1s kutat\u00e1si program\u201d kutat\u00f3csoport<\/strong> \u00e1ltal l\u00e9trehozott 3D pluripotens \u0151ssejtes modellrendszerek lehet\u0151s\u00e9get k\u00edn\u00e1lnak olyan szolg\u00e1ltat\u00e1sokra, melyekkel a gy\u00f3gyszerbiztons\u00e1gi vizsg\u00e1latokban, a kardiovaszkul\u00e1ris betegs\u00e9gek \u00e9s ezek gy\u00f3gyszeres kezel\u00e9s\u00e9nek hat\u00e1s\u00e1nak vizsg\u00e1lat\u00e1ban \u00e9s m\u00e1s fejlett ter\u00e1pi\u00e1s k\u00e9sz\u00edtm\u00e9nyek kutat\u00e1s\u00e1ban is r\u00e9szt tudunk venni. A program hozz\u00e1j\u00e1rul a szem\u00e9lyre szabott orvosl\u00e1s felt\u00e9teleinek fejleszt\u00e9s\u00e9hez is. A l\u00e9trehozott protot\u00edpusok lehet\u0151s\u00e9get teremtenek arra, hogy a k\u00e9s\u0151bbiekben egy\u00e9nre szabottan, az adott beteg mint\u00e1j\u00e1b\u00f3l kiindulva lehessen ezeket a vizsg\u00e1latokat elv\u00e9gezni. Az els\u0151 teszt-gy\u00e1rt\u00f3helyet az egyetemi klinik\u00e1k ter\u00fclet\u00e9n alak\u00edtjuk ki, mivel a tudom\u00e1nyter\u00fcleten kiemelt jelent\u0151s\u00e9ggel b\u00edr\u00f3 kompetenci\u00e1k szint\u00e9n ezeken a helyeken koncentr\u00e1l\u00f3dnak. A projekt eredm\u00e9nyei alapj\u00e1n nyithatunk egy sz\u00e9lesebb egy\u00fcttm\u0171k\u00f6d\u00e9s fel\u00e9 is, amely v\u00e9g\u00fcl a kardiovaszkul\u00e1ris fejlett ter\u00e1pi\u00e1s k\u00e9sz\u00edtm\u00e9nyek gy\u00e1rt\u00e1s\u00e1nak kedvez\u0151 gazdas\u00e1gi k\u00f6rnyezetet teremt haz\u00e1nkban.<\/p>\n<p><strong>A<\/strong><strong> kutat\u00f3csoport vezet\u0151je Prof. Dr. F\u00f6ldes G\u00e1bor<\/strong><\/p>\n<p><strong>\u00a0<\/strong><strong>A kutat\u00f3csoport legjelent\u0151sebb publik\u00e1ci\u00f3inak el\u00e9rhet\u0151s\u00e9ge:<\/strong><\/p>\n<ul>\n<li>Angiogenesis 2024;27(3):561-582.<br \/>\nGeneration and characterisation of scalable and stable human pluripotent stem cell-derived microvascular-like endothelial cells for cardiac applications<br \/>\n<a href=\"https:\/\/link.springer.com\/article\/10.1007\/s10456-024-09929-5\" target=\"_blank\" rel=\"noopener\">https:\/\/link.springer.com\/article\/10.1007\/s10456-024-09929-5<\/a><\/li>\n<li>Regenerative Medicine 2023;18(3):219-227.<br \/>\nInternational Evaluation Study of a Highly Efficient Culture Assay for Detection of Residual Human Pluripotent Stem Cells in Cell Therapies<br \/>\n<a href=\"https:\/\/www.tandfonline.com\/doi\/full\/10.2217\/rme-2022-0207\" target=\"_blank\" rel=\"noopener\">https:\/\/www.tandfonline.com\/doi\/full\/10.2217\/rme-2022-0207<\/a><\/li>\n<li>Theranostics 2022;12(10):4684-4702.<br \/>\n3D culturing of human pluripotent stem cells-derived endothelial cells for vascular regeneration<br \/>\n<a href=\"https:\/\/www.thno.org\/v12p4684.htm\" target=\"_blank\" rel=\"noopener\">https:\/\/www.thno.org\/v12p4684.htm<\/a><\/li>\n<\/ul>\n<p><strong>El\u0151zm\u00e9nyprojektben publik\u00e1lt, jelen projekthez szakmai tartalom tekintet\u00e9ben szorosan kapcsol\u00f3d\u00f3 cikkek:<\/strong><\/p>\n<ul>\n<li>Gene Therapy 2020;27(12):579-590.<br \/>\nInvestigation of the safety and feasibility of AAV1\/SERCA2a gene transfer in patients with chronic heart failure supported with a left ventricular assist device \u2013 the SERCA-LVAD TRIAL<br \/>\n<a href=\"https:\/\/www.nature.com\/articles\/s41434-020-0171-7\" target=\"_blank\" rel=\"noopener\">https:\/\/www.nature.com\/articles\/s41434-020-0171-7<\/a><\/li>\n<li>Bartunek. European Heart Journal 2016.pii:ehw543.<br \/>\nCardiopoietic cell therapy for advanced ischaemic heart failure: results at 39 weeks of the prospective, randomized, double blind, sham-controlled CHART-1 clinical trial<br \/>\n<a href=\"https:\/\/academic.oup.com\/eurheartj\/article\/38\/9\/648\/2726317\" target=\"_blank\" rel=\"noopener\">https:\/\/academic.oup.com\/eurheartj\/article\/38\/9\/648\/2726317<\/a><\/li>\n<\/ul>\n<p>&nbsp;<\/p>\n","protected":false},"excerpt":{"rendered":"<p>Az \u201eInnovat\u00edv gy\u00f3gyszer-biotechnol\u00f3giai fejleszt\u00e9sek\u201d pill\u00e9rben \u00faj gy\u00f3gyszert\u00e1mad\u00e1spontok felder\u00edt\u00e9s\u00e9t \u00e9s megl\u00e9v\u0151 gy\u00f3gyszerek \u00fajrapoz\u00edcion\u00e1l\u00e1s\u00e1t v\u00e9gezz\u00fck. \u00a0A beteg sz\u00edvizomsz\u00f6vet g\u00e9n- \u00e9s feh\u00e9rje-expresszi\u00f3s mint\u00e1zat\u00e1nak elemz\u00e9se integrat\u00edv, h\u00e1l\u00f3zatelm\u00e9leti \u00e9s mesters\u00e9ges intelligencia alap\u00fa rendszerek fejleszt\u00e9s\u00e9vel \u00e9s alkalmaz\u00e1s\u00e1val fog t\u00f6rt\u00e9nni, melynek eredm\u00e9nyek\u00e9nt \u00faj gy\u00f3gyszertargetek ker\u00fclnek beazonos\u00edt\u00e1sra, valamint gy\u00f3gyszer \u00fajrapoz\u00edcion\u00e1l\u00e1si fejleszt\u00e9sek ker\u00fclnek megval\u00f3s\u00edt\u00e1sra. \u00a0A program fontos elemei: in vitro kardiovaszkul\u00e1ris platformok kidolgoz\u00e1sa, mikroRNS &hellip;<\/p>\n","protected":false},"author":102384,"featured_media":0,"parent":9,"menu_order":2,"comment_status":"closed","ping_status":"closed","template":"template-fullwidth.php","meta":{"_acf_changed":false,"footnotes":""},"categories":[],"tags":[],"class_list":["post-82","page","type-page","status-publish","hentry"],"acf":[],"_links":{"self":[{"href":"https:\/\/semmelweis.hu\/nkl\/wp-json\/wp\/v2\/pages\/82","targetHints":{"allow":["GET"]}}],"collection":[{"href":"https:\/\/semmelweis.hu\/nkl\/wp-json\/wp\/v2\/pages"}],"about":[{"href":"https:\/\/semmelweis.hu\/nkl\/wp-json\/wp\/v2\/types\/page"}],"author":[{"embeddable":true,"href":"https:\/\/semmelweis.hu\/nkl\/wp-json\/wp\/v2\/users\/102384"}],"replies":[{"embeddable":true,"href":"https:\/\/semmelweis.hu\/nkl\/wp-json\/wp\/v2\/comments?post=82"}],"version-history":[{"count":9,"href":"https:\/\/semmelweis.hu\/nkl\/wp-json\/wp\/v2\/pages\/82\/revisions"}],"predecessor-version":[{"id":306,"href":"https:\/\/semmelweis.hu\/nkl\/wp-json\/wp\/v2\/pages\/82\/revisions\/306"}],"up":[{"embeddable":true,"href":"https:\/\/semmelweis.hu\/nkl\/wp-json\/wp\/v2\/pages\/9"}],"wp:attachment":[{"href":"https:\/\/semmelweis.hu\/nkl\/wp-json\/wp\/v2\/media?parent=82"}],"wp:term":[{"taxonomy":"category","embeddable":true,"href":"https:\/\/semmelweis.hu\/nkl\/wp-json\/wp\/v2\/categories?post=82"},{"taxonomy":"post_tag","embeddable":true,"href":"https:\/\/semmelweis.hu\/nkl\/wp-json\/wp\/v2\/tags?post=82"}],"curies":[{"name":"wp","href":"https:\/\/api.w.org\/{rel}","templated":true}]}}