{"id":75,"date":"2024-07-15T15:57:22","date_gmt":"2024-07-15T13:57:22","guid":{"rendered":"https:\/\/semmelweis.hu\/nkl\/?page_id=75"},"modified":"2024-12-03T14:00:03","modified_gmt":"2024-12-03T13:00:03","slug":"szakmai-csapat-bemutatasa","status":"publish","type":"page","link":"https:\/\/semmelweis.hu\/nkl\/rolunk\/szakmai-csapat-bemutatasa\/","title":{"rendered":"A szakmai megval\u00f3s\u00edt\u00e1sban r\u00e9szvet\u0151 kutat\u00f3k bemutat\u00e1sa"},"content":{"rendered":"<p><span style=\"text-decoration: underline\"><strong>A projekt vezet\u0151je Prof. Dr. Merkely B\u00e9la <\/strong><\/span><\/p>\n<p>Sz\u00e9chenyi-d\u00edjas magyar orvos, intervenci\u00f3s kardiol\u00f3gus, sportorvos szakorvos, egyetemi tan\u00e1r, a Magyar Tudom\u00e1nyos Akad\u00e9mia doktora, a Semmelweis Egyetem V\u00e1rosmajori Sz\u00edv- \u00e9s \u00c9rgy\u00f3gy\u00e1szati Klinika igazgat\u00f3ja, a Kardiol\u00f3giai Tansz\u00e9k \u00e9s a Rep\u00fcl\u0151- \u00e9s \u0170rorvostani Tansz\u00e9k tansz\u00e9kvezet\u0151 egyetemi tan\u00e1ra, a Semmelweis Egyetem rektora. Az Eg\u00e9szs\u00e9g\u00fcgyi Szakmai Koll\u00e9gium Kardiol\u00f3gia Tagozat\u00e1nak eln\u00f6ke, emellett a Magyar Rektori Konferencia Tehets\u00e9ggondoz\u00e1si Bizotts\u00e1g\u00e1nak aleln\u00f6ke, a Magyar Rektori Konferencia t\u00e1rseln\u00f6ke. 2008-t\u00f3l a Kardiol\u00f3giai Szakmai Gr\u00e9mium, 2013-t\u00f3l az \u2019Orvosi rehabilit\u00e1ci\u00f3 a kardiol\u00f3gia ter\u00fclet\u00e9n\u2019 r\u00e1\u00e9p\u00edtett szakmai k\u00e9pz\u00e9st koordin\u00e1l\u00f3 Gr\u00e9mium eln\u00f6ke. Kiemelked\u0151 tudom\u00e1nyos kutat\u00f3munk\u00e1t folytat, publik\u00e1ci\u00f3it rangos magyar \u00e9s nemzetk\u00f6zi foly\u00f3iratok k\u00f6zlik. 2021-ben jelent meg az \u00e9letp\u00e1ly\u00e1j\u00e1t bemutat\u00f3 k\u00f6nyv Gy\u00f3gy\u00edt\u00e1s sz\u00edvvel-l\u00e9lekkel c\u00edmmel a Lexica Kiad\u00f3 gondoz\u00e1s\u00e1ban. F\u0151 kutat\u00e1si ter\u00fcletei a sz\u00edvel\u00e9gtelens\u00e9g nem gy\u00f3gyszeres kezel\u00e9se; \u00faj technik\u00e1k az intervenci\u00f3s kardiol\u00f3gi\u00e1ban; invaz\u00edv \u00e9s nem invaz\u00edv k\u00e9palkot\u00e1si vizsg\u00e1latok sz\u00edvel\u00e9gtelens\u00e9gben; sz\u00edvritmuszavarok \u00e9s akut koszor\u00fa\u00e9r-szindr\u00f3m\u00e1k; sportkardiol\u00f3gia, \u00e9lsportol\u00f3k kardiol\u00f3giai fejleszt\u00e9se. \u00d6t k\u00f6nyv, 71 k\u00f6nyvfejezet szerz\u0151je, 36 hazai tank\u00f6nyvfejezet-r\u00e9szlet szerz\u0151je, csaknem 1300 cikket jegyez nemzetk\u00f6zi \u00e9s magyar orvosi foly\u00f3iratokban. Kumulat\u00edv impakt faktora 6700 felett van, f\u00fcggetlen id\u00e9zeteinek sz\u00e1ma k\u00f6zel 82 ezer.<\/p>\n<p>A <strong>\u201eGy\u00f3gyszerc\u00e9lpont felfedez\u00e9s \u00e9s \u00fajrapoz\u00edcion\u00e1l\u00e1s\u201d\u00a0kutat\u00f3csoport egyik vezet\u0151je<\/strong> <em>\u2013 <\/em><strong>Prof. Dr. Radovits Tam\u00e1s<\/strong><em><strong>, <\/strong><\/em>klinikai f\u0151orvos, \u00a0egyetemi tan\u00e1r, a\u00a0\u00a0V\u00e1rosmajori Sz\u00edv- \u00e9s \u00c9rgy\u00f3gy\u00e1szati Klinika <a href=\"https:\/\/semmelweis.hu\/mutettan\/\" target=\"_blank\" rel=\"noopener\">K\u00eds\u00e9rletes Kardiol\u00f3giai \u00e9s Seb\u00e9szeti M\u0171t\u00e9ttani Tansz\u00e9k<\/a> tansz\u00e9kvezet\u0151je. Prof. Dr. Radovits Tam\u00e1s vezeti a V\u00e1rosmajori Klinika Juh\u00e1sz-Nagy S\u00e1ndor Tudom\u00e1nyos Kutat\u00f3laborat\u00f3rium\u00e1t, amely K\u00f6z\u00e9p-Eur\u00f3pa egyik legnagyobb \u00e9s legfejlettebb tudom\u00e1nyos m\u0171helye a sz\u00edv- \u00e9s \u00e9rgy\u00f3gy\u00e1szati kutat\u00e1sok ter\u00fclet\u00e9n.<\/p>\n<p><strong>\u201eA COVID-19 fert\u0151z\u00e9s\u201d kutat\u00f3csoport \u00a0\u2013 Prof. Dr. V\u00e1g\u00f3 Hajnalka, <\/strong>klinikai f\u0151orvos, egyetemi tan\u00e1r, az els\u0151 n\u0151i professzor a V\u00e1rosmajori Sz\u00edv- \u00e9s \u00c9rgy\u00f3gy\u00e1szati Klinika t\u00f6bb mint 110 \u00e9ves t\u00f6rt\u00e9net\u00e9ben, kardiol\u00f3gus \u00e9s sportorvos szakorvos, a Semmelweis Egyetem V\u00e1rosmajori Sz\u00edv- \u00e9s \u00c9rgy\u00f3gy\u00e1szati Klinika Sportorvostan Tansz\u00e9k\u00e9nek tansz\u00e9kvezet\u0151je, a Kardiol\u00f3giai Tansz\u00e9k oktat\u00f3ja, a V\u00e1rosmajori Sz\u00edv- \u00e9s \u00c9rgy\u00f3gy\u00e1szati Klinika Sz\u00edv MR Munkacsoportj\u00e1nak vezet\u0151je.<\/p>\n<p>A <strong><u>\u201e<\/u>Budapest CRT study\u201d kutat\u00f3csoport<\/strong> <em>\u00a0\u2013 <\/em><strong>Dr. Kosztin Annam\u00e1ria<\/strong><em>, <\/em>klinikai f\u0151orvos, egyetemi docens, \u00a0a V\u00e1rosmajori Sz\u00edv- \u00e9s \u00c9rgy\u00f3gy\u00e1szati Klinika Pacemaker M\u0171t\u0151j\u00e9nek- \u00e9s \u00a0CRT munkacsoportj\u00e1nak vezet\u0151je.<\/p>\n<p>A<strong> \u201eBudakal\u00e1sz Vizsg\u00e1lat\u201d kutat\u00f3csoport<em> \u2013 <\/em>Dr. Bagyura Zsolt Istv\u00e1n<em>, <\/em><\/strong>egyetemi docens, a V\u00e1rosmajori Sz\u00edv- \u00e9s \u00c9rgy\u00f3gy\u00e1szati Klinika Kardiol\u00f3giai Tansz\u00e9k\u00e9n dolgozik kutat\u00f3k\u00e9nt, a 2023 november\u00e9ben megalakult, Klinikai K\u00f6zponthoz tartoz\u00f3 Klinikai Adatszolg\u00e1ltat\u00f3 Int\u00e9zet vezet\u0151je.<\/p>\n<p>A<strong> \u201eS\u00falyos aorta \u00e9rintetts\u00e9g megel\u0151z\u00e9se Marfan-szindr\u00f3m\u00e1ban \u00e9s egy\u00e9b ritka k\u00f6t\u0151sz\u00f6veti betegs\u00e9gekben\u201d kutat\u00f3csoport<\/strong> <strong><em>&#8211; <\/em>Dr. Benke K\u00e1lm\u00e1n<em>,<\/em><\/strong> klinikai szakorvos, egyetemi docens, a V\u00e1rosmajori Sz\u00edv- \u00e9s \u00c9rgy\u00f3gy\u00e1szati Klinika Sz\u00edvseb\u00e9szeti Tansz\u00e9ki Csoport kutat\u00f3 \u00e9s gyakorl\u00f3 orvosa, a Magyar Marfan Alap\u00edtv\u00e1ny tagja, az Eur\u00f3pai Referenciah\u00e1l\u00f3zat (ERN) ritka aorta betegs\u00e9gek magyar munkacsoportj\u00e1nak<br \/>\n\u00a0vezet\u0151je (VASCERN)..<\/p>\n<p>A<strong> \u201eSejtter\u00e1pi\u00e1s kutat\u00e1si program\u201d kutat\u00f3csoport<\/strong> <strong><em>&#8211; <\/em>Prof. Dr. F\u00f6ldes G\u00e1bor<\/strong> egyetemi tan\u00e1r, az MTA doktora, a V\u00e1rosmajori Sz\u00edv- \u00e9s \u00c9rgy\u00f3gy\u00e1szati Klinika \u0150ssejtlaborat\u00f3rium\u00e1nak vezet\u0151je<\/p>\n<p>A<strong> \u201eSz\u00edvseb\u00e9szetet t\u00e1mogat\u00f3 eszk\u00f6z\u00f6k fejleszt\u00e9se\u201d kutat\u00f3csoport \u2013 Dr. Szilveszter B\u00e1lint \u00e9s Dr. Lakatos B\u00e1lint K\u00e1roly<\/strong><\/p>\n<p>Dr. Szilveszter B\u00e1lint kardiol\u00f3gus szakorvos, egyetemi adjunktus, a V\u00e1rosmajori Sz\u00edv- \u00e9s \u00c9rgy\u00f3gy\u00e1szati Klinika SZ\u00cdV CT Kutat\u00f3csoport tagja<\/p>\n<p>Dr. Lakatos B\u00e1lint K\u00e1roly kardiol\u00f3gus szakorvos, egyetemi adjunktus, a V\u00e1rosmajori Sz\u00edv- \u00e9s \u00c9rgy\u00f3gy\u00e1szati Klinika Echokardiogr\u00e1fi\u00e1s Kutat\u00f3csoport tagja<\/p>\n<p>A<strong> \u201eStruktur\u00e1lt leletez\u00e9st t\u00e1mogat\u00f3 szoftverfejleszt\u00e9s\u201d kutat\u00f3csoport <em>\u2013 <\/em>Dr. Assabiny Alexandra<em>, <\/em><\/strong>kardiol\u00f3gus szakorvos, szakmai szak\u00e9rt\u0151 a Semmelweis Egyetem Klinikai K\u00f6zpont \/ Klinikai Adatszolg\u00e1ltat\u00f3 Int\u00e9zet\u00e9ben, sz\u00edvtranszplant\u00e1ci\u00f3s gondoz\u00e1st v\u00e9gz\u0151 orvos, ment\u00e1lhigi\u00e9n\u00e9s szakember<\/p>\n<p><strong>Kardiovaszkul\u00e1ris \u00e9s metabolikus kutat\u00f3csoport &#8211; Prof. Dr. Ferdinandy P\u00e9ter<\/strong><\/p>\n<p>\u00a0az MTA doktora, a Semmelweis Egyetem tudom\u00e1nyos \u00e9s innov\u00e1ci\u00f3s rektorhelyettese, a Farmakol\u00f3giai \u00e9s Farmakoter\u00e1pi\u00e1s Int\u00e9zet igazgat\u00f3ja, a Magyar K\u00eds\u00e9rletes \u00e9s Klinikai Farmakol\u00f3giai T\u00e1rsas\u00e1g Eln\u00f6ke, az Eur\u00f3pai Kardiol\u00f3gusok T\u00e1rsas\u00e1g\u00e1nak Alapkutat\u00e1si Bizotts\u00e1g\u00e1nak tagja, a nemzetk\u00f6zi sz\u00edvkutat\u00f3 t\u00e1rsas\u00e1g (ISHR) eur\u00f3pai szekci\u00f3j\u00e1nak kor\u00e1bbi eln\u00f6ke.<\/p>\n<p><strong>Kardiovaszkul\u00e1ris \u00e9s metabolikus in vitro sejtkult\u00fara csoport \u2013<\/strong> <strong>Dr. G\u00f6rbe Anik\u00f3 Ph.D<\/strong><\/p>\n<p>\u00a0a SE Farmakol\u00f3giai \u00e9s Farmakoter\u00e1pi\u00e1s Int\u00e9zet\u00e9nek docense, aki t\u00f6bb mint 15 \u00e9ves tapasztalattal rendelkezik a sz\u00edvizomsejtek \u00e9s k\u00f6zt\u00fck az \u0151ssejtekb\u0151l differenci\u00e1ltatott sz\u00edvizomsejtek iszk\u00e9mia\/reperf\u00fazi\u00f3s vizsg\u00e1lataiban. A sejtkult\u00fara core facilit\u00e1s laborat\u00f3rium\u00e1nak vezet\u0151jek\u00e9nt tev\u00e9kenykedik.<\/p>\n<p><strong>Prof. Dr. Ungv\u00e1ri Zolt\u00e1n,<\/strong> a N\u00e9peg\u00e9szs\u00e9gtani Int\u00e9zet igazgat\u00f3ja, az \u00d6reged\u00e9studom\u00e1nyi Program vezet\u0151je, a GeroScience, a Journal of Gerontology \u00e9s az American Journal of Physiology-Heart and Circulatory Physiology c\u00edm\u0171 nemzetk\u00f6zi szakfoly\u00f3iratokok f\u0151- illetve t\u00e1rsszerkeszt\u0151je, az American Aging Association vezet\u0151s\u00e9gi tagja, a sz\u00edv \u00e9s az \u00e9rrendszer id\u0151s\u00f6d\u00e9ssel \u00f6sszef\u00fcgg\u0151 megbeteged\u00e9seinek nemzetk\u00f6zi h\u00edr\u0171 szak\u00e9rt\u0151je.<\/p>\n<p><strong>Prof. Dr. Buz\u00e1s Edit<\/strong> az MTA levelez\u0151 tagja, a Semmelweis Egyetem Genetikai, Sejt- \u00e9s Immunbiol\u00f3giai Int\u00e9zet\u00e9nek igazgat\u00f3ja, Sz\u00e9chenyi d\u00edjas kutat\u00f3.<\/p>\n","protected":false},"excerpt":{"rendered":"<p>A projekt vezet\u0151je Prof. Dr. Merkely B\u00e9la Sz\u00e9chenyi-d\u00edjas magyar orvos, intervenci\u00f3s kardiol\u00f3gus, sportorvos szakorvos, egyetemi tan\u00e1r, a Magyar Tudom\u00e1nyos Akad\u00e9mia doktora, a Semmelweis Egyetem V\u00e1rosmajori Sz\u00edv- \u00e9s \u00c9rgy\u00f3gy\u00e1szati Klinika igazgat\u00f3ja, a Kardiol\u00f3giai Tansz\u00e9k \u00e9s a Rep\u00fcl\u0151- \u00e9s \u0170rorvostani Tansz\u00e9k tansz\u00e9kvezet\u0151 egyetemi tan\u00e1ra, a Semmelweis Egyetem rektora. Az Eg\u00e9szs\u00e9g\u00fcgyi Szakmai Koll\u00e9gium Kardiol\u00f3gia Tagozat\u00e1nak eln\u00f6ke, emellett a &hellip;<\/p>\n","protected":false},"author":102384,"featured_media":0,"parent":6,"menu_order":3,"comment_status":"closed","ping_status":"closed","template":"","meta":{"_acf_changed":false,"footnotes":""},"categories":[],"tags":[],"class_list":["post-75","page","type-page","status-publish","hentry"],"acf":[],"_links":{"self":[{"href":"https:\/\/semmelweis.hu\/nkl\/wp-json\/wp\/v2\/pages\/75","targetHints":{"allow":["GET"]}}],"collection":[{"href":"https:\/\/semmelweis.hu\/nkl\/wp-json\/wp\/v2\/pages"}],"about":[{"href":"https:\/\/semmelweis.hu\/nkl\/wp-json\/wp\/v2\/types\/page"}],"author":[{"embeddable":true,"href":"https:\/\/semmelweis.hu\/nkl\/wp-json\/wp\/v2\/users\/102384"}],"replies":[{"embeddable":true,"href":"https:\/\/semmelweis.hu\/nkl\/wp-json\/wp\/v2\/comments?post=75"}],"version-history":[{"count":10,"href":"https:\/\/semmelweis.hu\/nkl\/wp-json\/wp\/v2\/pages\/75\/revisions"}],"predecessor-version":[{"id":237,"href":"https:\/\/semmelweis.hu\/nkl\/wp-json\/wp\/v2\/pages\/75\/revisions\/237"}],"up":[{"embeddable":true,"href":"https:\/\/semmelweis.hu\/nkl\/wp-json\/wp\/v2\/pages\/6"}],"wp:attachment":[{"href":"https:\/\/semmelweis.hu\/nkl\/wp-json\/wp\/v2\/media?parent=75"}],"wp:term":[{"taxonomy":"category","embeddable":true,"href":"https:\/\/semmelweis.hu\/nkl\/wp-json\/wp\/v2\/categories?post=75"},{"taxonomy":"post_tag","embeddable":true,"href":"https:\/\/semmelweis.hu\/nkl\/wp-json\/wp\/v2\/tags?post=75"}],"curies":[{"name":"wp","href":"https:\/\/api.w.org\/{rel}","templated":true}]}}