{"id":73,"date":"2024-07-15T15:51:58","date_gmt":"2024-07-15T13:51:58","guid":{"rendered":"https:\/\/semmelweis.hu\/nkl\/?page_id=73"},"modified":"2024-12-05T14:54:14","modified_gmt":"2024-12-05T13:54:14","slug":"egyuttmukodesek","status":"publish","type":"page","link":"https:\/\/semmelweis.hu\/nkl\/egyuttmukodesek\/","title":{"rendered":"Egy\u00fcttm\u0171k\u00f6d\u00e9sek"},"content":{"rendered":"<p>Semmelweis Egyetem \u00e9s a Xenovea Szolg\u00e1ltat\u00f3 Kft. k\u00f6z\u00f6tt l\u00e9trej\u00f6tt kutat\u00e1si c\u00e9l\u00fa Egy\u00fcttm\u0171k\u00f6d\u00e9si meg\u00e1llapod\u00e1s a Nemzeti Kardiovaszkul\u00e1ris Laborat\u00f3rium keret\u00e9ben:<br \/>\n<a href=\"https:\/\/semmelweis.hu\/nkl\/files\/2024\/07\/SE_Xenovea_egyuttmukodesi_megallapodas.pdf\">SE_Xenovea_egyuttmukodesi_megallapodas<\/a><\/p>\n<p>Semmelweis Egyetem \u00e9s az Imperial College of Science Technology and Medicine k\u00f6z\u00f6tt l\u00e9trej\u00f6tt kutat\u00e1si \u00e9s egy\u00fcttm\u0171k\u00f6d\u00e9si meg\u00e1llapod\u00e1s a Nemzeti Kardiovaszkul\u00e1ris Laborat\u00f3rium keret\u00e9ben:<br \/>\n<a href=\"https:\/\/semmelweis.hu\/nkl\/files\/2024\/07\/SE_Imperial-College_cooperation_agreement.pdf\">SE_Imperial-College_cooperation_agreement<\/a><\/p>\n<p>A P\u00e9csi Tudom\u00e1nyegyetem \u00e9s a PHARMAHUNGARY 2000 K\u00eds\u00e9rletes \u00e9s Klinikai Kutat\u00e1sfejleszt\u00e9si Kft. k\u00f6z\u00f6tt \u00e9trej\u00f6tt Egy\u00fcttm\u0171k\u00f6d\u00e9si meg\u00e1llapod\u00e1s a Nemzeti Kardiovaszkul\u00e1ris Laborat\u00f3rium \u00e9s a Nemzeti Gy\u00f3gyszerkutat\u00e1si \u00e9s fejleszt\u00e9si Laborat\u00f3rium keret\u00e9ben:<br \/>\n<a href=\"https:\/\/semmelweis.hu\/nkl\/files\/2024\/07\/PTE-PH2000_egyuttmukodesi_megallapodas.pdf\">PTE-PH2000_egyuttmukodesi_megallapodas<\/a><\/p>\n<p>A Nemzeti Kardiovaszkul\u00e1ris Laborat\u00f3rium (NKL) \u00e9s a Mesters\u00e9ges Intelligencia Nemzeti Laborat\u00f3rium (MILAB) k\u00f6z\u00f6tt l\u00e9trej\u00f6tt kutat\u00e1si c\u00e9l\u00fa Egy\u00fcttm\u0171k\u00f6d\u00e9si meg\u00e1llapod\u00e1s:<br \/>\n<a href=\"https:\/\/semmelweis.hu\/nkl\/files\/2024\/07\/NKL_MILAB_egyuttmukodesi_megallapodas.pdf\">NKL_MILAB_egyuttmukodesi_megallapodas<\/a><\/p>\n<p>Semmelweis Egyetem \u00e9s a Zentrum f\u00fcr Kardiovaskul\u00e4re Genetik und Gendiagnostik, Z\u00fcrich-Schlieren, Sv\u00e1jc k\u00f6z\u00f6tt l\u00e9trej\u00f6tt kutat\u00e1si c\u00e9l\u00fa Egy\u00fcttm\u0171k\u00f6d\u00e9si meg\u00e1llapod\u00e1s a Nemzeti Kardiovaszkul\u00e1ris Laborat\u00f3rium keret\u00e9ben:<br \/>\n<a href=\"https:\/\/semmelweis.hu\/nkl\/files\/2024\/12\/Zentrum-fur-Kardiovaskulare-Genetik-und-Gendiagnostik-Schlieren-Zurich-Svajc.pdf\" target=\"_blank\" rel=\"noopener\">SE_Zentrum_fur_Kardiovaskulare_Genetik_und_Gendiagnostik_egyuttmukodesi_megallapodas<\/a><\/p>\n<p>Semmelweis Egyetem \u00e9s a Budapesti M\u0171szaki Egyetem k\u00f6z\u00f6tt l\u00e9trej\u00f6tt kutat\u00e1si c\u00e9l\u00fa Egy\u00fcttm\u0171k\u00f6d\u00e9si meg\u00e1llapod\u00e1s a Nemzeti Kardiovaszkul\u00e1ris Laborat\u00f3rium keret\u00e9ben:<br \/>\nSE_BME_egyuttmukodesi_megallapodas<\/p>\n<p>Semmelweis Egyetem \u00e9s a University College London k\u00f6z\u00f6tt l\u00e9trej\u00f6tt kutat\u00e1si c\u00e9l\u00fa Egy\u00fcttm\u0171k\u00f6d\u00e9si meg\u00e1llapod\u00e1s a Nemzeti Kardiovaszkul\u00e1ris Laborat\u00f3rium keret\u00e9ben:<br \/>\nSE_University_College_London_egyuttmukodesi_megallapodas<\/p>\n<p>Semmelweis Egyetem \u00e9s a HUN-REN TTK k\u00f6z\u00f6tt l\u00e9trej\u00f6tt kutat\u00e1si c\u00e9l\u00fa Egy\u00fcttm\u0171k\u00f6d\u00e9si meg\u00e1llapod\u00e1s a Nemzeti Kardiovaszkul\u00e1ris Laborat\u00f3rium keret\u00e9ben: <br \/>\nSE_HUN-REN_TTK_egyuttmukodesi_megallapodas<\/p>\n<p>Semmelweis Egyetem \u00e9s az ELKH K\u00eds\u00e9rleti Orvostudom\u00e1nyi Kutat\u00f3int\u00e9zet k\u00f6z\u00f6tt l\u00e9trej\u00f6tt kutat\u00e1si c\u00e9l\u00fa Egy\u00fcttm\u0171k\u00f6d\u00e9si meg\u00e1llapod\u00e1s a Nemzeti Kardiovaszkul\u00e1ris Laborat\u00f3rium keret\u00e9ben:<br \/>\nSE_ELKH_egyuttmukodesi_megallapodas<\/p>\n<p>Semmelweis Egyetem \u00e9s a Molekul\u00e1ris-Ujjlenyomat Kutat\u00f3 K\u00f6zpont Nonprofit Kft k\u00f6z\u00f6tt l\u00e9trej\u00f6tt kutat\u00e1si c\u00e9l\u00fa Egy\u00fcttm\u0171k\u00f6d\u00e9si meg\u00e1llapod\u00e1s a Nemzeti Kardiovaszkul\u00e1ris Laborat\u00f3rium keret\u00e9ben:<br \/>\nSE_Molekul\u00e1ris_Ujjlenyomat_egyuttmukodesi_megallapodas<\/p>\n","protected":false},"excerpt":{"rendered":"<p>Semmelweis Egyetem \u00e9s a Xenovea Szolg\u00e1ltat\u00f3 Kft. k\u00f6z\u00f6tt l\u00e9trej\u00f6tt kutat\u00e1si c\u00e9l\u00fa Egy\u00fcttm\u0171k\u00f6d\u00e9si meg\u00e1llapod\u00e1s a Nemzeti Kardiovaszkul\u00e1ris Laborat\u00f3rium keret\u00e9ben: <a href=\"https:\/\/semmelweis.hu\/nkl\/files\/2024\/07\/SE_Xenovea_egyuttmukodesi_megallapodas.pdf\">SE_Xenovea_egyuttmukodesi_megallapodas<\/a> Semmelweis Egyetem \u00e9s az Imperial College of Science Technology and Medicine k\u00f6z\u00f6tt l\u00e9trej\u00f6tt kutat\u00e1si \u00e9s egy\u00fcttm\u0171k\u00f6d\u00e9si meg\u00e1llapod\u00e1s a Nemzeti Kardiovaszkul\u00e1ris Laborat\u00f3rium keret\u00e9ben: <a href=\"https:\/\/semmelweis.hu\/nkl\/files\/2024\/07\/SE_Imperial-College_cooperation_agreement.pdf\">SE_Imperial-College_cooperation_agreement<\/a> A P\u00e9csi Tudom\u00e1nyegyetem \u00e9s a PHARMAHUNGARY 2000 K\u00eds\u00e9rletes \u00e9s Klinikai Kutat\u00e1sfejleszt\u00e9si Kft. k\u00f6z\u00f6tt \u00e9trej\u00f6tt Egy\u00fcttm\u0171k\u00f6d\u00e9si &hellip;<\/p>\n","protected":false},"author":102384,"featured_media":0,"parent":0,"menu_order":4,"comment_status":"closed","ping_status":"closed","template":"","meta":{"_acf_changed":false,"footnotes":""},"categories":[],"tags":[],"class_list":["post-73","page","type-page","status-publish","hentry"],"acf":[],"_links":{"self":[{"href":"https:\/\/semmelweis.hu\/nkl\/wp-json\/wp\/v2\/pages\/73","targetHints":{"allow":["GET"]}}],"collection":[{"href":"https:\/\/semmelweis.hu\/nkl\/wp-json\/wp\/v2\/pages"}],"about":[{"href":"https:\/\/semmelweis.hu\/nkl\/wp-json\/wp\/v2\/types\/page"}],"author":[{"embeddable":true,"href":"https:\/\/semmelweis.hu\/nkl\/wp-json\/wp\/v2\/users\/102384"}],"replies":[{"embeddable":true,"href":"https:\/\/semmelweis.hu\/nkl\/wp-json\/wp\/v2\/comments?post=73"}],"version-history":[{"count":11,"href":"https:\/\/semmelweis.hu\/nkl\/wp-json\/wp\/v2\/pages\/73\/revisions"}],"predecessor-version":[{"id":317,"href":"https:\/\/semmelweis.hu\/nkl\/wp-json\/wp\/v2\/pages\/73\/revisions\/317"}],"wp:attachment":[{"href":"https:\/\/semmelweis.hu\/nkl\/wp-json\/wp\/v2\/media?parent=73"}],"wp:term":[{"taxonomy":"category","embeddable":true,"href":"https:\/\/semmelweis.hu\/nkl\/wp-json\/wp\/v2\/categories?post=73"},{"taxonomy":"post_tag","embeddable":true,"href":"https:\/\/semmelweis.hu\/nkl\/wp-json\/wp\/v2\/tags?post=73"}],"curies":[{"name":"wp","href":"https:\/\/api.w.org\/{rel}","templated":true}]}}