{"id":62,"date":"2024-07-09T11:01:16","date_gmt":"2024-07-09T09:01:16","guid":{"rendered":"https:\/\/semmelweis.hu\/nkl\/?page_id=62"},"modified":"2024-11-06T13:18:33","modified_gmt":"2024-11-06T12:18:33","slug":"partnerek","status":"publish","type":"page","link":"https:\/\/semmelweis.hu\/nkl\/rolunk\/partnerek\/","title":{"rendered":"Konzorciumi partnerek"},"content":{"rendered":"<h5><span style=\"font-size: 14pt\">Szegedi Tudom\u00e1nyegyetem<\/span><\/h5>\n<p>A brit Quacquarelli Symonds (QS) nemzetk\u00f6zi fels\u0151oktat\u00e1si list\u00e1j\u00e1n a legjobb magyar egyetemk\u00e9nt rangsorolt Szegedi Tudom\u00e1nyegyetem 13 k\u00e9pz\u00e9si ter\u00fcleten k\u00edn\u00e1l tov\u00e1bbtanul\u00e1si lehet\u0151s\u00e9get. Az egyetem tizenk\u00e9t kar\u00e1n \u00e9s Tan\u00e1rk\u00e9pz\u0151 K\u00f6zpontj\u00e1ban az \u00e9lethosszig tart\u00f3 tanul\u00e1s jegy\u00e9ben sok sz\u00e1z alap-, mester-, egys\u00e9ges, osztatlan \u00e9s doktori k\u00e9pz\u00e9ssel, fels\u0151oktat\u00e1si szakk\u00e9pz\u00e9ssel, szakir\u00e1ny\u00fa tov\u00e1bbk\u00e9pz\u00e9si \u00e9s feln\u0151ttk\u00e9pz\u00e9si programmal v\u00e1rja a tanulni v\u00e1gy\u00f3kat az eg\u00e9szs\u00e9g\u00fcgyi szakokt\u00f3l kezdve a b\u00f6lcs\u00e9szeti, gazdas\u00e1gi, jogi, term\u00e9szettudom\u00e1nyi \u00e9s pedag\u00f3gusk\u00e9pz\u00e9sen \u00e1t az agr\u00e1r, m\u00e9rn\u00f6ki \u00e9s m\u0171v\u00e9szeti programokig.<\/p>\n<p>B\u0151vebb inform\u00e1ci\u00f3:<\/p>\n<p><a href=\"https:\/\/u-szeged.hu\/\">https:\/\/u-szeged.hu\/<\/a>\u00a0<\/p>\n<p>Az NKL Projektben r\u00e9sztvev\u0151 kutat\u00f3orvos:\u00a0Dr. Baczk\u00f3 Istv\u00e1n,\u00a0tansz\u00e9kvezet\u0151 egyetemi tan\u00e1r<\/p>\n<p>&nbsp;<\/p>\n<h5><span style=\"font-size: 14pt\">3DHISTECH Fejleszt\u0151 Korl\u00e1tolt Felel\u0151ss\u00e9g\u0171 T\u00e1rsas\u00e1g<\/span><\/h5>\n<p>\u00a0 \u00a0<a href=\"https:\/\/www.3dhistech.com\/\">https:\/\/www.3dhistech.com\/<\/a><\/p>\n<p>&nbsp;<\/p>\n<h5><span style=\"font-size: 14pt\">InterSynk Solutions Korl\u00e1tolt Felel\u0151ss\u00e9g\u0171 T\u00e1rsas\u00e1g<\/span><\/h5>\n<p><a href=\"https:\/\/www.intersynk.com\/\">https:\/\/www.intersynk.com\/<\/a><\/p>\n<p>&nbsp;<\/p>\n<h5><span style=\"font-size: 14pt\">PHARMAHUNGARY 2000 K\u00eds\u00e9rletes \u00e9s Klinikai Kutat\u00e1sfejleszt\u00e9si Korl\u00e1tolt Felel\u0151ss\u00e9g\u0171 T\u00e1rsas\u00e1g<\/span><\/h5>\n<p>A Pharmahungary Csoport k\u00fcldet\u00e9se:<\/p>\n<ul>\n<li>Saj\u00e1t K+F projekteken alapul\u00f3 \u00faj technol\u00f3gi\u00e1k kifejleszt\u00e9se a kardiovaszkul\u00e1ris \u00e9s metabolikus betegs\u00e9gek ter\u00e1pi\u00e1j\u00e1ra \u00e9s diagnosztiz\u00e1l\u00e1s\u00e1ra, k\u00fcl\u00f6n\u00f6sen \u00faj miRNS-ter\u00e1pi\u00e1s szerek kifejleszt\u00e9se sz\u00edv- \u00e9s \u00e9rrendszeri betegs\u00e9gekre, bele\u00e9rtve az AI-vez\u00e9relt gy\u00f3gyszerkutat\u00e1si eszk\u00f6z\u00f6ket RNS-oligonukleotid gy\u00f3gyszerek kifejleszt\u00e9s\u00e9hez.<\/li>\n<li>A sz\u00edv- \u00e9s \u00e9rrendszeri, metabolikus, vese- \u00e9s gyullad\u00e1sos betegs\u00e9gek in vivo modelljeire \u00f6sszpontos\u00edt\u00f3 szolg\u00e1ltat\u00e1sok ny\u00fajt\u00e1sa, a sejtekt\u0151l a nagy \u00e1llat modellekig. \u00daj szolg\u00e1ltat\u00e1s: egyed\u00fcl\u00e1ll\u00f3 t\u00f6bbk\u00f6zpont\u00fa kis- \u00e9s nagy\u00e1llat-vizsg\u00e1latok.<\/li>\n<li>Teljesk\u00f6r\u0171 klinikai kutat\u00e1sfejleszt\u00e9si szolg\u00e1ltat\u00e1sok (CRO) els\u0151sorban az orvostechnikai eszk\u00f6z\u00f6k ter\u00fclet\u00e9n, illetve vizsg\u00e1l\u00f3orvosok \u00e1ltal kezdem\u00e9nyezett kutat\u00e1sok \u00e9s speci\u00e1lis klinikai vizsg\u00e1latokra f\u00f3kusz\u00e1lva, mely pl. a szenzit\u00edv betegpopul\u00e1ci\u00f3 miatt naprak\u00e9sz tudom\u00e1nyos \u00e9s hat\u00f3s\u00e1gi t\u00e1mogat\u00e1st k\u00f6vetel meg.<\/li>\n<\/ul>\n<p><img loading=\"lazy\" decoding=\"async\" class=\"\" src=\"https:\/\/semmelweis.hu\/nkl\/files\/2024\/11\/Pharmahungary-Group_logo_14Apr2020.jpg\" alt=\"\" width=\"302\" height=\"61\" \/><\/p>\n<p><a href=\"https:\/\/www.pharmahungary.com\/\">https:\/\/www.pharmahungary.com\/<\/a><\/p>\n","protected":false},"excerpt":{"rendered":"<p>Szegedi Tudom\u00e1nyegyetem A brit Quacquarelli Symonds (QS) nemzetk\u00f6zi fels\u0151oktat\u00e1si list\u00e1j\u00e1n a legjobb magyar egyetemk\u00e9nt rangsorolt Szegedi Tudom\u00e1nyegyetem 13 k\u00e9pz\u00e9si ter\u00fcleten k\u00edn\u00e1l tov\u00e1bbtanul\u00e1si lehet\u0151s\u00e9get. Az egyetem tizenk\u00e9t kar\u00e1n \u00e9s Tan\u00e1rk\u00e9pz\u0151 K\u00f6zpontj\u00e1ban az \u00e9lethosszig tart\u00f3 tanul\u00e1s jegy\u00e9ben sok sz\u00e1z alap-, mester-, egys\u00e9ges, osztatlan \u00e9s doktori k\u00e9pz\u00e9ssel, fels\u0151oktat\u00e1si szakk\u00e9pz\u00e9ssel, szakir\u00e1ny\u00fa tov\u00e1bbk\u00e9pz\u00e9si \u00e9s feln\u0151ttk\u00e9pz\u00e9si programmal v\u00e1rja a tanulni v\u00e1gy\u00f3kat &hellip;<\/p>\n","protected":false},"author":102384,"featured_media":0,"parent":6,"menu_order":2,"comment_status":"closed","ping_status":"closed","template":"","meta":{"_acf_changed":false,"footnotes":""},"categories":[],"tags":[],"class_list":["post-62","page","type-page","status-publish","hentry"],"acf":[],"_links":{"self":[{"href":"https:\/\/semmelweis.hu\/nkl\/wp-json\/wp\/v2\/pages\/62","targetHints":{"allow":["GET"]}}],"collection":[{"href":"https:\/\/semmelweis.hu\/nkl\/wp-json\/wp\/v2\/pages"}],"about":[{"href":"https:\/\/semmelweis.hu\/nkl\/wp-json\/wp\/v2\/types\/page"}],"author":[{"embeddable":true,"href":"https:\/\/semmelweis.hu\/nkl\/wp-json\/wp\/v2\/users\/102384"}],"replies":[{"embeddable":true,"href":"https:\/\/semmelweis.hu\/nkl\/wp-json\/wp\/v2\/comments?post=62"}],"version-history":[{"count":10,"href":"https:\/\/semmelweis.hu\/nkl\/wp-json\/wp\/v2\/pages\/62\/revisions"}],"predecessor-version":[{"id":212,"href":"https:\/\/semmelweis.hu\/nkl\/wp-json\/wp\/v2\/pages\/62\/revisions\/212"}],"up":[{"embeddable":true,"href":"https:\/\/semmelweis.hu\/nkl\/wp-json\/wp\/v2\/pages\/6"}],"wp:attachment":[{"href":"https:\/\/semmelweis.hu\/nkl\/wp-json\/wp\/v2\/media?parent=62"}],"wp:term":[{"taxonomy":"category","embeddable":true,"href":"https:\/\/semmelweis.hu\/nkl\/wp-json\/wp\/v2\/categories?post=62"},{"taxonomy":"post_tag","embeddable":true,"href":"https:\/\/semmelweis.hu\/nkl\/wp-json\/wp\/v2\/tags?post=62"}],"curies":[{"name":"wp","href":"https:\/\/api.w.org\/{rel}","templated":true}]}}