{"id":6,"date":"2024-05-16T14:17:24","date_gmt":"2024-05-16T12:17:24","guid":{"rendered":"https:\/\/semmelweis.hu\/nkl\/?page_id=6"},"modified":"2024-12-05T14:17:32","modified_gmt":"2024-12-05T13:17:32","slug":"rolunk","status":"publish","type":"page","link":"https:\/\/semmelweis.hu\/nkl\/rolunk\/","title":{"rendered":"R\u00f3lunk"},"content":{"rendered":"<p><span style=\"font-size: 14pt\">Epidemiol\u00f3giai adatok szerint <span style=\"font-weight: normal !msorm\"><strong>a kardiovaszkul\u00e1ris betegs\u00e9gek a leggyakoribb hal\u00e1lokok k\u00f6z\u00e9 tartoznak<\/strong><\/span>, melyek legfontosabb t\u00e1rsbetegs\u00e9gei \u00e9s rizik\u00f3 faktorai az \u00f6reged\u00e9ssel szoros \u00f6sszef\u00fcgg\u00e9st mutatnak.<\/span><\/p>\n<p><span style=\"font-size: 14pt\">Magyarorsz\u00e1g t\u00e1rsadalma rohamosan \u00f6regszik, ami az eg\u00e9szs\u00e9g\u00fcgyi ell\u00e1t\u00f3rendszert s\u00falyosan terhel\u0151 kardiovaszkul\u00e1ris betegs\u00e9gek incidenci\u00e1j\u00e1t \u00e9s prevalenci\u00e1j\u00e1t jelent\u0151sen n\u00f6veli, s h\u00e1tr\u00e1ltatja a magyar gazdas\u00e1g dinamikus fejl\u0151d\u00e9s\u00e9t is. Jelenleg az orsz\u00e1g id\u0151s\u00f6d\u0151 (60-75 \u00e9ves) \u00e9s id\u0151skor\u00fa (75-90 \u00e9ves) lakosai az eg\u00e9szs\u00e9gtelen \u00e9letm\u00f3d hat\u00e1s\u00e1ra felgyorsult biol\u00f3giai \u00f6reged\u00e9s\u00fck miatt fokozottan s\u00fajtottak a kardiovaszkul\u00e1ris betegs\u00e9gek \u00e1ltal.<\/span><\/p>\n<p><span style=\"font-size: 14pt\">Annak kock\u00e1zata a magyar lakoss\u00e1g eset\u00e9ben, hogy sz\u00edv-\u00e9rrendszeri betegs\u00e9g miatt m\u00e9g 70. \u00e9let\u00e9v\u00fck bet\u00f6lt\u00e9se el\u0151tt elhal\u00e1loznak k\u00f6zel k\u00e9t \u00e9s f\u00e9lszerese az EU lakoss\u00e1ga hal\u00e1loz\u00e1si kock\u00e1zat\u00e1nak.<\/span><\/p>\n<p><strong><span style=\"font-size: 14pt\">A Semmelweis Egyetem vezet\u00e9s\u00e9vel megalakult a Nemzeti Kardiovaszkul\u00e1ris Laborat\u00f3rium, amelynek c\u00e9lja, hogy az \u00f6reged\u00e9ssel \u00f6sszef\u00fcgg\u0151 kardiovaszkul\u00e1ris betegs\u00e9gek h\u00e1tter\u00e9ben \u00e1ll\u00f3 k\u00f3r\u00e9lettani mechanizmusokat kutatva, annak eredm\u00e9nyeire \u00e9p\u00edtve \u00faj, innovat\u00edv prevenci\u00f3s, diagnosztikai \u00e9s ter\u00e1pi\u00e1s elj\u00e1r\u00e1sokat fejlesszen.<\/span><\/strong><\/p>\n<p><strong><span style=\"font-size: 14pt\">Projekt c\u00edme: Nemzeti Kardiovaszkul\u00e1ris Laborat\u00f3rium (NKL Projekt)<\/span><\/strong><\/p>\n<p><span style=\"font-size: 14pt\">A projekt azonos\u00edt\u00f3sz\u00e1ma: RRF-2.3.1-21-2022-00003<\/span><\/p>\n<p><span style=\"font-size: 14pt\">Projekt c\u00e9lja r\u00f6viden: \u00daj prevenci\u00f3s, diagnosztikai, ter\u00e1pi\u00e1s elj\u00e1r\u00e1sok fejleszt\u00e9se<\/span><\/p>\n<p><span style=\"font-size: 14pt\">A 2016-2020 k\u00f6z\u00f6tt lezajlott igen sikeres Nemzeti Sz\u00edvprogram eredm\u00e9nyeit tov\u00e1bbfejlesztve a Nemzeti Kardiovaszkul\u00e1ris Laborat\u00f3rium az \u00f6reged\u00e9ssel \u00f6sszef\u00fcgg\u0151 kardiovaszkul\u00e1ris betegs\u00e9gek kialakul\u00e1s\u00e1ban szerepet j\u00e1tsz\u00f3 k\u00f3r\u00e9lettani mechanizmusok <span style=\"font-weight: normal !msorm\"><strong>forradalmian \u00faj szeml\u00e9let\u0171 kutat\u00e1s\u00e1ra v\u00e1llalkozik,<\/strong><\/span> azzal az ig\u00e9nnyel, hogy a kutat\u00e1sok eredm\u00e9nyeire \u00e9p\u00edtve <span style=\"font-weight: normal !msorm\"><strong>\u00faj, innovat\u00edv prevenci\u00f3s, diagnosztikai \u00e9s t<\/strong><\/span><strong>er\u00e1pi\u00e1s elj\u00e1r\u00e1sok kifejleszt\u00e9s\u00e9t<span style=\"font-weight: normal !msorm\"> \u00e9s bevezet\u00e9s\u00e9t dolgozza ki<\/span>.<\/strong><\/span><\/p>\n<p><span style=\"font-size: 14pt\">A Nemzeti Kardiovaszkul\u00e1ris Laborat\u00f3rium kutat\u00e1si strat\u00e9gi\u00e1ja t\u00f6bb szempontb\u00f3l is egyed\u00fcl\u00e1ll\u00f3. A Konzorcium a Semmelweis Egyetem vezet\u00e9s\u00e9vel, szoros egy\u00fcttm\u0171k\u00f6d\u00e9sben a Szegedi Tudom\u00e1nyegyetem k\u00e9t kutat\u00f3m\u0171hely\u00e9vel, valamint a kutat\u00e1si eredm\u00e9nyeket piaci term\u00e9kekben megjelen\u00edt\u0151 3 magyar kis- \u00e9s k\u00f6z\u00e9pv\u00e1llalkoz\u00e1ssal val\u00f3s\u00edtja meg a projektet.<\/span><\/p>\n<p><strong><span style=\"text-decoration: underline;font-size: 14pt\"><span style=\"font-weight: normal !msorm\">Konzorcium vezet\u0151je: <\/span><\/span><\/strong><\/p>\n<p><span style=\"font-size: 14pt\">Semmelweis Egyetem<\/span><\/p>\n<p><strong><span style=\"text-decoration: underline;font-size: 14pt\">Konzorciumi tagok:<\/span><\/strong><\/p>\n<ul>\n<li><span style=\"font-size: 14pt\">Szegedi Tudom\u00e1nyegyetem<\/span><\/li>\n<li><span style=\"font-size: 14pt\">3DHISTECH Fejleszt\u0151 Korl\u00e1tolt Felel\u0151ss\u00e9g\u0171 T\u00e1rsas\u00e1g<\/span><\/li>\n<li><span style=\"font-size: 14pt\">InterSynk Solutions Korl\u00e1tolt Felel\u0151ss\u00e9g\u0171 T\u00e1rsas\u00e1g<\/span><\/li>\n<li><span style=\"font-size: 14pt\">PHARMAHUNGARY 2000 K\u00eds\u00e9rletes \u00e9s Klinikai Kutat\u00e1sfejleszt\u00e9si Korl\u00e1tolt Felel\u0151ss\u00e9g\u0171 T\u00e1rsas\u00e1g<\/span><\/li>\n<\/ul>\n<p><span style=\"font-size: 14pt\">A projektmegval\u00f3s\u00edt\u00e1s id\u0151szaka: 2022.03.01 &#8211; 2026.02.28<\/span><\/p>\n<p><span style=\"font-size: 14pt\">Projekt \u00f6sszk\u00f6lts\u00e9ge: 5 670 176 720,-Ft<\/span><\/p>\n<p><span style=\"font-size: 14pt\">T\u00e1mogat\u00e1s m\u00e9rt\u00e9ke: 96,12 %<\/span><\/p>\n<p><span style=\"text-decoration: underline\"><strong><span style=\"font-size: 14pt\">Megval\u00f3s\u00edt\u00e1s helysz\u00ednei:<\/span><\/strong><\/span><\/p>\n<ul>\n<li><span style=\"font-size: 14pt\">Budapest<\/span><\/li>\n<li><span style=\"font-size: 14pt\">Herceghalom<\/span><\/li>\n<li><span style=\"font-size: 14pt\">Szeged<\/span><\/li>\n<\/ul>\n<p><img loading=\"lazy\" decoding=\"async\" class=\" wp-image-95 alignnone\" style=\"background-color: transparent;color: #1e2326;font-family: 'PT serif', serif\" src=\"https:\/\/semmelweis.hu\/nkl\/files\/2024\/07\/Nemzeti_Laboratorium__logo_inverse-400x133.jpg\" alt=\"\" width=\"298\" height=\"99\" srcset=\"https:\/\/semmelweis.hu\/nkl\/files\/2024\/07\/Nemzeti_Laboratorium__logo_inverse-400x133.jpg 400w, https:\/\/semmelweis.hu\/nkl\/files\/2024\/07\/Nemzeti_Laboratorium__logo_inverse-768x256.jpg 768w, https:\/\/semmelweis.hu\/nkl\/files\/2024\/07\/Nemzeti_Laboratorium__logo_inverse-753x251.jpg 753w, https:\/\/semmelweis.hu\/nkl\/files\/2024\/07\/Nemzeti_Laboratorium__logo_inverse.jpg 887w\" sizes=\"auto, (max-width: 298px) 100vw, 298px\" \/><\/p>\n","protected":false},"excerpt":{"rendered":"<p>A Semmelweis Egyetem vezet\u00e9s\u00e9vel megalakult a Nemzeti Kardiovaszkul\u00e1ris Laborat\u00f3rium, amelynek c\u00e9lja, hogy az \u00f6reged\u00e9ssel \u00f6sszef\u00fcgg\u0151 kardiovaszkul\u00e1ris betegs\u00e9gek h\u00e1tter\u00e9ben \u00e1ll\u00f3 k\u00f3r\u00e9lettani mechanizmusokat kutatva, annak eredm\u00e9nyeire \u00e9p\u00edtve \u00faj, innovat\u00edv prevenci\u00f3s, diagnosztikai \u00e9s ter\u00e1pi\u00e1s elj\u00e1r\u00e1sokat fejlesszen.<\/p>\n","protected":false},"author":12,"featured_media":90,"parent":0,"menu_order":1,"comment_status":"closed","ping_status":"closed","template":"template-fullwidth.php","meta":{"_acf_changed":false,"footnotes":""},"categories":[],"tags":[11,8,14,9,12,10,15,13],"class_list":["post-6","page","type-page","status-publish","has-post-thumbnail","hentry","tag-kardiovaszkularis","tag-klinika","tag-kutatas","tag-laboratorium","tag-letrehozas","tag-nemzeti","tag-szivklinika","tag-varosmajor"],"acf":[],"_links":{"self":[{"href":"https:\/\/semmelweis.hu\/nkl\/wp-json\/wp\/v2\/pages\/6","targetHints":{"allow":["GET"]}}],"collection":[{"href":"https:\/\/semmelweis.hu\/nkl\/wp-json\/wp\/v2\/pages"}],"about":[{"href":"https:\/\/semmelweis.hu\/nkl\/wp-json\/wp\/v2\/types\/page"}],"author":[{"embeddable":true,"href":"https:\/\/semmelweis.hu\/nkl\/wp-json\/wp\/v2\/users\/12"}],"replies":[{"embeddable":true,"href":"https:\/\/semmelweis.hu\/nkl\/wp-json\/wp\/v2\/comments?post=6"}],"version-history":[{"count":11,"href":"https:\/\/semmelweis.hu\/nkl\/wp-json\/wp\/v2\/pages\/6\/revisions"}],"predecessor-version":[{"id":309,"href":"https:\/\/semmelweis.hu\/nkl\/wp-json\/wp\/v2\/pages\/6\/revisions\/309"}],"wp:featuredmedia":[{"embeddable":true,"href":"https:\/\/semmelweis.hu\/nkl\/wp-json\/wp\/v2\/media\/90"}],"wp:attachment":[{"href":"https:\/\/semmelweis.hu\/nkl\/wp-json\/wp\/v2\/media?parent=6"}],"wp:term":[{"taxonomy":"category","embeddable":true,"href":"https:\/\/semmelweis.hu\/nkl\/wp-json\/wp\/v2\/categories?post=6"},{"taxonomy":"post_tag","embeddable":true,"href":"https:\/\/semmelweis.hu\/nkl\/wp-json\/wp\/v2\/tags?post=6"}],"curies":[{"name":"wp","href":"https:\/\/api.w.org\/{rel}","templated":true}]}}