{"id":231,"date":"2024-12-05T13:45:37","date_gmt":"2024-12-05T12:45:37","guid":{"rendered":"https:\/\/semmelweis.hu\/nkl\/?page_id=231"},"modified":"2024-12-05T15:34:45","modified_gmt":"2024-12-05T14:34:45","slug":"varhato-eredmenyek-es-hatasok","status":"publish","type":"page","link":"https:\/\/semmelweis.hu\/nkl\/varhato-eredmenyek-es-hatasok\/","title":{"rendered":"V\u00e1rhat\u00f3 eredm\u00e9nyek \u00e9s hat\u00e1sok"},"content":{"rendered":"<p>A Nemzeti Kardiovaszkul\u00e1ris Laborat\u00f3rium kutat\u00e1si eredm\u00e9nyei d\u00f6nt\u0151 m\u00e9rt\u00e9kben hozz\u00e1 fognak j\u00e1rulni az <strong>evidenci\u00e1kon alapul\u00f3 kardiovaszkul\u00e1ris eg\u00e9szs\u00e9gfejleszt\u00e9si \u00e9s betegs\u00e9gmegel\u0151z\u00e9si programok kidolgoz\u00e1s\u00e1hoz<\/strong>, seg\u00edtve azon c\u00e9l el\u00e9r\u00e9s\u00e9t, hogy az orsz\u00e1g lakoss\u00e1ga hosszabb \u00e9s id\u0151s korban is eg\u00e9szs\u00e9ges \u00e9letet \u00e9lhessen.<\/p>\n<p>A program <strong>interdiszciplin\u00e1ris<\/strong> (t\u00f6bb tudom\u00e1ny\u00e1gat \u00e1tfog\u00f3) <strong>\u00e9s transzl\u00e1ci\u00f3s <\/strong>(a kutat\u00e1si eredm\u00e9nyek mihamarabbi, betegell\u00e1t\u00e1sba t\u00f6rt\u00e9n\u0151 visszajuttat\u00e1s\u00e1t biztos\u00edt\u00f3) <strong>jellege<\/strong> garant\u00e1lja, hogy sikeresen val\u00f3s\u00edtja meg bizony\u00edt\u00e9kokon alapul\u00f3, a sz\u00edv \u00e9s \u00e9rrendszeri betegs\u00e9gek el\u0151fordul\u00e1si \u00e9s hal\u00e1loz\u00e1si gyakoris\u00e1g\u00e1nak cs\u00f6kkent\u00e9s\u00e9re alkalmas innovat\u00edv betegs\u00e9gmegel\u0151z\u00e9si, sz\u0171r\u00e9si, diagnosztikai \u00e9s ter\u00e1pi\u00e1s elj\u00e1r\u00e1sok kidolgoz\u00e1s\u00e1t \u00e9s azok orvosi \u00e9s n\u00e9peg\u00e9szs\u00e9g\u00fcgyi gyakorlatba val\u00f3 \u00e1t\u00fcltet\u00e9s\u00e9nek t\u00e1mogat\u00e1s\u00e1t.<\/p>\n<p>A program eredm\u00e9nyei hozz\u00e1j\u00e1rulnak innovat\u00edv magas gazdas\u00e1gi hozz\u00e1adott \u00e9rt\u00e9k\u0171 term\u00e9kek \u00e9s szolg\u00e1ltat\u00e1sok nemzetk\u00f6zi piacra t\u00f6r\u00e9s\u00e9hez, ez\u00e1ltal seg\u00edtve a hazai gy\u00f3gyszer biotechnol\u00f3giai ipar\u00e1g fejl\u0151d\u00e9s\u00e9t.<\/p>\n<p>&nbsp;<\/p>\n<p><strong>A k\u00f6vetkez\u0151 kutat\u00e1si infrastrukt\u00fara (core facilit\u00e1sok) fejleszt\u00e9seket tervezz\u00fck megval\u00f3s\u00edtani: <\/strong><\/p>\n<p>Sejtkult\u00fara Laborat\u00f3rium, Hisztol\u00f3giai Laborat\u00f3rium, V\u00e1rosmajori Sz\u00edvtranszplant\u00e1ci\u00f3s Biobank, Kis\u00e1llatk\u00eds\u00e9rletes szolg\u00e1ltat\u00f3 laborat\u00f3rium, Nagy\u00e1llatk\u00eds\u00e9rletes szolg\u00e1ltat\u00f3 laborat\u00f3rium, Semmelweis Egyetem Mesters\u00e9ges Intelligencia Core Laborat\u00f3rium, Extracellul\u00e1ris Vezikula Laborat\u00f3rium, V\u00edrus Vektor Laborat\u00f3rium, Transzgenikus eg\u00e9r laborat\u00f3rium, \u00c1raml\u00e1si citometri\u00e1s \u00e9s fluoreszcencia aktiv\u00e1lt sejtszortol\u00f3 laborat\u00f3rium, Epidemiol\u00f3giai Elemz\u00e9si K\u00f6zpont, Transzl\u00e1ci\u00f3s Biogerontol\u00f3giai Laborat\u00f3rium, Bioinformatikai core laborat\u00f3rium, G\u00e9n-, sejt- \u00e9s sz\u00f6vetter\u00e1pi\u00e1s core facilit\u00e1s, NGS biol\u00f3giai kor laborat\u00f3rium.<\/p>\n<p><strong>A v\u00e1rosmajori kutat\u00e1si infrastrukt\u00fara: <\/strong><\/p>\n<p>A projekt el\u0151zm\u00e9nyek\u00e9nt \u2013 a Nemzeti Sz\u00edvprogram keret\u00e9ben &#8211; a V\u00e1rosmajori Sz\u00edv- \u00e9s \u00c9rgy\u00f3gy\u00e1szati Klinik\u00e1n egy jelent\u0151s beruh\u00e1z\u00e1ssal l\u00e9trehoztuk a Kardiovaszkul\u00e1ris nagy\u00e1llatk\u00eds\u00e9rletes szolg\u00e1ltat\u00f3 core laborat\u00f3riumot, mely K\u00f6z\u00e9p-Eur\u00f3p\u00e1ban egyed\u00fcl\u00e1ll\u00f3 l\u00e9tes\u00edtm\u00e9ny. Ezen l\u00e9tes\u00edtm\u00e9nyben azonban a kr\u00f3nikus vizsg\u00e1latok, hosszabb idej\u0171 ut\u00e1nk\u00f6vet\u00e9s eset\u00e9ben sz\u00fcks\u00e9ges hossz\u00fat\u00e1v\u00fa k\u00eds\u00e9rleti \u00e1llattart\u00e1s nem megoldott. Ennek megfelel\u0151en a Semmelweis Egyetem herceghalmi \u201eGeorge Berci\u201d Seb\u00e9szeti Oktat\u00f3 \u00e9s Kutat\u00f3 Laborat\u00f3riuma \u00e9p\u00fclet\u00e9ben k\u00edv\u00e1nunk l\u00e9trehozni egy modern infrastrukt\u00far\u00e1val felszerelt l\u00e9tes\u00edtm\u00e9nyt, mely rendk\u00edv\u00fcl fontos l\u00e1ncszem\u00e9t jelenti majd a transzl\u00e1ci\u00f3s szellem\u0171 kardiovaszkularis kutat\u00e1soknak.<\/p>\n<p><strong>V\u00e1rosmajori kis\u00e1llatk\u00eds\u00e9rletes szolg\u00e1ltat\u00f3 laborat\u00f3rium:<\/strong><\/p>\n<p><a href=\"https:\/\/semmelweis.hu\/nkl\/files\/2024\/12\/uj_1.jpg\"><img loading=\"lazy\" decoding=\"async\" class=\"aligncenter\" src=\"https:\/\/semmelweis.hu\/nkl\/files\/2024\/12\/uj_1.jpg\" alt=\"V\u00e1rosmajori kis\u00e1llatk\u00eds\u00e9rletes szolg\u00e1ltat\u00f3 laborat\u00f3rium_1\" width=\"480\" height=\"313\" \/><\/a><\/p>\n<p><a href=\"https:\/\/semmelweis.hu\/nkl\/files\/2024\/12\/2.jpg\"><img loading=\"lazy\" decoding=\"async\" class=\"aligncenter\" src=\"https:\/\/semmelweis.hu\/nkl\/files\/2024\/12\/2.jpg\" alt=\"V\u00e1rosmajori kis\u00e1llatk\u00eds\u00e9rletes szolg\u00e1ltat\u00f3 laborat\u00f3rium_2\" width=\"481\" height=\"320\" \/><\/a><a href=\"https:\/\/semmelweis.hu\/nkl\/files\/2024\/12\/3.jpg\"><img loading=\"lazy\" decoding=\"async\" class=\"aligncenter\" src=\"https:\/\/semmelweis.hu\/nkl\/files\/2024\/12\/3.jpg\" alt=\"V\u00e1rosmajori kis\u00e1llatk\u00eds\u00e9rletes szolg\u00e1ltat\u00f3 laborat\u00f3rium_3\" width=\"482\" height=\"321\" \/><\/a><\/p>\n<p><a href=\"https:\/\/semmelweis.hu\/nkl\/files\/2024\/12\/4.jpg\"><img loading=\"lazy\" decoding=\"async\" class=\"aligncenter\" src=\"https:\/\/semmelweis.hu\/nkl\/files\/2024\/12\/4.jpg\" alt=\"V\u00e1rosmajori kis\u00e1llatk\u00eds\u00e9rletes szolg\u00e1ltat\u00f3 laborat\u00f3rium_4\" width=\"481\" height=\"320\" \/><\/a><\/p>\n<p><a href=\"https:\/\/semmelweis.hu\/nkl\/files\/2024\/12\/uj_5.jpg\"><img loading=\"lazy\" decoding=\"async\" class=\"aligncenter\" src=\"https:\/\/semmelweis.hu\/nkl\/files\/2024\/12\/uj_5.jpg\" alt=\"V\u00e1rosmajori kis\u00e1llatk\u00eds\u00e9rletes szolg\u00e1ltat\u00f3 laborat\u00f3rium_5\" width=\"481\" height=\"317\" \/><\/a><\/p>\n<p><strong>V\u00e1rosmajori nagy\u00e1llatk\u00eds\u00e9rletes szolg\u00e1ltat\u00f3 laborat\u00f3rium:<\/strong><\/p>\n<p><a href=\"https:\/\/semmelweis.hu\/nkl\/files\/2024\/12\/6.jpg\"><img loading=\"lazy\" decoding=\"async\" class=\"aligncenter\" src=\"https:\/\/semmelweis.hu\/nkl\/files\/2024\/12\/6.jpg\" alt=\"V\u00e1rosmajori nagy\u00e1llatk\u00eds\u00e9rletes szolg\u00e1ltat\u00f3 laborat\u00f3rium_1\" width=\"481\" height=\"320\" \/><\/a><\/p>\n<p><a href=\"https:\/\/semmelweis.hu\/nkl\/files\/2024\/12\/7.jpg\"><img loading=\"lazy\" decoding=\"async\" class=\"aligncenter\" src=\"https:\/\/semmelweis.hu\/nkl\/files\/2024\/12\/7.jpg\" alt=\"V\u00e1rosmajori nagy\u00e1llatk\u00eds\u00e9rletes szolg\u00e1ltat\u00f3 laborat\u00f3rium_2\" width=\"482\" height=\"321\" \/><\/a><\/p>\n<p><strong>A herceghalmi kutat\u00e1si infrastrukt\u00fara fejleszt\u00e9s (<\/strong>George Berci\u201d Seb\u00e9szeti Oktat\u00f3 \u00e9s Kutat\u00f3 Laborat\u00f3rium) <strong>l\u00e1tv\u00e1nyterve<\/strong><strong>:<\/strong><\/p>\n<p><a href=\"https:\/\/semmelweis.hu\/nkl\/files\/2024\/12\/Kep1.png\" target=\"_blank\" rel=\"noopener\"><img loading=\"lazy\" decoding=\"async\" class=\"aligncenter\" src=\"https:\/\/semmelweis.hu\/nkl\/files\/2024\/12\/Kep1.png\" alt=\"A herceghalmi kutat\u00e1si infrastrukt\u00fara fejleszt\u00e9s (George Berci\u201d Seb\u00e9szeti Oktat\u00f3 \u00e9s Kutat\u00f3 Laborat\u00f3rium) l\u00e1tv\u00e1nyterve\" width=\"585\" height=\"371\" \/><\/a><\/p>\n<p>A Semmelweis Egyetem ingatlan\u00e1n jelenleg egy r\u00e9gi gazdas\u00e1gi \u00e9p\u00fclet &#8211; 2011-ben fel\u00faj\u00edtott d\u00e9li \u00e9p\u00fcletr\u00e9sz\u00e9ben &#8211; a V\u00e1rosmajori Sz\u00edv- \u00e9s \u00c9rgy\u00f3gy\u00e1szati Klinika \u201eGeorge Berci\u201d Seb\u00e9szeti Oktat\u00f3 \u00e9s Kutat\u00f3 Laborat\u00f3riuma m\u0171k\u00f6dik.<\/p>\n<p>A tervezett beruh\u00e1z\u00e1s mag\u00e1ban foglalja a teljes tereprendez\u00e9st, \u00faj bej\u00e1rat kialak\u00edt\u00e1s\u00e1t, nagysz\u00e1m\u00fa parkol\u00f3hely kialak\u00edt\u00e1s\u00e1t, parkos\u00edt\u00e1st, az \u00e9p\u00fclet korszer\u0171s\u00edt\u00e9s\u00e9t (a tet\u0151h\u00e9jazat cser\u00e9j\u00e9t, energetikai korszer\u0171s\u00edt\u00e9st), \u00f6n\u00e1ll\u00f3 k\u00f6zm\u0171csatlakoz\u00e1sok kialak\u00edt\u00e1s\u00e1t, \u00e9s tet\u0151t\u00e9ri rakt\u00e1rak l\u00e9trehoz\u00e1s\u00e1t.<\/p>\n<p><a href=\"https:\/\/semmelweis.hu\/hirek\/2024\/11\/20\/az-oktatasi-es-a-kutatasi-kapacitast-is-jelentosen-noveli-az-egyetem-herceghalmi-fejlesztese\/\" target=\"_blank\" rel=\"noopener\">https:\/\/semmelweis.hu\/hirek\/2024\/11\/20\/az-oktatasi-es-a-kutatasi-kapacitast-is-jelentosen-noveli-az-egyetem-herceghalmi-fejlesztese\/<\/a><\/p>\n<p><strong>\u00a0<\/strong><\/p>\n<p><strong>V\u00e1rosmajori Sz\u00edvtranszplant\u00e1ci\u00f3s Biobank:<\/strong><\/p>\n<p>A V\u00e1rosmajori Sz\u00edv- \u00e9s \u00c9rgy\u00f3gy\u00e1szati Klinika <strong>Eur\u00f3pa 2. legnagyobb sz\u00edvtranszplant\u00e1ci\u00f3s centruma<\/strong>. A v\u00e9gst\u00e1dium\u00fa sz\u00edvel\u00e9gtelen, sz\u00edv\u00e1t\u00fcltet\u00e9sen \u00e1tes\u0151 betegek sz\u00edv\u00e9b\u0151l \u00a0&#8211; szigor\u00faan szab\u00e1lyozott protokoll szerint &#8211; sz\u00edvenk\u00e9nt mintegy 120 biol\u00f3giai minta (sz\u00edvizomsz\u00f6vet, sz\u00edvbillenty\u0171, koszor\u00fa\u00e9r-szegmens, v\u00e9rsz\u00e9rum, primer sejtizol\u00e1tumok stb.) ker\u00fcl konzerv\u00e1l\u00e1sra \u00e9s t\u00e1rol\u00e1sra a Biobank rendszer\u00e9ben.<\/p>\n<p>A 2013-ban indult Biobankban k\u00f6zel 550 sz\u00edvb\u0151l sz\u00e1rmaz\u00f3 mint\u00e1k tal\u00e1lhat\u00f3ak meg, <strong>mely nemzetk\u00f6zi szinten egyed\u00fcl\u00e1ll\u00f3, unik\u00e1lis lehet\u0151s\u00e9get jelent a sz\u00edvel\u00e9gtelens\u00e9g kutat\u00e1s\u00e1ban<\/strong>.<\/p>\n<p>A Biobank folyamatos m\u0171k\u00f6dtet\u00e9s\u00e9hez (0-24 \u00f3r\u00e1s \u00fcgyeleti rendszer, az \u00e9v 365 napj\u00e1n) \u00e9s tov\u00e1bbi b\u0151v\u00edt\u00e9s\u00e9hez (-80\u00b0C-os ultram\u00e9lyh\u0171t\u0151s, foly\u00e9kony nitrog\u00e9nes \u00e9s paraffinblokkos t\u00e1rol\u00f3kapacit\u00e1sok, adatb\u00e1zis informatikai fejleszt\u00e9sei) sz\u00fcks\u00e9ges fejleszt\u00e9seket jelen projekt keret\u00e9ben tervezz\u00fck megval\u00f3s\u00edtani.<\/p>\n<p><strong>Semmelweis Egyetem Mesters\u00e9ges Intelligencia Core Laborat\u00f3rium:<\/strong><\/p>\n<p>Az MI Core Laborat\u00f3riumot egy tud\u00e1sb\u00e1zisk\u00e9nt \u00e9s egyben szolg\u00e1ltat\u00f3 k\u00f6zpontk\u00e9nt k\u00e9pzelj\u00fck el, amely <strong>orsz\u00e1gos szinten lesz k\u00e9pes nagy klinikai adatb\u00e1zisok fejlett elemz\u00e9s\u00e9re, a klinikai k\u00e9rd\u00e9sek mesters\u00e9ges intelligenci\u00e1val val\u00f3 megold\u00e1s\u00e1ra<\/strong>, utat nyitva ak\u00e1r k\u00e9s\u0151bbi orvosi d\u00f6nt\u00e9st\u00e1mogat\u00f3 rendszerek fejleszt\u00e9s\u00e9nek \u00e9s piacos\u00edt\u00e1s\u00e1nak. A megalap\u00edt\u00e1s\u00e1hoz jelent\u0151s hardveres \u00e9s szoftveres eszk\u00f6zbeszerz\u00e9seket, \u00e9s hum\u00e1n er\u0151forr\u00e1s b\u0151v\u00edt\u00e9st is tervez\u00fcnk jelen projekt keret\u00e9ben, illetve egy\u00fcttm\u0171k\u00f6d\u00e9sben a 2020-ban megalakult MILAB &#8211; Mesters\u00e9ges Intelligencia Nemzeti Laborat\u00f3riummal (a MILAB projekt megval\u00f3s\u00edt\u00e1s\u00e1ban a Semmelweis Egyetemi konzorciumi partnerk\u00e9nt vesz r\u00e9szt).<\/p>\n","protected":false},"excerpt":{"rendered":"<p>A Nemzeti Kardiovaszkul\u00e1ris Laborat\u00f3rium kutat\u00e1si eredm\u00e9nyei d\u00f6nt\u0151 m\u00e9rt\u00e9kben hozz\u00e1 fognak j\u00e1rulni az evidenci\u00e1kon alapul\u00f3 kardiovaszkul\u00e1ris eg\u00e9szs\u00e9gfejleszt\u00e9si \u00e9s betegs\u00e9gmegel\u0151z\u00e9si programok kidolgoz\u00e1s\u00e1hoz, seg\u00edtve azon c\u00e9l el\u00e9r\u00e9s\u00e9t, hogy az orsz\u00e1g lakoss\u00e1ga hosszabb \u00e9s id\u0151s korban is eg\u00e9szs\u00e9ges \u00e9letet \u00e9lhessen. A program interdiszciplin\u00e1ris (t\u00f6bb tudom\u00e1ny\u00e1gat \u00e1tfog\u00f3) \u00e9s transzl\u00e1ci\u00f3s (a kutat\u00e1si eredm\u00e9nyek mihamarabbi, betegell\u00e1t\u00e1sba t\u00f6rt\u00e9n\u0151 visszajuttat\u00e1s\u00e1t biztos\u00edt\u00f3) jellege garant\u00e1lja, hogy &hellip;<\/p>\n","protected":false},"author":102410,"featured_media":0,"parent":0,"menu_order":3,"comment_status":"closed","ping_status":"closed","template":"","meta":{"_acf_changed":false,"footnotes":""},"categories":[],"tags":[],"class_list":["post-231","page","type-page","status-publish","hentry"],"acf":[],"_links":{"self":[{"href":"https:\/\/semmelweis.hu\/nkl\/wp-json\/wp\/v2\/pages\/231","targetHints":{"allow":["GET"]}}],"collection":[{"href":"https:\/\/semmelweis.hu\/nkl\/wp-json\/wp\/v2\/pages"}],"about":[{"href":"https:\/\/semmelweis.hu\/nkl\/wp-json\/wp\/v2\/types\/page"}],"author":[{"embeddable":true,"href":"https:\/\/semmelweis.hu\/nkl\/wp-json\/wp\/v2\/users\/102410"}],"replies":[{"embeddable":true,"href":"https:\/\/semmelweis.hu\/nkl\/wp-json\/wp\/v2\/comments?post=231"}],"version-history":[{"count":10,"href":"https:\/\/semmelweis.hu\/nkl\/wp-json\/wp\/v2\/pages\/231\/revisions"}],"predecessor-version":[{"id":321,"href":"https:\/\/semmelweis.hu\/nkl\/wp-json\/wp\/v2\/pages\/231\/revisions\/321"}],"wp:attachment":[{"href":"https:\/\/semmelweis.hu\/nkl\/wp-json\/wp\/v2\/media?parent=231"}],"wp:term":[{"taxonomy":"category","embeddable":true,"href":"https:\/\/semmelweis.hu\/nkl\/wp-json\/wp\/v2\/categories?post=231"},{"taxonomy":"post_tag","embeddable":true,"href":"https:\/\/semmelweis.hu\/nkl\/wp-json\/wp\/v2\/tags?post=231"}],"curies":[{"name":"wp","href":"https:\/\/api.w.org\/{rel}","templated":true}]}}