{"id":177,"date":"2024-09-10T15:53:05","date_gmt":"2024-09-10T13:53:05","guid":{"rendered":"https:\/\/semmelweis.hu\/nkl\/?page_id=177"},"modified":"2024-09-11T10:00:55","modified_gmt":"2024-09-11T08:00:55","slug":"elerhetosegek","status":"publish","type":"page","link":"https:\/\/semmelweis.hu\/nkl\/elerhetosegek\/","title":{"rendered":"El\u00e9rhet\u0151s\u00e9g"},"content":{"rendered":"<h5>Semmelweis Egyetem, P\u00e1ly\u00e1zati Menedzsment K\u00f6zpont<\/h5>\n<p><span style=\"font-size: 14pt\">C\u00edm: 1085 Budapest, Baross utca 22.<\/span><br \/>\n<span style=\"font-size: 14pt\">Levelez\u00e9si c\u00edm: 1085 Budapest, \u00dcll\u0151i \u00fat 26.; 1428 Budapest, Pf.2.<\/span><\/p>\n","protected":false},"excerpt":{"rendered":"<p>Semmelweis Egyetem, P\u00e1ly\u00e1zati Menedzsment K\u00f6zpont<br \/>\nC\u00edm: 1085 Budapest, Baross utca 22.<br \/>\nLevelez\u00e9si c\u00edm: 1085 Budapest, \u00dcll\u0151i \u00fat 26.; 1428 Budapest, Pf.2.<\/p>\n","protected":false},"author":102410,"featured_media":0,"parent":0,"menu_order":8,"comment_status":"closed","ping_status":"closed","template":"","meta":{"_acf_changed":false,"footnotes":""},"categories":[],"tags":[],"class_list":["post-177","page","type-page","status-publish","hentry"],"acf":[],"_links":{"self":[{"href":"https:\/\/semmelweis.hu\/nkl\/wp-json\/wp\/v2\/pages\/177","targetHints":{"allow":["GET"]}}],"collection":[{"href":"https:\/\/semmelweis.hu\/nkl\/wp-json\/wp\/v2\/pages"}],"about":[{"href":"https:\/\/semmelweis.hu\/nkl\/wp-json\/wp\/v2\/types\/page"}],"author":[{"embeddable":true,"href":"https:\/\/semmelweis.hu\/nkl\/wp-json\/wp\/v2\/users\/102410"}],"replies":[{"embeddable":true,"href":"https:\/\/semmelweis.hu\/nkl\/wp-json\/wp\/v2\/comments?post=177"}],"version-history":[{"count":3,"href":"https:\/\/semmelweis.hu\/nkl\/wp-json\/wp\/v2\/pages\/177\/revisions"}],"predecessor-version":[{"id":203,"href":"https:\/\/semmelweis.hu\/nkl\/wp-json\/wp\/v2\/pages\/177\/revisions\/203"}],"wp:attachment":[{"href":"https:\/\/semmelweis.hu\/nkl\/wp-json\/wp\/v2\/media?parent=177"}],"wp:term":[{"taxonomy":"category","embeddable":true,"href":"https:\/\/semmelweis.hu\/nkl\/wp-json\/wp\/v2\/categories?post=177"},{"taxonomy":"post_tag","embeddable":true,"href":"https:\/\/semmelweis.hu\/nkl\/wp-json\/wp\/v2\/tags?post=177"}],"curies":[{"name":"wp","href":"https:\/\/api.w.org\/{rel}","templated":true}]}}