{"id":791,"date":"2014-08-19T11:11:54","date_gmt":"2014-05-19T11:45:01","guid":{"rendered":"http:\/\/semmelweis.hu\/nki\/?page_id=791"},"modified":"2025-02-07T15:33:49","modified_gmt":"2025-02-07T14:33:49","slug":"externe-kurse-der-semmelweis-universitat","status":"publish","type":"page","link":"https:\/\/semmelweis.hu\/nki\/de\/externe-kurse-der-semmelweis-universitat\/","title":{"rendered":"Internationale Campus"},"content":{"rendered":"<div class=\"w-100 keretes\"><strong>Die Semmelweis Universit\u00e4t war als Vorreiterin neuer Initiativen unter den ersten in Europa, die externe Studieng\u00e4nge in anderen L\u00e4ndern eingef\u00fchrt hat. Diese Kurse erm\u00f6glichen die Erwerbung eines Semmelweis-Diploms im Ausland \u2013 auch f\u00fcr Studenten, die den Gro\u00dfteil ihres Studiums an der dortigen Partneruniversit\u00e4t absolvieren.<\/strong><\/div>\n<div class=\"responsive-tabs\">\n<h2 class=\"tabtitle\">Deutschland, Hamburg<br \/>\nFakult\u00e4t f\u00fcr Medizin<\/h2>\n<div class=\"tabcontent\">\n\n<div class=\"exp-col-content-holder\"><a class=\"expand-cnt-link\" href=\"#\">Asklepios Campus\u00a0<\/a><\/p>\n<div class=\"hidden-content\">\n<p style=\"text-align: justify\">Die beispielhafte Kooperation zwischen der Semmelweis-Universit\u00e4t und der <strong>Asklepios Medical School<\/strong> er\u00f6ffnet neue Horizonte in der europ\u00e4ischen Hochschulbildung. Dieses neue und einzigartige Bildungsmodell bietet den Semmelweis-Studierenden die M\u00f6glichkeit, ihre Studien in Hamburg fortzusetzen, nachdem sie zwei Jahre theoretische Ausbildung in Budapest erfolgreich abgeschlossen haben. Das Programm am Asklepios Campus folgt vollst\u00e4ndig dem <strong>Curriculum der Semmelweis-Universit\u00e4t<\/strong> und stellt den Studierenden am Ende ihres Studiums ein <strong>Diplom der Semmelweis-Universit\u00e4t<\/strong> aus.<\/p>\n<p><img loading=\"lazy\" decoding=\"async\" class=\"aligncenter wp-image-32019 size-full\" src=\"https:\/\/semmelweis.hu\/nki\/files\/2024\/05\/asklepios-campus-hamburg-startseite-01-.jpeg\" alt=\"\" width=\"1232\" height=\"693\" srcset=\"https:\/\/semmelweis.hu\/nki\/files\/2024\/05\/asklepios-campus-hamburg-startseite-01-.jpeg 1232w, https:\/\/semmelweis.hu\/nki\/files\/2024\/05\/asklepios-campus-hamburg-startseite-01--400x225.jpeg 400w, https:\/\/semmelweis.hu\/nki\/files\/2024\/05\/asklepios-campus-hamburg-startseite-01--1024x576.jpeg 1024w, https:\/\/semmelweis.hu\/nki\/files\/2024\/05\/asklepios-campus-hamburg-startseite-01--768x432.jpeg 768w, https:\/\/semmelweis.hu\/nki\/files\/2024\/05\/asklepios-campus-hamburg-startseite-01--753x424.jpeg 753w\" sizes=\"auto, (max-width: 1232px) 100vw, 1232px\" \/><\/p>\n<div class=\"keretes\">\n<p><strong>Beginn der Kooperation:<\/strong> 2008<br \/>\n<strong>Sprache:<\/strong> Deutsch<br \/>\n<strong>Mitarbeiter:<\/strong> Deutsche, Ungarische<br \/>\n<strong>Diplom:<\/strong> M.D.<\/p>\n<\/div>\n<p class=\"hiddenContentp\" style=\"text-align: justify\">Die Fakult\u00e4t f\u00fcr Medizin Asklepios Campus Hamburg ist eine <strong>binationale Fakult\u00e4t<\/strong>, die unter der Aufsicht der Medizinischen Fakult\u00e4t der Universit\u00e4t betrieben wird. Dieses Modell wurde auf Grundlage des Amsterdamer Vertrags etabliert, der ein einzigartiges und erfolgreiches Beispiel f\u00fcr grenz\u00fcberschreitende Bildung in Europa geschaffen hat.<\/p>\n<p style=\"text-align: left\"><a class=\"btn btn-secondary\" href=\"https:\/\/semmelweis.hu\/deutsch\/studiengange\/humanmedizin\/\" target=\"_blank\" rel=\"noopener noreferrer\">WEITERE INFORMATIONEN&#8230;<\/a><\/p>\n<\/div>\n<\/div>\n\n<\/div><h2 class=\"tabtitle\">Deutschland, Kaiserslautern<br \/>\nFakult\u00e4t f\u00fcr Medizin<\/h2>\n<div class=\"tabcontent\">\n\n<div class=\"exp-col-content-holder\"><a class=\"expand-cnt-link\" href=\"#\">Westpfalz-Klinikum <\/a><\/p>\n<div class=\"hidden-content\">\n<p>Ab dem akademischen Jahr 2025\/2026 starten die Semmelweis Universit\u00e4t und das deutsche <strong>Westpfalz-Klinikum<\/strong> ein gemeinsames medizinisches Studienprogramm, die in Budapest und Kaiserslautern durchgef\u00fchrt wird. Das Programm besteht aus <strong>zwei Phasen<\/strong>: die ersten drei Jahre umfassen <strong>das theoretische Studium an der Semmelweis Universit\u00e4t<\/strong> in Budapest, w\u00e4hrend die zweiten drei Jahre <strong>die klinische Ausbildung im Westpfalz-Klinikum<\/strong> in der Region Rheinland-Pfalz beinhalten.<\/p>\n<p><img loading=\"lazy\" decoding=\"async\" class=\"aligncenter wp-image-33121 size-full\" src=\"https:\/\/semmelweis.hu\/nki\/files\/2024\/10\/csm_banner-slider-standort_l_KL_1_7421813ad01200x800.jpg\" alt=\"\" width=\"1200\" height=\"800\" srcset=\"https:\/\/semmelweis.hu\/nki\/files\/2024\/10\/csm_banner-slider-standort_l_KL_1_7421813ad01200x800.jpg 1200w, https:\/\/semmelweis.hu\/nki\/files\/2024\/10\/csm_banner-slider-standort_l_KL_1_7421813ad01200x800-400x267.jpg 400w, https:\/\/semmelweis.hu\/nki\/files\/2024\/10\/csm_banner-slider-standort_l_KL_1_7421813ad01200x800-1024x683.jpg 1024w, https:\/\/semmelweis.hu\/nki\/files\/2024\/10\/csm_banner-slider-standort_l_KL_1_7421813ad01200x800-768x512.jpg 768w, https:\/\/semmelweis.hu\/nki\/files\/2024\/10\/csm_banner-slider-standort_l_KL_1_7421813ad01200x800-753x502.jpg 753w, https:\/\/semmelweis.hu\/nki\/files\/2024\/10\/csm_banner-slider-standort_l_KL_1_7421813ad01200x800-203x135.jpg 203w\" sizes=\"auto, (max-width: 1200px) 100vw, 1200px\" \/><\/p>\n<div class=\"keretes\">\n<p><strong>Beginn der Kooperation:<\/strong> 2025<br \/>\n<strong>Sprache:<\/strong> Deutsch<br \/>\n<strong>Mitarbeiter:<\/strong> Ungarische, Deutsche<br \/>\n<strong>Diplom:<\/strong> M.D.<\/p>\n<\/div>\n<p>Das Programm ist einzigartig, da der <strong>Lehrplan auf Deutsch<\/strong> unterrichtet wird, aber auf dem <strong>ungarischen Lehrplan<\/strong> basiert. Die Absolventen erhalten <strong>ein Diplom der Semmelweis Universit\u00e4t<\/strong>, das international anerkannt wird. Dar\u00fcber hinaus haben die Studierenden die M\u00f6glichkeit, an gemeinsamen <strong>Forschungsprojekten<\/strong> der beiden Institutionen teilzunehmen, wodurch die wissenschaftliche und forschungsbezogene Zusammenarbeit zwischen der Semmelweis Universit\u00e4t und dem Westpfalz-Klinikum weiter gest\u00e4rkt wird.<\/p>\n<p><a class=\"btn btn-secondary\" href=\"https:\/\/semmelweis.hu\/deutsch\/studiengange\/humanmedizin\/\" target=\"_blank\" rel=\"noopener noreferrer\">WEITERE INFORMATIONEN&#8230;<\/a><\/p>\n<\/div>\n<\/div>\n\n<\/div><h2 class=\"tabtitle\">Schweiz, Lugano<br \/>\nFakult\u00e4t f\u00fcr Gesundheitswissenschaften<\/h2>\n<div class=\"tabcontent\">\n\n<div class=\"exp-col-content-holder\"><a class=\"expand-cnt-link\" href=\"#\">Lugano International Campus<\/a><\/p>\n<div class=\"hidden-content\">\n<p style=\"text-align: justify\">Die Zusammenarbeit der Semmelweis-Universit\u00e4t mit der ehemaligen<strong> Lugano Libera Universit\u00e0 degli Studi<\/strong> (L.U.de.S.) entstand auf Initiative der Fakult\u00e4t f\u00fcr Gesundheitswissenschaften. Das Physiotherapie-Bachelorprogramm der L.U.de.S. ist <strong>v\u00f6llig identisch<\/strong> mit dem an der Fakult\u00e4t f\u00fcr Gesundheitswissenschaften angebotenen.<\/p>\n<p><img loading=\"lazy\" decoding=\"async\" class=\"aligncenter wp-image-32100 size-full\" src=\"https:\/\/semmelweis.hu\/nki\/files\/2024\/05\/358548670_673803518109226_2553052672309583968_n.jpeg\" alt=\"\" width=\"2048\" height=\"1366\" srcset=\"https:\/\/semmelweis.hu\/nki\/files\/2024\/05\/358548670_673803518109226_2553052672309583968_n.jpeg 2048w, https:\/\/semmelweis.hu\/nki\/files\/2024\/05\/358548670_673803518109226_2553052672309583968_n-400x267.jpeg 400w, https:\/\/semmelweis.hu\/nki\/files\/2024\/05\/358548670_673803518109226_2553052672309583968_n-1024x683.jpeg 1024w, https:\/\/semmelweis.hu\/nki\/files\/2024\/05\/358548670_673803518109226_2553052672309583968_n-768x512.jpeg 768w, https:\/\/semmelweis.hu\/nki\/files\/2024\/05\/358548670_673803518109226_2553052672309583968_n-1536x1025.jpeg 1536w, https:\/\/semmelweis.hu\/nki\/files\/2024\/05\/358548670_673803518109226_2553052672309583968_n-753x502.jpeg 753w, https:\/\/semmelweis.hu\/nki\/files\/2024\/05\/358548670_673803518109226_2553052672309583968_n-203x135.jpeg 203w\" sizes=\"auto, (max-width: 2048px) 100vw, 2048px\" \/><\/p>\n<div class=\"keretes\">\n<p style=\"text-align: left\"><strong>Beginn der Kooperation:<\/strong> 2009<br \/>\n<strong>Sprache<\/strong>: Italienisch<br \/>\n<strong>Mitarbeiter<\/strong>: Schweizer<br \/>\n<strong>Diplom:<\/strong>\u00a0BSc<\/p>\n<\/div>\n<p style=\"text-align: justify\">Die Zusammenarbeit der Semmelweis-Universit\u00e4t mit der ehemaligen Lugano Libera Universit\u00e0 degli Studi (L.U.de.S.) entstand auf Initiative der Fakult\u00e4t f\u00fcr Gesundheitswissenschaften. Das Physiotherapie-Bachelorprogramm der L.U.de.S. ist v\u00f6llig identisch mit dem an der Fakult\u00e4t f\u00fcr Gesundheitswissenschaften angebotenen. Das Programm besteht aus 4 Jahren und basiert auf sowohl <strong>theoretischen als auch praxisorientierten Kursen.<\/strong> Die Unterrichtssprache ist Italienisch. Das Programm bietet ein Diplom, das in der gesamten Europ\u00e4ischen Union anerkannt und g\u00fcltig ist. Das Ungarische Akkreditierungskomitee genehmigte die Initiative 2009, woraufhin das Programm mit 19 Studenten begann. Der Erfolg des Projekts wird durch die Tatsache hervorgehoben, dass heute 286 Studenten in das Programm eingeschrieben sind.<\/p>\n<p><a class=\"btn btn-secondary\" href=\"https:\/\/uniludes.ch\/\" target=\"_blank\" rel=\"noopener noreferrer\">Mehr&#8230;<\/a><\/p>\n<\/div>\n<\/div>\n\n<\/div><h2 class=\"tabtitle\">Slowakei, Bratislava<br \/>\nFakult\u00e4t f\u00fcr Gesundheits- und Sozialwesen<\/h2>\n<div class=\"tabcontent\">\n\n<div class=\"exp-col-content-holder\"><a class=\"expand-cnt-link\" href=\"#\">Bratislava Health Management Academy <\/a><\/p>\n<div class=\"hidden-content\">\n<p style=\"text-align: justify\">Das in Bratislava basierte Health Manager MSc-Programm wurde durch die Zusammenarbeit zwischen der Fakult\u00e4t f\u00fcr Gesundheits- und Sozialwesen der Semmelweis-Universit\u00e4t und der <strong>Slowakischen Health Management Academy<\/strong> eingerichtet.<\/p>\n<p><img loading=\"lazy\" decoding=\"async\" class=\"aligncenter wp-image-32098 size-full\" src=\"https:\/\/semmelweis.hu\/nki\/files\/2024\/05\/RS27253_KA-20150116-IMG_2951-scr.jpeg\" alt=\"\" width=\"950\" height=\"633\" srcset=\"https:\/\/semmelweis.hu\/nki\/files\/2024\/05\/RS27253_KA-20150116-IMG_2951-scr.jpeg 950w, https:\/\/semmelweis.hu\/nki\/files\/2024\/05\/RS27253_KA-20150116-IMG_2951-scr-400x267.jpeg 400w, https:\/\/semmelweis.hu\/nki\/files\/2024\/05\/RS27253_KA-20150116-IMG_2951-scr-768x512.jpeg 768w, https:\/\/semmelweis.hu\/nki\/files\/2024\/05\/RS27253_KA-20150116-IMG_2951-scr-753x502.jpeg 753w, https:\/\/semmelweis.hu\/nki\/files\/2024\/05\/RS27253_KA-20150116-IMG_2951-scr-203x135.jpeg 203w\" sizes=\"auto, (max-width: 950px) 100vw, 950px\" \/><\/p>\n<p>&nbsp;<\/p>\n<div class=\"keretes\">\n<p style=\"text-align: left\"><strong>Beginn der Kooperation:<\/strong> 2010<br \/>\n<strong>Sprache<\/strong>: Slowakisch<br \/>\n<strong>Mitarbeiter<\/strong>: Slowakisch<br \/>\n<strong>Diplom:<\/strong> MSc<\/p>\n<\/div>\n<p style=\"text-align: justify\">Das Programm, das auf Slowakisch unterrichtet wird, wurde 2010 gestartet und die erste Gruppe von Studenten erhielt 2013 ihr MSc-Diplom.<\/p>\n<p><a class=\"btn btn-secondary\" href=\"https:\/\/www.hma.sk\/\" target=\"_blank\" rel=\"noopener noreferrer\">Mehr&#8230;<\/a><\/p>\n<\/div>\n<\/div>\n\n<\/div><h2 class=\"tabtitle\">Rum\u00e4nien, Ilieni<br \/>\nAndr\u00e1s Pet\u0151 Fakult\u00e4t<\/h2>\n<div class=\"tabcontent\">\n\n<div class=\"exp-col-content-holder\"><a class=\"expand-cnt-link\" href=\"#\">KONDUKTIVE ERZIEHUNG<\/a><\/p>\n<div class=\"hidden-content\">\n<p>Die Vollzeitabteilung der Andr\u00e1s Pet\u0151 Fakult\u00e4t der Semmelweis-Universit\u00e4t bietet eine vierj\u00e4hrige, hochwertige, <strong>praxisorientierte Ausbildung<\/strong> in Ilieni im Bereich der konduktiven Erziehung. Ziel dieser<strong> 8-semestrigen Ausbildung<\/strong> ist es, p\u00e4dagogische Fachkr\u00e4fte auszubilden, die in der Lage sind, k\u00f6rperlich beeintr\u00e4chtigte Kinder jeden Alters mit besonderen Bed\u00fcrfnissen durch konduktive Erziehung zu entwickeln. Der Erwerb des Diploms berechtigt zu speziellen konduktiven p\u00e4dagogischen T\u00e4tigkeiten, die die gesamte Pers\u00f6nlichkeit von Kindern, jungen Erwachsenen und \u00e4lteren Menschen mit verschiedenen Mobilit\u00e4tsbehinderungen entwickeln, die durch Verletzungen des Nervensystems verursacht wurden (Schlaganfall, Parkinson, MS). <strong>Das Hauptziel<\/strong>: Menschen mit Mobilit\u00e4tsbeeintr\u00e4chtigungen durch das zentrale Nervensystem und speziellen Bildungsbed\u00fcrfnissen zur Selbstst\u00e4ndigkeit und unabh\u00e4ngigem Leben zu bef\u00e4higen. Auf diese Weise wird ihre Verletzlichkeit reduziert und sie k\u00f6nnen vollwertige Mitglieder der Gesellschaft werden.<\/p>\n<p><img loading=\"lazy\" decoding=\"async\" class=\"aligncenter wp-image-32099 size-full\" src=\"https:\/\/semmelweis.hu\/nki\/files\/2024\/05\/RS135253_C19A2948-scr.jpeg\" alt=\"\" width=\"1200\" height=\"777\" srcset=\"https:\/\/semmelweis.hu\/nki\/files\/2024\/05\/RS135253_C19A2948-scr.jpeg 1200w, https:\/\/semmelweis.hu\/nki\/files\/2024\/05\/RS135253_C19A2948-scr-400x259.jpeg 400w, https:\/\/semmelweis.hu\/nki\/files\/2024\/05\/RS135253_C19A2948-scr-1024x663.jpeg 1024w, https:\/\/semmelweis.hu\/nki\/files\/2024\/05\/RS135253_C19A2948-scr-768x497.jpeg 768w, https:\/\/semmelweis.hu\/nki\/files\/2024\/05\/RS135253_C19A2948-scr-753x488.jpeg 753w\" sizes=\"auto, (max-width: 1200px) 100vw, 1200px\" \/><\/p>\n<p>&nbsp;<\/p>\n<div class=\"keretes\">\n<p style=\"text-align: justify\"><strong>Beginn der Kooperation:<\/strong> 2018<br \/>\n<strong>Sprache<\/strong>: Ungarisch<br \/>\n<strong>Mitarbeiter<\/strong>: Ungarisch (Andr\u00e1s Pet\u0151 Fakult\u00e4t)<br \/>\n<strong>Diplom<\/strong>: BA (Konduktor mit Spezialisierung auf Kindergarten- oder Grundschulerziehung)<\/p>\n<\/div>\n<p>Die theoretische <strong>Ausbildung ist in Bl\u00f6cken organisiert<\/strong>, w\u00e4hrend die praktische Ausbildung in<strong> 3-w\u00f6chigen Zyklen<\/strong> in Stufen organisiert ist. Ziel der Spezialisierung auf Kindergartenerziehung ist es, Konduktoren auszubilden, die bereit sind, Kinder mit Behinderungen im Kindergarten zu <strong>unterrichten und zu entwickeln<\/strong> (integrierte \/ inklusive Gruppen) sowie das entsprechende Kindergartenbildungsprogramm umzusetzen. Das Ziel der Spezialisierung auf Grundschulerziehung ist es, Konduktoren auszubilden, die bereit sind, Kinder mit besonderen Bed\u00fcrfnissen in den Klassen 1-4 zu unterrichten (integrierte \/ inklusive Klassen) und das entsprechende Curriculum umzusetzen. Das Schl\u00fcsselelement der Konduktorenausbildung ist die <strong>praktische Ausbildung<\/strong>, die ein integraler Bestandteil des Lern- und Bildungsprozesses ist. Sie k\u00f6nnen allt\u00e4gliche Wunder erleben! <strong>Wir garantieren:<\/strong> Professionalit\u00e4t, Qualit\u00e4t, Praxisn\u00e4he! Es zeichnet sich durch eine famili\u00e4re Atmosph\u00e4re, eine unterst\u00fctzende Studentengemeinschaft sowie Unterkunft und Verpflegung aus.<\/p>\n<p><a class=\"btn btn-secondary\" href=\"https:\/\/www.facebook.com\/people\/KIDA-Pet%C5%91-Fejleszt%C5%91-%C3%A9s-K%C3%A9pz%C5%91k%C3%B6zpont-Illyefalva\/100070216874346\/\" target=\"_blank\" rel=\"noopener noreferrer\">B\u0150VEBBEN&#8230;<\/a><\/p>\n<\/div>\n<\/div>\n\n<\/div><h2 class=\"tabtitle\">Serbien, Subotica und Senta<br \/>\nAndr\u00e1s Pet\u0151 Fakult\u00e4t<\/h2>\n<div class=\"tabcontent\">\n\n<div class=\"exp-col-content-holder\"><a class=\"expand-cnt-link\" href=\"#\">konduktive Erzeihung<br \/>\n<\/a><\/p>\n<div class=\"hidden-content\">\n<p style=\"text-align: justify\">Das Ziel des <strong>4-semestrigen<\/strong> 120-Credit-Kurses ist es, <strong>p\u00e4dagogische Fachkr\u00e4fte auszubilden<\/strong>, die in der Lage sind, k\u00f6rperlich beeintr\u00e4chtigte Kinder jeden Alters mit besonderen Bed\u00fcrfnissen unter der Leitung eines Konduktors (mit Spezialisierung auf Kindergarten- oder Grundschulerziehung) durch <strong>konduktive Erziehung<\/strong> zu entwickeln. Neben konduktiven p\u00e4dagogischen F\u00e4chern werden als Teil des Theorieunterrichts biomedizinische F\u00e4cher unterrichtet, aber der Hauptfokus liegt auf der Praxis, die fast siebzig Prozent der gesamten Ausbildung ausmacht. Das Programm ist eine <strong>praxisorientierte Ausbildung<\/strong>. Praktische Ausbildung (Schulbeobachtung, Gruppen- und Einzelpraxis) bietet Absolventen einen Einblick in fortgeschrittene Verfahren und Methoden zur Entwicklung der Pers\u00f6nlichkeit und Mobilit\u00e4t von Menschen mit Behinderungen jeden Alters. Die Theorie wird in Einzel- und Gruppensitzungen in die Praxis umgesetzt, wobei p\u00e4dagogische F\u00e4higkeiten, technische F\u00e4higkeiten und spezielle Konduktorf\u00e4higkeiten ebenfalls entwickelt werden.<\/p>\n<p><img loading=\"lazy\" decoding=\"async\" class=\"aligncenter wp-image-32131 size-full\" src=\"https:\/\/semmelweis.hu\/nki\/files\/2024\/05\/pak-zenta-753x505-1.jpeg\" alt=\"\" width=\"753\" height=\"505\" srcset=\"https:\/\/semmelweis.hu\/nki\/files\/2024\/05\/pak-zenta-753x505-1.jpeg 753w, https:\/\/semmelweis.hu\/nki\/files\/2024\/05\/pak-zenta-753x505-1-400x268.jpeg 400w, https:\/\/semmelweis.hu\/nki\/files\/2024\/05\/pak-zenta-753x505-1-203x135.jpeg 203w\" sizes=\"auto, (max-width: 753px) 100vw, 753px\" \/><\/p>\n<p>&nbsp;<\/p>\n<div class=\"keretes\">\n<p style=\"text-align: justify\"><strong>Beginn der Kooperation:<\/strong> 2019<br \/>\n<strong>Sprache<\/strong>: Ungarisch<br \/>\n<strong>Mitarbeiter<\/strong>: Ungarisch<br \/>\n<strong>Diplom<\/strong>: Zertifikat (Konduktorassistent)<\/p>\n<\/div>\n<p style=\"text-align: justify\">Die Dozenten der Fakult\u00e4t werden den teilnehmenden Studierenden w\u00e4hrend dieser vier Semester mehr als <strong>1.400 theoretische und praktische Unterrichtseinheiten<\/strong> halten, die sp\u00e4ter als Assistenten neben ausgebildeten Konduktoren arbeiten k\u00f6nnen. Sie erhalten das gleiche von der <strong>Semmelweis-Universit\u00e4t ausgestellte Diplom<\/strong>, mit dem die Absolventen sp\u00e4ter als Konduktoren arbeiten k\u00f6nnen.<\/p>\n<p style=\"text-align: justify\">\nDer Veranstaltungsort f\u00fcr die theoretische, blockbasierte Ausbildung ist Subotica, w\u00e4hrend die praktische Ausbildung in Stufen in Senta organisiert ist.<\/p>\n<p><a class=\"btn btn-secondary\" href=\"https:\/\/www.szla.org.rs\/web\/a-szekeres-laszlo-alapitvany-szervezeseben-folyo-kepzesek\/\" target=\"_blank\" rel=\"noopener noreferrer\">B\u0150VEBBEN&#8230;<\/a><\/p>\n<\/div>\n<\/div>\n","protected":false},"excerpt":{"rendered":"<p>Die Semmelweis Universit\u00e4t war als Vorreiterin neuer Initiativen unter den ersten in Europa, die externe Studieng\u00e4nge in anderen L\u00e4ndern eingef\u00fchrt hat. Diese Kurse erm\u00f6glichen die Erwerbung eines Semmelweis-Diploms im Ausland \u2013 auch f\u00fcr Studenten, die den Gro\u00dfteil ihres Studiums an der dortigen Partneruniversit\u00e4t absolvieren. <a class=\"expand-cnt-link\" href=\"#\">Asklepios Campus\u00a0<\/a> Die beispielhafte Kooperation zwischen der Semmelweis-Universit\u00e4t und der Asklepios Medical School &hellip;<\/p>\n","protected":false},"author":203,"featured_media":0,"parent":0,"menu_order":41,"comment_status":"closed","ping_status":"closed","template":"template-fullwidth.php","meta":{"_acf_changed":false,"footnotes":""},"categories":[],"tags":[],"class_list":["post-791","page","type-page","status-publish","hentry"],"acf":[],"_links":{"self":[{"href":"https:\/\/semmelweis.hu\/nki\/wp-json\/wp\/v2\/pages\/791","targetHints":{"allow":["GET"]}}],"collection":[{"href":"https:\/\/semmelweis.hu\/nki\/wp-json\/wp\/v2\/pages"}],"about":[{"href":"https:\/\/semmelweis.hu\/nki\/wp-json\/wp\/v2\/types\/page"}],"author":[{"embeddable":true,"href":"https:\/\/semmelweis.hu\/nki\/wp-json\/wp\/v2\/users\/203"}],"replies":[{"embeddable":true,"href":"https:\/\/semmelweis.hu\/nki\/wp-json\/wp\/v2\/comments?post=791"}],"version-history":[{"count":11,"href":"https:\/\/semmelweis.hu\/nki\/wp-json\/wp\/v2\/pages\/791\/revisions"}],"predecessor-version":[{"id":33663,"href":"https:\/\/semmelweis.hu\/nki\/wp-json\/wp\/v2\/pages\/791\/revisions\/33663"}],"wp:attachment":[{"href":"https:\/\/semmelweis.hu\/nki\/wp-json\/wp\/v2\/media?parent=791"}],"wp:term":[{"taxonomy":"category","embeddable":true,"href":"https:\/\/semmelweis.hu\/nki\/wp-json\/wp\/v2\/categories?post=791"},{"taxonomy":"post_tag","embeddable":true,"href":"https:\/\/semmelweis.hu\/nki\/wp-json\/wp\/v2\/tags?post=791"}],"curies":[{"name":"wp","href":"https:\/\/api.w.org\/{rel}","templated":true}]}}