{"id":789,"date":"2014-05-19T12:42:22","date_gmt":"2014-05-19T11:42:22","guid":{"rendered":"http:\/\/semmelweis.hu\/nki\/?page_id=789"},"modified":"2024-06-06T12:48:32","modified_gmt":"2024-06-06T10:48:32","slug":"mobilitatsprogramme-in-europa","status":"publish","type":"page","link":"https:\/\/semmelweis.hu\/nki\/de\/mobilitatsprogramme-in-europa\/","title":{"rendered":"Mobilit\u00e4tsprogramme"},"content":{"rendered":"<div><img loading=\"lazy\" decoding=\"async\" class=\"aligncenter wp-image-32782 size-full\" src=\"https:\/\/semmelweis.hu\/nki\/files\/2024\/06\/int_mobility_slider_GER_nd-scaled.jpg\" alt=\"\" width=\"2560\" height=\"840\" srcset=\"https:\/\/semmelweis.hu\/nki\/files\/2024\/06\/int_mobility_slider_GER_nd-scaled.jpg 2560w, https:\/\/semmelweis.hu\/nki\/files\/2024\/06\/int_mobility_slider_GER_nd-400x131.jpg 400w, https:\/\/semmelweis.hu\/nki\/files\/2024\/06\/int_mobility_slider_GER_nd-1024x336.jpg 1024w, https:\/\/semmelweis.hu\/nki\/files\/2024\/06\/int_mobility_slider_GER_nd-768x252.jpg 768w, https:\/\/semmelweis.hu\/nki\/files\/2024\/06\/int_mobility_slider_GER_nd-1536x504.jpg 1536w, https:\/\/semmelweis.hu\/nki\/files\/2024\/06\/int_mobility_slider_GER_nd-2048x672.jpg 2048w, https:\/\/semmelweis.hu\/nki\/files\/2024\/06\/int_mobility_slider_GER_nd-753x247.jpg 753w\" sizes=\"auto, (max-width: 2560px) 100vw, 2560px\" \/><\/div>\n<div class=\"w-100 keretes\"><strong>Das B\u00fcro f\u00fcr internationale Mobil\u00e4t ist eine Unterabteilung des Direktorats f\u00fcr Internationale Beziehungen. Neben dem von der Europ\u00e4ischen Union finanzierten Erasmus+ Mobilit\u00e4tsprogramm und dem vom ungarischen Staat finanzierten Pann\u00f3nia-Stipendienprogramm koordiniert das B\u00fcro viele weitere Mobilit\u00e4tsprogramme, die den Studenten und Mitarbeitern der Semmelweis Universit\u00e4t zur Verf\u00fcgung stehen.<\/strong><\/div>\n<p style=\"text-align: justify\">Das <strong>Erasmus+ Mobilit\u00e4tsprogramm<\/strong> ist eines der beliebtesten Programme und bietet Universit\u00e4tsb\u00fcrgern die M\u00f6glichkeit, an Austausch- und Praktikumsprogrammen bei Partnerinstitutionen in Europa oder sogar au\u00dferhalb Europas teilzunehmen. Die Austauschprogramme, die seit vielen Jahren mit voller Kapazit\u00e4t laufen, bieten internationale Erfahrungen nicht nur f\u00fcr Studenten, sondern auch f\u00fcr Dozenten und Mitarbeiter, wodurch grenz\u00fcberschreitendes Lehren und Lernen zu einem integralen Bestandteil der Universit\u00e4t wird.<\/p>\n<p><strong>Ab dem 1. Juni 2024 bietet das Pann\u00f3nia-Stipendienprogramm<\/strong> Kurzzeit- und Langzeitmobilit\u00e4t f\u00fcr die Studenten, Dozenten und Mitarbeiter der Universit\u00e4t an, um mit Hilfe der Programmf\u00f6rderung im Ausland zu studieren, zu forschen, zu lehren oder ein Praktikum zu absolvieren. Die M\u00f6glichkeiten werden sowohl innerhalb als auch au\u00dferhalb Europas angeboten, fast in jedem Land.<\/p>\n<p style=\"text-align: center\"><a class=\"button\" href=\"https:\/\/semmelweis.hu\/erasmus\/en\/\" target=\"_blank\" rel=\"noopener\">B\u00dcRO F\u00dcR INTERNATIONALE MOBILIT\u00c4T<\/a><\/p>\n<h6 style=\"text-align: justify\">Neben dem Erasmus+ und Pann\u00f3nia Mobilit\u00e4tsprogramm koordiniert das B\u00fcro f\u00fcr internationale Mobilit\u00e4t die folgenden Mobilit\u00e4tsprogramme:<\/h6>\n<hr \/>\n<div class=\"keretes\">\n<div class=\"exp-col-content-holder\"><a class=\"expand-cnt-link\" href=\"#\">F\u00fcr UNGARISCHE STUDENTEN, FORSCHER UND DOZENTEN VERF\u00dcGBARE M\u00d6GLICHKEITEN<\/a><\/div>\n<p><a class=\"btn btn-secondary\" href=\"https:\/\/semmelweis.hu\/erasmus\/en\/pannonia-scholarship-programme\/\" target=\"_blank\" rel=\"noopener\">PANN\u00d3NIa-stipendienPROGRAMM<\/a><\/p>\n<p style=\"text-align: left\"><a class=\"btn btn-secondary\" href=\"https:\/\/semmelweis.hu\/erasmus\/ceepus\/\" target=\"_blank\" rel=\"noopener\">CEEPUS<\/a><\/p>\n<p style=\"text-align: left\"><a class=\"btn btn-secondary\" href=\"https:\/\/semmelweis.hu\/erasmus\/euraxess\/\" target=\"_blank\" rel=\"noopener\">EURAXESS<\/a><\/p>\n<p style=\"text-align: left\"><a class=\"btn btn-secondary\" href=\"https:\/\/semmelweis.hu\/erasmus\/en\/international-scholarships\/visegrad-scholarships-program\/\" target=\"_blank\" rel=\"noopener\">VISEGR\u00c1D stipendium<\/a><\/p>\n<p style=\"text-align: left\"><a class=\"btn btn-secondary\" href=\"https:\/\/semmelweis.hu\/erasmus\/makovecz-osztondijprogram\/\" target=\"_blank\" rel=\"noopener\">MAKOVECZ stipendium<\/a><\/p>\n<\/div>\n<div class=\"keretes\">\n<div class=\"exp-col-content-holder\"><a class=\"expand-cnt-link\" href=\"#\">F\u00fcr INTERNATIONALE STUDENTEN VERF\u00dcGBARE M\u00d6GLICHKEITEN<\/a><\/div>\n<p><a class=\"btn btn-secondary\" href=\"https:\/\/semmelweis.hu\/erasmus\/en\/pannonia-scholarship-programme\/\" target=\"_blank\" rel=\"noopener\">PANN\u00d3NIA-stipendienPROGRAMM<\/a><\/p>\n<p style=\"text-align: left\"><a class=\"btn btn-secondary\" href=\"https:\/\/semmelweis.hu\/erasmus\/en\/stipendium-hungaricum\/\" target=\"_blank\" rel=\"noopener\">STIPENDIUM HUNGARICUM<\/a><\/p>\n<p style=\"text-align: left\"><a class=\"btn btn-secondary\" href=\"https:\/\/semmelweis.hu\/erasmus\/en\/hungarian-diaspora-scholarship\/\" target=\"_blank\" rel=\"noopener\">HUNGARIAN DIASPORA stipendium<\/a><\/p>\n<p style=\"text-align: left\"><a class=\"btn btn-secondary\" href=\"https:\/\/semmelweis.hu\/erasmus\/en\/vslo\/about-the-programme\/\" target=\"_blank\" rel=\"noopener\">LERNANGEBOTE F\u00dcR GASTSTUDENTEN &#8211; VSLO<\/a><\/p>\n<p style=\"text-align: left\">\u00a0<\/p>\n<\/div>\n<hr \/>\n<p><img loading=\"lazy\" decoding=\"async\" class=\"aligncenter wp-image-32783 size-full\" src=\"https:\/\/semmelweis.hu\/nki\/files\/2024\/06\/int_1fellowship_slider_GER_nd-scaled.jpg\" alt=\"\" width=\"2560\" height=\"840\" srcset=\"https:\/\/semmelweis.hu\/nki\/files\/2024\/06\/int_1fellowship_slider_GER_nd-scaled.jpg 2560w, https:\/\/semmelweis.hu\/nki\/files\/2024\/06\/int_1fellowship_slider_GER_nd-400x131.jpg 400w, https:\/\/semmelweis.hu\/nki\/files\/2024\/06\/int_1fellowship_slider_GER_nd-1024x336.jpg 1024w, https:\/\/semmelweis.hu\/nki\/files\/2024\/06\/int_1fellowship_slider_GER_nd-768x252.jpg 768w, https:\/\/semmelweis.hu\/nki\/files\/2024\/06\/int_1fellowship_slider_GER_nd-1536x504.jpg 1536w, https:\/\/semmelweis.hu\/nki\/files\/2024\/06\/int_1fellowship_slider_GER_nd-2048x672.jpg 2048w, https:\/\/semmelweis.hu\/nki\/files\/2024\/06\/int_1fellowship_slider_GER_nd-753x247.jpg 753w\" sizes=\"auto, (max-width: 2560px) 100vw, 2560px\" \/><\/p>\n<div class=\"keretes w-100\">\n<p><strong>Das Direktorat f\u00fcr Internationale Beziehungen \u00fcberwacht und koordiniert die bilateralen Beziehungen der Semmelweis Universit\u00e4t, die den talentiertesten Studenten und Forschern erm\u00f6glichen, Praktika oder erg\u00e4nzenden Studien bei Partnerinstitutionen im Ausland zu absolvieren.<\/strong><\/p>\n<\/div>\n<div style=\"text-align: justify\">Dank ihrer umfangreichen und gut funktionierenden Kooperationsbeziehungen haben Forscher, akademische Mitarbeiter und Studenten der Semmelweis Universit\u00e4t die M\u00f6glichkeit, sich f\u00fcr Stipendienprogramme in mehreren L\u00e4ndern zu bewerben, sowohl innerhalb als auch au\u00dferhalb Europas, unter anderem Deutschland, Japan, Kanada und den USA.<\/div>\n<div>\u00a0<\/div>\n<div style=\"text-align: center\"><a class=\"btn btn-secondary\" href=\"https:\/\/semmelweis.hu\/nki\/de\/stipendien\/\" target=\"_blank\" rel=\"noopener\">AKTUELLE STIPENDIENAUSSCHREIBUNGEN<\/a><\/div>\n<p style=\"text-align: justify\">Diese Vereinbarungen erm\u00f6glichen es auch internationalen Studenten und Dozenten, ihr Praktikum an einem Institut oder einer Klinik der Semmelweis Universit\u00e4t zu absolvieren.<\/p>\n","protected":false},"excerpt":{"rendered":"<p>Das B\u00fcro f\u00fcr internationale Mobil\u00e4t ist eine Unterabteilung des Direktorats f\u00fcr Internationale Beziehungen. Neben dem von der Europ\u00e4ischen Union finanzierten Erasmus+ Mobilit\u00e4tsprogramm und dem vom ungarischen Staat finanzierten Pann\u00f3nia-Stipendienprogramm koordiniert das B\u00fcro viele weitere Mobilit\u00e4tsprogramme, die den Studenten und Mitarbeitern der Semmelweis Universit\u00e4t zur Verf\u00fcgung stehen. Das Erasmus+ Mobilit\u00e4tsprogramm ist eines der beliebtesten Programme und &hellip;<\/p>\n","protected":false},"author":203,"featured_media":0,"parent":0,"menu_order":32,"comment_status":"closed","ping_status":"closed","template":"template-fullwidth.php","meta":{"_acf_changed":false,"footnotes":""},"categories":[],"tags":[],"class_list":["post-789","page","type-page","status-publish","hentry"],"acf":[],"_links":{"self":[{"href":"https:\/\/semmelweis.hu\/nki\/wp-json\/wp\/v2\/pages\/789","targetHints":{"allow":["GET"]}}],"collection":[{"href":"https:\/\/semmelweis.hu\/nki\/wp-json\/wp\/v2\/pages"}],"about":[{"href":"https:\/\/semmelweis.hu\/nki\/wp-json\/wp\/v2\/types\/page"}],"author":[{"embeddable":true,"href":"https:\/\/semmelweis.hu\/nki\/wp-json\/wp\/v2\/users\/203"}],"replies":[{"embeddable":true,"href":"https:\/\/semmelweis.hu\/nki\/wp-json\/wp\/v2\/comments?post=789"}],"version-history":[{"count":13,"href":"https:\/\/semmelweis.hu\/nki\/wp-json\/wp\/v2\/pages\/789\/revisions"}],"predecessor-version":[{"id":32865,"href":"https:\/\/semmelweis.hu\/nki\/wp-json\/wp\/v2\/pages\/789\/revisions\/32865"}],"wp:attachment":[{"href":"https:\/\/semmelweis.hu\/nki\/wp-json\/wp\/v2\/media?parent=789"}],"wp:term":[{"taxonomy":"category","embeddable":true,"href":"https:\/\/semmelweis.hu\/nki\/wp-json\/wp\/v2\/categories?post=789"},{"taxonomy":"post_tag","embeddable":true,"href":"https:\/\/semmelweis.hu\/nki\/wp-json\/wp\/v2\/tags?post=789"}],"curies":[{"name":"wp","href":"https:\/\/api.w.org\/{rel}","templated":true}]}}