{"id":787,"date":"2014-05-19T12:39:33","date_gmt":"2014-05-09T09:35:35","guid":{"rendered":"http:\/\/semmelweis.hu\/nki\/?page_id=787"},"modified":"2024-06-05T13:42:26","modified_gmt":"2024-06-05T11:42:26","slug":"internationale-beziehungen-in-zahlen","status":"publish","type":"page","link":"https:\/\/semmelweis.hu\/nki\/de\/internationale-beziehungen-in-zahlen\/","title":{"rendered":"Internationale Beziehungen in Zahlen"},"content":{"rendered":"<h4><strong>INTERNATIONALE RANGLISTEN<\/strong><\/h4>\n<p style=\"text-align: justify\">Das erste Hochschulranking wurde 2003 ver\u00f6ffentlicht, und seither sind immer mehr Organisationen an der Bewertung von Hochschuleinrichtungen beteiligt. Sie verwenden unterschiedliche Berechnungsmethoden, wobei in der Regel ein Mittelwert mehrerer Indikatorwerte f\u00fcr die Qualit\u00e4t der Bildung berechnet wird, um die besten Hochschuleinrichtungen der Welt oder einer bestimmten Region zu ermitteln.<\/p>\n<p style=\"text-align: justify\">Die Semmelweis Universit\u00e4t belegt in nationalen und internationalen Hochschul- und Fachranglisten Jahr f\u00fcr Jahr immer h\u00f6here Pl\u00e4tze.<a href=\"https:\/\/semmelweis.hu\/nki\/files\/2022\/02\/Screenshot-2022-02-10-at-11-00-39-Nemzetkozi-rangsorok-Nemzetkozi-rangsorok-3-pdf.png\"><img loading=\"lazy\" decoding=\"async\" class=\"aligncenter wp-image-29313 size-full\" src=\"https:\/\/semmelweis.hu\/nki\/files\/2022\/02\/Screenshot-2022-02-10-at-11-00-39-Nemzetkozi-rangsorok-Nemzetkozi-rangsorok-3-pdf.png\" alt=\"\" width=\"1263\" height=\"607\" srcset=\"https:\/\/semmelweis.hu\/nki\/files\/2022\/02\/Screenshot-2022-02-10-at-11-00-39-Nemzetkozi-rangsorok-Nemzetkozi-rangsorok-3-pdf.png 1263w, https:\/\/semmelweis.hu\/nki\/files\/2022\/02\/Screenshot-2022-02-10-at-11-00-39-Nemzetkozi-rangsorok-Nemzetkozi-rangsorok-3-pdf-300x144.png 300w, https:\/\/semmelweis.hu\/nki\/files\/2022\/02\/Screenshot-2022-02-10-at-11-00-39-Nemzetkozi-rangsorok-Nemzetkozi-rangsorok-3-pdf-1024x492.png 1024w, https:\/\/semmelweis.hu\/nki\/files\/2022\/02\/Screenshot-2022-02-10-at-11-00-39-Nemzetkozi-rangsorok-Nemzetkozi-rangsorok-3-pdf-768x369.png 768w, https:\/\/semmelweis.hu\/nki\/files\/2022\/02\/Screenshot-2022-02-10-at-11-00-39-Nemzetkozi-rangsorok-Nemzetkozi-rangsorok-3-pdf-753x362.png 753w\" sizes=\"auto, (max-width: 1263px) 100vw, 1263px\" \/><\/a><\/p>\n<h4>\u00a0<\/h4>\n<h4><strong>STUDENTEN AUS 119 L\u00c4NDERN, VEREINBARUNGEN MIT 236 INTERNATIONALEN HOCHSCHULINSTITUTIONEN<\/strong><\/h4>\n<p style=\"text-align: justify\">Jedes Jahr schlie\u00dfen mehr als 1500 Studenten ihr Studium an den Fakult\u00e4ten der Semmelweis Universit\u00e4t ab, und die frisch Absolvierten finden innerhalb von 1-3 Monaten ihre erste Arbeitsstelle.<\/p>\n<p style=\"text-align: justify\">Im akademischen Jahr 2023\/2024 studieren an den sechs Fakult\u00e4ten der Universit\u00e4t mehr als 15.000 Studierende aus 119 L\u00e4ndern und f\u00fcnf Kontinenten in vier verschiedenen Sprachen.<\/p>\n<p><img loading=\"lazy\" decoding=\"async\" class=\"wp-image-32403 size-full aligncenter\" src=\"https:\/\/semmelweis.hu\/nki\/files\/2024\/05\/Rajztabla-17_2@300x-100.jpg\" alt=\"\" width=\"10867\" height=\"6521\" \/><\/p>\n<p style=\"text-align: justify\">\u00a0<\/p>\n","protected":false},"excerpt":{"rendered":"<p>INTERNATIONALE RANGLISTEN Das erste Hochschulranking wurde 2003 ver\u00f6ffentlicht, und seither sind immer mehr Organisationen an der Bewertung von Hochschuleinrichtungen beteiligt. Sie verwenden unterschiedliche Berechnungsmethoden, wobei in der Regel ein Mittelwert mehrerer Indikatorwerte f\u00fcr die Qualit\u00e4t der Bildung berechnet wird, um die besten Hochschuleinrichtungen der Welt oder einer bestimmten Region zu ermitteln. Die Semmelweis Universit\u00e4t belegt &hellip;<\/p>\n","protected":false},"author":203,"featured_media":0,"parent":0,"menu_order":37,"comment_status":"closed","ping_status":"closed","template":"template-fullwidth.php","meta":{"_acf_changed":false,"footnotes":""},"categories":[],"tags":[],"class_list":["post-787","page","type-page","status-publish","hentry"],"acf":[],"_links":{"self":[{"href":"https:\/\/semmelweis.hu\/nki\/wp-json\/wp\/v2\/pages\/787","targetHints":{"allow":["GET"]}}],"collection":[{"href":"https:\/\/semmelweis.hu\/nki\/wp-json\/wp\/v2\/pages"}],"about":[{"href":"https:\/\/semmelweis.hu\/nki\/wp-json\/wp\/v2\/types\/page"}],"author":[{"embeddable":true,"href":"https:\/\/semmelweis.hu\/nki\/wp-json\/wp\/v2\/users\/203"}],"replies":[{"embeddable":true,"href":"https:\/\/semmelweis.hu\/nki\/wp-json\/wp\/v2\/comments?post=787"}],"version-history":[{"count":13,"href":"https:\/\/semmelweis.hu\/nki\/wp-json\/wp\/v2\/pages\/787\/revisions"}],"predecessor-version":[{"id":32829,"href":"https:\/\/semmelweis.hu\/nki\/wp-json\/wp\/v2\/pages\/787\/revisions\/32829"}],"wp:attachment":[{"href":"https:\/\/semmelweis.hu\/nki\/wp-json\/wp\/v2\/media?parent=787"}],"wp:term":[{"taxonomy":"category","embeddable":true,"href":"https:\/\/semmelweis.hu\/nki\/wp-json\/wp\/v2\/categories?post=787"},{"taxonomy":"post_tag","embeddable":true,"href":"https:\/\/semmelweis.hu\/nki\/wp-json\/wp\/v2\/tags?post=787"}],"curies":[{"name":"wp","href":"https:\/\/api.w.org\/{rel}","templated":true}]}}