{"id":739,"date":"2014-05-19T12:00:42","date_gmt":"2014-05-19T11:00:42","guid":{"rendered":"http:\/\/semmelweis.hu\/nki\/?page_id=739"},"modified":"2024-06-05T13:53:59","modified_gmt":"2024-06-05T11:53:59","slug":"internationale-beziehungen","status":"publish","type":"page","link":"https:\/\/semmelweis.hu\/nki\/de\/internationale-beziehungen\/","title":{"rendered":"Internationale Organisationen"},"content":{"rendered":"<div class=\"w-100 keretes\"><strong>Die Semmelweis Universit\u00e4t ist Mitglied in mehreren internationalen Organisationen, die darauf abzielen, gute Praktiken und Wissen zwischen Hochschulen auszutauschen, gemeinsam \u00fcber globale Herausforderungen nachzudenken und transnationale Bildungs- und Mobilit\u00e4tsprogramme zu entwickeln.<\/strong><\/div>\n<p>&nbsp;<\/p>\n<div>\n<h4 style=\"text-align: justify\">ASSOCIATION FOR MEDICAL EDUCATION (AMEE)<\/h4>\n<p style=\"text-align: justify\"><a href=\"https:\/\/semmelweis.hu\/nki\/files\/2022\/01\/amee.jpg\"><img loading=\"lazy\" decoding=\"async\" class=\"alignleft wp-image-29043\" src=\"https:\/\/semmelweis.hu\/nki\/files\/2022\/01\/amee-300x95.jpg\" alt=\"\" width=\"243\" height=\"77\" srcset=\"https:\/\/semmelweis.hu\/nki\/files\/2022\/01\/amee-300x95.jpg 300w, https:\/\/semmelweis.hu\/nki\/files\/2022\/01\/amee.jpg 398w\" sizes=\"auto, (max-width: 243px) 100vw, 243px\" \/><\/a><strong>AMEE ist eine weltweite Organisation mit Mitgliedern in 90 L\u00e4ndern auf f\u00fcnf Kontinenten. Zu den Mitgliedern geh\u00f6ren Lehrer, P\u00e4dagogen, Forscher, Administratoren, Curriculum-Entwickler, Dekane, Pr\u00fcfer, Studenten und Auszubildende in der Medizin und den Gesundheitsberufen.<\/strong><\/p>\n<p style=\"text-align: justify\">In Zusammenarbeit mit anderen Organisationen unterst\u00fctzt AMEE Lehrer und Institutionen in ihren aktuellen Bildungsaktivit\u00e4ten, bei der Curriculum-Entwicklung, Lehr- und Lernmethoden, Bewertungstechniken und Bildungsmanagement, um auf Fortschritte in der Medizin, Ver\u00e4nderungen in der Gesundheitsversorgung, Patientenanforderungen und neue p\u00e4dagogische Denkweisen und Techniken zu reagieren.<\/p>\n<p style=\"text-align: center\"><a class=\"btn btn-secondary\" href=\"https:\/\/amee.org\/\" target=\"_blank\" rel=\"noopener\">ZUR SEITE VON AMEE GEHEN<\/a><\/p>\n<hr \/>\n<h4 style=\"text-align: justify\">Consortium of Institutes of Higher Education in Health Care and Rehabilitation in Europe (COHEHRE)<\/h4>\n<div class=\"lead\" style=\"text-align: justify\"><img loading=\"lazy\" decoding=\"async\" class=\"alignleft wp-image-28941 size-full\" src=\"https:\/\/semmelweis.hu\/nki\/files\/2022\/01\/cohehre-logo.jpg\" alt=\"\" width=\"250\" height=\"125\" \/><\/p>\n<p>COHEHRE, gegr\u00fcndet 1990, ist eine gemeinn\u00fctzige Organisation, die Studenten und akademisches Personal von Mitgliedshochschulen in ganz Europa zusammenbringt. Wir sind bestrebt, interprofessionelles Lernen, Lehren und Forschen sowie die Verbesserung der Zusammenarbeit in der Praxis und die F\u00f6rderung des strategischen Managements zu f\u00f6rdern, zu entwickeln und zu unterst\u00fctzen.<\/p>\n<\/div>\n<p style=\"text-align: justify\">Das Konsortium bietet Networking-M\u00f6glichkeiten, Informationsaustausch, den Austausch bew\u00e4hrter Praktiken und Erfahrungen.<\/p>\n<p style=\"text-align: center\"><a class=\"btn btn-secondary\" href=\"https:\/\/www.cohehre.com\/\" target=\"_blank\" rel=\"noopener\">ZUR SEITE VON COHEHRE GEHEN<\/a><\/p>\n<hr \/>\n<h4 style=\"text-align: justify\">Danube Rectors&#8217; Conference (drc)<\/h4>\n<div class=\"lead\" style=\"text-align: justify\"><img loading=\"lazy\" decoding=\"async\" class=\"alignleft wp-image-28946 size-medium\" src=\"https:\/\/semmelweis.hu\/nki\/files\/2022\/01\/drc-logo-300x107.jpg\" alt=\"\" width=\"300\" height=\"107\" srcset=\"https:\/\/semmelweis.hu\/nki\/files\/2022\/01\/drc-logo-300x107.jpg 300w, https:\/\/semmelweis.hu\/nki\/files\/2022\/01\/drc-logo.jpg 560w\" sizes=\"auto, (max-width: 300px) 100vw, 300px\" \/>Die DRC wurde 1983 gegr\u00fcndet und hat derzeit 65 Mitgliedsuniversit\u00e4ten in der Donauregion. Ihr Ziel ist es, die Hochschulbildung in Lehre und Forschung in dieser Region zu verbessern, insbesondere den Fortschritt der Mitgliedsuniversit\u00e4ten, durch die Einrichtung und F\u00f6rderung bilateraler und multilateraler Kontakte zwischen den Universit\u00e4ten.<\/div>\n<p style=\"text-align: justify\">Die DRC koordiniert die Ideen und Aktionen ihrer Mitglieder durch den Austausch von Informationen zu Themen von gemeinsamem Interesse und f\u00f6rdert die Zusammenarbeit bei Themen von gemeinsamem Interesse, wodurch sie zur Stabilit\u00e4t und Entwicklung einer offenen und demokratischen Gesellschaft in Europa beitr\u00e4gt.<\/p>\n<p style=\"text-align: center\"><a class=\"btn btn-secondary\" href=\"https:\/\/www.drc-danube.org\/\" target=\"_blank\" rel=\"noopener\">ZUR SITE VON DRC GEHEN<\/a><\/p>\n<hr \/>\n<h4>EUROLIFE<\/h4>\n<p style=\"text-align: justify\"><a href=\"https:\/\/semmelweis.hu\/nki\/files\/2022\/01\/eurolife.jpg\"><img loading=\"lazy\" decoding=\"async\" class=\"alignleft size-full wp-image-29038\" src=\"https:\/\/semmelweis.hu\/nki\/files\/2022\/01\/eurolife.jpg\" alt=\"\" width=\"260\" height=\"150\" \/><\/a>Eurolife ist ein Netzwerk von neun renommierten akademischen Institutionen und europ\u00e4ischen Zentren mit weltweiter Forschungsreputation in Biomedizin und Medizin in ganz Europa.<\/p>\n<p style=\"text-align: justify\">Es f\u00f6rdert und erleichtert die Zusammenarbeit in der Forschung, gemeinsame postgraduale Ausbildung und Bildung, den Austausch von Forschern und Studenten sowie den Aufbau gemeinsamer Forschungsprojekte.<\/p>\n<p>Im Jahr 2020 erhielt das Konsortium den Erasmus+ Strategische Partnerschafts-Zuschuss zur Umsetzung von DATAETHICS, einem gemeinsamen transnationalen Projekt, das darauf abzielt, die konzeptionellen und ethischen \u00dcberlegungen zur Sammlung und Nutzung von Biomedizinischen Big Data (BBD) zu aktualisieren.<\/p>\n<p style=\"text-align: center\"><a class=\"btn btn-secondary\" href=\"https:\/\/eurolifeuniversities.org\/\" target=\"_blank\" rel=\"noopener\">ZUR SITE VON EUROLIFE GEHEN<\/a><\/p>\n<hr \/>\n<h4>European Health Management Association (EHMA)<\/h4>\n<p style=\"text-align: justify\"><a href=\"https:\/\/semmelweis.hu\/nki\/files\/2022\/01\/Logo-EHMA-600x600-1.png\"><img loading=\"lazy\" decoding=\"async\" class=\"alignleft wp-image-29040\" src=\"https:\/\/semmelweis.hu\/nki\/files\/2022\/01\/Logo-EHMA-600x600-1-300x300.png\" alt=\"\" width=\"158\" height=\"158\" srcset=\"https:\/\/semmelweis.hu\/nki\/files\/2022\/01\/Logo-EHMA-600x600-1-300x300.png 300w, https:\/\/semmelweis.hu\/nki\/files\/2022\/01\/Logo-EHMA-600x600-1-150x150.png 150w, https:\/\/semmelweis.hu\/nki\/files\/2022\/01\/Logo-EHMA-600x600-1.png 600w\" sizes=\"auto, (max-width: 158px) 100vw, 158px\" \/><\/a><strong>EHMA ist die einzige Mitgliederorganisation in Europa, die Gesundheits- und Krankenhausmanager, Gesundheitsfachleute, Forscher, P\u00e4dagogen, Akademiker, Politik- und Entscheidungstr\u00e4ger zusammenbringt.<\/strong><\/p>\n<p style=\"text-align: justify\">Die Organisation spielt eine entscheidende Rolle bei der Einbindung des gesamten \u00d6kosystems des europ\u00e4ischen Gesundheitsmanagementsystems und steht allen offen, die sich der Verbesserung der Gesundheit und des Gesundheitswesens verschrieben haben.<\/p>\n<p style=\"text-align: center\"><a class=\"btn btn-secondary\" href=\"https:\/\/ehma.org\/\" target=\"_blank\" rel=\"noopener\">ZUR SITE VON EHMA GEHEN<\/a><\/p>\n<hr \/>\n<h4>EUROPEAN UNIVERSITY ASSOCIATION (EUA)<\/h4>\n<p style=\"text-align: justify\"><a href=\"https:\/\/semmelweis.hu\/nki\/files\/2022\/01\/eua-logo.png\"><img loading=\"lazy\" decoding=\"async\" class=\"alignleft wp-image-29036\" src=\"https:\/\/semmelweis.hu\/nki\/files\/2022\/01\/eua-logo.png\" alt=\"\" width=\"151\" height=\"151\" srcset=\"https:\/\/semmelweis.hu\/nki\/files\/2022\/01\/eua-logo.png 225w, https:\/\/semmelweis.hu\/nki\/files\/2022\/01\/eua-logo-150x150.png 150w\" sizes=\"auto, (max-width: 151px) 100vw, 151px\" \/><\/a><strong>Die EUA vertritt mehr als 800 Universit\u00e4ten und nationale Rektorenkonferenzen in 48 europ\u00e4ischen L\u00e4ndern. Sie spielt eine entscheidende Rolle im Bologna-Prozess und bei der Beeinflussung der EU-Politiken zu Hochschulbildung, Forschung und Innovation.<\/strong><\/p>\n<p style=\"text-align: justify\">Sie bietet Mitgliedern die M\u00f6glichkeit, bew\u00e4hrte Praktiken durch die Teilnahme an Projekten, Veranstaltungen und anderen Lernaktivit\u00e4ten mit einer Vielzahl von Universit\u00e4ten auszutauschen. Die Vereinigung bietet ihren Mitgliedern auch einzigartige M\u00f6glichkeiten, europ\u00e4ische Politiken und Initiativen zu gestalten, die die Hochschulbildung und Forschung betreffen.<\/p>\n<p style=\"text-align: center\"><a class=\"btn btn-secondary\" href=\"https:\/\/eua.eu\/\" target=\"_blank\" rel=\"noopener\">ZUR SITE VON EUA GEHEN<\/a><\/p>\n<hr \/>\n<h4 style=\"text-align: justify\">Hungarian Medical Association of America (HMAA)<\/h4>\n<div class=\"lead\" style=\"text-align: justify\"><img loading=\"lazy\" decoding=\"async\" class=\"alignleft wp-image-28943 size-thumbnail\" src=\"https:\/\/semmelweis.hu\/nki\/files\/2022\/01\/HMAA-logo-150x150.png\" alt=\"\" width=\"150\" height=\"150\" srcset=\"https:\/\/semmelweis.hu\/nki\/files\/2022\/01\/HMAA-logo-150x150.png 150w, https:\/\/semmelweis.hu\/nki\/files\/2022\/01\/HMAA-logo.png 225w\" sizes=\"auto, (max-width: 150px) 100vw, 150px\" \/>Die HMAA ist eine freiwillige Organisation von \u00c4rzten und Wissenschaftlern ungarischer Herkunft, die gegr\u00fcndet wurde, um ungarische medizinische Traditionen und Ideale zu bewahren, zu f\u00f6rdern und zu pflegen. Ihr Hauptziel ist es, Wissen \u00fcber klinische Medizin und medizinische Grundlagenwissenschaften durch j\u00e4hrliche wissenschaftliche Tagungen, Vortr\u00e4ge, Diskussionen, Ver\u00f6ffentlichungen und andere Mittel zu f\u00f6rdern und zu verbreiten.<\/div>\n<p>Die Zusammenarbeit zwischen der Semmelweis-Universit\u00e4t, den medizinischen Fakult\u00e4ten von Debrecen, P\u00e9cs, Szeged, Budapest und der State University of New York, Buffalo School of Medicine and Biomedical Sciences wurde in den 1980er Jahren mit Unterst\u00fctzung der HMAA gestartet. Bisher haben mehr als 300 ungarische Medizinstudenten an Praktika in den USA teilgenommen. Es ist eines der \u00e4ltesten Auslands-Mobilit\u00e4tsprogramme in der ungarischen medizinischen Ausbildung und bietet jedes Jahr 16 ungarischen Medizinstudenten die M\u00f6glichkeit, ein dreimonatiges Praktikum in den USA zu absolvieren.<\/p>\n<p style=\"text-align: justify\">Im November 2015 unterzeichnete die Semmelweis-Universit\u00e4t auch die Vereinbarung zur Erweiterung der Zusammenarbeit, die auch Zahnmedizinstudenten die M\u00f6glichkeit gibt, an dem Programm teilzunehmen.<\/p>\n<p style=\"text-align: center\"><a class=\"btn btn-secondary\" href=\"https:\/\/hmaa.org\/\" target=\"_blank\" rel=\"noopener\">ZUR SITE VON HMAA GEHEN<\/a><\/p>\n<hr \/>\n<h4 style=\"text-align: justify\">International Association of Universities (IAU)<\/h4>\n<div class=\"lead\" style=\"text-align: justify\"><img loading=\"lazy\" decoding=\"async\" class=\"alignleft wp-image-28944 size-thumbnail\" src=\"https:\/\/semmelweis.hu\/nki\/files\/2022\/01\/iau-logo-150x150.png\" alt=\"\" width=\"150\" height=\"150\" \/>Die International Association of Universities wurde 1950 unter der Schirmherrschaft der UNESCO gegr\u00fcndet. Es ist eine mitgliedschaftsbasierte Organisation, die der globalen Hochschulgemeinschaft dient.<\/div>\n<p style=\"text-align: justify\">Die IAU versammelt und verbindet Mitglieder aus mehr als 130 L\u00e4ndern, um gemeinsame Priorit\u00e4ten zu identifizieren, zu reflektieren und darauf zu reagieren. Sie fungiert als globale Stimme der Hochschulbildung gegen\u00fcber einer Vielzahl von internationalen und zwischenstaatlichen Organisationen, insbesondere gegen\u00fcber der UNESCO.<\/p>\n<p style=\"text-align: center\"><a class=\"btn btn-secondary\" href=\"https:\/\/www.iau-aiu.net\/\" target=\"_blank\" rel=\"noopener\">ZUR SITE VON IAU GEHEN<\/a><\/p>\n<hr \/>\n<h4 style=\"text-align: justify\">UNICA \u2013 Network of Universities from the Capitals of Europe<\/h4>\n<div class=\"lead\" style=\"text-align: justify\"><img loading=\"lazy\" decoding=\"async\" class=\"alignleft size-full wp-image-28968\" src=\"https:\/\/semmelweis.hu\/nki\/files\/2022\/01\/Unica-only-loog.png\" alt=\"\" width=\"225\" height=\"225\" srcset=\"https:\/\/semmelweis.hu\/nki\/files\/2022\/01\/Unica-only-loog.png 225w, https:\/\/semmelweis.hu\/nki\/files\/2022\/01\/Unica-only-loog-150x150.png 150w\" sizes=\"auto, (max-width: 225px) 100vw, 225px\" \/>UNICA wurde 1990 gegr\u00fcndet, um internationale Kooperationen zu erleichtern und akademische F\u00fchrung durch Verst\u00e4ndnis und Austausch zwischen Universit\u00e4ten in europ\u00e4ischen Hauptst\u00e4dten zu f\u00f6rdern. Ziel ist es, die Zusammenarbeit und gemeinsame Antragsaktivit\u00e4ten zwischen den Mitgliedsuniversit\u00e4ten in den Bereichen Internationalisierung und Mobilit\u00e4t, F&amp;E, Doktorandenausbildung, Bildungsentwicklung, Universit\u00e4tsmanagement und Entwicklungsstrategien sowie soziale Verantwortung zu f\u00f6rdern.<\/div>\n<p style=\"text-align: justify\">UNICA hat bisher haupts\u00e4chlich an Bildungs- und internationalen Mobilit\u00e4tsprojekten gearbeitet. Derzeit sind 54 Universit\u00e4ten aus 37 europ\u00e4ischen Hauptst\u00e4dten Mitglied des Netzwerks, mit der Semmelweis-Universit\u00e4t und der E\u00f6tv\u00f6s-Lor\u00e1nd-Universit\u00e4t als Vertreter Ungarns.<\/p>\n<p style=\"text-align: center\"><a class=\"btn btn-secondary\" href=\"https:\/\/www.unica-network.eu\/\" target=\"_blank\" rel=\"noopener\">ZUR SITE VON UNICA GEHEN<\/a><\/p>\n<\/div>\n","protected":false},"excerpt":{"rendered":"<p>Die Semmelweis Universit\u00e4t ist Mitglied in mehreren internationalen Organisationen, die darauf abzielen, gute Praktiken und Wissen zwischen Hochschulen auszutauschen, gemeinsam \u00fcber globale Herausforderungen nachzudenken und transnationale Bildungs- und Mobilit\u00e4tsprogramme zu entwickeln. &nbsp; ASSOCIATION FOR MEDICAL EDUCATION (AMEE) <a href=\"https:\/\/semmelweis.hu\/nki\/files\/2022\/01\/amee.jpg\"><\/a> AMEE ist eine weltweite Organisation mit Mitgliedern in 90 L\u00e4ndern auf f\u00fcnf Kontinenten. Zu den Mitgliedern geh\u00f6ren Lehrer, &hellip;<\/p>\n","protected":false},"author":203,"featured_media":0,"parent":0,"menu_order":28,"comment_status":"closed","ping_status":"closed","template":"template-fullwidth.php","meta":{"_acf_changed":false,"footnotes":""},"categories":[],"tags":[],"class_list":["post-739","page","type-page","status-publish","hentry"],"acf":[],"_links":{"self":[{"href":"https:\/\/semmelweis.hu\/nki\/wp-json\/wp\/v2\/pages\/739","targetHints":{"allow":["GET"]}}],"collection":[{"href":"https:\/\/semmelweis.hu\/nki\/wp-json\/wp\/v2\/pages"}],"about":[{"href":"https:\/\/semmelweis.hu\/nki\/wp-json\/wp\/v2\/types\/page"}],"author":[{"embeddable":true,"href":"https:\/\/semmelweis.hu\/nki\/wp-json\/wp\/v2\/users\/203"}],"replies":[{"embeddable":true,"href":"https:\/\/semmelweis.hu\/nki\/wp-json\/wp\/v2\/comments?post=739"}],"version-history":[{"count":10,"href":"https:\/\/semmelweis.hu\/nki\/wp-json\/wp\/v2\/pages\/739\/revisions"}],"predecessor-version":[{"id":32830,"href":"https:\/\/semmelweis.hu\/nki\/wp-json\/wp\/v2\/pages\/739\/revisions\/32830"}],"wp:attachment":[{"href":"https:\/\/semmelweis.hu\/nki\/wp-json\/wp\/v2\/media?parent=739"}],"wp:term":[{"taxonomy":"category","embeddable":true,"href":"https:\/\/semmelweis.hu\/nki\/wp-json\/wp\/v2\/categories?post=739"},{"taxonomy":"post_tag","embeddable":true,"href":"https:\/\/semmelweis.hu\/nki\/wp-json\/wp\/v2\/tags?post=739"}],"curies":[{"name":"wp","href":"https:\/\/api.w.org\/{rel}","templated":true}]}}