{"id":736,"date":"2014-05-19T11:57:12","date_gmt":"2012-03-06T08:00:03","guid":{"rendered":"http:\/\/semmelweis.hu\/nki\/?page_id=736"},"modified":"2026-01-16T09:50:19","modified_gmt":"2026-01-16T08:50:19","slug":"mitarbeiter","status":"publish","type":"page","link":"https:\/\/semmelweis.hu\/nki\/de\/uber-uns\/mitarbeiter\/","title":{"rendered":"Unsere Mitarbeiter"},"content":{"rendered":"<h6><b>Dr. Tam\u00e1s Heged\u00fcs<\/b><br \/>\n<em>Direktor<\/em><\/h6>\n<h6><a href=\"mailto:hegedus.tamas@semmelweis.hu\">hegedus.tamas@semmelweis.hu<\/a><\/h6>\n<hr \/>\n<h6><b>Levente B\u00e9la V\u00e1g\u00f3<\/b><br \/>\nStellvertretender Direktor<\/h6>\n<h6><a href=\"mailto:vago.levente@semmelweis.hu\">vago.levente@semmelweis.hu<\/a><\/h6>\n<hr \/>\n<h3>B\u00dcRO F\u00dcR INTERNATIONALE BEZIEHUNGEN<\/h3>\n<hr \/>\n<p><img loading=\"lazy\" decoding=\"async\" class=\"alignleft wp-image-33171\" src=\"https:\/\/semmelweis.hu\/nki\/files\/2024\/10\/Dia-400x400.jpg\" alt=\"\" width=\"124\" height=\"124\" srcset=\"https:\/\/semmelweis.hu\/nki\/files\/2024\/10\/Dia-400x400.jpg 400w, https:\/\/semmelweis.hu\/nki\/files\/2024\/10\/Dia-1024x1024.jpg 1024w, https:\/\/semmelweis.hu\/nki\/files\/2024\/10\/Dia-150x150.jpg 150w, https:\/\/semmelweis.hu\/nki\/files\/2024\/10\/Dia-768x768.jpg 768w, https:\/\/semmelweis.hu\/nki\/files\/2024\/10\/Dia-753x753.jpg 753w, https:\/\/semmelweis.hu\/nki\/files\/2024\/10\/Dia.jpg 1068w\" sizes=\"auto, (max-width: 124px) 100vw, 124px\" \/><\/p>\n<h6><strong>Di\u00e1na M\u00f3dos<\/strong> <br \/>\n<em>Projektkoordinatorin<\/em><\/h6>\n<h6>\n<a href=\"mailto:modos.diana@semmelweis.hu\">modos.diana@semmelweis.hu<\/a><\/h6>\n<hr \/>\n<h6><strong>Dr. Judit Vadl\u00f6v\u0151<\/strong><br \/>\n<em>Projektkoordinatorin &#8211; z.Z. befindet sich in Elternzeit<\/em><\/h6>\n<hr \/>\n<h6><strong>Marianna Kov\u00e1cs-Gyurkovics<\/strong><br \/>\n<em>Projektkoordinatorin &#8211; z.Z. befindet sich in Elternzeit<\/em><\/h6>\n<hr \/>\n<h3>EUniWell<\/h3>\n<hr \/>\n<p><img loading=\"lazy\" decoding=\"async\" class=\"alignleft wp-image-33290\" src=\"https:\/\/semmelweis.hu\/nki\/files\/2024\/11\/Fanni-400x400.png\" alt=\"\" width=\"124\" height=\"124\" srcset=\"https:\/\/semmelweis.hu\/nki\/files\/2024\/11\/Fanni-400x400.png 400w, https:\/\/semmelweis.hu\/nki\/files\/2024\/11\/Fanni-150x150.png 150w, https:\/\/semmelweis.hu\/nki\/files\/2024\/11\/Fanni.png 500w\" sizes=\"auto, (max-width: 124px) 100vw, 124px\" \/><\/p>\n<h6><strong><span class=\"OYPEnA font-feature-liga-off font-feature-clig-off font-feature-calt-off text-decoration-none text-strikethrough-none\">Fanni Matyasovszky<\/span><\/strong><br \/>\n<em>Projektkoordinatorin<\/em><\/h6>\n<h6>\n<a href=\"mailto:matyasovszki.fanni.sara@semmelweis.hu\">matyasovszki.fanni.sara@semmelweis.hu<\/a><\/h6>\n<hr \/>\n<h6><b>Anett Varga<\/b><\/h6>\n<h6><em>Projektkoordinatorin<\/em><\/h6>\n<h6><a href=\"mailto:varga.anett@semmelweis.hu\">varga.anett@semmelweis.hu<\/a><\/h6>\n<hr \/>\n<h3>ABTEILUNG F\u00dcR BILATERALE UND VORRANGIGE DEUTSCHSPRACHIGE BEZIEHUNGEN<\/h3>\n<hr \/>\n<p><img loading=\"lazy\" decoding=\"async\" class=\"alignleft wp-image-33175\" src=\"https:\/\/semmelweis.hu\/nki\/files\/2024\/10\/Jutka-400x400.jpg\" alt=\"\" width=\"124\" height=\"124\" srcset=\"https:\/\/semmelweis.hu\/nki\/files\/2024\/10\/Jutka-400x400.jpg 400w, https:\/\/semmelweis.hu\/nki\/files\/2024\/10\/Jutka-1024x1024.jpg 1024w, https:\/\/semmelweis.hu\/nki\/files\/2024\/10\/Jutka-150x150.jpg 150w, https:\/\/semmelweis.hu\/nki\/files\/2024\/10\/Jutka-768x768.jpg 768w, https:\/\/semmelweis.hu\/nki\/files\/2024\/10\/Jutka-753x753.jpg 753w, https:\/\/semmelweis.hu\/nki\/files\/2024\/10\/Jutka.jpg 1068w\" sizes=\"auto, (max-width: 124px) 100vw, 124px\" \/><\/p>\n<h6><strong>Judit Szlov\u00e1k<\/strong><br \/>\nAbteilungsleiterin<\/h6>\n<h6>\n<a href=\"mailto:szlovak.judit@semmelweis.hu\">szlovak.judit@semmelweis.hu<\/a><\/h6>\n<hr \/>\n<p><img loading=\"lazy\" decoding=\"async\" class=\"alignleft wp-image-33170\" src=\"https:\/\/semmelweis.hu\/nki\/files\/2024\/10\/Andi-400x400.jpg\" alt=\"\" width=\"124\" height=\"124\" srcset=\"https:\/\/semmelweis.hu\/nki\/files\/2024\/10\/Andi-400x400.jpg 400w, https:\/\/semmelweis.hu\/nki\/files\/2024\/10\/Andi-1024x1024.jpg 1024w, https:\/\/semmelweis.hu\/nki\/files\/2024\/10\/Andi-150x150.jpg 150w, https:\/\/semmelweis.hu\/nki\/files\/2024\/10\/Andi-768x768.jpg 768w, https:\/\/semmelweis.hu\/nki\/files\/2024\/10\/Andi-753x753.jpg 753w, https:\/\/semmelweis.hu\/nki\/files\/2024\/10\/Andi.jpg 1068w\" sizes=\"auto, (max-width: 124px) 100vw, 124px\" \/><\/p>\n<h6><strong>Andrea Bolg\u00e1rn\u00e9 Menyh\u00e1rt<\/strong><br \/>\n<em>Projektkoordinatorin<\/em><\/h6>\n<h6>\n<a href=\"mailto:bolgar.andrea@semmelweis.hu\">bolgar.andrea@semmelweis.hu<\/a><\/h6>\n<hr \/>\n<h6><b>Katalin F. T\u00f3th<\/b><br \/>\n<em>Projektkoordinatorin<\/em><\/h6>\n<h6><a href=\"mailto:f.toth.katalin@semmelweis.hu\">f.toth.katalin@semmelweis.hu<\/a><\/h6>\n<hr \/>\n<h3>ABTEILUNG F\u00dcR INTERNATIONALE MOBILIT\u00c4T<\/h3>\n<hr \/>\n<h6><b>Krisztina Fodor<\/b><br \/>\nAbteilungsleiterin<\/h6>\n<h6>+36 1 459-1500\/ 56379<br \/>\n<a href=\"mailto:fodor.krisztina1@semmelweis.hu\">fodor.krisztina1@semmelweis.hu<\/a><\/h6>\n<hr \/>\n<p><img loading=\"lazy\" decoding=\"async\" class=\"alignleft wp-image-33176\" src=\"https:\/\/semmelweis.hu\/nki\/files\/2024\/10\/K-400x400.jpg\" alt=\"\" width=\"124\" height=\"124\" srcset=\"https:\/\/semmelweis.hu\/nki\/files\/2024\/10\/K-400x400.jpg 400w, https:\/\/semmelweis.hu\/nki\/files\/2024\/10\/K-1024x1024.jpg 1024w, https:\/\/semmelweis.hu\/nki\/files\/2024\/10\/K-150x150.jpg 150w, https:\/\/semmelweis.hu\/nki\/files\/2024\/10\/K-768x768.jpg 768w, https:\/\/semmelweis.hu\/nki\/files\/2024\/10\/K-753x753.jpg 753w, https:\/\/semmelweis.hu\/nki\/files\/2024\/10\/K.jpg 1068w\" sizes=\"auto, (max-width: 124px) 100vw, 124px\" \/><\/p>\n<h6><strong>Katalin Ill\u00e9s-Romh\u00e1nyi<\/strong><br \/>\n<em>Projektkoordinatorin<\/em><\/h6>\n<h6>+36 1 459-1500\/ 56346<br \/>\n<a href=\"mailto:romhanyi.katalin@semmelweis.hu\">romhanyi.katalin@semmelweis.hu<\/a><\/h6>\n<hr \/>\n<p><img loading=\"lazy\" decoding=\"async\" class=\"alignleft wp-image-33180\" src=\"https:\/\/semmelweis.hu\/nki\/files\/2024\/10\/Zsofi-400x400.jpg\" alt=\"\" width=\"124\" height=\"124\" srcset=\"https:\/\/semmelweis.hu\/nki\/files\/2024\/10\/Zsofi-400x400.jpg 400w, https:\/\/semmelweis.hu\/nki\/files\/2024\/10\/Zsofi-1024x1024.jpg 1024w, https:\/\/semmelweis.hu\/nki\/files\/2024\/10\/Zsofi-150x150.jpg 150w, https:\/\/semmelweis.hu\/nki\/files\/2024\/10\/Zsofi-768x768.jpg 768w, https:\/\/semmelweis.hu\/nki\/files\/2024\/10\/Zsofi-753x753.jpg 753w, https:\/\/semmelweis.hu\/nki\/files\/2024\/10\/Zsofi.jpg 1068w\" sizes=\"auto, (max-width: 124px) 100vw, 124px\" \/><\/p>\n<h6><strong>Zs\u00f3fia Fejes<\/strong><br \/>\n<em>Administrative Koordinatorin<\/em><\/h6>\n<h6>+36 1 459-1500\/ 56379<br \/>\n<a href=\"mailto:fejes.zsofia.melinda@semmelweis.hu\">fejes.zsofia.melinda@semmelweis.hu<\/a><\/h6>\n<hr \/>\n<h3>INTERNATIONALES KURZPROGRAMMB\u00dcRO<\/h3>\n<hr \/>\n<h6><b>Laura Z\u0151di<\/b><br \/>\n<em>Projektkoordinatorin<\/em><\/h6>\n<h6><a href=\"mailto:zodi.laura.anna@semmelweis.hu\">zodi.laura.anna@semmelweis.hu<\/a><\/h6>\n<h6>\u00a0<\/h6>\n<p>&nbsp;<\/p>\n","protected":false},"excerpt":{"rendered":"<p>Dr. Tam\u00e1s Heged\u00fcs Direktor <a href=\"mailto:hegedus.tamas@semmelweis.hu\">hegedus.tamas@semmelweis.hu<\/a> Levente B\u00e9la V\u00e1g\u00f3 Stellvertretender Direktor <a href=\"mailto:vago.levente@semmelweis.hu\">vago.levente@semmelweis.hu<\/a> B\u00dcRO F\u00dcR INTERNATIONALE BEZIEHUNGEN Di\u00e1na M\u00f3dos Projektkoordinatorin <a href=\"mailto:modos.diana@semmelweis.hu\">modos.diana@semmelweis.hu<\/a> Dr. Judit Vadl\u00f6v\u0151 Projektkoordinatorin &#8211; z.Z. befindet sich in Elternzeit Marianna Kov\u00e1cs-Gyurkovics Projektkoordinatorin &#8211; z.Z. befindet sich in Elternzeit EUniWell Fanni Matyasovszky Projektkoordinatorin <a href=\"mailto:matyasovszki.fanni.sara@semmelweis.hu\">matyasovszki.fanni.sara@semmelweis.hu<\/a> Anett Varga Projektkoordinatorin <a href=\"mailto:varga.anett@semmelweis.hu\">varga.anett@semmelweis.hu<\/a> ABTEILUNG F\u00dcR BILATERALE UND VORRANGIGE DEUTSCHSPRACHIGE BEZIEHUNGEN Judit Szlov\u00e1k Abteilungsleiterin <a href=\"mailto:szlovak.judit@semmelweis.hu\">szlovak.judit@semmelweis.hu<\/a> Andrea Bolg\u00e1rn\u00e9 Menyh\u00e1rt &hellip;<\/p>\n","protected":false},"author":203,"featured_media":0,"parent":727,"menu_order":2,"comment_status":"closed","ping_status":"open","template":"template-fullwidth.php","meta":{"_acf_changed":false,"footnotes":""},"categories":[],"tags":[],"class_list":["post-736","page","type-page","status-publish","hentry"],"acf":[],"_links":{"self":[{"href":"https:\/\/semmelweis.hu\/nki\/wp-json\/wp\/v2\/pages\/736","targetHints":{"allow":["GET"]}}],"collection":[{"href":"https:\/\/semmelweis.hu\/nki\/wp-json\/wp\/v2\/pages"}],"about":[{"href":"https:\/\/semmelweis.hu\/nki\/wp-json\/wp\/v2\/types\/page"}],"author":[{"embeddable":true,"href":"https:\/\/semmelweis.hu\/nki\/wp-json\/wp\/v2\/users\/203"}],"replies":[{"embeddable":true,"href":"https:\/\/semmelweis.hu\/nki\/wp-json\/wp\/v2\/comments?post=736"}],"version-history":[{"count":11,"href":"https:\/\/semmelweis.hu\/nki\/wp-json\/wp\/v2\/pages\/736\/revisions"}],"predecessor-version":[{"id":34301,"href":"https:\/\/semmelweis.hu\/nki\/wp-json\/wp\/v2\/pages\/736\/revisions\/34301"}],"up":[{"embeddable":true,"href":"https:\/\/semmelweis.hu\/nki\/wp-json\/wp\/v2\/pages\/727"}],"wp:attachment":[{"href":"https:\/\/semmelweis.hu\/nki\/wp-json\/wp\/v2\/media?parent=736"}],"wp:term":[{"taxonomy":"category","embeddable":true,"href":"https:\/\/semmelweis.hu\/nki\/wp-json\/wp\/v2\/categories?post=736"},{"taxonomy":"post_tag","embeddable":true,"href":"https:\/\/semmelweis.hu\/nki\/wp-json\/wp\/v2\/tags?post=736"}],"curies":[{"name":"wp","href":"https:\/\/api.w.org\/{rel}","templated":true}]}}