{"id":729,"date":"2014-05-19T11:51:27","date_gmt":"2014-03-27T11:15:58","guid":{"rendered":"http:\/\/semmelweis.hu\/nki\/?page_id=729"},"modified":"2026-01-21T09:53:40","modified_gmt":"2026-01-21T08:53:40","slug":"grusswort","status":"publish","type":"page","link":"https:\/\/semmelweis.hu\/nki\/de\/uber-uns\/grusswort\/","title":{"rendered":"Unsere Botschaft"},"content":{"rendered":"<div class=\"keretes w-100\">\n<p><strong>WILLKOMMEN AN DER SEMMELWEIS UNIVERSIT\u00c4T!<\/strong><\/p>\n<p style=\"text-align: justify\"><img loading=\"lazy\" decoding=\"async\" class=\"size-medium wp-image-7689 alignleft\" src=\"https:\/\/semmelweis.hu\/nki\/files\/2021\/01\/Dr.-Pop-Marcel_portr\u00e9-2021-201x300.jpg\" alt=\"\" width=\"201\" height=\"300\" \/><\/p>\n<p>An der Semmelweis Universit\u00e4t widmen wir uns der <strong>F\u00f6rderung der globalen Gesundheit durch internationale Partnerschaften, Mobilit\u00e4t und akademische Programme<\/strong>. Mit einem hochmotivierten professionellen Team spielen wir eine entscheidende Rolle bei der Umsetzung der Internationalisierungsstrategie unserer Universit\u00e4t, indem sie internationale Mobilit\u00e4t koordiniert, langj\u00e4hrige internationale Partnerschaften pflegt und f\u00f6rdert, neue Partnerschaften aufbaut und aktiv zur Realisierung internationaler Projekte und Ausbildungsprogramme beitr\u00e4gt.<\/p>\n<p>Im Rahmen dieser Aktivit\u00e4ten streben wir danach, ein <strong>robustes Netzwerk globaler akademischer und wissenschaftlicher<\/strong> <strong>Verbindungen zu entwickeln<\/strong>, das nicht nur die Mission und Ziele unserer Universit\u00e4t vorantreibt, sondern auch signifikante Auswirkungen auf regionaler und globaler Ebene erzielt. Unser umfangreiches Netzwerk, bestehend aus \u00fcber 200 Partnerschaften, unterstreicht unser Engagement f\u00fcr die Etablierung grenz\u00fcberschreitender Zusammenarbeit und die F\u00f6rderung qualitativ hochwertiger Projekte. Dieses Netzwerk dient als fruchtbarer Boden f\u00fcr die Umsetzung wirklich kooperativer Programme, die darauf abzielen, globale Herausforderungen im Gesundheitswesen und dar\u00fcber hinaus anzugehen.<\/p>\n<p>Mit einer Geschichte von \u00fcber 255 Jahren steht die Semmelweis Universit\u00e4t als eine S\u00e4ule der Exzellenz in der globalen Akademie da und tr\u00e4gt eine bedeutende soziale, akademische und wissenschaftliche Verantwortung. Trotz beispielloser Herausforderungen wie der Pandemie, geopolitischer Spannungen und Konflikte bleibt unsere Universit\u00e4t als herausragender Akteur in den Bereichen Bildung, Forschung, Innovation und Patientenversorgung aktiv engagiert. Als Universit\u00e4t sind wir nicht nur ein Wissenszentrum, sondern auch eine wichtige S\u00e4ule der Gesellschaft, insbesondere in schwierigen Zeiten. Wir erkennen unsere Verantwortung an, positive Ver\u00e4nderungen zu bewirken und unseren Studenten, Forschern und medizinischen Fachleute eine sichere Grundlage zu bieten.<\/p>\n<p>Die Vielfalt und der internationale Charakter der Semmelweis Universit\u00e4t zeigen sich in unseren <strong>langj\u00e4hrigen internationalen Programmen,<\/strong> den Studenten aus mehr als 100 L\u00e4ndern, unserem umfangreichen Alumni-Netzwerk und den bemerkenswerten wissenschaftlichen Leistungen, die durch internationale Zusammenarbeit erzielt wurden. W\u00e4hrend unserer Universit\u00e4tsgeschichte haben unsere internationalen Alumni immer das hier erworbene Wissen und die Erfahrungen weitergegeben und damit zu ihren jeweiligen Berufen weltweit beigetragen und das Netzwerk der Fachleute als Botschafter der Semmelweis Universit\u00e4t erweitert.<\/p>\n<p>An der Semmelweis Universit\u00e4t bieten wir eine<strong> vielf\u00e4ltige Palette von M\u00f6glichkeiten zum Austausch von Wissen und Fachkenntnissen in Bildung, Forschung und Patientenversorgung<\/strong>. Ob durch Vollzeitprogramme, ma\u00dfgeschneiderte Kurzkurse oder intensive theoretische und praktische Schulungen, unsere Angebote sind darauf ausgerichtet, den Bed\u00fcrfnissen von Studenten und Fachleuten gleicherma\u00dfen gerecht zu werden. Die Hingabe der Semmelweis Universit\u00e4t an Exzellenz wird durch unsere prestigetr\u00e4chtige Positionierung unter den besten 1 % der Hochschuleinrichtungen weltweit unterstrichen.<\/p>\n<p>Wir hei\u00dfen alle herzlich willkommen, die unser unersch\u00fctterliches Engagement f\u00fcr die F\u00f6rderung des Gesundheitswesens und die Bereicherung des Lebens weltweit teilen. Hier an der Semmelweis Universit\u00e4t vereinen sich Innovation, Zusammenarbeit und Streben nach Exzellenz, um den Weg f\u00fcr die Zukunft der globalen Gesundheit zu ebnen.<\/p>\n<\/div>\n","protected":false},"excerpt":{"rendered":"<p>Unsere Botschaft ist neben Pflege der vorhandenen ausl\u00e4ndischen Beziehungen, zur Gestaltung von neuen Beziehungen beizutragen und um dadurch die internationale Konkurrenzf\u00e4higkeit und den Ruf unserer Universit\u00e4t auf eine noch h\u00f6here Ebene  bringen zu k\u00f6nnen.<br \/>\nEiner der wichtigsten Punkte von unserer internationalen Strategie ist das Ziel, unsere Universit\u00e4t in den internationalen  Ranglisten unter die TOP 100 zu bringen. Dazu ist es unerl\u00e4sslich, um unsere internationalen Beziehungen weiter zu entwickeln, die internationale Sichtbarkeit der Semmelweis Universit\u00e4t zu erh\u00f6hen und unsere F\u00fchrungsrolle in Mittelosteuropa auf den drei wichtigsten Gebieten \u2013 Bildung, Forschung und Klinikum \u2013 zu verst\u00e4rken.<\/p>\n","protected":false},"author":203,"featured_media":32371,"parent":727,"menu_order":0,"comment_status":"closed","ping_status":"closed","template":"template-fullwidth.php","meta":{"_acf_changed":false,"footnotes":""},"categories":[],"tags":[],"class_list":["post-729","page","type-page","status-publish","has-post-thumbnail","hentry"],"acf":[],"_links":{"self":[{"href":"https:\/\/semmelweis.hu\/nki\/wp-json\/wp\/v2\/pages\/729","targetHints":{"allow":["GET"]}}],"collection":[{"href":"https:\/\/semmelweis.hu\/nki\/wp-json\/wp\/v2\/pages"}],"about":[{"href":"https:\/\/semmelweis.hu\/nki\/wp-json\/wp\/v2\/types\/page"}],"author":[{"embeddable":true,"href":"https:\/\/semmelweis.hu\/nki\/wp-json\/wp\/v2\/users\/203"}],"replies":[{"embeddable":true,"href":"https:\/\/semmelweis.hu\/nki\/wp-json\/wp\/v2\/comments?post=729"}],"version-history":[{"count":13,"href":"https:\/\/semmelweis.hu\/nki\/wp-json\/wp\/v2\/pages\/729\/revisions"}],"predecessor-version":[{"id":34342,"href":"https:\/\/semmelweis.hu\/nki\/wp-json\/wp\/v2\/pages\/729\/revisions\/34342"}],"up":[{"embeddable":true,"href":"https:\/\/semmelweis.hu\/nki\/wp-json\/wp\/v2\/pages\/727"}],"wp:featuredmedia":[{"embeddable":true,"href":"https:\/\/semmelweis.hu\/nki\/wp-json\/wp\/v2\/media\/32371"}],"wp:attachment":[{"href":"https:\/\/semmelweis.hu\/nki\/wp-json\/wp\/v2\/media?parent=729"}],"wp:term":[{"taxonomy":"category","embeddable":true,"href":"https:\/\/semmelweis.hu\/nki\/wp-json\/wp\/v2\/categories?post=729"},{"taxonomy":"post_tag","embeddable":true,"href":"https:\/\/semmelweis.hu\/nki\/wp-json\/wp\/v2\/tags?post=729"}],"curies":[{"name":"wp","href":"https:\/\/api.w.org\/{rel}","templated":true}]}}