{"id":6446,"date":"2021-09-15T12:44:19","date_gmt":"2021-09-15T10:44:19","guid":{"rendered":"https:\/\/semmelweis.hu\/nki\/?page_id=6446"},"modified":"2024-05-15T12:04:18","modified_gmt":"2024-05-15T10:04:18","slug":"kozep-es-del-amerika","status":"publish","type":"page","link":"https:\/\/semmelweis.hu\/nki\/partnerintezmenyek\/kozep-es-del-amerika\/","title":{"rendered":"K\u00f6z\u00e9p-\u00e9s D\u00e9l Amerikai partnerint\u00e9zm\u00e9nyek"},"content":{"rendered":"\n<table id=\"tablepress-31\" class=\"tablepress tablepress-id-31 tbody-has-connected-cells\">\n<thead>\n<tr class=\"row-1\">\n\t<td class=\"column-1\"><\/td><th class=\"column-2\">R\u00e9szt vev\u0151 karok<\/th><th class=\"column-3\">Kapcsolat jellege<\/th><th class=\"column-4\">Kapcsolat kezdete<\/th>\n<\/tr>\n<\/thead>\n<tbody class=\"row-striping row-hover\">\n<tr class=\"row-2\">\n\t<td colspan=\"4\" rowspan=\"2\" class=\"column-1\"><h4 id=\"brazilia\"><strong>      Braz\u00edlia<\/strong><\/h4><\/td>\n<\/tr>\n<tr class=\"row-3\">\n\t\n<\/tr>\n<tr class=\"row-4\">\n\t<td rowspan=\"2\" class=\"column-1\"><a href=\"https:\/\/unimontes.br\/#\"><img loading=\"lazy\" decoding=\"async\" src=\"https:\/\/upload.wikimedia.org\/wikipedia\/commons\/1\/17\/Unimontes.jpg\" alt=\"\" width=\"100\" height=\"101\" class=\"aligncenter size-full wp-image-332\" \/><\/a><\/td><td colspan=\"3\" class=\"column-2\"><strong>State University of Montes Claros<\/td>\n<\/tr>\n<tr class=\"row-5\">\n\t<td class=\"column-2\">\u00c1ltal\u00e1nos Orvostudom\u00e1nyi Kar<\/td><td class=\"column-3\">Oktat\u00f3csere<br \/>\nHallgat\u00f3csere<br \/>\nK\u00f6z\u00f6s kutat\u00e1s<\/td><td class=\"column-4\">2021<\/td>\n<\/tr>\n<tr class=\"row-6\">\n\t<td colspan=\"4\" rowspan=\"2\" class=\"column-1\"><h4 id=\"chile\"><strong>      Chile<\/strong><\/h4><\/td>\n<\/tr>\n<tr class=\"row-7\">\n\t\n<\/tr>\n<tr class=\"row-8\">\n\t<td rowspan=\"2\" class=\"column-1\"><a href=\"https:\/\/www.uc.cl\/#\"><img loading=\"lazy\" decoding=\"async\" src=\"https:\/\/semmelweis.hu\/english\/files\/2020\/05\/universidad-catolica-de-chile-150x150-1.png\" alt=\"\" width=\"100\" height=\"101\" class=\"aligncenter size-full wp-image-332\" \/><\/a><\/td><td colspan=\"3\" class=\"column-2\"><strong>Pontificia Universidad Cat\u00f3lica de Chile<\/td>\n<\/tr>\n<tr class=\"row-9\">\n\t<td class=\"column-2\">\u00c1ltal\u00e1nos<\/td><td class=\"column-3\">Oktat\u00f3csere<br \/>\nHallgat\u00f3csere<br \/>\nK\u00f6z\u00f6s kutat\u00e1s<\/td><td class=\"column-4\">2018<\/td>\n<\/tr>\n<tr class=\"row-10\">\n\t<td colspan=\"4\" class=\"column-1\"><h4 id=\"dominika\"><strong>      Dominikai K\u00f6zt\u00e1rsas\u00e1g<\/strong><\/h4><\/td>\n<\/tr>\n<tr class=\"row-11\">\n\t<td rowspan=\"2\" class=\"column-1\"><a href=\"https:\/\/www.intec.edu.do\/\"><img loading=\"lazy\" decoding=\"async\" src=\"https:\/\/semmelweis.hu\/english\/files\/2020\/05\/Instituto_Tecnol\u00f3gico_de_Santo_Domingo_logo-150x150-1.jpg\" alt=\"\" width=\"100\" height=\"101\" class=\"aligncenter size-full wp-image-332\" \/><\/a><\/td><td colspan=\"3\" class=\"column-2\"><strong>Instituto Tecnol\u00f3gico de Santo Domingo<\/td>\n<\/tr>\n<tr class=\"row-12\">\n\t<td class=\"column-2\">\u00c1ltal\u00e1nos<\/td><td class=\"column-3\">Oktat\u00f3csere<br \/>\nHallgat\u00f3csere<br \/>\nK\u00f6z\u00f6s kutat\u00e1s<\/td><td class=\"column-4\">2020<\/td>\n<\/tr>\n<tr class=\"row-13\">\n\t<td colspan=\"4\" class=\"column-1\"><h4 id=\"mexiko\"><strong>      Mexik\u00f3<\/strong><\/h4><\/td>\n<\/tr>\n<tr class=\"row-14\">\n\t<td rowspan=\"2\" class=\"column-1\"><a href=\"http:\/\/www.utez.edu.mx\/\"><img loading=\"lazy\" decoding=\"async\" src=\"https:\/\/semmelweis.hu\/nki\/files\/2020\/05\/utez_anterior.gif\" alt=\"\" width=\"100\" height=\"101\" class=\"aligncenter size-full wp-image-332\" \/><\/a><\/td><td colspan=\"3\" class=\"column-2\"><strong>Universidad Tecnol\u00f3gica Emiliano Zapata del Estado de Morelos<\/td>\n<\/tr>\n<tr class=\"row-15\">\n\t<td class=\"column-2\">\u00c1ltal\u00e1nos<\/td><td class=\"column-3\">Oktat\u00f3csere<br \/>\nHallgat\u00f3csere<br \/>\nK\u00f6z\u00f6s kutat\u00e1s<\/td><td class=\"column-4\">2018<\/td>\n<\/tr>\n<\/tbody>\n<\/table>\n<!-- #tablepress-31 from cache -->\n","protected":false},"excerpt":{"rendered":"","protected":false},"author":362,"featured_media":28794,"parent":6155,"menu_order":0,"comment_status":"closed","ping_status":"closed","template":"template-fullwidth.php","meta":{"_acf_changed":false,"footnotes":""},"categories":[],"tags":[264],"class_list":["post-6446","page","type-page","status-publish","has-post-thumbnail","hentry","tag-kontinens"],"acf":[],"_links":{"self":[{"href":"https:\/\/semmelweis.hu\/nki\/wp-json\/wp\/v2\/pages\/6446","targetHints":{"allow":["GET"]}}],"collection":[{"href":"https:\/\/semmelweis.hu\/nki\/wp-json\/wp\/v2\/pages"}],"about":[{"href":"https:\/\/semmelweis.hu\/nki\/wp-json\/wp\/v2\/types\/page"}],"author":[{"embeddable":true,"href":"https:\/\/semmelweis.hu\/nki\/wp-json\/wp\/v2\/users\/362"}],"replies":[{"embeddable":true,"href":"https:\/\/semmelweis.hu\/nki\/wp-json\/wp\/v2\/comments?post=6446"}],"version-history":[{"count":10,"href":"https:\/\/semmelweis.hu\/nki\/wp-json\/wp\/v2\/pages\/6446\/revisions"}],"predecessor-version":[{"id":31345,"href":"https:\/\/semmelweis.hu\/nki\/wp-json\/wp\/v2\/pages\/6446\/revisions\/31345"}],"up":[{"embeddable":true,"href":"https:\/\/semmelweis.hu\/nki\/wp-json\/wp\/v2\/pages\/6155"}],"wp:featuredmedia":[{"embeddable":true,"href":"https:\/\/semmelweis.hu\/nki\/wp-json\/wp\/v2\/media\/28794"}],"wp:attachment":[{"href":"https:\/\/semmelweis.hu\/nki\/wp-json\/wp\/v2\/media?parent=6446"}],"wp:term":[{"taxonomy":"category","embeddable":true,"href":"https:\/\/semmelweis.hu\/nki\/wp-json\/wp\/v2\/categories?post=6446"},{"taxonomy":"post_tag","embeddable":true,"href":"https:\/\/semmelweis.hu\/nki\/wp-json\/wp\/v2\/tags?post=6446"}],"curies":[{"name":"wp","href":"https:\/\/api.w.org\/{rel}","templated":true}]}}