{"id":6379,"date":"2021-10-13T12:43:31","date_gmt":"2021-10-13T10:43:31","guid":{"rendered":"https:\/\/semmelweis.hu\/nki\/?page_id=6379"},"modified":"2024-05-15T12:03:44","modified_gmt":"2024-05-15T10:03:44","slug":"afrikai-partnerintezmenyeink","status":"publish","type":"page","link":"https:\/\/semmelweis.hu\/nki\/partnerintezmenyek\/afrikai-partnerintezmenyeink\/","title":{"rendered":"Afrikai partnerint\u00e9zm\u00e9nyek"},"content":{"rendered":"\n<table id=\"tablepress-21\" class=\"tablepress tablepress-id-21 tbody-has-connected-cells\">\n<thead>\n<tr class=\"row-1\">\n\t<td class=\"column-1\"><\/td><th class=\"column-2\">R\u00e9szt vev\u0151 karok<\/th><th class=\"column-3\">Kapcsolat jellege<\/th><th class=\"column-4\">Kapcsolat kezdete<\/th>\n<\/tr>\n<\/thead>\n<tbody class=\"row-striping row-hover\">\n<tr class=\"row-2\">\n\t<td colspan=\"4\" rowspan=\"2\" class=\"column-1\"><h4 id=\"marokk\u00f3\"><strong>      Marokk\u00f3<\/strong><\/h4><\/td>\n<\/tr>\n<tr class=\"row-3\">\n\t\n<\/tr>\n<tr class=\"row-4\">\n\t<td rowspan=\"2\" class=\"column-1\"><a href=\"https:\/\/www.uiass.ma\/\"><img decoding=\"async\" src=\"https:\/\/semmelweis.hu\/nki\/files\/2020\/05\/Abulcasis-University-of-Health-Sciences-150x150.png\" \/><\/a><\/td><td colspan=\"3\" class=\"column-2\"><strong>Abulcasis International University of Health Sciences<strong><\/td>\n<\/tr>\n<tr class=\"row-5\">\n\t<td class=\"column-2\">\u00c1ltal\u00e1nos, <\/td><td class=\"column-3\">Oktat\u00f3csere<br \/>\nHallgat\u00f3csere<br \/>\nK\u00f6z\u00f6s kutat\u00e1s<\/td><td class=\"column-4\">2019<\/td>\n<\/tr>\n<tr class=\"row-6\">\n\t<td colspan=\"4\" rowspan=\"2\" class=\"column-1\"><h4 id=\"nigeria\"><strong>      Nig\u00e9ria<\/strong><\/h4><\/td>\n<\/tr>\n<tr class=\"row-7\">\n\t\n<\/tr>\n<tr class=\"row-8\">\n\t<td rowspan=\"2\" class=\"column-1\"><a href=\"https:\/\/medicine.abu.edu.ng\/\"><img decoding=\"async\" src=\"http:\/\/semmelweis.hu\/nki\/files\/2016\/01\/abu-logo-e1453125223591.jpg\" \/><\/a><\/td><td colspan=\"3\" class=\"column-2\"><strong>Ahmadu Bello University - Orvostudom\u00e1nyi Kar<strong><\/td>\n<\/tr>\n<tr class=\"row-9\">\n\t<td class=\"column-2\">\u00c1ltal\u00e1nos Orvostudom\u00e1nyi Kar<\/td><td class=\"column-3\">Oktat\u00f3csere<br \/>\nHallgat\u00f3csere<br \/>\nK\u00f6z\u00f6s kutat\u00e1s<\/td><td class=\"column-4\">2015<\/td>\n<\/tr>\n<tr class=\"row-10\">\n\t<td colspan=\"4\" rowspan=\"2\" class=\"column-1\"><h4 id=\"uganda\"><strong>      Uganda<\/strong><\/h4><\/td>\n<\/tr>\n<tr class=\"row-11\">\n\t\n<\/tr>\n<tr class=\"row-12\">\n\t<td rowspan=\"2\" class=\"column-1\"><a href=\"https:\/\/www.mak.ac.ug\/\"><img decoding=\"async\" src=\"https:\/\/semmelweis.hu\/nki\/files\/2021\/12\/uganda-logo.jpg\" \/><\/a><\/td><td colspan=\"3\" class=\"column-2\"><strong>Makerere University<strong><\/td>\n<\/tr>\n<tr class=\"row-13\">\n\t<td class=\"column-2\">\u00c1ltal\u00e1nos <\/td><td class=\"column-3\">Oktat\u00f3csere<br \/>\nHallgat\u00f3csere<br \/>\nK\u00f6z\u00f6s kutat\u00e1s<\/td><td class=\"column-4\">2021 - 2026<\/td>\n<\/tr>\n<\/tbody>\n<\/table>\n<!-- #tablepress-21 from cache -->\n","protected":false},"excerpt":{"rendered":"","protected":false},"author":101614,"featured_media":28806,"parent":6155,"menu_order":1,"comment_status":"closed","ping_status":"closed","template":"template-fullwidth.php","meta":{"_acf_changed":false,"footnotes":""},"categories":[],"tags":[264],"class_list":["post-6379","page","type-page","status-publish","has-post-thumbnail","hentry","tag-kontinens"],"acf":[],"_links":{"self":[{"href":"https:\/\/semmelweis.hu\/nki\/wp-json\/wp\/v2\/pages\/6379","targetHints":{"allow":["GET"]}}],"collection":[{"href":"https:\/\/semmelweis.hu\/nki\/wp-json\/wp\/v2\/pages"}],"about":[{"href":"https:\/\/semmelweis.hu\/nki\/wp-json\/wp\/v2\/types\/page"}],"author":[{"embeddable":true,"href":"https:\/\/semmelweis.hu\/nki\/wp-json\/wp\/v2\/users\/101614"}],"replies":[{"embeddable":true,"href":"https:\/\/semmelweis.hu\/nki\/wp-json\/wp\/v2\/comments?post=6379"}],"version-history":[{"count":7,"href":"https:\/\/semmelweis.hu\/nki\/wp-json\/wp\/v2\/pages\/6379\/revisions"}],"predecessor-version":[{"id":31340,"href":"https:\/\/semmelweis.hu\/nki\/wp-json\/wp\/v2\/pages\/6379\/revisions\/31340"}],"up":[{"embeddable":true,"href":"https:\/\/semmelweis.hu\/nki\/wp-json\/wp\/v2\/pages\/6155"}],"wp:featuredmedia":[{"embeddable":true,"href":"https:\/\/semmelweis.hu\/nki\/wp-json\/wp\/v2\/media\/28806"}],"wp:attachment":[{"href":"https:\/\/semmelweis.hu\/nki\/wp-json\/wp\/v2\/media?parent=6379"}],"wp:term":[{"taxonomy":"category","embeddable":true,"href":"https:\/\/semmelweis.hu\/nki\/wp-json\/wp\/v2\/categories?post=6379"},{"taxonomy":"post_tag","embeddable":true,"href":"https:\/\/semmelweis.hu\/nki\/wp-json\/wp\/v2\/tags?post=6379"}],"curies":[{"name":"wp","href":"https:\/\/api.w.org\/{rel}","templated":true}]}}