{"id":6372,"date":"2021-12-13T12:42:11","date_gmt":"2021-12-13T11:42:11","guid":{"rendered":"https:\/\/semmelweis.hu\/nki\/?page_id=6372"},"modified":"2024-05-15T11:58:19","modified_gmt":"2024-05-15T09:58:19","slug":"kozel-keleti-partnerintezmenyeink","status":"publish","type":"page","link":"https:\/\/semmelweis.hu\/nki\/partnerintezmenyek\/kozel-keleti-partnerintezmenyeink\/","title":{"rendered":"K\u00f6zel-Keleti partnerint\u00e9zm\u00e9nyek"},"content":{"rendered":"\n<table id=\"tablepress-7\" class=\"tablepress tablepress-id-7 tbody-has-connected-cells\">\n<thead>\n<tr class=\"row-1\">\n\t<td class=\"column-1\"><\/td><th class=\"column-2\">R\u00e9szt vev\u0151 karok<\/th><th class=\"column-3\">Kapcsolat jellege<\/th><th class=\"column-4\">Kapcsolat kezdete<\/th>\n<\/tr>\n<\/thead>\n<tbody class=\"row-striping\">\n<tr class=\"row-2\">\n\t<td colspan=\"4\" rowspan=\"2\" class=\"column-1\"><h4 id=\"eae\"><strong>Egyes\u00fclt Arab Emir\u00e1tusok<\/strong><\/h4><\/td>\n<\/tr>\n<tr class=\"row-3\">\n\t\n<\/tr>\n<tr class=\"row-4\">\n\t<td rowspan=\"2\" class=\"column-1\"><a href=\"http:\/\/www.gmu.ac.ae\/\"><img loading=\"lazy\" decoding=\"async\" src=\"https:\/\/semmelweis.hu\/nki\/files\/2014\/03\/GMU-logo.png\" alt=\"\" width=\"100\" height=\"99\" class=\"aligncenter size-full wp-image-406\" srcset=\"https:\/\/semmelweis.hu\/nki\/files\/2014\/03\/GMU-logo.png 100w, https:\/\/semmelweis.hu\/nki\/files\/2014\/03\/GMU-logo-90x90.png 90w\" sizes=\"auto, (max-width: 100px) 100vw, 100px\" \/><\/a><\/td><td colspan=\"3\" class=\"column-2\"><strong>Gulf Medical University<\/strong><\/td>\n<\/tr>\n<tr class=\"row-5\">\n\t<td class=\"column-2\">\u00c1ltal\u00e1nos<\/td><td class=\"column-3\">Ny\u00e1ri szakmai gyakorlat<br \/>\nK\u00f6z\u00f6s kutat\u00e1s<\/td><td class=\"column-4\">2011<\/td>\n<\/tr>\n<tr class=\"row-6\">\n\t<td colspan=\"4\" class=\"column-1\"><h4 id=\"ir\u00e1ni iszl\u00e1m k\u00f6zt\u00e1rsas\u00e1g\"><strong>Ir\u00e1ni Iszl\u00e1m K\u00f6zt\u00e1rsas\u00e1g<\/strong><\/h4><\/td>\n<\/tr>\n<tr class=\"row-7\">\n\t<td rowspan=\"3\" class=\"column-1\"><a href=\"http:\/\/en.tums.ac.ir\/en\"><img loading=\"lazy\" decoding=\"async\" src=\"https:\/\/semmelweis.hu\/nki\/files\/2020\/05\/tehran-logo-150x150.png\" alt=\"\" width=\"76\" height=\"100\" class=\"aligncenter size-full wp-image-404\" \/><\/a><\/td><td colspan=\"3\" class=\"column-2\"><strong>Tehran University of Medical Sciences<\/strong><\/td>\n<\/tr>\n<tr class=\"row-8\">\n\t<td class=\"column-2\">\u00c1ltal\u00e1nos<\/td><td class=\"column-3\">Oktat\u00f3csere<br \/>\nHallgat\u00f3csere<br \/>\nK\u00f6z\u00f6s kutat\u00e1s<\/td><td class=\"column-4\">2018<\/td>\n<\/tr>\n<tr class=\"row-9\">\n\t\n<\/tr>\n<tr class=\"row-10\">\n\t<td rowspan=\"3\" class=\"column-1\"><a href=\"https:\/\/web.ssu.ac.ir\/index.aspx?tempname=MainEn&amp;lang=2&amp;sub=0\/\"><img loading=\"lazy\" decoding=\"async\" src=\"https:\/\/semmelweis.hu\/nki\/files\/2020\/05\/shahid-150x150.png\" alt=\"\" width=\"76\" height=\"100\" class=\"aligncenter size-full wp-image-404\" \/><\/a><\/td><td colspan=\"3\" class=\"column-2\"><strong>Shahid Sadoughi University of Medical Sciences<\/strong><\/td>\n<\/tr>\n<tr class=\"row-11\">\n\t<td class=\"column-2\">\u00c1ltal\u00e1nos<\/td><td class=\"column-3\">Oktat\u00f3csere<br \/>\nHallgat\u00f3csere<br \/>\nK\u00f6z\u00f6s kutat\u00e1s<\/td><td class=\"column-4\">2018<\/td>\n<\/tr>\n<tr class=\"row-12\">\n\t\n<\/tr>\n<tr class=\"row-13\">\n\t<td colspan=\"4\" rowspan=\"2\" class=\"column-1\"><h4 id=\"kuvait\"><strong>Kuvait<\/strong><\/h4><\/td>\n<\/tr>\n<tr class=\"row-14\">\n\t\n<\/tr>\n<tr class=\"row-15\">\n\t<td rowspan=\"2\" class=\"column-1\"><a href=\"http:\/\/www.kuniv.edu.kw\/\"><img loading=\"lazy\" decoding=\"async\" src=\"https:\/\/semmelweis.hu\/nki\/files\/2014\/03\/Kuwait-University-logo.png\" alt=\"\" width=\"76\" height=\"100\" class=\"aligncenter size-full wp-image-404\" \/><\/a><\/td><td colspan=\"3\" class=\"column-2\"><strong>Kuwait University<\/strong><\/td>\n<\/tr>\n<tr class=\"row-16\">\n\t<td class=\"column-2\">\u00c1ltal\u00e1nos<\/td><td class=\"column-3\">Oktat\u00f3csere<br \/>\nHallgat\u00f3csere<br \/>\nK\u00f6z\u00f6s kutat\u00e1s<\/td><td class=\"column-4\">2013<\/td>\n<\/tr>\n<\/tbody>\n<\/table>\n<!-- #tablepress-7 from cache -->\n","protected":false},"excerpt":{"rendered":"","protected":false},"author":101614,"featured_media":28792,"parent":6155,"menu_order":3,"comment_status":"closed","ping_status":"closed","template":"template-fullwidth.php","meta":{"_acf_changed":false,"footnotes":""},"categories":[],"tags":[264],"class_list":["post-6372","page","type-page","status-publish","has-post-thumbnail","hentry","tag-kontinens"],"acf":[],"_links":{"self":[{"href":"https:\/\/semmelweis.hu\/nki\/wp-json\/wp\/v2\/pages\/6372","targetHints":{"allow":["GET"]}}],"collection":[{"href":"https:\/\/semmelweis.hu\/nki\/wp-json\/wp\/v2\/pages"}],"about":[{"href":"https:\/\/semmelweis.hu\/nki\/wp-json\/wp\/v2\/types\/page"}],"author":[{"embeddable":true,"href":"https:\/\/semmelweis.hu\/nki\/wp-json\/wp\/v2\/users\/101614"}],"replies":[{"embeddable":true,"href":"https:\/\/semmelweis.hu\/nki\/wp-json\/wp\/v2\/comments?post=6372"}],"version-history":[{"count":8,"href":"https:\/\/semmelweis.hu\/nki\/wp-json\/wp\/v2\/pages\/6372\/revisions"}],"predecessor-version":[{"id":31344,"href":"https:\/\/semmelweis.hu\/nki\/wp-json\/wp\/v2\/pages\/6372\/revisions\/31344"}],"up":[{"embeddable":true,"href":"https:\/\/semmelweis.hu\/nki\/wp-json\/wp\/v2\/pages\/6155"}],"wp:featuredmedia":[{"embeddable":true,"href":"https:\/\/semmelweis.hu\/nki\/wp-json\/wp\/v2\/media\/28792"}],"wp:attachment":[{"href":"https:\/\/semmelweis.hu\/nki\/wp-json\/wp\/v2\/media?parent=6372"}],"wp:term":[{"taxonomy":"category","embeddable":true,"href":"https:\/\/semmelweis.hu\/nki\/wp-json\/wp\/v2\/categories?post=6372"},{"taxonomy":"post_tag","embeddable":true,"href":"https:\/\/semmelweis.hu\/nki\/wp-json\/wp\/v2\/tags?post=6372"}],"curies":[{"name":"wp","href":"https:\/\/api.w.org\/{rel}","templated":true}]}}