{"id":624,"date":"2014-05-19T11:57:12","date_gmt":"2012-03-06T08:00:03","guid":{"rendered":"http:\/\/semmelweis.hu\/nki\/?page_id=624"},"modified":"2026-03-19T13:10:18","modified_gmt":"2026-03-19T12:10:18","slug":"staff","status":"publish","type":"page","link":"https:\/\/semmelweis.hu\/nki\/en\/about-us\/staff\/","title":{"rendered":"Our Team"},"content":{"rendered":"<h6><b>Dr. Tam\u00e1s Heged\u00fcs<\/b><br \/>\n<em>Director<\/em><\/h6>\n<h6><a href=\"mailto:hegedus.tamas@semmelweis.hu\">hegedus.tamas@semmelweis.hu<\/a><\/h6>\n<hr \/>\n<h6><b>Levente B\u00e9la V\u00e1g\u00f3<\/b><br \/>\n<em>Vice-Director<\/em><\/h6>\n<h6><a href=\"mailto:vago.levente@semmelweis.hu\">vago.levente@semmelweis.hu<\/a><\/h6>\n<hr \/>\n<h6><b>L\u00e1szl\u00f3 K\u00f3sa<\/b><br \/>\n<em>Vice-Director<\/em><\/h6>\n<h6><a href=\"mailto:kosa.laszlo@semmelweis.hu\">kosa.laszlo@semmelweis.hu<\/a><\/h6>\n<hr \/>\n<h6><span style=\"font-size: 24px;font-weight: 600\">INTERNATIONAL RELATIONS OFFICE<\/span><\/h6>\n<hr \/>\n<p><img loading=\"lazy\" decoding=\"async\" class=\"alignleft wp-image-33171\" src=\"https:\/\/semmelweis.hu\/nki\/files\/2024\/10\/Dia-400x400.jpg\" alt=\"\" width=\"124\" height=\"124\" srcset=\"https:\/\/semmelweis.hu\/nki\/files\/2024\/10\/Dia-400x400.jpg 400w, https:\/\/semmelweis.hu\/nki\/files\/2024\/10\/Dia-1024x1024.jpg 1024w, https:\/\/semmelweis.hu\/nki\/files\/2024\/10\/Dia-150x150.jpg 150w, https:\/\/semmelweis.hu\/nki\/files\/2024\/10\/Dia-768x768.jpg 768w, https:\/\/semmelweis.hu\/nki\/files\/2024\/10\/Dia-753x753.jpg 753w, https:\/\/semmelweis.hu\/nki\/files\/2024\/10\/Dia.jpg 1068w\" sizes=\"auto, (max-width: 124px) 100vw, 124px\" \/><\/p>\n<h6><strong>Di\u00e1na M\u00f3dos<br \/>\n<\/strong><em>International Relations Expert<\/em><\/h6>\n<h6>\n<a href=\"mailto:modos.diana@semmelweis.hu\">modos.diana@semmelweis.hu<\/a><\/h6>\n<hr \/>\n<h6><strong>Gr\u00e9ta <\/strong><strong>Petr\u00e1s<br \/>\n<\/strong><em>International Relations Expert<\/em><\/h6>\n<h6><a href=\"mailto:petras.greta@semmelweis.hu\">petras.greta@semmelweis.hu<\/a><\/h6>\n<hr \/>\n<h6><strong>Dr. Judit Vadl\u00f6v\u0151<br \/>\n<\/strong><em>International Relations Expert<\/em><em> &#8211; on maternity leave<\/em><\/h6>\n<hr \/>\n<h6><strong>Marianna Kov\u00e1cs-Gyurkovics<br \/>\n<\/strong><em>International Relations Expert<\/em><em> &#8211; on maternity leave<\/em><\/h6>\n<hr \/>\n<h3>EUNIWELL<\/h3>\n<hr \/>\n<p><img loading=\"lazy\" decoding=\"async\" class=\"alignleft wp-image-33290\" src=\"https:\/\/semmelweis.hu\/nki\/files\/2024\/11\/Fanni-400x400.png\" alt=\"\" width=\"124\" height=\"124\" srcset=\"https:\/\/semmelweis.hu\/nki\/files\/2024\/11\/Fanni-400x400.png 400w, https:\/\/semmelweis.hu\/nki\/files\/2024\/11\/Fanni-150x150.png 150w, https:\/\/semmelweis.hu\/nki\/files\/2024\/11\/Fanni.png 500w\" sizes=\"auto, (max-width: 124px) 100vw, 124px\" \/><\/p>\n<h6><strong><span class=\"OYPEnA font-feature-liga-off font-feature-clig-off font-feature-calt-off text-decoration-none text-strikethrough-none\">Fanni Matyasovszki<\/span><\/strong><br \/>\n<em>EUniWell Institutional Coordinator<\/em><\/h6>\n<h6>\n<a href=\"mailto:matyasovszki.fanni.sara@semmelweis.hu\">matyasovszki.fanni.sara@semmelweis.hu<\/a><\/h6>\n<hr \/>\n<h6>\u00a0<\/h6>\n<h3>BILATERAL AND PRIORITY GERMAN RELATIONS DEPARTMENT<\/h3>\n<hr \/>\n<p><img loading=\"lazy\" decoding=\"async\" class=\"alignleft wp-image-33175\" src=\"https:\/\/semmelweis.hu\/nki\/files\/2024\/10\/Jutka-400x400.jpg\" alt=\"\" width=\"124\" height=\"124\" srcset=\"https:\/\/semmelweis.hu\/nki\/files\/2024\/10\/Jutka-400x400.jpg 400w, https:\/\/semmelweis.hu\/nki\/files\/2024\/10\/Jutka-1024x1024.jpg 1024w, https:\/\/semmelweis.hu\/nki\/files\/2024\/10\/Jutka-150x150.jpg 150w, https:\/\/semmelweis.hu\/nki\/files\/2024\/10\/Jutka-768x768.jpg 768w, https:\/\/semmelweis.hu\/nki\/files\/2024\/10\/Jutka-753x753.jpg 753w, https:\/\/semmelweis.hu\/nki\/files\/2024\/10\/Jutka.jpg 1068w\" sizes=\"auto, (max-width: 124px) 100vw, 124px\" \/><\/p>\n<h6><strong>Judit Szlov\u00e1k<\/strong><br \/>\n<span style=\"color: #333300\"><em>Head of Department<\/em><\/span><\/h6>\n<h6>\n<a href=\"mailto:szlovak.judit@semmelweis.hu\">szlovak.judit@semmelweis.hu<\/a><\/h6>\n<hr \/>\n<p><img loading=\"lazy\" decoding=\"async\" class=\"alignleft wp-image-33170\" src=\"https:\/\/semmelweis.hu\/nki\/files\/2024\/10\/Andi-400x400.jpg\" alt=\"\" width=\"124\" height=\"124\" srcset=\"https:\/\/semmelweis.hu\/nki\/files\/2024\/10\/Andi-400x400.jpg 400w, https:\/\/semmelweis.hu\/nki\/files\/2024\/10\/Andi-1024x1024.jpg 1024w, https:\/\/semmelweis.hu\/nki\/files\/2024\/10\/Andi-150x150.jpg 150w, https:\/\/semmelweis.hu\/nki\/files\/2024\/10\/Andi-768x768.jpg 768w, https:\/\/semmelweis.hu\/nki\/files\/2024\/10\/Andi-753x753.jpg 753w, https:\/\/semmelweis.hu\/nki\/files\/2024\/10\/Andi.jpg 1068w\" sizes=\"auto, (max-width: 124px) 100vw, 124px\" \/><\/p>\n<h6><strong>Andrea Bolg\u00e1rn\u00e9 Menyh\u00e1rt<br \/>\n<\/strong><em>International Relations Expert<\/em><\/h6>\n<h6>\n<a href=\"mailto:bolgar.andrea@semmelweis.hu\">bolgar.andrea@semmelweis.hu<\/a><\/h6>\n<hr \/>\n<h6><b>Katalin F. T\u00f3th<br \/>\n<\/b><em>International Relations Expert<\/em><\/h6>\n<h6><a href=\"mailto:f.toth.katalin@semmelweis.hu\">f.toth.katalin@semmelweis.hu<\/a><\/h6>\n<hr \/>\n<h6><b>M\u00e1ria <\/b><b>Nagy<br \/>\n<\/b><em>International Relations Expert<\/em><\/h6>\n<h6><a href=\"mailto:nagy.maria2@semmelweis.hu\">nagy.maria2@semmelweis.hu<\/a><\/h6>\n<hr \/>\n<h3><span style=\"color: #333300\">INTERNATIONAL MOBILITY DEPARTMENT<\/span><\/h3>\n<hr \/>\n<h6><span style=\"color: #333300\"><b>Krisztina Fodor<\/b><\/span><br \/>\n<span style=\"color: #000000\"><em>Head of Department<\/em><\/span><\/h6>\n<h6><a href=\"mailto:fodor.krisztina1@semmelweis.hu\">fodor.krisztina1@semmelweis.hu<\/a><\/h6>\n<hr \/>\n<p><img loading=\"lazy\" decoding=\"async\" class=\"alignleft wp-image-33180\" src=\"https:\/\/semmelweis.hu\/nki\/files\/2024\/10\/Zsofi-400x400.jpg\" alt=\"\" width=\"124\" height=\"124\" srcset=\"https:\/\/semmelweis.hu\/nki\/files\/2024\/10\/Zsofi-400x400.jpg 400w, https:\/\/semmelweis.hu\/nki\/files\/2024\/10\/Zsofi-1024x1024.jpg 1024w, https:\/\/semmelweis.hu\/nki\/files\/2024\/10\/Zsofi-150x150.jpg 150w, https:\/\/semmelweis.hu\/nki\/files\/2024\/10\/Zsofi-768x768.jpg 768w, https:\/\/semmelweis.hu\/nki\/files\/2024\/10\/Zsofi-753x753.jpg 753w, https:\/\/semmelweis.hu\/nki\/files\/2024\/10\/Zsofi.jpg 1068w\" sizes=\"auto, (max-width: 124px) 100vw, 124px\" \/><\/p>\n<h6><strong>Zs\u00f3fia Fejes<br \/>\n<\/strong><em>International Relations Expert<\/em><\/h6>\n<h6><a href=\"mailto:fejes.zsofia.melinda@semmelweis.hu\">fejes.zsofia.melinda@semmelweis.hu<\/a><\/h6>\n<hr \/>\n<h6><strong>Karola Halmay<\/strong><br \/>\n<em>International Relations Expert<\/em><\/h6>\n<h6><a href=\"mailto:halmay.karola@semmelweis.hu\">halmay.karola@semmelweis.hu<\/a><\/h6>\n<hr \/>\n<h6><strong>\u00c9va Kov\u00e1cs<\/strong><br \/>\n<em>International Relations Expert<\/em><\/h6>\n<h6><a href=\"mailto:kovcs.eva2@semmelweis.hu\">kovacs.eva2@semmelweis.hu<\/a><\/h6>\n<hr \/>\n<h6><strong>Evelin <\/strong><strong>Mann<br \/>\n<\/strong><em>International Relations Expert<\/em><\/h6>\n<h6><a href=\"mailto:mann.evelin@semmelweis.hu\">mann.evelin@semmelweis.hu<\/a><\/h6>\n<hr \/>\n<h3>INTERNATIONAL SHORT PROGRAMS OFFICE<\/h3>\n<hr \/>\n<h6><b>Laura Z\u0151di<\/b><br \/>\n<em>International Relations Expert<\/em><\/h6>\n<h6><a href=\"mailto:zodi.laura.anna@semmelweis.hu\">zodi.laura.anna@semmelweis.hu<\/a><\/h6>\n<hr \/>\n<h3>ALUMNI NETWORK<\/h3>\n<hr \/>\n<h6><b>Dr. Zsuzsanna Fecser<\/b><br \/>\n<em>Lead Project Manager<\/em><\/h6>\n<h6><a href=\"mailto:fecser.zsuzsanna@semmelweis.hu\">fecser.zsuzsanna@semmelweis.hu<\/a><\/h6>\n<hr \/>\n<h6><b>Anna Kar\u00e1csony<\/b><br \/>\n<em>Project Coordinator<\/em><\/h6>\n<h6><a href=\"mailto:karacsony.anna@semmelweis.hu\">karacsony.anna@semmelweis.hu<\/a><\/h6>\n<hr \/>\n<h6><b>\u00c9va Cz\u00e9km\u00e1n<\/b><br \/>\n<em>International Relations Expert<\/em><\/h6>\n<h6><a href=\"mailto:czekman.eva@semmelweis.hu\">czekman.eva@semmelweis.hu<\/a><\/h6>\n<hr \/>\n<h6><b>No\u00e9mi Petra <\/b><b>Ducsai<br \/>\n<\/b><b><\/b><em>Event Coordinator<\/em><\/h6>\n<h6><a href=\"mailto:ducsai.noemi@semmelweis.hu\">ducsai.noemi@semmelweis.hu<\/a><\/h6>\n<hr \/>\n<h6><b>Veronika Zaj-Kov\u00e1cs<\/b><br \/>\n<em>Secretarial Expert<\/em><\/h6>\n<h6><a href=\"mailto:zaj-kovacs.veronika@semmelweis.hu\">zaj-kovacs.veronika@semmelweis.hu<\/a><\/h6>\n<hr \/>\n<h6>\u00a0<\/h6>\n","protected":false},"excerpt":{"rendered":"<p>Dr. Tam\u00e1s Heged\u00fcs Director <a href=\"mailto:hegedus.tamas@semmelweis.hu\">hegedus.tamas@semmelweis.hu<\/a> Levente B\u00e9la V\u00e1g\u00f3 Vice-Director <a href=\"mailto:vago.levente@semmelweis.hu\">vago.levente@semmelweis.hu<\/a> L\u00e1szl\u00f3 K\u00f3sa Vice-Director <a href=\"mailto:kosa.laszlo@semmelweis.hu\">kosa.laszlo@semmelweis.hu<\/a> INTERNATIONAL RELATIONS OFFICE Di\u00e1na M\u00f3dos International Relations Expert <a href=\"mailto:modos.diana@semmelweis.hu\">modos.diana@semmelweis.hu<\/a> Gr\u00e9ta Petr\u00e1s International Relations Expert <a href=\"mailto:petras.greta@semmelweis.hu\">petras.greta@semmelweis.hu<\/a> Dr. Judit Vadl\u00f6v\u0151 International Relations Expert &#8211; on maternity leave Marianna Kov\u00e1cs-Gyurkovics International Relations Expert &#8211; on maternity leave EUNIWELL Fanni Matyasovszki EUniWell Institutional Coordinator <a href=\"mailto:matyasovszki.fanni.sara@semmelweis.hu\">matyasovszki.fanni.sara@semmelweis.hu<\/a> \u00a0 BILATERAL AND PRIORITY GERMAN RELATIONS &hellip;<\/p>\n","protected":false},"author":203,"featured_media":0,"parent":146,"menu_order":2,"comment_status":"closed","ping_status":"open","template":"template-fullwidth.php","meta":{"_acf_changed":false,"footnotes":""},"categories":[],"tags":[],"class_list":["post-624","page","type-page","status-publish","hentry"],"acf":[],"_links":{"self":[{"href":"https:\/\/semmelweis.hu\/nki\/wp-json\/wp\/v2\/pages\/624","targetHints":{"allow":["GET"]}}],"collection":[{"href":"https:\/\/semmelweis.hu\/nki\/wp-json\/wp\/v2\/pages"}],"about":[{"href":"https:\/\/semmelweis.hu\/nki\/wp-json\/wp\/v2\/types\/page"}],"author":[{"embeddable":true,"href":"https:\/\/semmelweis.hu\/nki\/wp-json\/wp\/v2\/users\/203"}],"replies":[{"embeddable":true,"href":"https:\/\/semmelweis.hu\/nki\/wp-json\/wp\/v2\/comments?post=624"}],"version-history":[{"count":12,"href":"https:\/\/semmelweis.hu\/nki\/wp-json\/wp\/v2\/pages\/624\/revisions"}],"predecessor-version":[{"id":34748,"href":"https:\/\/semmelweis.hu\/nki\/wp-json\/wp\/v2\/pages\/624\/revisions\/34748"}],"up":[{"embeddable":true,"href":"https:\/\/semmelweis.hu\/nki\/wp-json\/wp\/v2\/pages\/146"}],"wp:attachment":[{"href":"https:\/\/semmelweis.hu\/nki\/wp-json\/wp\/v2\/media?parent=624"}],"wp:term":[{"taxonomy":"category","embeddable":true,"href":"https:\/\/semmelweis.hu\/nki\/wp-json\/wp\/v2\/categories?post=624"},{"taxonomy":"post_tag","embeddable":true,"href":"https:\/\/semmelweis.hu\/nki\/wp-json\/wp\/v2\/tags?post=624"}],"curies":[{"name":"wp","href":"https:\/\/api.w.org\/{rel}","templated":true}]}}