{"id":621,"date":"2014-05-19T11:54:32","date_gmt":"2014-03-27T11:52:36","guid":{"rendered":"http:\/\/semmelweis.hu\/nki\/?page_id=621"},"modified":"2025-08-22T12:58:12","modified_gmt":"2025-08-22T10:58:12","slug":"activities","status":"publish","type":"page","link":"https:\/\/semmelweis.hu\/nki\/en\/about-us\/activities\/","title":{"rendered":"Our Activities"},"content":{"rendered":"<div class=\"w-100 keretes\" style=\"text-align: justify\"><strong>We aim to explore and establish new collaborative ties around the world to contribute to the fulfillment of the University&#8217;s mission in education, research and patient care.<\/strong><\/div>\n<div>\u00a0<\/div>\n<div><img loading=\"lazy\" decoding=\"async\" class=\"alignright\" src=\"https:\/\/semmelweis.hu\/nki\/files\/2024\/05\/SE_INT_LOGO_GRAD_GOLD.jpg\" alt=\"\" width=\"393\" height=\"393\" \/><\/div>\n<ul style=\"font-weight: 400\">\n<li>We take part in the development of the University\u2019s international strategy;<\/li>\n<li>We initiate the implementation of the University\u2019s international strategy;<\/li>\n<\/ul>\n<p>INTERNATIONAL PARTNERSHIP:<\/p>\n<ul style=\"font-weight: 400\">\n<li>Overseeing <a href=\"https:\/\/semmelweis.hu\/nki\/en\/partner-institutions\/\"><strong>international\u00a0partnerships<\/strong><\/a>\u00a0and collaborations;<\/li>\n<li>Organizing <a href=\"https:\/\/semmelweis.hu\/nki\/en\/category\/ir-news-en\/\"><strong>diplomatic visits and agreements<\/strong><\/a> with international partners;<\/li>\n<li>Cooperating with <a href=\"https:\/\/semmelweis.hu\/nki\/en\/international-organizations\/\"><strong>professional international organizations<\/strong><\/a>;<\/li>\n<li>Participating in international accreditation procedures.<\/li>\n<\/ul>\n<p>INTERNATIONAL MOBILITY:<\/p>\n<ul style=\"font-weight: 400\">\n<li>Managing the University&#8217;s <a href=\"https:\/\/semmelweis.hu\/nki\/en\/mobility-programmes\/\"><strong>mobility and exchange programs<\/strong><\/a>\u00a0<span style=\"font-size: 1rem\">(Erasmus+, Pann\u00f3nia, Stipendium, Diaszp\u00f3ra, Visegr\u00e1d, CEEPUS, Makovecz);<\/span><\/li>\n<li>Coordinating <a href=\"https:\/\/semmelweis.hu\/nki\/en\/fellowship-applications\/\"><strong>bilateral fellowship programs<\/strong> <\/a>and scholarships;<\/li>\n<\/ul>\n<p>INTERNATIONAL PROGRAMS:<\/p>\n<ul style=\"font-weight: 400\">\n<li>Coordinating the University&#8217;s <a href=\"https:\/\/semmelweis.hu\/nki\/en\/international-short-programs\/\"><strong>international\u00a0short programs<\/strong><\/a>&#8216; portfolio;\u00a0<\/li>\n<li>Contributing to the international promotional events and activities of the University;\u00a0<\/li>\n<li>Expanding the University\u2019s international Alumni community;\u00a0<\/li>\n<li>Providing support for the University&#8217;s <strong>fundraising<\/strong> activities.<\/li>\n<\/ul>\n","protected":false},"excerpt":{"rendered":"<p>We aim to explore and establish new collaborative ties around the world to contribute to the fulfillment of the University&#8217;s mission in education, research and patient care. \u00a0 We take part in the development of the University\u2019s international strategy; We initiate the implementation of the University\u2019s international strategy; INTERNATIONAL PARTNERSHIP: Overseeing <a href=\"https:\/\/semmelweis.hu\/nki\/en\/partner-institutions\/\">international\u00a0partnerships<\/a> \u00a0and collaborations; Organizing <a href=\"https:\/\/semmelweis.hu\/nki\/en\/category\/ir-news-en\/\">diplomatic visits and agreements<\/a> with &hellip;<\/p>\n","protected":false},"author":203,"featured_media":0,"parent":146,"menu_order":1,"comment_status":"closed","ping_status":"closed","template":"template-fullwidth.php","meta":{"_acf_changed":false,"footnotes":""},"categories":[],"tags":[],"class_list":["post-621","page","type-page","status-publish","hentry"],"acf":[],"_links":{"self":[{"href":"https:\/\/semmelweis.hu\/nki\/wp-json\/wp\/v2\/pages\/621","targetHints":{"allow":["GET"]}}],"collection":[{"href":"https:\/\/semmelweis.hu\/nki\/wp-json\/wp\/v2\/pages"}],"about":[{"href":"https:\/\/semmelweis.hu\/nki\/wp-json\/wp\/v2\/types\/page"}],"author":[{"embeddable":true,"href":"https:\/\/semmelweis.hu\/nki\/wp-json\/wp\/v2\/users\/203"}],"replies":[{"embeddable":true,"href":"https:\/\/semmelweis.hu\/nki\/wp-json\/wp\/v2\/comments?post=621"}],"version-history":[{"count":11,"href":"https:\/\/semmelweis.hu\/nki\/wp-json\/wp\/v2\/pages\/621\/revisions"}],"predecessor-version":[{"id":34103,"href":"https:\/\/semmelweis.hu\/nki\/wp-json\/wp\/v2\/pages\/621\/revisions\/34103"}],"up":[{"embeddable":true,"href":"https:\/\/semmelweis.hu\/nki\/wp-json\/wp\/v2\/pages\/146"}],"wp:attachment":[{"href":"https:\/\/semmelweis.hu\/nki\/wp-json\/wp\/v2\/media?parent=621"}],"wp:term":[{"taxonomy":"category","embeddable":true,"href":"https:\/\/semmelweis.hu\/nki\/wp-json\/wp\/v2\/categories?post=621"},{"taxonomy":"post_tag","embeddable":true,"href":"https:\/\/semmelweis.hu\/nki\/wp-json\/wp\/v2\/tags?post=621"}],"curies":[{"name":"wp","href":"https:\/\/api.w.org\/{rel}","templated":true}]}}