{"id":59,"date":"2012-12-01T10:14:00","date_gmt":"2012-12-01T10:14:00","guid":{"rendered":"http:\/\/semmelweis-egyetem.hu\/nki\/?page_id=59"},"modified":"2014-03-04T16:18:20","modified_gmt":"2014-03-04T15:18:20","slug":"palyazati-adatlapok","status":"publish","type":"page","link":"https:\/\/semmelweis.hu\/nki\/palyazatok\/palyazati-adatlapok\/","title":{"rendered":"P\u00e1ly\u00e1zati adatlapok tanulm\u00e1nyutakra"},"content":{"rendered":"<p><a href=\"https:\/\/semmelweis.hu\/nki\/files\/2012\/12\/2013_p\u00e1ly\u00e1zati-\u0171rlap-egyetemi-egyezm\u00e9ny.doc\" target=\"_blank\">P\u00e1ly\u00e1zat egyetemi egyezm\u00e9ny keret\u00e9ben megval\u00f3sul\u00f3 tanulm\u00e1ny\u00fatra oktat\u00f3k r\u00e9sz\u00e9re<\/a><\/p>\n<p><a href=\"https:\/\/semmelweis.hu\/nki\/files\/2012\/12\/2013_p\u00e1ly\u00e1zati_\u0171rlap_Freiburg_3-h\u00f3-egyetemi-egyezm\u00e9ny.doc\" target=\"_blank\">P\u00e1ly\u00e1zat egyetemi egyezm\u00e9ny keret\u00e9ben megval\u00f3sul\u00f3 tanulm\u00e1ny\u00fatra, Freiburg &#8211; 3 h\u00f3<\/a><\/p>\n<p><a href=\"https:\/\/semmelweis.hu\/nki\/files\/2012\/12\/2013_p\u00e1ly\u00e1zati-\u0171rlap-HALLGATOKNAK-egy_egyezm.doc\" target=\"_blank\">P\u00e1ly\u00e1zat egyetemi egyezm\u00e9ny keret\u00e9ben megval\u00f3sul\u00f3 tanulm\u00e1ny\u00fatra hallgat\u00f3k r\u00e9sz\u00e9re<\/a><\/p>\n<p><a href=\"https:\/\/semmelweis.hu\/nki\/files\/2012\/12\/2013_APPLICATION-FORM_students.doc\" target=\"_blank\">Application form for students<\/a><\/p>\n","protected":false},"excerpt":{"rendered":"<p><a href=\"https:\/\/semmelweis.hu\/nki\/files\/2012\/12\/2013_p\u00e1ly\u00e1zati-\u0171rlap-egyetemi-egyezm\u00e9ny.doc\" target=\"_blank\">P\u00e1ly\u00e1zat egyetemi egyezm\u00e9ny keret\u00e9ben megval\u00f3sul\u00f3 tanulm\u00e1ny\u00fatra oktat\u00f3k r\u00e9sz\u00e9re<\/a><br \/>\n<a href=\"https:\/\/semmelweis.hu\/nki\/files\/2012\/12\/2013_p\u00e1ly\u00e1zati_\u0171rlap_Freiburg_3-h\u00f3-egyetemi-egyezm\u00e9ny.doc\" target=\"_blank\">P\u00e1ly\u00e1zat egyetemi egyezm\u00e9ny keret\u00e9ben megval\u00f3sul\u00f3 tanulm\u00e1ny\u00fatra, Freiburg &#8211; 3 h\u00f3<\/a><br \/>\n<a href=\"https:\/\/semmelweis.hu\/nki\/files\/2012\/12\/2013_p\u00e1ly\u00e1zati-\u0171rlap-HALLGATOKNAK-egy_egyezm.doc\" target=\"_blank\">P\u00e1ly\u00e1zat egyetemi egyezm\u00e9ny keret\u00e9ben megval\u00f3sul\u00f3 tanulm\u00e1ny\u00fatra hallgat\u00f3k r\u00e9sz\u00e9re<\/a><br \/>\n<a href=\"https:\/\/semmelweis.hu\/nki\/files\/2012\/12\/2013_APPLICATION-FORM_students.doc\" target=\"_blank\">Application form for students<\/a><\/p>\n","protected":false},"author":28,"featured_media":0,"parent":40,"menu_order":0,"comment_status":"closed","ping_status":"open","template":"","meta":{"_acf_changed":false,"footnotes":""},"categories":[],"tags":[],"class_list":["post-59","page","type-page","status-publish","hentry"],"acf":[],"_links":{"self":[{"href":"https:\/\/semmelweis.hu\/nki\/wp-json\/wp\/v2\/pages\/59","targetHints":{"allow":["GET"]}}],"collection":[{"href":"https:\/\/semmelweis.hu\/nki\/wp-json\/wp\/v2\/pages"}],"about":[{"href":"https:\/\/semmelweis.hu\/nki\/wp-json\/wp\/v2\/types\/page"}],"author":[{"embeddable":true,"href":"https:\/\/semmelweis.hu\/nki\/wp-json\/wp\/v2\/users\/28"}],"replies":[{"embeddable":true,"href":"https:\/\/semmelweis.hu\/nki\/wp-json\/wp\/v2\/comments?post=59"}],"version-history":[{"count":4,"href":"https:\/\/semmelweis.hu\/nki\/wp-json\/wp\/v2\/pages\/59\/revisions"}],"predecessor-version":[{"id":2450,"href":"https:\/\/semmelweis.hu\/nki\/wp-json\/wp\/v2\/pages\/59\/revisions\/2450"}],"up":[{"embeddable":true,"href":"https:\/\/semmelweis.hu\/nki\/wp-json\/wp\/v2\/pages\/40"}],"wp:attachment":[{"href":"https:\/\/semmelweis.hu\/nki\/wp-json\/wp\/v2\/media?parent=59"}],"wp:term":[{"taxonomy":"category","embeddable":true,"href":"https:\/\/semmelweis.hu\/nki\/wp-json\/wp\/v2\/categories?post=59"},{"taxonomy":"post_tag","embeddable":true,"href":"https:\/\/semmelweis.hu\/nki\/wp-json\/wp\/v2\/tags?post=59"}],"curies":[{"name":"wp","href":"https:\/\/api.w.org\/{rel}","templated":true}]}}