{"id":449,"date":"2014-05-19T12:39:33","date_gmt":"2014-05-09T09:35:35","guid":{"rendered":"http:\/\/semmelweis.hu\/nki\/?page_id=449"},"modified":"2025-02-24T17:54:54","modified_gmt":"2025-02-24T16:54:54","slug":"nemzetkozi-kapcsolataink-szamokban","status":"publish","type":"page","link":"https:\/\/semmelweis.hu\/nki\/nemzetkozi-kapcsolataink-szamokban\/","title":{"rendered":"Nemzetk\u00f6zi kapcsolatok sz\u00e1mokban"},"content":{"rendered":"<h4><strong>Nemzetk\u00f6zi rangsorok<\/strong><\/h4>\n<p style=\"text-align: justify\"><span class=\"JsGRdQ\">Az els\u0151 egyetemi rangsor 2003-ban jelent meg, az\u00f3ta egyre t\u00f6bb szervezet foglalkozik a fels\u0151oktat\u00e1si int\u00e9zm\u00e9nyek \u00e9rt\u00e9kel\u00e9s\u00e9vel. Ezek elt\u00e9r\u0151 sz\u00e1m\u00edt\u00e1si m\u00f3dszerekkel, \u00e1ltal\u00e1ban t\u00f6bbf\u00e9le, az oktat\u00e1s min\u0151s\u00e9g\u00e9t meghat\u00e1roz\u00f3 objekt\u00edv m\u00e9r\u0151sz\u00e1mok \u00e1tlagol\u00e1s\u00e1val \u00e1ll\u00edtj\u00e1k fel a vil\u00e1g vagy egy adott r\u00e9gi\u00f3 legjobb fels\u0151oktat\u00e1si int\u00e9zm\u00e9nyeinek sorrendj\u00e9t. <\/span><\/p>\n<p style=\"text-align: justify\"><span class=\"JsGRdQ\">A Semmelweis Egyetem \u00e9vr\u0151l-\u00e9vre emelked\u0151 helyet foglal el a <a href=\"https:\/\/semmelweis.hu\/az-egyetemrol\/az-egyetem-bemutatasa\/szamokban\/\">hazai \u00e9s nemzetk\u00f6zi \u00f6sszegyetemi \u00e9s szakter\u00fcleti rangsorokban<\/a> is.<\/span><\/p>\n<h4 style=\"text-align: justify\"><strong>HALLGAT\u00d3K 119 orsz\u00e1gB\u00d3L, MEG\u00c1LLAPOD\u00c1S 236 Nemzetk\u00f6zi fels\u0151oktat\u00e1si int\u00e9zm\u00e9nnyel<\/strong><\/h4>\n<p style=\"text-align: justify\">Minden \u00e9vben t\u00f6bb mint 1500 hallgat\u00f3 szerez diplom\u00e1t a Semmelweis Egyetem karain, \u00e9s a frissen v\u00e9gzettek egy-h\u00e1rom h\u00f3napon bel\u00fcl megtal\u00e1lj\u00e1k els\u0151 munkahely\u00fcket is.<\/p>\n<p style=\"text-align: justify\">A 2023\/2024-es tan\u00e9vben az egyetem hat kar\u00e1n n\u00e9gy nyelven t\u00f6bb mint 15.000 hallgat\u00f3 tanul, akik 5 kontinens 119 orsz\u00e1g\u00e1nak \u00e1llampolg\u00e1rai.<\/p>\n<p><img decoding=\"async\" src=\"https:\/\/semmelweis.hu\/nki\/files\/2024\/05\/Rajztabla-1_6.jpg\" alt=\"\" \/><img decoding=\"async\" src=\"https:\/\/semmelweis.hu\/nki\/files\/2024\/05\/Rajztabla-17_2@300x-100.jpg\" alt=\"\" \/><\/p>\n","protected":false},"excerpt":{"rendered":"<p>Nemzetk\u00f6zi rangsorok Az els\u0151 egyetemi rangsor 2003-ban jelent meg, az\u00f3ta egyre t\u00f6bb szervezet foglalkozik a fels\u0151oktat\u00e1si int\u00e9zm\u00e9nyek \u00e9rt\u00e9kel\u00e9s\u00e9vel. Ezek elt\u00e9r\u0151 sz\u00e1m\u00edt\u00e1si m\u00f3dszerekkel, \u00e1ltal\u00e1ban t\u00f6bbf\u00e9le, az oktat\u00e1s min\u0151s\u00e9g\u00e9t meghat\u00e1roz\u00f3 objekt\u00edv m\u00e9r\u0151sz\u00e1mok \u00e1tlagol\u00e1s\u00e1val \u00e1ll\u00edtj\u00e1k fel a vil\u00e1g vagy egy adott r\u00e9gi\u00f3 legjobb fels\u0151oktat\u00e1si int\u00e9zm\u00e9nyeinek sorrendj\u00e9t. A Semmelweis Egyetem \u00e9vr\u0151l-\u00e9vre emelked\u0151 helyet foglal el a <a href=\"https:\/\/semmelweis.hu\/az-egyetemrol\/az-egyetem-bemutatasa\/szamokban\/\">hazai \u00e9s nemzetk\u00f6zi \u00f6sszegyetemi \u00e9s szakter\u00fcleti rangsorokban<\/a> is. HALLGAT\u00d3K 119 &hellip;<\/p>\n","protected":false},"author":203,"featured_media":0,"parent":0,"menu_order":37,"comment_status":"closed","ping_status":"closed","template":"template-fullwidth.php","meta":{"_acf_changed":false,"footnotes":""},"categories":[],"tags":[],"class_list":["post-449","page","type-page","status-publish","hentry"],"acf":[],"_links":{"self":[{"href":"https:\/\/semmelweis.hu\/nki\/wp-json\/wp\/v2\/pages\/449","targetHints":{"allow":["GET"]}}],"collection":[{"href":"https:\/\/semmelweis.hu\/nki\/wp-json\/wp\/v2\/pages"}],"about":[{"href":"https:\/\/semmelweis.hu\/nki\/wp-json\/wp\/v2\/types\/page"}],"author":[{"embeddable":true,"href":"https:\/\/semmelweis.hu\/nki\/wp-json\/wp\/v2\/users\/203"}],"replies":[{"embeddable":true,"href":"https:\/\/semmelweis.hu\/nki\/wp-json\/wp\/v2\/comments?post=449"}],"version-history":[{"count":13,"href":"https:\/\/semmelweis.hu\/nki\/wp-json\/wp\/v2\/pages\/449\/revisions"}],"predecessor-version":[{"id":33705,"href":"https:\/\/semmelweis.hu\/nki\/wp-json\/wp\/v2\/pages\/449\/revisions\/33705"}],"wp:attachment":[{"href":"https:\/\/semmelweis.hu\/nki\/wp-json\/wp\/v2\/media?parent=449"}],"wp:term":[{"taxonomy":"category","embeddable":true,"href":"https:\/\/semmelweis.hu\/nki\/wp-json\/wp\/v2\/categories?post=449"},{"taxonomy":"post_tag","embeddable":true,"href":"https:\/\/semmelweis.hu\/nki\/wp-json\/wp\/v2\/tags?post=449"}],"curies":[{"name":"wp","href":"https:\/\/api.w.org\/{rel}","templated":true}]}}