{"id":34146,"date":"2025-09-30T11:09:56","date_gmt":"2025-09-30T09:09:56","guid":{"rendered":"https:\/\/semmelweis.hu\/nki\/?page_id=34146"},"modified":"2026-02-20T14:21:02","modified_gmt":"2026-02-20T13:21:02","slug":"euniwell-european-university-for-well-being","status":"publish","type":"page","link":"https:\/\/semmelweis.hu\/nki\/euniwell-european-university-for-well-being\/","title":{"rendered":"EUniWell (European University for Well-Being)"},"content":{"rendered":"<div class=\"keretes w-100\">\n<p><span style=\"font-family: Montserrat\">A <a href=\"https:\/\/www.euniwell.eu\/\">EUniWell<\/a> (European University for Well-Being) az Eur\u00f3pai Bizotts\u00e1g \u00e1ltal t\u00e1mogatott Eur\u00f3pai Egyetemi Sz\u00f6vets\u00e9gek egyike, amely 2020-ban alakult meg az Erasmus+ program keret\u00e9ben.<\/span><\/p>\n<\/div>\n<h2 style=\"text-align: center\"><a class=\"btn btn-secondary btn-lg\" href=\"https:\/\/semmelweis.hu\/nki\/en\/euniwell\/\" target=\"_blank\" rel=\"noopener\">B\u0151vebben angolul<\/a><\/h2>\n<h2 style=\"text-align: justify\">K\u00fcldet\u00e9s\u00fcnk<\/h2>\n<p>K\u00fcldet\u00e9s\u00fcnk, hogy a <strong>kutat\u00e1s<\/strong>, az <strong>oktat\u00e1s,<\/strong> az <strong>innov\u00e1ci\u00f3<\/strong> \u00e9s a t\u00e1rsadalmi felel\u0151ss\u00e9gv\u00e1llal\u00e1s eszk\u00f6zeivel hozz\u00e1j\u00e1ruljunk az <strong>egy\u00e9ni, t\u00e1rsadalmi \u00e9s k\u00f6rnyezeti j\u00f3ll\u00e9thez<\/strong>.<\/p>\n<blockquote>\n<p>A j\u00f3ll\u00e9tet nem csak fizikai eg\u00e9szs\u00e9gk\u00e9nt vagy anyagi biztons\u00e1gk\u00e9nt \u00e9rtelmezz\u00fck, hanem az \u00e9let minden ter\u00fclet\u00e9n megval\u00f3s\u00edtand\u00f3 k\u00f6z\u00f6s c\u00e9lk\u00e9nt tekint\u00fcnk r\u00e1.<\/p>\n<\/blockquote>\n<p>Az olyan glob\u00e1lis kih\u00edv\u00e1sok kor\u00e1ban, mint a kl\u00edmav\u00e1ltoz\u00e1s, a h\u00e1bor\u00fas konfliktusok vagy a t\u00e1rsadalmi megosztotts\u00e1g, az egyetemek vezet\u0151 szerepe feler\u0151s\u00f6dik. A EUniWell k\u00f6z\u00f6s \u00e9rt\u00e9kei &#8211; a demokr\u00e1cia, a soksz\u00edn\u0171s\u00e9g, az inkluzivit\u00e1s, a kutat\u00e1s alap\u00fa gondolkod\u00e1s \u00e9s a nemzetk\u00f6zi egy\u00fcttm\u0171k\u00f6d\u00e9s &#8211; lehet\u0151v\u00e9 teszik, hogy a sz\u00f6vets\u00e9g tagjainak oktat\u00f3i, hallgat\u00f3i, kutat\u00f3 \u00e9s munkav\u00e1llal\u00f3i szabadon utazzanak Eur\u00f3pa szerte, kapcsolatokat \u00e9p\u00edtsenek \u00e9s k\u00f6z\u00f6s tud\u00e1sukat a val\u00f3s t\u00e1rsadalmi probl\u00e9m\u00e1k megold\u00e1s\u00e1ra haszn\u00e1lj\u00e1k.<\/p>\n<div class=\"fontos_div\">\n<h4><strong>A sz\u00f6vets\u00e9g tizenk\u00e9t egyetemet fog \u00f6ssze:<\/strong><\/h4>\n<ul style=\"list-style-type: square\">\n<li><strong>Birminghami Egyetem,<\/strong> Egyes\u00fclt Kir\u00e1lys\u00e1g;<\/li>\n<li><strong>K\u00f6lni \u00e9s Konstanzi Egyetemek,<\/strong> N\u00e9metorsz\u00e1g;<\/li>\n<li><strong>Firenzei Egyetem,<\/strong> Olaszorsz\u00e1g;<\/li>\n<li><strong>Inalco \u00e9s Nantes-i Egyetemek,<\/strong> Franciaorsz\u00e1g;<\/li>\n<li><strong>Linnaeus Egyetem,<\/strong> Sv\u00e9dorsz\u00e1g;<\/li>\n<li><strong>Murciai \u00e9s Santiago de Compostela-i Egyetemek,<\/strong> Spanyolorsz\u00e1g,<\/li>\n<li><strong>Taras Shevchenko Nemzeti Egyetem,<\/strong> Ukrajna;<\/li>\n<li><strong>Vars\u00f3i Orvostudom\u00e1nyi Egyetem,<\/strong> Lengyelorsz\u00e1gb\u00f3l;\u00a0<\/li>\n<li><strong>Semmelweis Egyetem,<\/strong> Magyarorsz\u00e1g.<\/li>\n<\/ul>\n<p>Munk\u00e1nkat emellett t\u00f6bb mint hatvan t\u00e1rsult partner is seg\u00edti a t\u00e1rsadalom k\u00fcl\u00f6nb\u00f6z\u0151 szektoraib\u00f3l.<\/p>\n<\/div>\n<h2>Hossz\u00fa t\u00e1v\u00fa c\u00e9lunk<\/h2>\n<p style=\"text-align: left\">A EUniWell hossz\u00fa t\u00e1v\u00fa c\u00e9lja ennek jegy\u00e9ben az, hogy egy olyan t\u00f6bbkampuszos, integr\u00e1lt egyetemm\u00e9 v\u00e1ljon, amely a j\u00f3ll\u00e9t nagyk\u00f6vetek\u00e9nt <strong>innovat\u00edv oktat\u00e1si programokat<\/strong>, <strong>v\u00e1ltozatos mobilit\u00e1si programokat \u00e9s magas sz\u00ednvonal\u00fa kutat\u00e1si lehet\u0151s\u00e9geket<\/strong> k\u00edn\u00e1l mindenkinek, aki r\u00e9szt szeretne venni egy fenntarthat\u00f3bb \u00e9s eg\u00e9szs\u00e9gesebb eur\u00f3pai fels\u0151oktat\u00e1s megteremt\u00e9s\u00e9ben.<\/p>\n<p>&nbsp;<\/p>\n","protected":false},"excerpt":{"rendered":"<p>A <a href=\"https:\/\/www.euniwell.eu\/\">EUniWell<\/a> (European University for Well-Being) az Eur\u00f3pai Bizotts\u00e1g \u00e1ltal t\u00e1mogatott Eur\u00f3pai Egyetemi Sz\u00f6vets\u00e9gek egyike, amely 2020-ban alakult meg az Erasmus+ program keret\u00e9ben. <a class=\"btn btn-secondary btn-lg\" href=\"https:\/\/semmelweis.hu\/nki\/en\/euniwell\/\" target=\"_blank\" rel=\"noopener\">B\u0151vebben angolul<\/a> K\u00fcldet\u00e9s\u00fcnk K\u00fcldet\u00e9s\u00fcnk, hogy a kutat\u00e1s, az oktat\u00e1s, az innov\u00e1ci\u00f3 \u00e9s a t\u00e1rsadalmi felel\u0151ss\u00e9gv\u00e1llal\u00e1s eszk\u00f6zeivel hozz\u00e1j\u00e1ruljunk az egy\u00e9ni, t\u00e1rsadalmi \u00e9s k\u00f6rnyezeti j\u00f3ll\u00e9thez. A j\u00f3ll\u00e9tet nem csak fizikai eg\u00e9szs\u00e9gk\u00e9nt vagy anyagi biztons\u00e1gk\u00e9nt \u00e9rtelmezz\u00fck, hanem az &hellip;<\/p>\n","protected":false},"author":102366,"featured_media":0,"parent":0,"menu_order":0,"comment_status":"closed","ping_status":"closed","template":"template-fullwidth.php","meta":{"_acf_changed":false,"footnotes":""},"categories":[],"tags":[],"class_list":["post-34146","page","type-page","status-publish","hentry"],"acf":[],"_links":{"self":[{"href":"https:\/\/semmelweis.hu\/nki\/wp-json\/wp\/v2\/pages\/34146","targetHints":{"allow":["GET"]}}],"collection":[{"href":"https:\/\/semmelweis.hu\/nki\/wp-json\/wp\/v2\/pages"}],"about":[{"href":"https:\/\/semmelweis.hu\/nki\/wp-json\/wp\/v2\/types\/page"}],"author":[{"embeddable":true,"href":"https:\/\/semmelweis.hu\/nki\/wp-json\/wp\/v2\/users\/102366"}],"replies":[{"embeddable":true,"href":"https:\/\/semmelweis.hu\/nki\/wp-json\/wp\/v2\/comments?post=34146"}],"version-history":[{"count":8,"href":"https:\/\/semmelweis.hu\/nki\/wp-json\/wp\/v2\/pages\/34146\/revisions"}],"predecessor-version":[{"id":34669,"href":"https:\/\/semmelweis.hu\/nki\/wp-json\/wp\/v2\/pages\/34146\/revisions\/34669"}],"wp:attachment":[{"href":"https:\/\/semmelweis.hu\/nki\/wp-json\/wp\/v2\/media?parent=34146"}],"wp:term":[{"taxonomy":"category","embeddable":true,"href":"https:\/\/semmelweis.hu\/nki\/wp-json\/wp\/v2\/categories?post=34146"},{"taxonomy":"post_tag","embeddable":true,"href":"https:\/\/semmelweis.hu\/nki\/wp-json\/wp\/v2\/tags?post=34146"}],"curies":[{"name":"wp","href":"https:\/\/api.w.org\/{rel}","templated":true}]}}