{"id":32807,"date":"2024-06-05T09:59:29","date_gmt":"2024-06-05T07:59:29","guid":{"rendered":"https:\/\/semmelweis.hu\/nki\/?page_id=32807"},"modified":"2025-07-21T11:07:58","modified_gmt":"2025-07-21T09:07:58","slug":"kontakt-2","status":"publish","type":"page","link":"https:\/\/semmelweis.hu\/nki\/de\/kontakt-2\/","title":{"rendered":"Kontakt"},"content":{"rendered":"\n<!-- iframe plugin v.4.9 wordpress.org\/plugins\/iframe\/ -->\n<iframe src=\"https:\/\/www.google.com\/maps\/embed?pb=!1m18!1m12!1m3!1d13522.803991242647!2d19.056946315122612!3d47.48727608104859!2m3!1f0!2f0!3f0!3m2!1i1024!2i768!4f13.1!3m3!1m2!1s0x4741dc59ea3ba3cd%3A0x2435c6b8aa0b78a!2sSemmelweis-Universit%C3%A4t!5e1!3m2!1sde!2shu!4v1717574500056!5m2!1sde!2shu\" width=\"100%\" height=\"450\" style=\"border:0;\" allowfullscreen loading=\"lazy\" referrerpolicy=\"no-referrer-when-downgrade\" scrolling=\"yes\" class=\"iframe-class\" frameborder=\"0\"><\/iframe>\n\n<div class=\"keretes w-100\">\n<p style=\"text-align: left\"><strong>SEMMELWEIS UNIVERSIT\u00c4T, Direktorat f\u00fcr Internationale Beziehungen<\/p>\n<p><\/strong><span style=\"font-size: 1rem\"><strong>Adresse<\/strong>: 1091 Budapest, \u00dcll\u0151i Stra\u00dfe 25.<\/span><strong style=\"font-size: 1rem\"><br \/>\nTelefon<\/strong><span style=\"font-size: 1rem\">: +36 1 317 9079<br \/>\n<\/span><strong style=\"font-size: 1rem\">Email<\/strong><span style=\"font-size: 1rem\">: international@semmelweis.hu<\/span><\/p>\n<div class=\"contact-data mb-2\">Bei Fragen wenden Sie sich bitte an unsere<a href=\"https:\/\/semmelweis.hu\/nki\/de\/uber-uns\/mitarbeiter\/\" target=\"_blank\" rel=\"noopener\"> Mitarbeiter.<\/a><\/div>\n<\/div>\n<div class=\"w-100\">\n<div class=\"contact-data mb-2\">\u00a0<\/div>\n<\/div>\n","protected":false},"excerpt":{"rendered":"<p>SEMMELWEIS UNIVERSIT\u00c4T, Direktorat f\u00fcr Internationale Beziehungen<br \/>\nAdresse: 1091 Budapest, \u00dcll\u0151i Stra\u00dfe 25.<br \/>\nTelefon: +36 1 317 9079<br \/>\nEmail: international@semmelweis.hu<br \/>\nBei Fragen wenden Sie sich bitte an unsere<a href=\"https:\/\/semmelweis.hu\/nki\/de\/uber-uns\/mitarbeiter\/\" target=\"_blank\" rel=\"noopener\"> Mitarbeiter.<\/a><\/p>\n<p>\u00a0<\/p>\n","protected":false},"author":102366,"featured_media":0,"parent":0,"menu_order":8,"comment_status":"closed","ping_status":"closed","template":"","meta":{"_acf_changed":false,"footnotes":""},"categories":[],"tags":[],"class_list":["post-32807","page","type-page","status-publish","hentry"],"acf":[],"_links":{"self":[{"href":"https:\/\/semmelweis.hu\/nki\/wp-json\/wp\/v2\/pages\/32807","targetHints":{"allow":["GET"]}}],"collection":[{"href":"https:\/\/semmelweis.hu\/nki\/wp-json\/wp\/v2\/pages"}],"about":[{"href":"https:\/\/semmelweis.hu\/nki\/wp-json\/wp\/v2\/types\/page"}],"author":[{"embeddable":true,"href":"https:\/\/semmelweis.hu\/nki\/wp-json\/wp\/v2\/users\/102366"}],"replies":[{"embeddable":true,"href":"https:\/\/semmelweis.hu\/nki\/wp-json\/wp\/v2\/comments?post=32807"}],"version-history":[{"count":8,"href":"https:\/\/semmelweis.hu\/nki\/wp-json\/wp\/v2\/pages\/32807\/revisions"}],"predecessor-version":[{"id":33990,"href":"https:\/\/semmelweis.hu\/nki\/wp-json\/wp\/v2\/pages\/32807\/revisions\/33990"}],"wp:attachment":[{"href":"https:\/\/semmelweis.hu\/nki\/wp-json\/wp\/v2\/media?parent=32807"}],"wp:term":[{"taxonomy":"category","embeddable":true,"href":"https:\/\/semmelweis.hu\/nki\/wp-json\/wp\/v2\/categories?post=32807"},{"taxonomy":"post_tag","embeddable":true,"href":"https:\/\/semmelweis.hu\/nki\/wp-json\/wp\/v2\/tags?post=32807"}],"curies":[{"name":"wp","href":"https:\/\/api.w.org\/{rel}","templated":true}]}}