{"id":32791,"date":"2024-06-05T09:19:36","date_gmt":"2024-06-05T07:19:36","guid":{"rendered":"https:\/\/semmelweis.hu\/nki\/?page_id=32791"},"modified":"2025-09-30T11:50:01","modified_gmt":"2025-09-30T09:50:01","slug":"stipendien","status":"publish","type":"page","link":"https:\/\/semmelweis.hu\/nki\/de\/stipendien\/","title":{"rendered":"Stipendien"},"content":{"rendered":"<p><img loading=\"lazy\" decoding=\"async\" class=\"aligncenter wp-image-32783 size-full\" src=\"https:\/\/semmelweis.hu\/nki\/files\/2024\/06\/int_1fellowship_slider_GER_nd-scaled.jpg\" alt=\"\" width=\"2560\" height=\"840\" srcset=\"https:\/\/semmelweis.hu\/nki\/files\/2024\/06\/int_1fellowship_slider_GER_nd-scaled.jpg 2560w, https:\/\/semmelweis.hu\/nki\/files\/2024\/06\/int_1fellowship_slider_GER_nd-400x131.jpg 400w, https:\/\/semmelweis.hu\/nki\/files\/2024\/06\/int_1fellowship_slider_GER_nd-1024x336.jpg 1024w, https:\/\/semmelweis.hu\/nki\/files\/2024\/06\/int_1fellowship_slider_GER_nd-768x252.jpg 768w, https:\/\/semmelweis.hu\/nki\/files\/2024\/06\/int_1fellowship_slider_GER_nd-1536x504.jpg 1536w, https:\/\/semmelweis.hu\/nki\/files\/2024\/06\/int_1fellowship_slider_GER_nd-2048x672.jpg 2048w, https:\/\/semmelweis.hu\/nki\/files\/2024\/06\/int_1fellowship_slider_GER_nd-753x247.jpg 753w\" sizes=\"auto, (max-width: 2560px) 100vw, 2560px\" \/><\/p>\n<div class=\"keretes w-100\">\n<p><strong>Das Direktorat f\u00fcr Internationale Beziehungen und Alumni \u00fcberwacht und koordiniert die bilateralen Beziehungen der Semmelweis Universit\u00e4t, die es den talentiertesten Studenten und Forschern erm\u00f6glichen, Praktika oder erg\u00e4nzende Studien bei Partnerinstitutionen im Ausland zu absolvieren.<\/strong><\/p>\n<\/div>\n<div style=\"text-align: justify\">Dank ihrer umfangreichen und gut funktionierenden Kooperationsbeziehungen haben Forscher, akademische Mitarbeiter und Studenten der Semmelweis Universit\u00e4t die M\u00f6glichkeit, sich f\u00fcr <strong>Stipendienprogramme in mehreren L\u00e4ndern<\/strong> zu bewerben, sowohl innerhalb als auch au\u00dferhalb Europas, unter anderem Deutschland, Japan, Kanada und den USA.<\/div>\n<div>\u00a0<\/div>\n<div><\/p>\n<div class=\"hidden-content\">\n<div class=\"exp-col-content-holder\"><a class=\"expand-cnt-link\" href=\"#\">Aktuellen Ausschreibungen<\/a><\/p>\n<div class=\"hidden-content\">\n<p class=\"hiddenContentp\">Es gibt keine aktuellen Ausschreibungen.<\/p>\n<\/div>\n<\/div>\n<\/div>\n<\/div>\n<p style=\"text-align: center\"><a class=\"btn btn-secondary\" href=\"https:\/\/semmelweis.hu\/nki\/category\/palyazati-felhivasok\/\" target=\"_blank\" rel=\"noopener\">bisherige, abgeschlossene ausschreibungen<\/a><\/p>\n<h2><a href=\"https:\/\/semmelweis.hu\/nki\/de\/partnerinstitute\/\">Unsere Partner\u00a0<\/a><\/h2>\n<hr \/>\n<div class=\"exp-col-content-holder\"><a class=\"expand-cnt-link\" href=\"#\">Die Vereinigten Staaten von Amerika<\/a><\/p>\n<div class=\"hidden-content\">\n<address>\n<address>\n<address><strong>Houston Methodist Hospital<\/strong><\/address>\n<address><img loading=\"lazy\" decoding=\"async\" class=\"size-full wp-image-32327 alignleft\" src=\"https:\/\/semmelweis.hu\/nki\/files\/2024\/05\/Methodist-logo-300x194-1.png\" alt=\"\" width=\"130\" height=\"84\" \/>Das Austauschprogramm wird von der Hungarian Medical Association of America (HMAA) gesponsert und verwaltet. Das Programm bietet Medizinstudenten im sechsten Jahr eine 12-w\u00f6chige Wahlfachklinische Praxis, die Kreditpunkte einbringt. Das Programm erm\u00f6glicht es den Studierenden, ihr medizinisches Wissen zu erweitern, neue Erfahrungen zu sammeln und langfristige berufliche Beziehungen aufzubauen. Die Rotationen beginnen viermal im Jahr.<\/address>\n<address><b>State University of New York Buffalo School of Medicine<\/b><\/address>\n<p style=\"text-align: justify\"><a href=\"http:\/\/buffalo.edu\"><img loading=\"lazy\" decoding=\"async\" class=\"size-full wp-image-340 alignleft\" src=\"https:\/\/semmelweis.hu\/nki\/files\/2014\/03\/University-at-Buffalo-logo.png\" alt=\"University at Buffalo logo\" width=\"100\" height=\"98\" \/><\/a><\/p>\n<p>Seit 1995 besteht eine Austauschvereinbarung zwischen der Semmelweis Universit\u00e4t und der State University of New York Buffalo School of Medicine, dank der zahlreiche ungarische Medizinstudenten ein 3-monatiges Fachpraktikum in den USA absolvieren konnten. Die Studierenden k\u00f6nnen sich j\u00e4hrlich im Rahmen eines Bewerbungsverfahrens f\u00fcr diese M\u00f6glichkeit qualifizieren.<\/p>\n<address><b>University of California Davis School of Medicine\u00a0<\/b><\/address>\n<p style=\"text-align: justify\"><a href=\"http:\/\/www.ucdmc.ucdavis.edu\/medschool\/\"><img loading=\"lazy\" decoding=\"async\" class=\"size-full wp-image-413 alignleft\" src=\"https:\/\/semmelweis.hu\/nki\/files\/2014\/03\/University-of-California-Davis-School-of-Medicine-logo.png\" alt=\"University of California Davis School of Medicine logo\" width=\"100\" height=\"100\" \/><\/a>Gem\u00e4\u00df der seit 2007 bestehenden Vereinbarung mit der University of California Davis School of Medicine k\u00f6nnen sich j\u00e4hrlich mehrere Medizinstudenten im f\u00fcnften und sechsten Jahr f\u00fcr ein 3-monatiges, voll finanziertes Fachpraktikum in den USA bewerben.<\/p>\n<p style=\"text-align: justify\"><b><br \/>\nRutgers University\u00a0<br \/>\n<\/b><\/p>\n<p style=\"text-align: justify\"><a href=\"https:\/\/www.rutgers.edu\/\" target=\"_blank\" rel=\"noopener noreferrer\"><img loading=\"lazy\" decoding=\"async\" class=\"alignleft  wp-image-3141\" src=\"https:\/\/semmelweis.hu\/nki\/files\/2017\/10\/Rutgers-University-logo.png\" alt=\"\" width=\"100\" height=\"100\" \/><\/a>Im September 2015 unterzeichneten die Semmelweis Universit\u00e4t und die Rutgers University eine Absichtserkl\u00e4rung zur Zusammenarbeit. Die Zusammenarbeit umfasst sowohl Bildung als auch Forschung. Der gegenseitige Austausch wird durch das Erasmus+-Programm erleichtert. Die Kooperation f\u00f6rdert die Erkundung der Austauschbarkeit zwischen den Programmen der beiden Universit\u00e4ten.<\/p>\n<\/address>\n<\/address>\n<\/div>\n<\/div>\n<div class=\"exp-col-content-holder\"><a class=\"expand-cnt-link\" href=\"#\">Kanada<\/a><\/p>\n<div class=\"hidden-content\">\n<p><strong>University of Western Ontario Schulich School of Medicine and Dentistry<\/strong><\/p>\n<p><a href=\"https:\/\/semmelweis.hu\/nki\/files\/2017\/10\/Schulich-2.jpg\"><img loading=\"lazy\" decoding=\"async\" class=\"alignleft wp-image-32329 size-full\" src=\"https:\/\/semmelweis.hu\/nki\/files\/2024\/05\/Schulich-2-150x150-1.jpeg\" alt=\"\" width=\"100\" height=\"100\" \/><\/a>Gem\u00e4\u00df der Absichtserkl\u00e4rung zur Zusammenarbeit zwischen der Semmelweis Universit\u00e4t und der Universit\u00e4t von Western Ontario Schulich School of Medicine and Dentistry wird die amerikanische Universit\u00e4t zwei Studierende im f\u00fcnften Jahr von der Semmelweis Universit\u00e4t f\u00fcr ein vierw\u00f6chiges Sommerpraktikum aufnehmen.<\/p>\n<\/div>\n<\/div>\n<div class=\"exp-col-content-holder\"><a class=\"expand-cnt-link\" href=\"#\">S\u00fcdKorea<\/a><\/p>\n<div class=\"hidden-content\">\n<address><strong>Seoul National University<\/strong><\/address>\n<address><img loading=\"lazy\" decoding=\"async\" class=\"size-full wp-image-32330 alignleft\" src=\"https:\/\/semmelweis.hu\/nki\/files\/2024\/05\/Seoul_national_university_emblem.svg_-150x150-1.png\" alt=\"\" width=\"100\" height=\"100\" \/>Gem\u00e4\u00df der Absichtserkl\u00e4rung zur Zusammenarbeit zwischen der Semmelweis Universit\u00e4t und der Nationalen Universit\u00e4t von Seoul wird die s\u00fcdkoreanische Universit\u00e4t zwei Studierende im f\u00fcnften Jahr von der Semmelweis Universit\u00e4t f\u00fcr ein Sommerpraktikum aufnehmen.<\/address>\n<address>\u00a0<\/address>\n<\/div>\n<\/div>\n<div class=\"exp-col-content-holder\"><a class=\"expand-cnt-link\" href=\"#\">Japan<\/a><\/p>\n<div class=\"hidden-content\">\n<address><b>Saitama Medical University<\/b><\/address>\n<p style=\"text-align: justify\"><a href=\"http:\/\/www.saitama-med.ac.jp\/\"><img loading=\"lazy\" decoding=\"async\" class=\"size-full wp-image-393 alignleft\" src=\"https:\/\/semmelweis.hu\/nki\/files\/2014\/03\/Saitama-Medical-University-logo-2.png\" alt=\"Saitama Medical University logo 2\" width=\"75\" height=\"66\" \/><\/a>Dank unserer einzigartigen und hervorragenden Beziehung zur Saitama Universit\u00e4t k\u00f6nnen jedes Jahr zwei Studenten und ein Fakult\u00e4tsmitglied von der Semmelweis Universit\u00e4t f\u00fcr ein Fachpraktikum nach Japan reisen, und eine \u00e4hnliche Anzahl japanischer Studierender und Fakult\u00e4tsmitglieder wird an der Semmelweis Universit\u00e4t aufgenommen.<\/p>\n<\/div>\n<\/div>\n<div class=\"exp-col-content-holder\"><a class=\"expand-cnt-link\" href=\"#\">Deutschland<\/a><\/p>\n<div class=\"hidden-content\">\n<address><b>University of Freiburg<\/b><\/address>\n<p style=\"text-align: justify\"><a href=\"http:\/\/www.uni-freiburg.de\/\"><img loading=\"lazy\" decoding=\"async\" class=\"size-full wp-image-356 alignleft\" src=\"https:\/\/semmelweis.hu\/nki\/files\/2014\/03\/University-of-Freiburg-logo_2-black.png\" alt=\"University of Freiburg logo_2 (black)\" width=\"100\" height=\"100\" \/><\/a>Die Zusammenarbeit mit der Albert-Ludwigs-Universit\u00e4t in Freiburg, die seit mehr als drei Jahrzehnten besteht, geh\u00f6rt zu den \u00e4ltesten und erfolgreichsten internationalen Partnerschaften unserer Universit\u00e4t. Dank der umfangreichen Kooperationsm\u00f6glichkeiten haben Forscher, Dozenten und Studenten der Semmelweis-Universit\u00e4t die M\u00f6glichkeit, sich jedes Jahr f\u00fcr Stipendien in den Bereichen Allgemeinmedizin, Zahnmedizin und Pharmazeutische Wissenschaften zu bewerben. Zus\u00e4tzlich organisieren die Universit\u00e4t Freiburg, die Universit\u00e4t Heidelberg und die Semmelweis Universit\u00e4t alle zwei Jahre eine gemeinsame wissenschaftliche Sitzung f\u00fcr ihre Forscher, um die aktuellsten Themen der Medizin zu diskutieren.<\/p>\n<address><b>University of Heidelberg<\/b><\/address>\n<p style=\"text-align: justify\"><a href=\"http:\/\/www.uni-heidelberg.de\/\"><img loading=\"lazy\" decoding=\"async\" class=\"size-full wp-image-355 alignleft\" src=\"https:\/\/semmelweis.hu\/nki\/files\/2014\/03\/Heidelberg-University-logo.png\" alt=\"Heidelberg University logo\" width=\"100\" height=\"98\" \/><\/a>1983 unterzeichnete die Semmelweis Universit\u00e4t einen Vertrag mit der Ruprecht-Karls-Universit\u00e4t Heidelberg, der \u00e4ltesten Universit\u00e4t Deutschlands. Dank dieser Vereinbarung wurde im Laufe der Jahre eine enge Zusammenarbeit zwischen den beiden Institutionen in verschiedenen Bereichen etabliert. Jedes Jahr werden insgesamt f\u00fcnf Wochen Forscher-Austausch und vier zehnmonatige Studienstipendien vergeben. Zus\u00e4tzlich haben Medizinstudenten die M\u00f6glichkeit, an einem einmonatigen Deutschkurs teilzunehmen. Die Universit\u00e4t Heidelberg ist einer der Hauptorganisatoren der wissenschaftlichen Konferenz Heidelberg-Freiburg-Budapest, die alle zwei Jahre stattfindet.<\/p>\n<\/div>\n<\/div>\n<div class=\"exp-col-content-holder\"><a class=\"expand-cnt-link\" href=\"#\">Italien<\/a><\/p>\n<div class=\"hidden-content\">\n<address><b>The University of Padova<\/b><\/address>\n<p><a href=\"http:\/\/www.unipd.it\/en\/\"><img loading=\"lazy\" decoding=\"async\" class=\"size-full wp-image-360 alignleft\" src=\"https:\/\/semmelweis.hu\/nki\/files\/2014\/03\/University-of-Padova-logo.png\" alt=\"University of Padova logo\" width=\"100\" height=\"99\" \/><\/a>Unsere Beziehung zur Universit\u00e4t Padua begann offiziell mit der 1987 unterzeichneten Kooperationsvereinbarung. Jedes Jahr besteht die M\u00f6glichkeit eines vierw\u00f6chigen Forscher-Austauschs in den Bereichen Allgemeinmedizin, Zahnmedizin und Pharmazeutische Wissenschaften.<\/p>\n<p>&nbsp;<\/p>\n<\/div>\n<\/div>\n<p>&nbsp;<\/p>\n","protected":false},"excerpt":{"rendered":"<p>Das Direktorat f\u00fcr Internationale Beziehungen und Alumni \u00fcberwacht und koordiniert die bilateralen Beziehungen der Semmelweis Universit\u00e4t, die es den talentiertesten Studenten und Forschern erm\u00f6glichen, Praktika oder erg\u00e4nzende Studien bei Partnerinstitutionen im Ausland zu absolvieren. Dank ihrer umfangreichen und gut funktionierenden Kooperationsbeziehungen haben Forscher, akademische Mitarbeiter und Studenten der Semmelweis Universit\u00e4t die M\u00f6glichkeit, sich f\u00fcr Stipendienprogramme &hellip;<\/p>\n","protected":false},"author":102366,"featured_media":0,"parent":0,"menu_order":0,"comment_status":"closed","ping_status":"closed","template":"template-fullwidth.php","meta":{"_acf_changed":false,"footnotes":""},"categories":[],"tags":[],"class_list":["post-32791","page","type-page","status-publish","hentry"],"acf":[],"_links":{"self":[{"href":"https:\/\/semmelweis.hu\/nki\/wp-json\/wp\/v2\/pages\/32791","targetHints":{"allow":["GET"]}}],"collection":[{"href":"https:\/\/semmelweis.hu\/nki\/wp-json\/wp\/v2\/pages"}],"about":[{"href":"https:\/\/semmelweis.hu\/nki\/wp-json\/wp\/v2\/types\/page"}],"author":[{"embeddable":true,"href":"https:\/\/semmelweis.hu\/nki\/wp-json\/wp\/v2\/users\/102366"}],"replies":[{"embeddable":true,"href":"https:\/\/semmelweis.hu\/nki\/wp-json\/wp\/v2\/comments?post=32791"}],"version-history":[{"count":10,"href":"https:\/\/semmelweis.hu\/nki\/wp-json\/wp\/v2\/pages\/32791\/revisions"}],"predecessor-version":[{"id":34157,"href":"https:\/\/semmelweis.hu\/nki\/wp-json\/wp\/v2\/pages\/32791\/revisions\/34157"}],"wp:attachment":[{"href":"https:\/\/semmelweis.hu\/nki\/wp-json\/wp\/v2\/media?parent=32791"}],"wp:term":[{"taxonomy":"category","embeddable":true,"href":"https:\/\/semmelweis.hu\/nki\/wp-json\/wp\/v2\/categories?post=32791"},{"taxonomy":"post_tag","embeddable":true,"href":"https:\/\/semmelweis.hu\/nki\/wp-json\/wp\/v2\/tags?post=32791"}],"curies":[{"name":"wp","href":"https:\/\/api.w.org\/{rel}","templated":true}]}}