{"id":32697,"date":"2024-06-03T14:13:48","date_gmt":"2024-06-03T12:13:48","guid":{"rendered":"https:\/\/semmelweis.hu\/nki\/?page_id=32697"},"modified":"2024-06-05T08:56:23","modified_gmt":"2024-06-05T06:56:23","slug":"asiatische-partnerinstitutionen","status":"publish","type":"page","link":"https:\/\/semmelweis.hu\/nki\/de\/partnerinstitute\/asiatische-partnerinstitutionen\/","title":{"rendered":"Asiatische Partnerinstitutionen"},"content":{"rendered":"\n<table id=\"tablepress-18\" class=\"tablepress tablepress-id-18 tbody-has-connected-cells\">\n<thead>\n<tr class=\"row-1\">\n\t<td class=\"column-1\"><\/td><th class=\"column-2\">Mitwirkende Fakult\u00e4ten<\/th><th class=\"column-3\">Art der Partnerschaft<\/th><th class=\"column-4\">Beginn der Partnerschaft<\/th>\n<\/tr>\n<\/thead>\n<tbody class=\"row-striping\">\n<tr class=\"row-2\">\n\t<td colspan=\"4\" rowspan=\"2\" class=\"column-1\"><h4 id=\"china\"><strong>China<\/strong><\/h4><\/td>\n<\/tr>\n<tr class=\"row-3\">\n\t\n<\/tr>\n<tr class=\"row-4\">\n\t<td rowspan=\"2\" class=\"column-1\"><a href=\"http:\/\/www.admissions.cn\/hljucm\/index2.htm\"><img loading=\"lazy\" decoding=\"async\" src=\"https:\/\/semmelweis.hu\/nki\/files\/2014\/03\/Heilongjiang-University-of-Chinese-Medicine-logo_veg.png\" alt=\"\" width=\"104\" height=\"103\" class=\"aligncenter size-full wp-image-389\" srcset=\"https:\/\/semmelweis.hu\/nki\/files\/2014\/03\/Heilongjiang-University-of-Chinese-Medicine-logo_veg.png 104w, https:\/\/semmelweis.hu\/nki\/files\/2014\/03\/Heilongjiang-University-of-Chinese-Medicine-logo_veg-90x90.png 90w\" sizes=\"auto, (max-width: 104px) 100vw, 104px\" \/><\/a><\/td><td colspan=\"3\" class=\"column-2\"><strong>Heilongjiang University of Chinese Medicine<\/strong><\/td>\n<\/tr>\n<tr class=\"row-5\">\n\t<td class=\"column-2\">Fakult\u00e4t f\u00fcr Gesundheitswissenschaften<\/td><td class=\"column-3\">Austausch von Studenten und Dozenten<\/td><td class=\"column-4\">2009<\/td>\n<\/tr>\n<tr class=\"row-6\">\n\t<td rowspan=\"2\" class=\"column-1\"><a href=\"http:\/\/en.sjtu.edu.cn\/\"><img loading=\"lazy\" decoding=\"async\" src=\"https:\/\/semmelweis.hu\/nki\/files\/2014\/03\/Shanghai-Jiao-Tong-University-logo.png\" alt=\"\" width=\"97\" height=\"97\" class=\"aligncenter size-full wp-image-375\" srcset=\"https:\/\/semmelweis.hu\/nki\/files\/2014\/03\/Shanghai-Jiao-Tong-University-logo.png 97w, https:\/\/semmelweis.hu\/nki\/files\/2014\/03\/Shanghai-Jiao-Tong-University-logo-90x90.png 90w\" sizes=\"auto, (max-width: 97px) 100vw, 97px\" \/><\/a><\/td><td colspan=\"3\" class=\"column-2\"><strong>Shanghai Jiao Tong University<\/strong><\/td>\n<\/tr>\n<tr class=\"row-7\">\n\t<td class=\"column-2\">Fakult\u00e4t f\u00fcr Gesundheitswissenschaften<\/td><td class=\"column-3\">Austausch von Studenten und Dozenten<\/td><td class=\"column-4\">2007<\/td>\n<\/tr>\n<tr class=\"row-8\">\n\t<td rowspan=\"2\" class=\"column-1\"><a href=\"http:\/\/en.sjtu.edu.cn\/\"><img loading=\"lazy\" decoding=\"async\" src=\"https:\/\/semmelweis.hu\/nki\/files\/2017\/10\/Shanghai-Uni-of-TCM.png\" alt=\"\" width=\"97\" height=\"97\" class=\"aligncenter size-full wp-image-375\" \/><\/a><\/td><td colspan=\"3\" class=\"column-2\"><strong>Shanghai University of Traditional Chinese Medicine<\/strong><\/td>\n<\/tr>\n<tr class=\"row-9\">\n\t<td class=\"column-2\"><\/td><td class=\"column-3\">Austausch von Studenten und Dozenten, gemeinsame Forschungsprojekte<\/td><td class=\"column-4\">2016<\/td>\n<\/tr>\n<tr class=\"row-10\">\n\t<td rowspan=\"2\" class=\"column-1\"><a href=\"http:\/\/en.sjtu.edu.cn\/\"><img loading=\"lazy\" decoding=\"async\" src=\"https:\/\/semmelweis.hu\/nki\/files\/2020\/01\/CSU-logo.png\" alt=\"\" width=\"97\" height=\"97\" class=\"aligncenter size-full wp-image-375\" \/><\/a><\/td><td colspan=\"3\" class=\"column-2\"><strong>Central South University<\/strong><\/td>\n<\/tr>\n<tr class=\"row-11\">\n\t<td class=\"column-2\"><\/td><td class=\"column-3\">Austausch von Studenten und Dozenten, gemeinsame Forschungsprojekte<\/td><td class=\"column-4\">2018<\/td>\n<\/tr>\n<tr class=\"row-12\">\n\t<td rowspan=\"2\" class=\"column-1\"><a href=\"http:\/\/en.sjtu.edu.cn\/\"><img loading=\"lazy\" decoding=\"async\" src=\"https:\/\/semmelweis.hu\/nki\/files\/2020\/01\/FAHZU-logo.png\" alt=\"\" width=\"97\" height=\"97\" class=\"aligncenter size-full wp-image-375\" \/><\/a><\/td><td colspan=\"3\" class=\"column-2\"><strong>First Affiliated Hospital at Zhejiang University School of Medicine<\/strong><\/td>\n<\/tr>\n<tr class=\"row-13\">\n\t<td class=\"column-2\"><\/td><td class=\"column-3\">Austausch von Studenten und Dozenten, gemeinsame Forschungsprojekte<\/td><td class=\"column-4\">2017<\/td>\n<\/tr>\n<tr class=\"row-14\">\n\t<td rowspan=\"2\" class=\"column-1\"><a href=\"http:\/\/english.tsmc.edu.cn\/\"><img loading=\"lazy\" decoding=\"async\" src=\"https:\/\/semmelweis.hu\/nki\/files\/2020\/05\/240.jpg\" alt=\"\" width=\"97\" height=\"97\" class=\"aligncenter size-full wp-image-375\" \/><\/a><\/td><td colspan=\"3\" class=\"column-2\"><strong>Shandong First Medical University, Jinan International Center for Medical Sciences Medicine<\/strong> - Shandong Akademie der Medizinischen Wissenschaften<\/td>\n<\/tr>\n<tr class=\"row-15\">\n\t<td class=\"column-2\">Andr\u00e1s-Pet\u0151-Fakult\u00e4t<\/td><td class=\"column-3\">Rehabilitation research center<\/td><td class=\"column-4\">2019<\/td>\n<\/tr>\n<tr class=\"row-16\">\n\t<td rowspan=\"2\" class=\"column-1\"><a href=\"http:\/\/www.wzmu.net\/\"><img loading=\"lazy\" decoding=\"async\" src=\"https:\/\/semmelweis.hu\/nki\/files\/2020\/05\/let\u00f6lt\u00e9s.jpg\" alt=\"\" width=\"97\" height=\"97\" class=\"aligncenter size-full wp-image-375\" \/><\/a><\/td><td colspan=\"3\" class=\"column-2\"><strong>Wenzhou Medical Unviersity<\/strong> - Medizinische Universit\u00e4t Wenzhou<\/td>\n<\/tr>\n<tr class=\"row-17\">\n\t<td class=\"column-2\">Fakult\u00e4t f\u00fcr Zahnheilkunde<\/td><td class=\"column-3\">Austausch von Studenten und Dozenten, gemeinsame Forschungsprojekte<\/td><td class=\"column-4\">2018<\/td>\n<\/tr>\n<tr class=\"row-18\">\n\t<td colspan=\"4\" rowspan=\"2\" class=\"column-1\"><h4 id=\"Indonesien<br \/>\n\"><strong> Indonesien<br \/>\n <\/strong><\/h4><\/td>\n<\/tr>\n<tr class=\"row-19\">\n\t\n<\/tr>\n<tr class=\"row-20\">\n\t<td rowspan=\"2\" class=\"column-1\"><a href=\"https:\/\/ub.ac.id\/\"><img loading=\"lazy\" decoding=\"async\" src=\"https:\/\/semmelweis.hu\/nki\/files\/2020\/05\/Universitas-Brawijaya.jpg\" alt=\"\" width=\"100\" height=\"77\" class=\"aligncenter size-full wp-image-379\" \/><\/a><\/td><td colspan=\"3\" class=\"column-2\"><strong>Universitas Brawijaya<\/strong><\/td>\n<\/tr>\n<tr class=\"row-21\">\n\t<td class=\"column-2\">Allgemein<\/td><td class=\"column-3\">Austausch von Studenten und Dozenten, gemeinsame Forschungsprojekte<\/td><td class=\"column-4\">2020<\/td>\n<\/tr>\n<tr class=\"row-22\">\n\t<td rowspan=\"2\" class=\"column-1\"><a href=\"http:\/\/www.unpad.ac.id\/en\/\"><img loading=\"lazy\" decoding=\"async\" src=\"https:\/\/semmelweis.hu\/nki\/files\/2021\/12\/Pndjradan-University-1.jpg\" alt=\"\" width=\"100\" height=\"77\" class=\"aligncenter size-full wp-image-379\" \/><\/a><\/td><td colspan=\"3\" class=\"column-2\"><strong>Universitas Padjadjaran<\/strong><\/td>\n<\/tr>\n<tr class=\"row-23\">\n\t<td class=\"column-2\">Allgemein<\/td><td class=\"column-3\">Austausch von Studenten und Dozenten, gemeinsame Forschungsprojekte<\/td><td class=\"column-4\">2013<\/td>\n<\/tr>\n<tr class=\"row-24\">\n\t<td rowspan=\"2\" class=\"column-1\"><a href=\"https:\/\/www.upnvj.ac.id\/en\"><img loading=\"lazy\" decoding=\"async\" src=\"https:\/\/semmelweis.hu\/nki\/files\/2020\/05\/kisspng-university-of-pembangunan-nasional-veteran-upn-ve-veteran-5b3ae3a836e096.0118201815305860242248.jpg\" alt=\"\" width=\"100\" height=\"77\" class=\"aligncenter size-full wp-image-379\" \/><\/a><\/td><td colspan=\"3\" class=\"column-2\"><strong>Universitas Pembangunan Nasional \"Veteran\" Jakarta<\/strong><\/td>\n<\/tr>\n<tr class=\"row-25\">\n\t<td class=\"column-2\">Allgemein<\/td><td class=\"column-3\">Austausch von Studenten und Dozenten, gemeinsame Forschungsprojekte<\/td><td class=\"column-4\">2020<\/td>\n<\/tr>\n<tr class=\"row-26\">\n\t<td colspan=\"4\" rowspan=\"2\" class=\"column-1\"><h4 id=\"japan\"><strong>Japan<\/strong><\/h4><\/td>\n<\/tr>\n<tr class=\"row-27\">\n\t\n<\/tr>\n<tr class=\"row-28\">\n\t<td rowspan=\"2\" class=\"column-1\"><a href=\"http:\/\/www.jiu.ac.jp\/englishsite\/\"><img loading=\"lazy\" decoding=\"async\" src=\"https:\/\/semmelweis.hu\/nki\/files\/2020\/05\/josai-international-university-togane-japan.jpg\" alt=\"\" width=\"100\" height=\"77\" class=\"aligncenter size-full wp-image-379\" \/><\/a><\/td><td colspan=\"3\" class=\"column-2\"><strong>Josai International University<\/strong><\/td>\n<\/tr>\n<tr class=\"row-29\">\n\t<td class=\"column-2\">Fakult\u00e4t f\u00fcr Pharmazie<\/td><td class=\"column-3\">Austausch von Studenten und Dozenten,<br \/>\ngemeinsame Forschungsprojekte<\/td><td class=\"column-4\">2011<\/td>\n<\/tr>\n<tr class=\"row-30\">\n\t<td rowspan=\"2\" class=\"column-1\"><a href=\"https:\/\/en.juntendo.ac.jp\/\"><img loading=\"lazy\" decoding=\"async\" src=\"https:\/\/semmelweis.hu\/nki\/files\/2024\/05\/juntendo-university-ca4cc5cb.jpeg\" alt=\"\" width=\"100\" height=\"77\" class=\"alignnone size-full wp-image-31966\" \/><\/td><td colspan=\"3\" class=\"column-2\"><strong>Juntendo University<\/strong><\/td>\n<\/tr>\n<tr class=\"row-31\">\n\t<td class=\"column-2\">Allgemein<\/td><td class=\"column-3\"><\/td><td class=\"column-4\">2020<\/td>\n<\/tr>\n<tr class=\"row-32\">\n\t<td rowspan=\"2\" class=\"column-1\"><a href=\"https:\/\/semmelweis.hu\/nki\/nihon_header_logo\/\" rel=\"attachment wp-att-2068\"><img loading=\"lazy\" decoding=\"async\" src=\"https:\/\/semmelweis.hu\/nki\/files\/2016\/05\/nihon_header_logo.gif\" alt=\"nihon_header_logo\" width=\"145\" height=\"145\" class=\"aligncenter size-full wp-image-2068\" srcset=\"https:\/\/semmelweis.hu\/nki\/files\/2016\/05\/nihon_header_logo.gif 145w, https:\/\/semmelweis.hu\/nki\/files\/2016\/05\/nihon_header_logo-144x144.gif 144w, https:\/\/semmelweis.hu\/nki\/files\/2016\/05\/nihon_header_logo-90x90.gif 90w\" sizes=\"auto, (max-width: 145px) 100vw, 145px\" \/><\/a><\/td><td colspan=\"3\" class=\"column-2\"><strong>Nihon University<\/strong><\/td>\n<\/tr>\n<tr class=\"row-33\">\n\t<td class=\"column-2\">Fakult\u00e4t f\u00fcr Zahnheilkunde<\/td><td class=\"column-3\">Austausch von Studenten und Dozenten,<br \/>\ngemeinsame Forschungsprojekte<\/td><td class=\"column-4\">2016<\/td>\n<\/tr>\n<tr class=\"row-34\">\n\t<td rowspan=\"2\" class=\"column-1\"><a href=\"http:\/\/www.osaka-dent.ac.jp\/\"><img loading=\"lazy\" decoding=\"async\" src=\"https:\/\/semmelweis.hu\/nki\/files\/2014\/03\/Osaka-Dental-University-logo2.png\" alt=\"\" width=\"100\" height=\"73\" class=\"aligncenter size-full wp-image-394\" \/><\/a><\/td><td colspan=\"3\" class=\"column-2\"><strong>Osaka Dental University<\/strong><\/td>\n<\/tr>\n<tr class=\"row-35\">\n\t<td class=\"column-2\">Fakult\u00e4t f\u00fcr Zahnheilkunde<\/td><td class=\"column-3\">Austausch von Dozenten,<br \/>\ngemeinsame Forschungsprojekte<\/td><td class=\"column-4\">2011<\/td>\n<\/tr>\n<tr class=\"row-36\">\n\t<td rowspan=\"2\" class=\"column-1\"><a href=\"https:\/\/www.okayama-u.ac.jp\/user\/med\/index_e.html\/\"><img loading=\"lazy\" decoding=\"async\" src=\"https:\/\/semmelweis.hu\/nki\/files\/2020\/05\/Okayama-UNiversity.png\" alt=\"\" width=\"100\" height=\"73\" class=\"aligncenter size-full wp-image-394\" \/><\/a><\/td><td colspan=\"3\" class=\"column-2\"><strong>Okayama University<\/strong><\/td>\n<\/tr>\n<tr class=\"row-37\">\n\t<td class=\"column-2\">Fakult\u00e4t f\u00fcr Allgemeinmedizin<\/td><td class=\"column-3\">Austausch von Dozenten,<br \/>\ngemeinsame Forschungsprojekte<\/td><td class=\"column-4\">2019<\/td>\n<\/tr>\n<tr class=\"row-38\">\n\t<td rowspan=\"2\" class=\"column-1\"><a href=\"http:\/\/www.saitama-med.ac.jp\/\"><img loading=\"lazy\" decoding=\"async\" src=\"https:\/\/semmelweis.hu\/nki\/files\/2014\/03\/Saitama-Medical-University-logo-2.png\" alt=\"\" width=\"75\" height=\"66\" class=\"aligncenter size-full wp-image-393\" \/><\/a><\/td><td colspan=\"3\" class=\"column-2\"><strong>Saitama Medical University<\/strong><\/td>\n<\/tr>\n<tr class=\"row-39\">\n\t<td class=\"column-2\">Fakult\u00e4t f\u00fcr Allgemeinmedizin<\/td><td class=\"column-3\">Austausch von Studenten und Dozenten<\/td><td class=\"column-4\">2002<\/td>\n<\/tr>\n<tr class=\"row-40\">\n\t<td rowspan=\"2\" class=\"column-1\"><a href=\"http:\/\/www.tohoku.ac.jp\/en\/\"><img loading=\"lazy\" decoding=\"async\" src=\"https:\/\/semmelweis.hu\/nki\/files\/2021\/12\/Tohoku-University.gif\" alt=\"\" width=\"130\" height=\"130\" class=\"aligncenter size-full wp-image-393\" \/><\/a><\/td><td colspan=\"3\" class=\"column-2\"><strong>Tohoku University<\/strong><\/td>\n<\/tr>\n<tr class=\"row-41\">\n\t<td class=\"column-2\">Fakult\u00e4t f\u00fcr Pharmazie<\/td><td class=\"column-3\">Austausch von Studenten und Dozenten,<br \/>\ngemeinsame Forschungsprojekte<\/td><td class=\"column-4\">2009<\/td>\n<\/tr>\n<tr class=\"row-42\">\n\t<td rowspan=\"2\" class=\"column-1\"><a href=\"http:\/\/www.tokyo-med.ac.jp\/english\/\"><img loading=\"lazy\" decoding=\"async\" src=\"https:\/\/semmelweis.hu\/nki\/files\/2017\/10\/TMU.png\" alt=\"\" width=\"130\" height=\"130\" class=\"aligncenter size-full wp-image-393\" \/><\/a><\/td><td colspan=\"3\" class=\"column-2\"><strong>Tokyo Medical University<\/strong><\/td>\n<\/tr>\n<tr class=\"row-43\">\n\t<td class=\"column-2\">Fakult\u00e4t f\u00fcr Allgemeinmedizin<\/td><td class=\"column-3\">Austausch von Studenten<\/td><td class=\"column-4\">2017<\/td>\n<\/tr>\n<tr class=\"row-44\">\n\t<td rowspan=\"2\" class=\"column-1\"><a href=\"http:\/\/www.iuhw.ac.jp\/en\/\"><img loading=\"lazy\" decoding=\"async\" src=\"https:\/\/semmelweis.hu\/nki\/files\/2017\/10\/IUHW-logo.jpg\" alt=\"\" width=\"100\" height=\"100\" class=\"aligncenter size-full wp-image-393\" \/><\/a><\/td><td colspan=\"3\" class=\"column-2\"><strong>International University of Health and Welfare<\/strong><\/td>\n<\/tr>\n<tr class=\"row-45\">\n\t<td class=\"column-2\">Allgemein<\/td><td class=\"column-3\">Allgemein<\/td><td class=\"column-4\">2016<\/td>\n<\/tr>\n<tr class=\"row-46\">\n\t<td rowspan=\"2\" class=\"column-1\"><a href=\"https:\/\/www.pathology.or.jp\/en\/\"><img loading=\"lazy\" decoding=\"async\" src=\"https:\/\/semmelweis.hu\/nki\/files\/2020\/05\/Japanese-Society-of-Pathology.jpg\" alt=\"\" width=\"100\" height=\"100\" class=\"aligncenter size-full wp-image-393\" \/><\/a><\/td><td colspan=\"3\" class=\"column-2\"><strong>Japanese Society of Pathology<\/strong><\/td>\n<\/tr>\n<tr class=\"row-47\">\n\t<td class=\"column-2\"><br \/>\nMedizinische Fakult\u00e4t (2. Abteilung f\u00fcr Pathologie)<\/td><td class=\"column-3\"><br \/>\nKurze Trainingsprogramme<\/td><td class=\"column-4\">2014<\/td>\n<\/tr>\n<tr class=\"row-48\">\n\t<td rowspan=\"2\" class=\"column-1\"><a href=\"https:\/\/www.osaka-u.ac.jp\/en\"><img loading=\"lazy\" decoding=\"async\" src=\"https:\/\/semmelweis.hu\/nki\/files\/2020\/06\/Osaka_logo.png\" alt=\"\" width=\"100\" height=\"100\" class=\"aligncenter size-full wp-image-393\" \/><\/a><\/td><td colspan=\"3\" class=\"column-2\"><strong>Osaka University<\/strong><\/td>\n<\/tr>\n<tr class=\"row-49\">\n\t<td class=\"column-2\">Allgemein<\/td><td class=\"column-3\">Austausch von Studenten und Dozenten,<br \/>\ngemeinsame Forschungsprojekte<\/td><td class=\"column-4\">2020<\/td>\n<\/tr>\n<tr class=\"row-50\">\n\t<td colspan=\"4\" rowspan=\"2\" class=\"column-1\"><h4 id=\"Kasachstan\"><strong>Kasachstan<\/strong><\/h4><\/td>\n<\/tr>\n<tr class=\"row-51\">\n\t\n<\/tr>\n<tr class=\"row-52\">\n\t<td rowspan=\"2\" class=\"column-1\"><a href=\"https:\/\/www.kaznu.kz\/en\/\"><img loading=\"lazy\" decoding=\"async\" src=\"https:\/\/semmelweis.hu\/nki\/files\/2021\/12\/al-farabi-kazakh-university.png\" alt=\"\" width=\"104\" height=\"103\" class=\"aligncenter size-full wp-image-389\" \/><\/a><\/td><td colspan=\"3\" class=\"column-2\"><strong>Al-Farabi Kazakh National University<\/strong><\/td>\n<\/tr>\n<tr class=\"row-53\">\n\t<td class=\"column-2\">Allgemein<\/td><td class=\"column-3\">Austausch von Studenten und Dozenten, gemeinsame Forschungsprojekte<\/td><td class=\"column-4\">2020<\/td>\n<\/tr>\n<tr class=\"row-54\">\n\t<td colspan=\"4\" rowspan=\"2\" class=\"column-1\"><h4 id=\"Mongolei\"><strong>Mongolei<\/strong><\/h2><\/td>\n<\/tr>\n<tr class=\"row-55\">\n\t\n<\/tr>\n<tr class=\"row-56\">\n\t<td rowspan=\"2\" class=\"column-1\"><a href=\"https:\/\/www.mnums.edu.mn\/index.php\"><img loading=\"lazy\" decoding=\"async\" src=\"https:\/\/semmelweis.hu\/nki\/files\/2020\/05\/mongolian-university-1.jpg\" alt=\"\" width=\"100\" height=\"96\" class=\"aligncenter size-full wp-image-380\" \/><\/a><\/td><td colspan=\"3\" class=\"column-2\"><strong>Mongolian National University of Medical Sciences<\/strong><\/td>\n<\/tr>\n<tr class=\"row-57\">\n\t<td class=\"column-2\">Fakult\u00e4t f\u00fcr Gesundheitswissenschaften<\/td><td class=\"column-3\">Austausch von Dozenten<\/td><td class=\"column-4\">2009<\/td>\n<\/tr>\n<tr class=\"row-58\">\n\t<td colspan=\"4\" rowspan=\"2\" class=\"column-1\"><h4 id=\"thailand\"><strong>Thailand<\/strong><\/h2><\/td>\n<\/tr>\n<tr class=\"row-59\">\n\t\n<\/tr>\n<tr class=\"row-60\">\n\t<td rowspan=\"2\" class=\"column-1\"><a href=\"https:\/\/www.chula.ac.th\/en\/\"><img loading=\"lazy\" decoding=\"async\" src=\"https:\/\/semmelweis.hu\/nki\/files\/2020\/05\/Faculty_of_Medicine_Chulalongkorn_University.jpg\" alt=\"\" width=\"100\" height=\"100\" class=\"aligncenter size-full wp-image-388\" \/><\/a><\/td><td colspan=\"3\" class=\"column-2\"><strong>Chulalongkorn University<\/strong><\/td>\n<\/tr>\n<tr class=\"row-61\">\n\t<td class=\"column-2\">Allgemein<\/td><td class=\"column-3\">Austausch von Studenten und Dozenten<\/td><td class=\"column-4\">2017<\/td>\n<\/tr>\n<tr class=\"row-62\">\n\t<td rowspan=\"2\" class=\"column-1\"><a href=\"https:\/\/mahidol.ac.th\/\"><img loading=\"lazy\" decoding=\"async\" src=\"https:\/\/semmelweis.hu\/nki\/files\/2020\/05\/Mahidol_University.png\" alt=\"\" width=\"100\" height=\"99\" class=\"aligncenter size-full wp-image-387\" \/><\/a><\/td><td colspan=\"3\" class=\"column-2\"><strong>Mahidol University<\/strong><\/td>\n<\/tr>\n<tr class=\"row-63\">\n\t<td class=\"column-2\">Allgemein<\/td><td class=\"column-3\">Austausch von Studenten und Dozenten<\/td><td class=\"column-4\">2017<\/td>\n<\/tr>\n<tr class=\"row-64\">\n\t<td rowspan=\"2\" class=\"column-1\"><a href=\"http:\/\/www.nu.ac.th\/\"><img loading=\"lazy\" decoding=\"async\" src=\"https:\/\/semmelweis.hu\/nki\/files\/2020\/05\/Naresuanlogo.jpg\" alt=\"\" width=\"100\" height=\"96\" class=\"aligncenter size-full wp-image-380\" \/><\/a><\/td><td colspan=\"3\" class=\"column-2\"><strong>Naresuan University<\/strong><\/td>\n<\/tr>\n<tr class=\"row-65\">\n\t<td class=\"column-2\">Allgemein<\/td><td class=\"column-3\">Austausch von Studenten und Dozenten<\/td><td class=\"column-4\">2017<\/td>\n<\/tr>\n<tr class=\"row-66\">\n\t<td colspan=\"4\" rowspan=\"2\" class=\"column-1\"><h4 id=\"Usbekistan\"><strong>Usbekistan<\/strong><\/h2><\/td>\n<\/tr>\n<tr class=\"row-67\">\n\t\n<\/tr>\n<tr class=\"row-68\">\n\t<td rowspan=\"2\" class=\"column-1\"><a href=\"http:\/\/www.samdu.uz\/en\"><img loading=\"lazy\" decoding=\"async\" src=\"https:\/\/semmelweis.hu\/nki\/files\/2021\/12\/samarkand.jpg\" alt=\"\" width=\"100\" height=\"100\" class=\"aligncenter size-full wp-image-390\" \/><\/a><\/td><td colspan=\"3\" class=\"column-2\"><strong>Samarkand State University<\/strong><\/td>\n<\/tr>\n<tr class=\"row-69\">\n\t<td class=\"column-2\">Allgemein<\/td><td class=\"column-3\"><\/td><td class=\"column-4\">2021<\/td>\n<\/tr>\n<tr class=\"row-70\">\n\t<td rowspan=\"2\" class=\"column-1\"><a href=\"https:\/\/tma.uz\/\"><img loading=\"lazy\" decoding=\"async\" src=\"https:\/\/semmelweis.hu\/nki\/files\/2021\/12\/tashkent-medical-academy.jpg\" alt=\"\" width=\"100\" height=\"87\" class=\"aligncenter size-full wp-image-386\" \/><\/a><\/td><td colspan=\"3\" class=\"column-2\"><strong>Tashkent Medical Academy<\/strong><\/td>\n<\/tr>\n<tr class=\"row-71\">\n\t<td class=\"column-2\">Allgemein<\/td><td class=\"column-3\">Allgemein<\/td><td class=\"column-4\">2021<\/td>\n<\/tr>\n<tr class=\"row-72\">\n\t<td rowspan=\"2\" class=\"column-1\"><a href=\"https:\/\/tashpmi.uz\/en\/\"><img loading=\"lazy\" decoding=\"async\" src=\"https:\/\/semmelweis.hu\/nki\/files\/2021\/12\/tashkent.jpg\" alt=\"\" width=\"100\" height=\"87\" class=\"aligncenter size-full wp-image-386\" \/><\/a><\/td><td colspan=\"3\" class=\"column-2\"><strong>Tashkent Pediatric Medical Insitute<\/strong><\/td>\n<\/tr>\n<tr class=\"row-73\">\n\t<td class=\"column-2\">Allgemein<\/td><td class=\"column-3\"><\/td><td class=\"column-4\">2021<\/td>\n<\/tr>\n<tr class=\"row-74\">\n\t<td colspan=\"4\" rowspan=\"2\" class=\"column-1\"><h4 id=\"sudkorea\"><strong>S\u00fcdkorea<\/strong><\/h4><\/td>\n<\/tr>\n<tr class=\"row-75\">\n\t\n<\/tr>\n<tr class=\"row-76\">\n\t<td rowspan=\"2\" class=\"column-1\"><a href=\"http:\/\/www.dankook.ac.kr\/web\/eng\"><img loading=\"lazy\" decoding=\"async\" src=\"https:\/\/semmelweis.hu\/nki\/files\/2014\/03\/Dankook-University-logo.png\" alt=\"\" width=\"100\" height=\"100\" class=\"aligncenter size-full wp-image-381\" srcset=\"https:\/\/semmelweis.hu\/nki\/files\/2014\/03\/Dankook-University-logo.png 100w, https:\/\/semmelweis.hu\/nki\/files\/2014\/03\/Dankook-University-logo-90x90.png 90w\" sizes=\"auto, (max-width: 100px) 100vw, 100px\" \/><\/a><\/td><td colspan=\"3\" class=\"column-2\"><strong>Dankook University<\/strong><\/td>\n<\/tr>\n<tr class=\"row-77\">\n\t<td class=\"column-2\">Allgemeine Kooperation<\/td><td class=\"column-3\">Austausch von Studenten und Dozenten,<br \/>\ngemeinsame Forschungsprojekte<\/td><td class=\"column-4\">2011<\/td>\n<\/tr>\n<tr class=\"row-78\">\n\t<td rowspan=\"2\" class=\"column-1\"><a href=\"http:\/\/www.gwnu.ac.kr\/\"><img loading=\"lazy\" decoding=\"async\" src=\"https:\/\/semmelweis.hu\/nki\/files\/2014\/03\/Gangneung-Wonju-National-University-logo.png\" alt=\"\" width=\"100\" height=\"100\" class=\"aligncenter size-full wp-image-383\" srcset=\"https:\/\/semmelweis.hu\/nki\/files\/2014\/03\/Gangneung-Wonju-National-University-logo.png 100w, https:\/\/semmelweis.hu\/nki\/files\/2014\/03\/Gangneung-Wonju-National-University-logo-90x90.png 90w\" sizes=\"auto, (max-width: 100px) 100vw, 100px\" \/><\/a><\/td><td colspan=\"3\" class=\"column-2\"><strong>Gangneung-Wonju National University<\/strong><\/td>\n<\/tr>\n<tr class=\"row-79\">\n\t<td class=\"column-2\">Kooperationsfeld: Zahnheilkunde<\/td><td class=\"column-3\">Dozentenaustausch<br \/>\nGemeinsame Forschungsprojekte<br \/>\n<\/td><td class=\"column-4\">2011<\/td>\n<\/tr>\n<tr class=\"row-80\">\n\t<td rowspan=\"2\" class=\"column-1\"><a href=\"http:\/\/www.kmu.ac.kr\/english\/\"><img loading=\"lazy\" decoding=\"async\" src=\"https:\/\/semmelweis.hu\/nki\/files\/2014\/03\/Keimyung-University-logo.png\" alt=\"\" width=\"98\" height=\"100\" class=\"aligncenter size-full wp-image-382\" \/><\/a><\/td><td colspan=\"3\" class=\"column-2\"><strong>Keimyung University<\/strong><\/td>\n<\/tr>\n<tr class=\"row-81\">\n\t<td class=\"column-2\">Fakult\u00e4t f\u00fcr Allgemeinmedizin<br \/>\nFakult\u00e4t f\u00fcr Zahnheilkunde<br \/>\nFakult\u00e4t f\u00fcr Pharmazie<\/td><td class=\"column-3\"><\/td><td class=\"column-4\">2010<\/td>\n<\/tr>\n<tr class=\"row-82\">\n\t<td rowspan=\"2\" class=\"column-1\"><a href=\"http:\/\/en.medicine.snu.ac.kr\/\"><img decoding=\"async\" src=\"https:\/\/semmelweis.hu\/nki\/files\/2016\/01\/Seoul_national_university_emblem-e1452767585108.png\" \/><\/a><\/td><td colspan=\"3\" class=\"column-2\"><strong>Seoul National University College of Medicine<\/strong><\/td>\n<\/tr>\n<tr class=\"row-83\">\n\t<td class=\"column-2\">Fakult\u00e4t f\u00fcr Allgemeinmedizin<\/td><td class=\"column-3\">Austausch von Studenten<\/td><td class=\"column-4\">2017<\/td>\n<\/tr>\n<tr class=\"row-84\">\n\t<td colspan=\"4\" rowspan=\"2\" class=\"column-1\"><h4 id=\"vietnam\"><strong>Vietnam<\/strong><\/h4><\/td>\n<\/tr>\n<tr class=\"row-85\">\n\t\n<\/tr>\n<tr class=\"row-86\">\n\t<td rowspan=\"2\" class=\"column-1\"><a href=\"https:\/\/vnm.orbis.org\/en\/what-we-do\/vnio\" rel=\"noopener\" target=\"_blank\"><img loading=\"lazy\" decoding=\"async\" src=\"https:\/\/semmelweis.hu\/nki\/files\/2024\/06\/Screenshot-2024-06-04-at-11.38.59-400x222.png\" alt=\"\" width=\"100\" height=\"100\" class=\"alignnone size-medium wp-image-32748\" \/><\/a><\/td><td colspan=\"3\" class=\"column-2\"><strong>Vietnam National Institute of Ophthalmology<\/strong><\/td>\n<\/tr>\n<tr class=\"row-87\">\n\t<td class=\"column-2\">Allgemein<\/td><td class=\"column-3\">Gemeinsame Forschung<br \/>\nSchulungsprogramm f\u00fcr Augenheilkunde<br \/>\nProfessionelle Partnerschaft <\/td><td class=\"column-4\">2014<\/td>\n<\/tr>\n<\/tbody>\n<\/table>\n<!-- #tablepress-18 from cache -->\n","protected":false},"excerpt":{"rendered":"","protected":false},"author":102366,"featured_media":32683,"parent":742,"menu_order":0,"comment_status":"closed","ping_status":"closed","template":"template-fullwidth.php","meta":{"_acf_changed":false,"footnotes":""},"categories":[],"tags":[317],"class_list":["post-32697","page","type-page","status-publish","has-post-thumbnail","hentry","tag-kontinente"],"acf":[],"_links":{"self":[{"href":"https:\/\/semmelweis.hu\/nki\/wp-json\/wp\/v2\/pages\/32697","targetHints":{"allow":["GET"]}}],"collection":[{"href":"https:\/\/semmelweis.hu\/nki\/wp-json\/wp\/v2\/pages"}],"about":[{"href":"https:\/\/semmelweis.hu\/nki\/wp-json\/wp\/v2\/types\/page"}],"author":[{"embeddable":true,"href":"https:\/\/semmelweis.hu\/nki\/wp-json\/wp\/v2\/users\/102366"}],"replies":[{"embeddable":true,"href":"https:\/\/semmelweis.hu\/nki\/wp-json\/wp\/v2\/comments?post=32697"}],"version-history":[{"count":1,"href":"https:\/\/semmelweis.hu\/nki\/wp-json\/wp\/v2\/pages\/32697\/revisions"}],"predecessor-version":[{"id":32698,"href":"https:\/\/semmelweis.hu\/nki\/wp-json\/wp\/v2\/pages\/32697\/revisions\/32698"}],"up":[{"embeddable":true,"href":"https:\/\/semmelweis.hu\/nki\/wp-json\/wp\/v2\/pages\/742"}],"wp:featuredmedia":[{"embeddable":true,"href":"https:\/\/semmelweis.hu\/nki\/wp-json\/wp\/v2\/media\/32683"}],"wp:attachment":[{"href":"https:\/\/semmelweis.hu\/nki\/wp-json\/wp\/v2\/media?parent=32697"}],"wp:term":[{"taxonomy":"category","embeddable":true,"href":"https:\/\/semmelweis.hu\/nki\/wp-json\/wp\/v2\/categories?post=32697"},{"taxonomy":"post_tag","embeddable":true,"href":"https:\/\/semmelweis.hu\/nki\/wp-json\/wp\/v2\/tags?post=32697"}],"curies":[{"name":"wp","href":"https:\/\/api.w.org\/{rel}","templated":true}]}}