{"id":32592,"date":"2024-05-16T11:27:23","date_gmt":"2024-05-16T09:27:23","guid":{"rendered":"https:\/\/semmelweis.hu\/nki\/?page_id=32592"},"modified":"2024-06-06T12:48:14","modified_gmt":"2024-06-06T10:48:14","slug":"internationale-kurzprogramme","status":"publish","type":"page","link":"https:\/\/semmelweis.hu\/nki\/de\/internationale-kurzprogramme\/","title":{"rendered":"Internationale Kurzprogramme"},"content":{"rendered":"<p><img loading=\"lazy\" decoding=\"async\" class=\"aligncenter wp-image-32780 size-full\" src=\"https:\/\/semmelweis.hu\/nki\/files\/2024\/06\/int_shortprograms_slider_GER_nd-scaled.jpg\" alt=\"\" width=\"2560\" height=\"840\" srcset=\"https:\/\/semmelweis.hu\/nki\/files\/2024\/06\/int_shortprograms_slider_GER_nd-scaled.jpg 2560w, https:\/\/semmelweis.hu\/nki\/files\/2024\/06\/int_shortprograms_slider_GER_nd-400x131.jpg 400w, https:\/\/semmelweis.hu\/nki\/files\/2024\/06\/int_shortprograms_slider_GER_nd-1024x336.jpg 1024w, https:\/\/semmelweis.hu\/nki\/files\/2024\/06\/int_shortprograms_slider_GER_nd-768x252.jpg 768w, https:\/\/semmelweis.hu\/nki\/files\/2024\/06\/int_shortprograms_slider_GER_nd-1536x504.jpg 1536w, https:\/\/semmelweis.hu\/nki\/files\/2024\/06\/int_shortprograms_slider_GER_nd-2048x672.jpg 2048w, https:\/\/semmelweis.hu\/nki\/files\/2024\/06\/int_shortprograms_slider_GER_nd-753x247.jpg 753w\" sizes=\"auto, (max-width: 2560px) 100vw, 2560px\" \/><\/p>\n<div class=\"keretes w-100\">\n<p style=\"text-align: justify\"><strong>Die Universit\u00e4t bietet eine gro\u00dfe Auswahl an Kurzprogramme f\u00fcr Fachleute und Studenten aus den Bereichen Medizin, Zahnmedizin, Pharmazie und Gesundheitswesen.<\/strong> Um eine effektive und gezielte Lernerfahrung zu gew\u00e4hrleisten, sind die Kurse in begrenzter Anzahl verf\u00fcgbar und dauern von einem Tag bis zwei Wochen. Das vollst\u00e4ndige Kursangebot finden Sie unter dem unten stehenden Link.<\/p>\n<\/div>\n<p style=\"text-align: justify\">Neben den thematischen Kursen, die zu bestimmten Terminen angeboten werden, bietet die Universit\u00e4t auch <strong>ma\u00dfgeschneiderte Angebote<\/strong> f\u00fcr interessierte Studenten, Fachleute und Gruppen an. Diese ma\u00dfgeschneiderten Programme bieten einen tiefen Einblick in die internationale Ausbildung, die wissenschaftliche Forschung und die Patientenversorgung der Universit\u00e4t und bieten gleichzeitig wertvolle <strong>berufliche und kulturelle Erfahrungen.<\/strong><\/p>\n<p style=\"text-align: justify\">Die Teilnehmer k\u00f6nnen an <strong>klinischen Praktika<\/strong> teilnehmen, bei denen sie an der<strong> Patientenversorgung auf h\u00f6chstem Niveau<\/strong> mitwirken k\u00f6nnen. Mit Zugang zu modernster Technologie und \u00fcber 40 Pflegestationen k\u00f6nnen die Teilnehmer in einem dynamischen und unterst\u00fctzenden Umfeld praktische F\u00e4higkeiten entwickeln und berufliche Beziehungen aufbauen.<\/p>\n<p style=\"text-align: center\"><a class=\"button\" href=\"https:\/\/semmelweis.hu\/short-courses\/\" target=\"_blank\" rel=\"noopener\">INTERNATIONALE KURZKURSE UND TRAININGS<\/a><\/p>\n","protected":false},"excerpt":{"rendered":"<p>Die Universit\u00e4t bietet eine gro\u00dfe Auswahl an Kurzprogramme f\u00fcr Fachleute und Studenten aus den Bereichen Medizin, Zahnmedizin, Pharmazie und Gesundheitswesen. Um eine effektive und gezielte Lernerfahrung zu gew\u00e4hrleisten, sind die Kurse in begrenzter Anzahl verf\u00fcgbar und dauern von einem Tag bis zwei Wochen. Das vollst\u00e4ndige Kursangebot finden Sie unter dem unten stehenden Link. Neben den &hellip;<\/p>\n","protected":false},"author":102198,"featured_media":0,"parent":0,"menu_order":0,"comment_status":"closed","ping_status":"closed","template":"template-fullwidth.php","meta":{"_acf_changed":false,"footnotes":""},"categories":[],"tags":[],"class_list":["post-32592","page","type-page","status-publish","hentry"],"acf":[],"_links":{"self":[{"href":"https:\/\/semmelweis.hu\/nki\/wp-json\/wp\/v2\/pages\/32592","targetHints":{"allow":["GET"]}}],"collection":[{"href":"https:\/\/semmelweis.hu\/nki\/wp-json\/wp\/v2\/pages"}],"about":[{"href":"https:\/\/semmelweis.hu\/nki\/wp-json\/wp\/v2\/types\/page"}],"author":[{"embeddable":true,"href":"https:\/\/semmelweis.hu\/nki\/wp-json\/wp\/v2\/users\/102198"}],"replies":[{"embeddable":true,"href":"https:\/\/semmelweis.hu\/nki\/wp-json\/wp\/v2\/comments?post=32592"}],"version-history":[{"count":11,"href":"https:\/\/semmelweis.hu\/nki\/wp-json\/wp\/v2\/pages\/32592\/revisions"}],"predecessor-version":[{"id":32866,"href":"https:\/\/semmelweis.hu\/nki\/wp-json\/wp\/v2\/pages\/32592\/revisions\/32866"}],"wp:attachment":[{"href":"https:\/\/semmelweis.hu\/nki\/wp-json\/wp\/v2\/media?parent=32592"}],"wp:term":[{"taxonomy":"category","embeddable":true,"href":"https:\/\/semmelweis.hu\/nki\/wp-json\/wp\/v2\/categories?post=32592"},{"taxonomy":"post_tag","embeddable":true,"href":"https:\/\/semmelweis.hu\/nki\/wp-json\/wp\/v2\/tags?post=32592"}],"curies":[{"name":"wp","href":"https:\/\/api.w.org\/{rel}","templated":true}]}}