{"id":32280,"date":"2024-06-05T09:59:29","date_gmt":"2024-06-05T07:59:29","guid":{"rendered":"https:\/\/semmelweis.hu\/nki\/?page_id=32280"},"modified":"2025-09-30T11:18:52","modified_gmt":"2025-09-30T09:18:52","slug":"kontakt","status":"publish","type":"page","link":"https:\/\/semmelweis.hu\/nki\/kontakt\/","title":{"rendered":"Kapcsolat"},"content":{"rendered":"\n<!-- iframe plugin v.4.9 wordpress.org\/plugins\/iframe\/ -->\n<iframe src=\"https:\/\/www.google.com\/maps\/embed?pb=!1m18!1m12!1m3!1d13522.502224098014!2d19.052418706237766!3d47.48844819503034!2m3!1f0!2f0!3f0!3m2!1i1024!2i768!4f13.1!3m3!1m2!1s0x4741dc59ea3ba3cd%3A0x2435c6b8aa0b78a!2sSemmelweis%20Egyetem!5e1!3m2!1shu!2shu!4v1715865037132!5m2!1shu!2shu\" width=\"100%\" height=\"450\" style=\"border:0;\" allowfullscreen loading=\"lazy\" referrerpolicy=\"no-referrer-when-downgrade\" scrolling=\"yes\" class=\"iframe-class\" frameborder=\"0\"><\/iframe>\n\n<div class=\"keretes w-100\">\n<p style=\"text-align: left\"><strong>SEMMELWEIS EGYETEM, <\/strong><strong>Nemzetk\u00f6zi Kapcsolatok<\/p>\n<p><\/strong><strong style=\"font-size: 1rem\">C\u00edm<\/strong><span style=\"font-size: 1rem\">: 1085 Budapest, \u00dcll\u0151i \u00fat 26.<\/span><strong style=\"font-size: 1rem\"><br \/>\nTelefon<\/strong><span style=\"font-size: 1rem\">: +36 1 317 9079<br \/>\n<\/span><strong style=\"font-size: 1rem\">Email<\/strong><span style=\"font-size: 1rem\">: international@semmelweis.hu<\/span><\/p>\n<div class=\"contact-data mb-2\"><strong>Amennyiben b\u00e1rmilyen k\u00e9rd\u00e9se mer\u00fclne fel, l\u00e9pjen kapcsolatba <\/strong><a href=\"https:\/\/semmelweis.hu\/nki\/az-igazgatosagrol\/munkatarsaink\/\" target=\"_blank\" rel=\"noopener\"><strong>Munkat\u00e1rsainkkal.<\/strong><\/a><\/div>\n<\/div>\n<div>\u00a0<\/div>\n<div>\u00a0<\/div>\n<div>\u00a0<\/div>\n","protected":false},"excerpt":{"rendered":"<p>SEMMELWEIS EGYETEM, Nemzetk\u00f6zi Kapcsolatok<br \/>\nC\u00edm: 1085 Budapest, \u00dcll\u0151i \u00fat 26.<br \/>\nTelefon: +36 1 317 9079<br \/>\nEmail: international@semmelweis.hu<br \/>\nAmennyiben b\u00e1rmilyen k\u00e9rd\u00e9se mer\u00fclne fel, l\u00e9pjen kapcsolatba <a href=\"https:\/\/semmelweis.hu\/nki\/az-igazgatosagrol\/munkatarsaink\/\" target=\"_blank\" rel=\"noopener\">Munkat\u00e1rsainkkal.<\/a><\/p>\n<p>\u00a0<br \/>\n\u00a0<br \/>\n\u00a0<\/p>\n","protected":false},"author":102366,"featured_media":0,"parent":0,"menu_order":8,"comment_status":"closed","ping_status":"closed","template":"","meta":{"_acf_changed":false,"footnotes":""},"categories":[],"tags":[],"class_list":["post-32280","page","type-page","status-publish","hentry"],"acf":[],"_links":{"self":[{"href":"https:\/\/semmelweis.hu\/nki\/wp-json\/wp\/v2\/pages\/32280","targetHints":{"allow":["GET"]}}],"collection":[{"href":"https:\/\/semmelweis.hu\/nki\/wp-json\/wp\/v2\/pages"}],"about":[{"href":"https:\/\/semmelweis.hu\/nki\/wp-json\/wp\/v2\/types\/page"}],"author":[{"embeddable":true,"href":"https:\/\/semmelweis.hu\/nki\/wp-json\/wp\/v2\/users\/102366"}],"replies":[{"embeddable":true,"href":"https:\/\/semmelweis.hu\/nki\/wp-json\/wp\/v2\/comments?post=32280"}],"version-history":[{"count":10,"href":"https:\/\/semmelweis.hu\/nki\/wp-json\/wp\/v2\/pages\/32280\/revisions"}],"predecessor-version":[{"id":34151,"href":"https:\/\/semmelweis.hu\/nki\/wp-json\/wp\/v2\/pages\/32280\/revisions\/34151"}],"wp:attachment":[{"href":"https:\/\/semmelweis.hu\/nki\/wp-json\/wp\/v2\/media?parent=32280"}],"wp:term":[{"taxonomy":"category","embeddable":true,"href":"https:\/\/semmelweis.hu\/nki\/wp-json\/wp\/v2\/categories?post=32280"},{"taxonomy":"post_tag","embeddable":true,"href":"https:\/\/semmelweis.hu\/nki\/wp-json\/wp\/v2\/tags?post=32280"}],"curies":[{"name":"wp","href":"https:\/\/api.w.org\/{rel}","templated":true}]}}