{"id":32254,"date":"2024-05-16T11:27:23","date_gmt":"2024-05-16T09:27:23","guid":{"rendered":"https:\/\/semmelweis.hu\/nki\/?page_id=32254"},"modified":"2024-06-05T09:31:25","modified_gmt":"2024-06-05T07:31:25","slug":"rovid-programok","status":"publish","type":"page","link":"https:\/\/semmelweis.hu\/nki\/rovid-programok\/","title":{"rendered":"R\u00f6vidprogramok"},"content":{"rendered":"<h1><img loading=\"lazy\" decoding=\"async\" class=\"aligncenter wp-image-32335 size-full\" src=\"https:\/\/semmelweis.hu\/nki\/files\/2024\/05\/int_shortprograms_slider_qual_nd-scaled.jpg\" alt=\"\" width=\"2560\" height=\"840\" srcset=\"https:\/\/semmelweis.hu\/nki\/files\/2024\/05\/int_shortprograms_slider_qual_nd-scaled.jpg 2560w, https:\/\/semmelweis.hu\/nki\/files\/2024\/05\/int_shortprograms_slider_qual_nd-400x131.jpg 400w, https:\/\/semmelweis.hu\/nki\/files\/2024\/05\/int_shortprograms_slider_qual_nd-1024x336.jpg 1024w, https:\/\/semmelweis.hu\/nki\/files\/2024\/05\/int_shortprograms_slider_qual_nd-768x252.jpg 768w, https:\/\/semmelweis.hu\/nki\/files\/2024\/05\/int_shortprograms_slider_qual_nd-1536x504.jpg 1536w, https:\/\/semmelweis.hu\/nki\/files\/2024\/05\/int_shortprograms_slider_qual_nd-2048x672.jpg 2048w, https:\/\/semmelweis.hu\/nki\/files\/2024\/05\/int_shortprograms_slider_qual_nd-753x247.jpg 753w\" sizes=\"auto, (max-width: 2560px) 100vw, 2560px\" \/><\/h1>\n<div class=\"keretes w-100\">\n<p style=\"text-align: justify\">A Semmelweis Egyetem sz\u00e9les v\u00e1laszt\u00e9kban k\u00edn\u00e1l <strong>angol nyelv\u0171 r\u00f6vidprogramokat orvosi, fogorvosi, gy\u00f3gyszer\u00e9szeti \u00e9s eg\u00e9szs\u00e9g\u00fcgyi szakemberek, valamint nemzetk\u00f6zi hallgat\u00f3k sz\u00e1m\u00e1ra.<\/strong> A hat\u00e9kony \u00e9s c\u00e9lzott tanul\u00e1si \u00e9lm\u00e9ny \u00e9rdek\u00e9ben a kurzusok limit\u00e1lt l\u00e9tsz\u00e1mkerettel el\u00e9rhet\u0151ek, id\u0151tartamuk 1 nap \u00e9s 2 h\u00e9t k\u00f6z\u00f6tt mozog. A teljes kurzusk\u00edn\u00e1lat a lenti linken megtekinthet\u0151.<\/p>\n<\/div>\n<p style=\"text-align: justify\">A tematikus, adott id\u0151pontokra meghirdetett kurzusokon k\u00edv\u00fcl a Semmelweis Egyetemen <strong>egy\u00e9ni ig\u00e9nyekre kialak\u00edtott, egyedi\u00a0aj\u00e1nlatok<\/strong> is el\u00e9rhet\u0151ek az \u00e9rdekl\u0151d\u0151 hallgat\u00f3k, szakemberek \u00e9s csoportok sz\u00e1m\u00e1ra. \u00a0Ezek a <strong>szem\u00e9lyre szabott programok<\/strong> m\u00e9lyrehat\u00f3 betekint\u00e9st ny\u00fajtanak az egyetem nemzetk\u00f6zi oktat\u00e1s\u00e1ba, tudom\u00e1nyos kutat\u00e1s\u00e1ba \u00e9s betegell\u00e1t\u00e1si tev\u00e9kenys\u00e9geibe, mik\u00f6zben \u00e9rt\u00e9kes szakmai \u00e9s kultur\u00e1lis \u00e9lm\u00e9nyeket is k\u00edn\u00e1lnak.<\/p>\n<p style=\"text-align: justify\">A r\u00e9sztvev\u0151k <strong>klinikai gyakorlatokban<\/strong> is r\u00e9szt vehetnek, ahol a <strong>betegell\u00e1t\u00e1st a legmagasabb szinten<\/strong> gyakorolhatj\u00e1k. Az \u00faj technol\u00f3gi\u00e1khoz \u00e9s t\u00f6bb mint 40 betegell\u00e1t\u00e1si int\u00e9zethez val\u00f3 hozz\u00e1f\u00e9r\u00e9ssel a r\u00e9sztvev\u0151k gyakorlati k\u00e9szs\u00e9geket fejleszthetnek \u00e9s szakmai kapcsolatokat \u00e9p\u00edthetnek ki egy dinamikus \u00e9s t\u00e1mogat\u00f3 k\u00f6rnyezetben.<\/p>\n<p style=\"text-align: center\"><a class=\"button\" href=\"https:\/\/semmelweis.hu\/short-courses\/\" target=\"_blank\" rel=\"noopener\">INTERNATIONAL SHORT COURSES AND TRAININGS<\/a><\/p>\n","protected":false},"excerpt":{"rendered":"<p>A Semmelweis Egyetem sz\u00e9les v\u00e1laszt\u00e9kban k\u00edn\u00e1l angol nyelv\u0171 r\u00f6vidprogramokat orvosi, fogorvosi, gy\u00f3gyszer\u00e9szeti \u00e9s eg\u00e9szs\u00e9g\u00fcgyi szakemberek, valamint nemzetk\u00f6zi hallgat\u00f3k sz\u00e1m\u00e1ra. A hat\u00e9kony \u00e9s c\u00e9lzott tanul\u00e1si \u00e9lm\u00e9ny \u00e9rdek\u00e9ben a kurzusok limit\u00e1lt l\u00e9tsz\u00e1mkerettel el\u00e9rhet\u0151ek, id\u0151tartamuk 1 nap \u00e9s 2 h\u00e9t k\u00f6z\u00f6tt mozog. A teljes kurzusk\u00edn\u00e1lat a lenti linken megtekinthet\u0151. A tematikus, adott id\u0151pontokra meghirdetett kurzusokon k\u00edv\u00fcl a Semmelweis &hellip;<\/p>\n","protected":false},"author":102366,"featured_media":0,"parent":0,"menu_order":0,"comment_status":"closed","ping_status":"closed","template":"template-fullwidth.php","meta":{"_acf_changed":false,"footnotes":""},"categories":[],"tags":[],"class_list":["post-32254","page","type-page","status-publish","hentry"],"acf":[],"_links":{"self":[{"href":"https:\/\/semmelweis.hu\/nki\/wp-json\/wp\/v2\/pages\/32254","targetHints":{"allow":["GET"]}}],"collection":[{"href":"https:\/\/semmelweis.hu\/nki\/wp-json\/wp\/v2\/pages"}],"about":[{"href":"https:\/\/semmelweis.hu\/nki\/wp-json\/wp\/v2\/types\/page"}],"author":[{"embeddable":true,"href":"https:\/\/semmelweis.hu\/nki\/wp-json\/wp\/v2\/users\/102366"}],"replies":[{"embeddable":true,"href":"https:\/\/semmelweis.hu\/nki\/wp-json\/wp\/v2\/comments?post=32254"}],"version-history":[{"count":8,"href":"https:\/\/semmelweis.hu\/nki\/wp-json\/wp\/v2\/pages\/32254\/revisions"}],"predecessor-version":[{"id":32485,"href":"https:\/\/semmelweis.hu\/nki\/wp-json\/wp\/v2\/pages\/32254\/revisions\/32485"}],"wp:attachment":[{"href":"https:\/\/semmelweis.hu\/nki\/wp-json\/wp\/v2\/media?parent=32254"}],"wp:term":[{"taxonomy":"category","embeddable":true,"href":"https:\/\/semmelweis.hu\/nki\/wp-json\/wp\/v2\/categories?post=32254"},{"taxonomy":"post_tag","embeddable":true,"href":"https:\/\/semmelweis.hu\/nki\/wp-json\/wp\/v2\/tags?post=32254"}],"curies":[{"name":"wp","href":"https:\/\/api.w.org\/{rel}","templated":true}]}}