{"id":31819,"date":"2024-06-05T09:59:29","date_gmt":"2024-06-05T07:59:29","guid":{"rendered":"https:\/\/semmelweis.hu\/nki\/?page_id=31819"},"modified":"2026-02-20T13:05:46","modified_gmt":"2026-02-20T12:05:46","slug":"contact","status":"publish","type":"page","link":"https:\/\/semmelweis.hu\/nki\/en\/contact\/","title":{"rendered":"Contact"},"content":{"rendered":"<div class=\"w-100\">\u00a0<\/div>\n<div class=\"w-100\">\n<!-- iframe plugin v.4.9 wordpress.org\/plugins\/iframe\/ -->\n<iframe src=\"https:\/\/www.google.com\/maps\/embed?pb=!1m18!1m12!1m3!1d13522.502224098014!2d19.052418706237766!3d47.48844819503034!2m3!1f0!2f0!3f0!3m2!1i1024!2i768!4f13.1!3m3!1m2!1s0x4741dc59ea3ba3cd%3A0x2435c6b8aa0b78a!2sSemmelweis%20Egyetem!5e1!3m2!1shu!2shu!4v1715865037132!5m2!1shu!2shu\" width=\"100%\" height=\"450\" style=\"border:0;\" allowfullscreen loading=\"lazy\" referrerpolicy=\"no-referrer-when-downgrade\" scrolling=\"yes\" class=\"iframe-class\" frameborder=\"0\"><\/iframe>\n<\/div>\n<div>\u00a0<\/div>\n<div class=\"keretes w-100\">\n<p style=\"text-align: left\"><strong>SEMMELWEIS UNIVERSITY, International Relations<\/p>\n<p><\/strong><strong style=\"font-size: 1rem\"><strong>Address<\/strong>: <\/strong>Hungary &#8211; 1085 Budapest, \u00dcll\u0151i \u00fat 26.<strong style=\"font-size: 1rem\"><br \/>\n<\/strong><span style=\"font-size: 1rem\"><strong>Telephone<\/strong>: +36 1 317 9079<br \/>\n<\/span><strong style=\"font-size: 1rem\">Email<\/strong><span style=\"font-size: 1rem\">: international@semmelweis.hu<\/span><\/p>\n<p><strong>If you have any questions or inquiries, please feel free to contact <\/strong><a href=\"https:\/\/semmelweis.hu\/nki\/en\/about-us\/staff\/\" target=\"_blank\" rel=\"noopener\"><strong>Our Team.<\/strong><\/a><\/div>\n<p>&nbsp;<\/p>\n","protected":false},"excerpt":{"rendered":"<p>\u00a0<\/p>\n<p>\u00a0<\/p>\n<p>SEMMELWEIS UNIVERSITY, International Relations<br \/>\nAddress: Hungary &#8211; 1085 Budapest, \u00dcll\u0151i \u00fat 26.<br \/>\nTelephone: +36 1 317 9079<br \/>\nEmail: international@semmelweis.hu<br \/>\nIf you have any questions or inquiries, please feel free to contact <a href=\"https:\/\/semmelweis.hu\/nki\/en\/about-us\/staff\/\" target=\"_blank\" rel=\"noopener\">Our Team.<\/a><br \/>\n&nbsp;<\/p>\n","protected":false},"author":102198,"featured_media":0,"parent":0,"menu_order":8,"comment_status":"closed","ping_status":"closed","template":"","meta":{"_acf_changed":false,"footnotes":""},"categories":[],"tags":[],"class_list":["post-31819","page","type-page","status-publish","hentry"],"acf":[],"_links":{"self":[{"href":"https:\/\/semmelweis.hu\/nki\/wp-json\/wp\/v2\/pages\/31819","targetHints":{"allow":["GET"]}}],"collection":[{"href":"https:\/\/semmelweis.hu\/nki\/wp-json\/wp\/v2\/pages"}],"about":[{"href":"https:\/\/semmelweis.hu\/nki\/wp-json\/wp\/v2\/types\/page"}],"author":[{"embeddable":true,"href":"https:\/\/semmelweis.hu\/nki\/wp-json\/wp\/v2\/users\/102198"}],"replies":[{"embeddable":true,"href":"https:\/\/semmelweis.hu\/nki\/wp-json\/wp\/v2\/comments?post=31819"}],"version-history":[{"count":10,"href":"https:\/\/semmelweis.hu\/nki\/wp-json\/wp\/v2\/pages\/31819\/revisions"}],"predecessor-version":[{"id":34150,"href":"https:\/\/semmelweis.hu\/nki\/wp-json\/wp\/v2\/pages\/31819\/revisions\/34150"}],"wp:attachment":[{"href":"https:\/\/semmelweis.hu\/nki\/wp-json\/wp\/v2\/media?parent=31819"}],"wp:term":[{"taxonomy":"category","embeddable":true,"href":"https:\/\/semmelweis.hu\/nki\/wp-json\/wp\/v2\/categories?post=31819"},{"taxonomy":"post_tag","embeddable":true,"href":"https:\/\/semmelweis.hu\/nki\/wp-json\/wp\/v2\/tags?post=31819"}],"curies":[{"name":"wp","href":"https:\/\/api.w.org\/{rel}","templated":true}]}}