{"id":29253,"date":"2024-06-05T09:19:36","date_gmt":"2024-06-05T07:19:36","guid":{"rendered":"https:\/\/semmelweis.hu\/nki\/?page_id=29253"},"modified":"2025-09-30T11:50:41","modified_gmt":"2025-09-30T09:50:41","slug":"fellowship-applications","status":"publish","type":"page","link":"https:\/\/semmelweis.hu\/nki\/en\/fellowship-applications\/","title":{"rendered":"Fellowships"},"content":{"rendered":"<div class=\"w-100\">\n<p><img loading=\"lazy\" decoding=\"async\" class=\"aligncenter wp-image-32352 size-full\" src=\"https:\/\/semmelweis.hu\/nki\/files\/2024\/05\/int_fellowships_slider_nd_ENG_nd_300ppi-scaled.jpg\" alt=\"\" width=\"2560\" height=\"840\" srcset=\"https:\/\/semmelweis.hu\/nki\/files\/2024\/05\/int_fellowships_slider_nd_ENG_nd_300ppi-scaled.jpg 2560w, https:\/\/semmelweis.hu\/nki\/files\/2024\/05\/int_fellowships_slider_nd_ENG_nd_300ppi-400x131.jpg 400w, https:\/\/semmelweis.hu\/nki\/files\/2024\/05\/int_fellowships_slider_nd_ENG_nd_300ppi-1024x336.jpg 1024w, https:\/\/semmelweis.hu\/nki\/files\/2024\/05\/int_fellowships_slider_nd_ENG_nd_300ppi-768x252.jpg 768w, https:\/\/semmelweis.hu\/nki\/files\/2024\/05\/int_fellowships_slider_nd_ENG_nd_300ppi-1536x504.jpg 1536w, https:\/\/semmelweis.hu\/nki\/files\/2024\/05\/int_fellowships_slider_nd_ENG_nd_300ppi-2048x672.jpg 2048w, https:\/\/semmelweis.hu\/nki\/files\/2024\/05\/int_fellowships_slider_nd_ENG_nd_300ppi-753x247.jpg 753w\" sizes=\"auto, (max-width: 2560px) 100vw, 2560px\" \/><\/p>\n<\/div>\n<div class=\"keretes w-100\">\n<p style=\"text-align: justify\"><strong>The Directorate of International Relations and Alumni supervises and coordinates Semmelweis University&#8217;s bilateral relationships, which, enable the most talented students and researchers to pursue internships or additional studies at partner institutions abroad.<\/strong><\/p>\n<\/div>\n<div>\u00a0<\/div>\n<div style=\"text-align: justify\">Thanks to its extensive and well-functioning cooperative relationships, Semmelweis University&#8217;s researchers, academic staff and students have the opportunity to apply for <strong>fellowship programs in several countries<\/strong>, both within and outside Europe, including Germany, Japan, Canada and the USA.<\/p>\n<p>These agreements also enable international students and lecturers to spend their internship at an institute or clinic of Semmelweis University.<\/p>\n<div dir=\"auto\">\n<div class=\"exp-col-content-holder\"><a class=\"expand-cnt-link\" href=\"#\">Open Calls<\/a><\/p>\n<div class=\"hidden-content\">\n<script type=\"text\/javascript\" src=\"https:\/\/semmelweis.hu\/nki\/wp-content\/themes\/se18\/dist\/scripts\/carousel.js\"><\/script>    <section class=\"post-cards shortcode-wrapper\">\r\n        <div id=\"news-container\" class=\" d-none d-sm-flex flex-column  full-width-post-cards-shortcode-card news-container-for-card-code\" style=\"\">\r\n            \r\n            <div class=\"row card-row my-2 pt-3 pb-0 mx-0 w-100 \">\r\n               \r\n                                \r\n            <\/div>\r\n        <\/div>\r\n\r\n                        <div class=\"post-slide-hirek row px-0\">\r\n            <style>\r\n                .post-slide-hirek .owl-nav button {\r\n                    margin: 0px !important;\r\n                    height: 100% !important;\r\n                }\r\n\r\n                .card-custom-title {\r\n                    font-size: 17px;\r\n                    line-height: 23px;\r\n                    overflow: hidden;\r\n                    text-overflow: ellipsis;\r\n                    display: -webkit-box;\r\n                    -webkit-line-clamp: 3;\r\n                    -webkit-box-orient: vertical;\r\n                    min-height: 72px;\r\n                }\r\n\r\n                .card-custom-max-h {\r\n                    max-height: 235px !important;\r\n                    object-fit: cover;\r\n                }\r\n\r\n                .post-slide-hirek .owl-item .card-img img {\r\n                    opacity: 1 !important;\r\n                    aspect-ratio: 3\/ 2;\r\n\r\n                }\r\n                .card:has(.card-date:not(.d-none)):not(:has(img)) {\r\n                    margin-top: 20px;\r\n                }\r\n            <\/style>\r\n            Nincsenek bejegyz\u00e9sek, vagy valami hiba t\u00f6rt\u00e9nt.        \r\n        <\/div><!-- owl-carousel -->\r\n    <\/section>\r\n\r\n\n<\/div>\n<\/div>\n<\/div>\n<\/div>\n<p style=\"text-align: center\"><a class=\"btn btn-secondary\" href=\"https:\/\/semmelweis.hu\/nki\/category\/palyazati-felhivasok\/\" target=\"_blank\" rel=\"noopener\">previous, closed calls<\/a><\/p>\n<h2><a href=\"https:\/\/semmelweis.hu\/nki\/en\/partner-institutions\/\">Our Partners<\/a><\/h2>\n<hr \/>\n<div class=\"exp-col-content-holder\"><a class=\"expand-cnt-link\" href=\"#\">United States of America<\/a><\/p>\n<div class=\"hidden-content\">\n<address>\n<address>\n<address><strong>Houston Methodist Hospital<\/strong><\/address>\n<address><img loading=\"lazy\" decoding=\"async\" class=\"size-full wp-image-32327 alignleft\" src=\"https:\/\/semmelweis.hu\/nki\/files\/2024\/05\/Methodist-logo-300x194-1.png\" alt=\"\" width=\"130\" height=\"84\" \/>The exchange program is sponsored and managed by the Hungarian Medical Association of America (HMAA). The program provides 12-week elective clinical practice, which earns credit points, for 6th-year medical students. The program allows students to expand their medical knowledge, gain new experiences, and establish long-term professional relationships. The rotations start four times a year.<\/address>\n<address><b>State University of New York Buffalo School of Medicine<\/b><\/address>\n<p style=\"text-align: justify\"><a href=\"http:\/\/buffalo.edu\"><img loading=\"lazy\" decoding=\"async\" class=\"size-full wp-image-340 alignleft\" src=\"https:\/\/semmelweis.hu\/nki\/files\/2014\/03\/University-at-Buffalo-logo.png\" alt=\"University at Buffalo logo\" width=\"100\" height=\"98\" \/><\/a><\/p>\n<p>Since 1995, there has been an exchange agreement between Semmelweis University and the State University of New York Buffalo School of Medicine, thanks to which numerous Hungarian medical students have been able to complete a 3-month professional internship in the United States. Students can earn the opportunity to travel based on an annual application process.<\/p>\n<address><b>University of California Davis School of Medicine\u00a0<\/b><\/address>\n<p style=\"text-align: justify\"><a href=\"http:\/\/www.ucdmc.ucdavis.edu\/medschool\/\"><img loading=\"lazy\" decoding=\"async\" class=\"size-full wp-image-413 alignleft\" src=\"https:\/\/semmelweis.hu\/nki\/files\/2014\/03\/University-of-California-Davis-School-of-Medicine-logo.png\" alt=\"University of California Davis School of Medicine logo\" width=\"100\" height=\"100\" \/><\/a>According to the agreement established with the University of California Davis School of Medicine since 2007, several 5th and 6th-year medical students can apply annually for a 3-month fully funded professional internship in the United States.<\/p>\n<p style=\"text-align: justify\"><b><br \/>\nRutgers University\u00a0<br \/>\n<\/b><\/p>\n<p style=\"text-align: justify\"><a href=\"https:\/\/www.rutgers.edu\/\" target=\"_blank\" rel=\"noopener noreferrer\"><img loading=\"lazy\" decoding=\"async\" class=\"alignleft  wp-image-3141\" src=\"https:\/\/semmelweis.hu\/nki\/files\/2017\/10\/Rutgers-University-logo.png\" alt=\"\" width=\"100\" height=\"100\" \/><\/a>In September 2015, Semmelweis University and Rutgers University signed a memorandum of understanding for cooperation. The collaboration encompasses both education and research. Mutual mobility is facilitated through the Erasmus+ program. The faculty and student mobility cooperation promotes exploring the interchangeability between the programs of the two universities.<\/p>\n<\/address>\n<\/address>\n<\/div>\n<\/div>\n<div class=\"exp-col-content-holder\"><a class=\"expand-cnt-link\" href=\"#\">Canada<\/a><\/p>\n<div class=\"hidden-content\">\n<p><strong>University of Western Ontario Schulich School of Medicine and Dentistry<\/strong><\/p>\n<p><a href=\"https:\/\/semmelweis.hu\/nki\/files\/2017\/10\/Schulich-2.jpg\"><img loading=\"lazy\" decoding=\"async\" class=\"alignleft wp-image-32329 size-full\" src=\"https:\/\/semmelweis.hu\/nki\/files\/2024\/05\/Schulich-2-150x150-1.jpeg\" alt=\"\" width=\"100\" height=\"100\" \/><\/a>According to the memorandum of understanding between Semmelweis University and the University of Western Ontario Schulich School of Medicine and Dentistry, the American university will host two fifth-year students from Semmelweis University for a four-week summer internship.<\/p>\n<\/div>\n<\/div>\n<div class=\"exp-col-content-holder\"><a class=\"expand-cnt-link\" href=\"#\">South-Korea<\/a><\/p>\n<div class=\"hidden-content\">\n<address><strong>Seoul National University<\/strong><\/address>\n<address><img loading=\"lazy\" decoding=\"async\" class=\"size-full wp-image-32330 alignleft\" src=\"https:\/\/semmelweis.hu\/nki\/files\/2024\/05\/Seoul_national_university_emblem.svg_-150x150-1.png\" alt=\"\" width=\"100\" height=\"100\" \/>According to the memorandum of understanding between Semmelweis University and Seoul National University, the South Korean university will host two fifth-year students from Semmelweis University for a summer internship.<\/address>\n<address>\u00a0<\/address>\n<\/div>\n<\/div>\n<div class=\"exp-col-content-holder\"><a class=\"expand-cnt-link\" href=\"#\">Japan<\/a><\/p>\n<div class=\"hidden-content\">\n<address><b>Saitama Medical University<\/b><\/address>\n<p style=\"text-align: justify\"><a href=\"http:\/\/www.saitama-med.ac.jp\/\"><img loading=\"lazy\" decoding=\"async\" class=\"size-full wp-image-393 alignleft\" src=\"https:\/\/semmelweis.hu\/nki\/files\/2014\/03\/Saitama-Medical-University-logo-2.png\" alt=\"Saitama Medical University logo 2\" width=\"75\" height=\"66\" \/><\/a>Thanks to our unique and excellent relationship with Saitama University, every year two students and one faculty member can travel to Japan from Semmelweis University for a professional internship, and a similar number of Japanese students and faculty members are hosted at Semmelweis University.<\/p>\n<\/div>\n<\/div>\n<div class=\"exp-col-content-holder\"><a class=\"expand-cnt-link\" href=\"#\">Germany<\/a><\/p>\n<div class=\"hidden-content\">\n<address><b>University of Freiburg<\/b><\/address>\n<p style=\"text-align: justify\"><a href=\"http:\/\/www.uni-freiburg.de\/\"><img loading=\"lazy\" decoding=\"async\" class=\"size-full wp-image-356 alignleft\" src=\"https:\/\/semmelweis.hu\/nki\/files\/2014\/03\/University-of-Freiburg-logo_2-black.png\" alt=\"University of Freiburg logo_2 (black)\" width=\"100\" height=\"100\" \/><\/a>The collaboration with the Albert-Ludwigs University in Freiburg, which has been ongoing for more than three decades, ranks among the oldest and most successful international partnerships of our university. Thanks to the extensive collaboration opportunities, researchers, faculty, and students of Semmelweis University have the opportunity to apply for grants announced in the fields of general medicine, dentistry, and pharmaceutical sciences every year. Additionally, every two years, the University of Freiburg, the University of Heidelberg, and Semmelweis University organize a joint scientific session for their researchers to discuss the most current issues in medicine.<\/p>\n<address><b>University of Heidelberg<\/b><\/address>\n<p style=\"text-align: justify\"><a href=\"http:\/\/www.uni-heidelberg.de\/\"><img loading=\"lazy\" decoding=\"async\" class=\"size-full wp-image-355 alignleft\" src=\"https:\/\/semmelweis.hu\/nki\/files\/2014\/03\/Heidelberg-University-logo.png\" alt=\"Heidelberg University logo\" width=\"100\" height=\"98\" \/><\/a>In 1983, Semmelweis University signed a contract with the Ruprecht-Karls University of Heidelberg, Germany&#8217;s oldest university. Thanks to this agreement, close cooperation has been established between the two institutions in various fields over the years. Each year, a total of 5 weeks of researcher exchanges and four ten-month student scholarships are awarded. In addition, medical students have the opportunity to participate in a one-month German language course. Heidelberg University is one of the main organizers of the Heidelberg-Freiburg-Budapest scientific conference, which takes place every two years.<\/p>\n<\/div>\n<\/div>\n<div class=\"exp-col-content-holder\"><a class=\"expand-cnt-link\" href=\"#\">Italy<\/a><\/p>\n<div class=\"hidden-content\">\n<address><b>The University of Padova<\/b><\/address>\n<p><a href=\"http:\/\/www.unipd.it\/en\/\"><img loading=\"lazy\" decoding=\"async\" class=\"size-full wp-image-360 alignleft\" src=\"https:\/\/semmelweis.hu\/nki\/files\/2014\/03\/University-of-Padova-logo.png\" alt=\"University of Padova logo\" width=\"100\" height=\"99\" \/><\/a>Our relationship with the University of Padua officially began with the cooperation agreement signed in 1987. Every year, there is an opportunity for a 4-week researcher exchange in the fields of general medicine, dentistry, and pharmaceutical sciences.<\/p>\n<p>&nbsp;<\/p>\n<\/div>\n<\/div>\n<p>&nbsp;<\/p>\n","protected":false},"excerpt":{"rendered":"<p>The Directorate of International Relations and Alumni supervises and coordinates Semmelweis University&#8217;s bilateral relationships, which, enable the most talented students and researchers to pursue internships or additional studies at partner institutions abroad. \u00a0 Thanks to its extensive and well-functioning cooperative relationships, Semmelweis University&#8217;s researchers, academic staff and students have the opportunity to apply for fellowship &hellip;<\/p>\n","protected":false},"author":362,"featured_media":0,"parent":0,"menu_order":0,"comment_status":"closed","ping_status":"closed","template":"template-fullwidth.php","meta":{"_acf_changed":false,"footnotes":""},"categories":[],"tags":[],"class_list":["post-29253","page","type-page","status-publish","hentry"],"acf":[],"_links":{"self":[{"href":"https:\/\/semmelweis.hu\/nki\/wp-json\/wp\/v2\/pages\/29253","targetHints":{"allow":["GET"]}}],"collection":[{"href":"https:\/\/semmelweis.hu\/nki\/wp-json\/wp\/v2\/pages"}],"about":[{"href":"https:\/\/semmelweis.hu\/nki\/wp-json\/wp\/v2\/types\/page"}],"author":[{"embeddable":true,"href":"https:\/\/semmelweis.hu\/nki\/wp-json\/wp\/v2\/users\/362"}],"replies":[{"embeddable":true,"href":"https:\/\/semmelweis.hu\/nki\/wp-json\/wp\/v2\/comments?post=29253"}],"version-history":[{"count":11,"href":"https:\/\/semmelweis.hu\/nki\/wp-json\/wp\/v2\/pages\/29253\/revisions"}],"predecessor-version":[{"id":34158,"href":"https:\/\/semmelweis.hu\/nki\/wp-json\/wp\/v2\/pages\/29253\/revisions\/34158"}],"wp:attachment":[{"href":"https:\/\/semmelweis.hu\/nki\/wp-json\/wp\/v2\/media?parent=29253"}],"wp:term":[{"taxonomy":"category","embeddable":true,"href":"https:\/\/semmelweis.hu\/nki\/wp-json\/wp\/v2\/categories?post=29253"},{"taxonomy":"post_tag","embeddable":true,"href":"https:\/\/semmelweis.hu\/nki\/wp-json\/wp\/v2\/tags?post=29253"}],"curies":[{"name":"wp","href":"https:\/\/api.w.org\/{rel}","templated":true}]}}