{"id":29083,"date":"2022-01-21T10:14:38","date_gmt":"2022-01-21T09:14:38","guid":{"rendered":"https:\/\/semmelweis.hu\/nki\/?page_id=29083"},"modified":"2022-02-17T01:16:30","modified_gmt":"2022-02-17T00:16:30","slug":"egyuttmukodesi-megallapodas-albaniaval","status":"publish","type":"page","link":"https:\/\/semmelweis.hu\/nki\/egyuttmukodesi-megallapodas-albaniaval\/","title":{"rendered":"Egy\u00fcttm\u0171k\u00f6d\u00e9si meg\u00e1llapod\u00e1s Alb\u00e1ni\u00e1val"},"content":{"rendered":"<p>Ogerta Manastirliu eg\u00e9szs\u00e9g\u00fcgyi \u00e9s szoci\u00e1lis v\u00e9delmi miniszter asszony megh\u00edv\u00e1s\u00e1ra Dr. Merkely B\u00e9la rektor \u00e1ltal vezetett deleg\u00e1ci\u00f3 eg\u00e9sz napos rendezv\u00e9nysorozaton vett r\u00e9szt, amelynek keret\u00e9ben magas szint\u0171 megbesz\u00e9l\u00e9seket folytattak Evis Kushi oktat\u00e1si miniszter asszonnyal, Prof. Arben Gjata, az orvosi egyetem rektor\u00e1val \u00e9s Enkelejdi Jotival, az Egyetemi K\u00f3rh\u00e1zk\u00f6zpont f\u0151igazgat\u00f3j\u00e1val. Al\u00e1\u00edr\u00e1sra ker\u00fclt egy egy\u00fcttm\u0171k\u00f6d\u00e9si nyilatkozat tiranai Orvostudom\u00e1nyi Egyetemmel \u00e9s t\u00f6bb egy\u00fcttm\u0171k\u00f6d\u00e9si ter\u00fcletr\u0151l is d\u00f6nt\u00e9s sz\u00fcletett, mint p\u00e9ld\u00e1ul tananyagfejleszt\u00e9s, csereprogramok, posztgradu\u00e1lis k\u00e9pz\u00e9s \u00e9s egy\u00fcttm\u0171k\u00f6d\u00e9s a KFI ter\u00fclet\u00e9n<\/p>\n","protected":false},"excerpt":{"rendered":"<p>Ogerta Manastirliu eg\u00e9szs\u00e9g\u00fcgyi \u00e9s szoci\u00e1lis v\u00e9delmi miniszter asszony megh\u00edv\u00e1s\u00e1ra Dr. Merkely B\u00e9la rektor \u00e1ltal vezetett deleg\u00e1ci\u00f3 eg\u00e9sz napos rendezv\u00e9nysorozaton vett r\u00e9szt, amelynek keret\u00e9ben magas szint\u0171 megbesz\u00e9l\u00e9seket folytattak Evis Kushi oktat\u00e1si miniszter asszonnyal, Prof. Arben Gjata, az orvosi egyetem rektor\u00e1val \u00e9s Enkelejdi Jotival, az Egyetemi K\u00f3rh\u00e1zk\u00f6zpont f\u0151igazgat\u00f3j\u00e1val. Al\u00e1\u00edr\u00e1sra ker\u00fclt egy egy\u00fcttm\u0171k\u00f6d\u00e9si nyilatkozat tiranai Orvostudom\u00e1nyi Egyetemmel \u00e9s &hellip;<\/p>\n","protected":false},"author":362,"featured_media":29084,"parent":0,"menu_order":25,"comment_status":"closed","ping_status":"closed","template":"","meta":{"_acf_changed":false,"footnotes":""},"categories":[268],"tags":[],"class_list":["post-29083","page","type-page","status-publish","has-post-thumbnail","hentry","category-diplomacia"],"acf":[],"_links":{"self":[{"href":"https:\/\/semmelweis.hu\/nki\/wp-json\/wp\/v2\/pages\/29083","targetHints":{"allow":["GET"]}}],"collection":[{"href":"https:\/\/semmelweis.hu\/nki\/wp-json\/wp\/v2\/pages"}],"about":[{"href":"https:\/\/semmelweis.hu\/nki\/wp-json\/wp\/v2\/types\/page"}],"author":[{"embeddable":true,"href":"https:\/\/semmelweis.hu\/nki\/wp-json\/wp\/v2\/users\/362"}],"replies":[{"embeddable":true,"href":"https:\/\/semmelweis.hu\/nki\/wp-json\/wp\/v2\/comments?post=29083"}],"version-history":[{"count":2,"href":"https:\/\/semmelweis.hu\/nki\/wp-json\/wp\/v2\/pages\/29083\/revisions"}],"predecessor-version":[{"id":30754,"href":"https:\/\/semmelweis.hu\/nki\/wp-json\/wp\/v2\/pages\/29083\/revisions\/30754"}],"wp:featuredmedia":[{"embeddable":true,"href":"https:\/\/semmelweis.hu\/nki\/wp-json\/wp\/v2\/media\/29084"}],"wp:attachment":[{"href":"https:\/\/semmelweis.hu\/nki\/wp-json\/wp\/v2\/media?parent=29083"}],"wp:term":[{"taxonomy":"category","embeddable":true,"href":"https:\/\/semmelweis.hu\/nki\/wp-json\/wp\/v2\/categories?post=29083"},{"taxonomy":"post_tag","embeddable":true,"href":"https:\/\/semmelweis.hu\/nki\/wp-json\/wp\/v2\/tags?post=29083"}],"curies":[{"name":"wp","href":"https:\/\/api.w.org\/{rel}","templated":true}]}}