{"id":29074,"date":"2022-01-21T09:23:57","date_gmt":"2022-01-21T08:23:57","guid":{"rendered":"https:\/\/semmelweis.hu\/nki\/?page_id=29074"},"modified":"2022-02-17T01:17:22","modified_gmt":"2022-02-17T00:17:22","slug":"semmelweis-ignac-szobor-unnepelyes-koszoruzasa-chicagoban","status":"publish","type":"page","link":"https:\/\/semmelweis.hu\/nki\/semmelweis-ignac-szobor-unnepelyes-koszoruzasa-chicagoban\/","title":{"rendered":"Semmelweis Ign\u00e1c-szobor \u00fcnnep\u00e9lyes koszor\u00faz\u00e1sa Chicagoban"},"content":{"rendered":"<p>2019 j\u00falius\u00e1ban a Semmelweis Egyetem deleg\u00e1ci\u00f3ja dr. Merkely B\u00e9la vezet\u00e9s\u00e9vel Chicag\u00f3ba l\u00e1togatott a Chicag\u00f3i Nemzetk\u00f6zi Seb\u00e9szeti M\u00fazeum (International Museum of Surgical Science) Halhatatlanok Csarnok\u00e1ban tal\u00e1lhat\u00f3 Semmelweis Ign\u00e1c-szobor \u00fcnnep\u00e9lyes koszor\u00faz\u00e1si \u00fcnneps\u00e9g\u00e9re. A megeml\u00e9kez\u00e9st a Semmelweis Egyetem kezdem\u00e9nyez\u00e9s\u00e9re Magyarorsz\u00e1g Washingtoni Nagyk\u00f6vets\u00e9ge \u00e9s a Chicag\u00f3i F\u0151konzul\u00e1tus k\u00f6z\u00f6sen szervezte a Semmelweis-eml\u00e9k\u00e9v lez\u00e1r\u00e1sak\u00e9nt.<\/p>\n","protected":false},"excerpt":{"rendered":"<p>2019 j\u00falius\u00e1ban a Semmelweis Egyetem deleg\u00e1ci\u00f3ja dr. Merkely B\u00e9la vezet\u00e9s\u00e9vel Chicag\u00f3ba l\u00e1togatott a Chicag\u00f3i Nemzetk\u00f6zi Seb\u00e9szeti M\u00fazeum (International Museum of Surgical Science) Halhatatlanok Csarnok\u00e1ban tal\u00e1lhat\u00f3 Semmelweis Ign\u00e1c-szobor \u00fcnnep\u00e9lyes koszor\u00faz\u00e1si \u00fcnneps\u00e9g\u00e9re. A megeml\u00e9kez\u00e9st a Semmelweis Egyetem kezdem\u00e9nyez\u00e9s\u00e9re Magyarorsz\u00e1g Washingtoni Nagyk\u00f6vets\u00e9ge \u00e9s a Chicag\u00f3i F\u0151konzul\u00e1tus k\u00f6z\u00f6sen szervezte a Semmelweis-eml\u00e9k\u00e9v lez\u00e1r\u00e1sak\u00e9nt.<\/p>\n","protected":false},"author":362,"featured_media":29066,"parent":0,"menu_order":22,"comment_status":"closed","ping_status":"closed","template":"","meta":{"_acf_changed":false,"footnotes":""},"categories":[268],"tags":[],"class_list":["post-29074","page","type-page","status-publish","has-post-thumbnail","hentry","category-diplomacia"],"acf":[],"_links":{"self":[{"href":"https:\/\/semmelweis.hu\/nki\/wp-json\/wp\/v2\/pages\/29074","targetHints":{"allow":["GET"]}}],"collection":[{"href":"https:\/\/semmelweis.hu\/nki\/wp-json\/wp\/v2\/pages"}],"about":[{"href":"https:\/\/semmelweis.hu\/nki\/wp-json\/wp\/v2\/types\/page"}],"author":[{"embeddable":true,"href":"https:\/\/semmelweis.hu\/nki\/wp-json\/wp\/v2\/users\/362"}],"replies":[{"embeddable":true,"href":"https:\/\/semmelweis.hu\/nki\/wp-json\/wp\/v2\/comments?post=29074"}],"version-history":[{"count":1,"href":"https:\/\/semmelweis.hu\/nki\/wp-json\/wp\/v2\/pages\/29074\/revisions"}],"predecessor-version":[{"id":29075,"href":"https:\/\/semmelweis.hu\/nki\/wp-json\/wp\/v2\/pages\/29074\/revisions\/29075"}],"wp:featuredmedia":[{"embeddable":true,"href":"https:\/\/semmelweis.hu\/nki\/wp-json\/wp\/v2\/media\/29066"}],"wp:attachment":[{"href":"https:\/\/semmelweis.hu\/nki\/wp-json\/wp\/v2\/media?parent=29074"}],"wp:term":[{"taxonomy":"category","embeddable":true,"href":"https:\/\/semmelweis.hu\/nki\/wp-json\/wp\/v2\/categories?post=29074"},{"taxonomy":"post_tag","embeddable":true,"href":"https:\/\/semmelweis.hu\/nki\/wp-json\/wp\/v2\/tags?post=29074"}],"curies":[{"name":"wp","href":"https:\/\/api.w.org\/{rel}","templated":true}]}}