{"id":28936,"date":"2014-05-19T12:00:42","date_gmt":"2014-05-19T11:00:42","guid":{"rendered":"https:\/\/semmelweis.hu\/nki\/?page_id=28936"},"modified":"2022-02-02T16:11:31","modified_gmt":"2022-02-02T15:11:31","slug":"nemzetkozi-szervezetek","status":"publish","type":"page","link":"https:\/\/semmelweis.hu\/nki\/nemzetkozi-szervezetek\/","title":{"rendered":"Nemzetk\u00f6zi szervezetek"},"content":{"rendered":"<div class=\"w-100 keretes\" style=\"text-align: justify\">A Semmelweis Egyetem sz\u00e1mos nemzetk\u00f6zi szervezet tagja, amelyeknek c\u00e9lja a fels\u0151oktat\u00e1si int\u00e9zm\u00e9nyek k\u00f6z\u00f6tti j\u00f3 gyakorlatok \u00e9s tud\u00e1s megoszt\u00e1sa, a glob\u00e1lis kih\u00edv\u00e1sokr\u00f3l val\u00f3 k\u00f6z\u00f6s gondolkod\u00e1s valamint transznacion\u00e1lis oktat\u00e1si \u00e9s mobilit\u00e1si programok kidolgoz\u00e1sa.<\/div>\n<h4>\u00a0<\/h4>\n<h4 style=\"text-align: justify\">Association for Medical Education (AMEE)<\/h4>\n<p style=\"text-align: justify\"><a href=\"https:\/\/semmelweis.hu\/nki\/files\/2022\/01\/amee.jpg\"><img loading=\"lazy\" decoding=\"async\" class=\"alignleft wp-image-29043\" src=\"https:\/\/semmelweis.hu\/nki\/files\/2022\/01\/amee-300x95.jpg\" alt=\"\" width=\"243\" height=\"77\" srcset=\"https:\/\/semmelweis.hu\/nki\/files\/2022\/01\/amee-300x95.jpg 300w, https:\/\/semmelweis.hu\/nki\/files\/2022\/01\/amee.jpg 398w\" sizes=\"auto, (max-width: 243px) 100vw, 243px\" \/><\/a><strong>Az AMEE egy glob\u00e1lis szervezet, amelynek tagjai 90 orsz\u00e1g\u00e1b\u00f3l j\u00f6nnek, k\u00f6zt\u00fck tan\u00e1rok, oktat\u00f3k, kutat\u00f3k, adminisztr\u00e1torok, d\u00e9k\u00e1nok, \u00e9rt\u00e9kel\u0151k, hallgat\u00f3k \u00e9s gyakornokok az orvostudom\u00e1ny \u00e9s eg\u00e9szs\u00e9g\u00fcgy ter\u00fclet\u00e9n.<\/strong><\/p>\n<p style=\"text-align: justify\">M\u00e1s szervezetekkel egy\u00fcttm\u0171k\u00f6dve t\u00e1mogatja az oktat\u00f3kat \u00e9s az int\u00e9zm\u00e9nyeket oktat\u00e1si tev\u00e9kenys\u00e9geikben,\u00a0 kurrikulumfejleszt\u00e9sben, az oktat\u00e1si \u00e9s tanul\u00e1si m\u00f3dszerek, az \u00e9rt\u00e9kel\u00e9si technik\u00e1k \u00e9s az oktat\u00e1sir\u00e1ny\u00edt\u00e1s \u00faj megk\u00f6zel\u00edt\u00e9seinek kidolgoz\u00e1s\u00e1ban az orvostudom\u00e1ny fejl\u0151d\u00e9s\u00e9vel \u00f6sszhangban, az eg\u00e9szs\u00e9g\u00fcgyi ell\u00e1t\u00e1s \u00e9s a betegek ig\u00e9nyeinek figyelembev\u00e9tel\u00e9vel.<\/p>\n<p style=\"text-align: center\"><a class=\"btn btn-secondary\" href=\"https:\/\/www.amee.org\/home\">TOV\u00c1BB AZ AMEE OLDAL\u00c1RA<\/a><\/p>\n<hr \/>\n<h4 style=\"text-align: justify\">Consortium of Institutes of Higher Education in Health Care and Rehabilitation in Europe (COHEHRE)<\/h4>\n<div class=\"lead\" style=\"text-align: justify\"><img loading=\"lazy\" decoding=\"async\" class=\"alignleft wp-image-28941 size-full\" src=\"https:\/\/semmelweis.hu\/nki\/files\/2022\/01\/cohehre-logo.jpg\" alt=\"\" width=\"250\" height=\"125\" \/>Az 1990-ben alap\u00edtott nonprofit szervezet az eur\u00f3pai eg\u00e9szs\u00e9g\u00fcgyi fel\u0151soktat\u00e1st folytat\u00f3 int\u00e9zm\u00e9nyek egy\u00fcttm\u0171k\u00f6d\u00e9s\u00e9nek f\u00f3ruma, amely a k\u00e9pz\u00e9si programok tartalmi \u00e9s m\u00f3dszertani fejleszt\u00e9s\u00e9re \u00f6sszpontos\u00edt.<\/div>\n<p style=\"text-align: justify\">A COHEHRE c\u00e9lja az interdiszciplin\u00e1ris tanul\u00e1s, oktat\u00e1s \u00e9s kutat\u00e1s fejleszt\u00e9se \u00e9s t\u00e1mogat\u00e1sa, a hallgat\u00f3k akt\u00edv bevon\u00e1sa, valamint az int\u00e9zm\u00e9nyek k\u00f6z\u00f6tti egy\u00fcttm\u0171k\u00f6d\u00e9s er\u0151s\u00edt\u00e9se. A konzorcium lehet\u0151s\u00e9get biztos\u00edt a h\u00e1l\u00f3zat\u00e9p\u00edt\u00e9sre, az inform\u00e1ci\u00f3k, a j\u00f3 gyakorlatok \u00e9s tapasztalatok megoszt\u00e1s\u00e1ra az eg\u00e9szs\u00e9g\u00fcgyi oktat\u00e1s, a szoci\u00e1lis ell\u00e1t\u00e1s \u00e9s a rehabilit\u00e1ci\u00f3 ter\u00fclet\u00e9n. A Semmelweis Egyetem r\u00e9sz\u00e9r\u0151l az Eg\u00e9szs\u00e9gtudom\u00e1nyi Kar tagja a szervezetnek.<\/p>\n<p style=\"text-align: center\"><a class=\"btn btn-secondary\" href=\"https:\/\/www.cohehre.com\/\">TOV\u00c1BB A COHEHRE OLDAL\u00c1RA<\/a><\/p>\n<hr \/>\n<h4 style=\"text-align: justify\">Danube Rectors&#8217; Conference (drc)<\/h4>\n<div class=\"lead\" style=\"text-align: justify\"><img loading=\"lazy\" decoding=\"async\" class=\"alignleft wp-image-28946 size-medium\" src=\"https:\/\/semmelweis.hu\/nki\/files\/2022\/01\/drc-logo-300x107.jpg\" alt=\"\" width=\"300\" height=\"107\" srcset=\"https:\/\/semmelweis.hu\/nki\/files\/2022\/01\/drc-logo-300x107.jpg 300w, https:\/\/semmelweis.hu\/nki\/files\/2022\/01\/drc-logo.jpg 560w\" sizes=\"auto, (max-width: 300px) 100vw, 300px\" \/>1983-ban alakult region\u00e1lis fels\u0151oktat\u00e1si egy\u00fcttm\u0171k\u00f6d\u00e9si szervezet, amelynek jelenleg 15 eur\u00f3pai orsz\u00e1g t\u00f6bb mint 70 egyeteme, k\u00f6zt\u00fck a Semmelweis Egyetem is tagja.<\/div>\n<p style=\"text-align: justify\">A DRC c\u00e9lja a tagok elk\u00e9pzel\u00e9seinek \u00e9s tev\u00e9kenys\u00e9geinek \u00f6sszehangol\u00e1sa, a k\u00f6z\u00f6s k\u00e9rd\u00e9sekben val\u00f3 egy\u00fcttm\u0171k\u00f6d\u00e9s el\u0151mozd\u00edt\u00e1sa, amely hozz\u00e1j\u00e1rul a stabilit\u00e1shoz \u00e9s a nyitott \u00e9s demokratikus t\u00e1rsadalom fejl\u0151d\u00e9s\u00e9hez Eur\u00f3p\u00e1ban. Tan\u00e1csad\u00f3k\u00e9nt j\u00e1r el az egyetemeket \u00e9rint\u0151 k\u00e9rd\u00e9sekben a korm\u00e1ny, a nemzeti vagy nemzetk\u00f6zi szervezetek, valamint az egyetemeket \u00e9rint\u0151 k\u00e9rd\u00e9sekkel foglalkoz\u00f3 m\u00e1s szem\u00e9lyek fel\u00e9.<\/p>\n<p style=\"text-align: center\"><a class=\"btn btn-secondary\" href=\"https:\/\/www.drc-danube.org\/\">TOV\u00c1BB A DRC OLDAL\u00c1RA<\/a><\/p>\n<hr \/>\n<h4>EUROLIFE<\/h4>\n<p style=\"text-align: justify\"><a href=\"https:\/\/semmelweis.hu\/nki\/files\/2022\/01\/eurolife.jpg\"><img loading=\"lazy\" decoding=\"async\" class=\"alignleft size-full wp-image-29038\" src=\"https:\/\/semmelweis.hu\/nki\/files\/2022\/01\/eurolife.jpg\" alt=\"\" width=\"260\" height=\"150\" \/><\/a><strong>Az Eurolife kilenc nagy preszt\u00edzs\u0171 fels\u0151oktat\u00e1si int\u00e9zm\u00e9nyt \u00e9s eur\u00f3pai tud\u00e1sk\u00f6zpontot t\u00f6m\u00f6r\u00edt, amelyek biomedik\u00e1lis \u00e9s orvostudom\u00e1nyi ter\u00fcleteken Eur\u00f3pa-szerte \u00e9s vil\u00e1gviszonylatban is elismertek. <\/strong><\/p>\n<p style=\"text-align: justify\">A h\u00e1l\u00f3zat el\u0151seg\u00edti \u00e9s megk\u00f6nny\u00edti a k\u00f6z\u00f6s kutat\u00e1st, a k\u00f6z\u00f6s posztgradu\u00e1lis k\u00e9pz\u00e9st \u00e9s oktat\u00e1st, a kutat\u00f3k \u00e9s hallgat\u00f3k cser\u00e9j\u00e9t, valamint a k\u00f6z\u00f6s kutat\u00e1si projektek kialak\u00edt\u00e1s\u00e1t.<\/p>\n<p style=\"text-align: justify\">2020-ban az Eurolife elnyerte az Erasmus+ strat\u00e9giai partners\u00e9gi t\u00e1mogat\u00e1st a DATAETHICS elnevez\u00e9s\u0171 nemzetk\u00f6zi projekthez, amelynek c\u00e9lja a Biomedik\u00e1lis Big Data\u00a0 gy\u0171jt\u00e9se \u00e9s felhaszn\u00e1l\u00e1sa sor\u00e1n felmer\u00fcl\u0151 koncepcion\u00e1lis \u00e9s etikai megfontol\u00e1sok aktualiz\u00e1l\u00e1sa.<\/p>\n<p style=\"text-align: center\"><a class=\"btn btn-secondary\" href=\"https:\/\/eurolifeuniversities.org\/\">TOV\u00c1BB AZ EUROLIFE OLDAL\u00c1RA<\/a><\/p>\n<hr \/>\n<h4>European Health Management Association (EHMA)<\/h4>\n<p style=\"text-align: justify\"><a href=\"https:\/\/semmelweis.hu\/nki\/files\/2022\/01\/Logo-EHMA-600x600-1.png\"><img loading=\"lazy\" decoding=\"async\" class=\"alignleft wp-image-29040\" src=\"https:\/\/semmelweis.hu\/nki\/files\/2022\/01\/Logo-EHMA-600x600-1-300x300.png\" alt=\"\" width=\"158\" height=\"158\" srcset=\"https:\/\/semmelweis.hu\/nki\/files\/2022\/01\/Logo-EHMA-600x600-1-300x300.png 300w, https:\/\/semmelweis.hu\/nki\/files\/2022\/01\/Logo-EHMA-600x600-1-150x150.png 150w, https:\/\/semmelweis.hu\/nki\/files\/2022\/01\/Logo-EHMA-600x600-1.png 600w\" sizes=\"auto, (max-width: 158px) 100vw, 158px\" \/><\/a><strong>Az Eur\u00f3pai Eg\u00e9szs\u00e9g\u00fcgyi Menedzsment Sz\u00f6vets\u00e9g (EHMA) az egyetlen olyan eur\u00f3pai szervezet, amely \u00f6sszefogja az eg\u00e9szs\u00e9g\u00fcgyi \u00e9s k\u00f3rh\u00e1zi vezet\u0151ket, az eg\u00e9szs\u00e9g\u00fcgyi szakembereket, kutat\u00f3kat, oktat\u00f3kat, egyetemi oktat\u00f3kat, politikai \u00e9s d\u00f6nt\u00e9shoz\u00f3kat.<\/strong><\/p>\n<p style=\"text-align: justify\">A szervezet, amely nyitva \u00e1ll mindazok el\u0151tt, akik elk\u00f6telezettek az eg\u00e9szs\u00e9g\u00fcgy \u00e9s az eg\u00e9szs\u00e9g\u00fcgyi ell\u00e1t\u00e1s jav\u00edt\u00e1sa ir\u00e1nt \u00e9s d\u00f6nt\u0151 szerepet j\u00e1tszik az eur\u00f3pai eg\u00e9szs\u00e9g\u00fcgyi ir\u00e1ny\u00edt\u00e1si rendszerek teljes \u00f6kosziszt\u00e9m\u00e1j\u00e1nak \u00f6sszefog\u00e1s\u00e1ban.<\/p>\n<p style=\"text-align: center\"><a class=\"btn btn-secondary\" href=\"https:\/\/ehma.org\/\">TOV\u00c1BB AZ EHMA OLDAL\u00c1RA<\/a><\/p>\n<hr \/>\n<h4>EUROPEAN UNIVERSITY ASSOCIATION (EUA)<\/h4>\n<p style=\"text-align: justify\"><a href=\"https:\/\/semmelweis.hu\/nki\/files\/2022\/01\/eua-logo.png\"><img loading=\"lazy\" decoding=\"async\" class=\"alignleft wp-image-29036\" src=\"https:\/\/semmelweis.hu\/nki\/files\/2022\/01\/eua-logo.png\" alt=\"\" width=\"151\" height=\"151\" srcset=\"https:\/\/semmelweis.hu\/nki\/files\/2022\/01\/eua-logo.png 225w, https:\/\/semmelweis.hu\/nki\/files\/2022\/01\/eua-logo-150x150.png 150w\" sizes=\"auto, (max-width: 151px) 100vw, 151px\" \/><\/a><strong>Az Eur\u00f3pai Egyetemi Sz\u00f6vets\u00e9g (EUA) 48 eur\u00f3pai orsz\u00e1g t\u00f6bb mint 800 egyetem\u00e9t foglalja mag\u00e1ban. Az EUA d\u00f6nt\u0151 szerepet j\u00e1tszik a bolognai folyamatban \u00e9s az EU fels\u0151oktat\u00e1si, kutat\u00e1si \u00e9s innov\u00e1ci\u00f3s politik\u00e1j\u00e1nak alak\u00edt\u00e1s\u00e1ban.<\/strong><\/p>\n<p style=\"text-align: justify\">Az EUA k\u00f6z\u00f6s projektekben, rendezv\u00e9nyeken \u00e9s egy\u00e9b k\u00f6lcs\u00f6n\u00f6ss\u00e9gen alapul\u00f3\u00a0 tev\u00e9kenys\u00e9gekben val\u00f3 r\u00e9szv\u00e9tel r\u00e9v\u00e9n lehet\u0151s\u00e9get biztos\u00edt tagjai sz\u00e1m\u00e1ra a legjobb gyakorlatok megoszt\u00e1s\u00e1ra olyan ter\u00fcleteken, amelyek az egyetemek sz\u00e9les k\u00f6r\u00e9t \u00e9rintik. Ezen k\u00edv\u00fcl egyed\u00fcl\u00e1ll\u00f3 lehet\u0151s\u00e9geket biztos\u00edt a tagok sz\u00e1m\u00e1ra a fels\u0151oktat\u00e1st \u00e9s a kutat\u00e1st \u00e9rint\u0151 eur\u00f3pai politika \u00e9s kezdem\u00e9nyez\u00e9sek alak\u00edt\u00e1s\u00e1ra.<\/p>\n<p style=\"text-align: center\"><a class=\"btn btn-secondary\" href=\"https:\/\/eua.eu\/\">TOV\u00c1BB Az EUA OLDAL\u00c1RA<\/a><\/p>\n<hr \/>\n<h4 style=\"text-align: justify\">Hungarian Medical Association of America (HMAA)<\/h4>\n<div class=\"lead\" style=\"text-align: justify\"><img loading=\"lazy\" decoding=\"async\" class=\"alignleft wp-image-28943 size-thumbnail\" src=\"https:\/\/semmelweis.hu\/nki\/files\/2022\/01\/HMAA-logo-150x150.png\" alt=\"\" width=\"150\" height=\"150\" srcset=\"https:\/\/semmelweis.hu\/nki\/files\/2022\/01\/HMAA-logo-150x150.png 150w, https:\/\/semmelweis.hu\/nki\/files\/2022\/01\/HMAA-logo.png 225w\" sizes=\"auto, (max-width: 150px) 100vw, 150px\" \/>Az Amerikai Magyar Orvossz\u00f6vets\u00e9g a magyar orvosi trad\u00edci\u00f3k \u00e9s ide\u00e1lok meg\u0151rz\u00e9s\u00e9t \u00e9s n\u00e9pszer\u0171s\u00edt\u00e9s\u00e9t t\u0171zte ki c\u00e9lul. Az orvosi tud\u00e1st tal\u00e1lkoz\u00f3k, el\u0151ad\u00e1sok, publik\u00e1ci\u00f3k, valamint magyar \u00e9s amerikai hallgat\u00f3k csereprogramj\u00e1n kereszt\u00fcl n\u00e9pszer\u0171s\u00edtik, mik\u00f6zben er\u0151s\u00edtik a szakmai interakci\u00f3kat.<\/div>\n<p style=\"text-align: justify\">A HMAA k\u00f6zrem\u0171k\u00f6d\u00e9s\u00e9vel az 1980-as \u00e9vekben indult el a debreceni, a p\u00e9csi, a szegedi \u00e9s a budapesti, valamint a State University of New York, a Buffalo School of Medicine and Biomedical Sciences orvostudom\u00e1nyi karai k\u00f6z\u00f6tt az egy\u00fcttm\u0171k\u00f6d\u00e9s, amelynek alapj\u00e1n eddig t\u00f6bb mint 300 magyar orvostanhallgat\u00f3 vehetett r\u00e9szt szakmai gyakorlaton az Egyes\u00fclt \u00c1llamokban. A magyar orvosk\u00e9pz\u00e9s egyik legr\u00e9gebbi tengerent\u00fali mobilit\u00e1si programja minden \u00e9vben 16 magyar orvostanhallgat\u00f3nak ad lehet\u0151s\u00e9get arra, hogy 3 h\u00f3napos szakmai gyakorlatot t\u00f6lts\u00f6n az Egyes\u00fclt \u00c1llamokban.<\/p>\n<p style=\"text-align: justify\">2015 november\u00e9ben a Semmelweis Egyetem is al\u00e1\u00edrta az egy\u00fcttm\u0171k\u00f6d\u00e9s meghosszabb\u00edt\u00e1s\u00e1t r\u00f6gz\u00edt\u0151 dokumentumot, mely kib\u0151v\u00edti az eddigi egy\u00fcttm\u0171k\u00f6d\u00e9s tartalm\u00e1t, lehet\u0151s\u00e9get adva a fogorvosk\u00e9pz\u00e9sben r\u00e9sztvev\u0151knek, hogy bekapcsol\u00f3dhassanak a programba.<\/p>\n<p style=\"text-align: center\"><a class=\"btn btn-secondary\" href=\"https:\/\/hmaa.org\/\">TOV\u00c1BB A HMAA OLDAL\u00c1RA<\/a><\/p>\n<hr \/>\n<h4 style=\"text-align: justify\">International Association of Universities (IAU)<\/h4>\n<div class=\"lead\" style=\"text-align: justify\"><img loading=\"lazy\" decoding=\"async\" class=\"alignleft wp-image-28944 size-thumbnail\" src=\"https:\/\/semmelweis.hu\/nki\/files\/2022\/01\/iau-logo-150x150.png\" alt=\"\" width=\"150\" height=\"150\" \/>Az 1950-ben az ENSZ Nevel\u00e9s\u00fcgyi, Tudom\u00e1nyos \u00e9s Kultur\u00e1lis Szervezete, az UNESCO \u00e9gisze alatt alap\u00edtott szervezet a vil\u00e1g fels\u0151oktat\u00e1si int\u00e9zm\u00e9nyeinek \u00e9s szervezeteinek vezet\u0151 glob\u00e1lis sz\u00f6vets\u00e9ge.<\/div>\n<p style=\"text-align: justify\">A t\u00f6bb mint 130 tagorsz\u00e1got sz\u00e1ml\u00e1l\u00f3\u00a0 IAU az int\u00e9zm\u00e9nyek \u00e9s szervezetek vezet\u0151inek glob\u00e1lis f\u00f3rumak\u00e9nt szolg\u00e1l, amelynek c\u00e9lja, hogy azonos\u00edts\u00e1k a k\u00f6z\u00f6s priorit\u00e1sokat, egy\u00fctt gondolkodjanak \u00e9s cselekedjenek azokr\u00f3l. A fels\u0151oktat\u00e1s k\u00f6zvet\u00edt\u0151jek\u00e9nt m\u0171k\u00f6dik sz\u00e1mos nemzetk\u00f6zi \u00e9s korm\u00e1nyk\u00f6zi szervezet, t\u00f6bbek k\u00f6z\u00f6tt az UNESCO fel\u00e9.<\/p>\n<p style=\"text-align: center\"><a class=\"btn btn-secondary\" href=\"https:\/\/www.iau-aiu.net\/\">TOV\u00c1BB AZ IAU OLDAL\u00c1RA<\/a><\/p>\n<hr \/>\n<h4 style=\"text-align: justify\">UNICA \u2013 Network of Universities from the Capitals of Europe<\/h4>\n<div class=\"lead\" style=\"text-align: justify\"><img loading=\"lazy\" decoding=\"async\" class=\"alignleft size-full wp-image-28968\" src=\"https:\/\/semmelweis.hu\/nki\/files\/2022\/01\/Unica-only-loog.png\" alt=\"\" width=\"225\" height=\"225\" srcset=\"https:\/\/semmelweis.hu\/nki\/files\/2022\/01\/Unica-only-loog.png 225w, https:\/\/semmelweis.hu\/nki\/files\/2022\/01\/Unica-only-loog-150x150.png 150w\" sizes=\"auto, (max-width: 225px) 100vw, 225px\" \/>Az egyetemi h\u00e1l\u00f3zat 1990-ben j\u00f6tt l\u00e9tre azzal a c\u00e9llal, hogy el\u0151seg\u00edtse a f\u0151v\u00e1rosi egyetemek egy\u00fcttm\u0171k\u00f6d\u00e9s\u00e9t, k\u00f6z\u00f6s p\u00e1ly\u00e1zati tev\u00e9kenys\u00e9g\u00e9t az al\u00e1bbi priorit\u00e1sok ment\u00e9n: nemzetk\u00f6zies\u00edt\u00e9s \u00e9s mobilit\u00e1s, kutat\u00e1s-fejleszt\u00e9s-innov\u00e1ci\u00f3, doktori k\u00e9pz\u00e9s, oktat\u00e1sfejleszt\u00e9s, egyetemi menedzsment \u00e9s fejleszt\u00e9si strat\u00e9gi\u00e1k, t\u00e1rsadalmi felel\u0151ss\u00e9gv\u00e1llal\u00e1s.<\/div>\n<p style=\"text-align: justify\">Az UNICA eddig els\u0151sorban oktat\u00e1sm\u00f3dszertani, nemzetk\u00f6zi mobilit\u00e1si projekteken dolgozott Eur\u00f3pai Uni\u00f3s p\u00e1ly\u00e1zatok keret\u00e9ben. Jelenleg 37 eur\u00f3pai f\u0151v\u00e1ros 54 egyeteme tagjai a h\u00e1l\u00f3zatnak, Magyarorsz\u00e1gr\u00f3l a Semmelweis Egyetem \u00e9s az E\u00f6tv\u00f6s Lor\u00e1nd Tudom\u00e1nyegyetem k\u00e9pviselteti mag\u00e1t.<\/p>\n<p style=\"text-align: center\"><a class=\"btn btn-secondary\" href=\"https:\/\/www.unica-network.eu\/\">TOV\u00c1BB AZ UNICA OLDAL\u00c1RA<\/a><\/p>\n","protected":false},"excerpt":{"rendered":"<p>A Semmelweis Egyetem sz\u00e1mos nemzetk\u00f6zi szervezet tagja, amelyeknek c\u00e9lja a fels\u0151oktat\u00e1si int\u00e9zm\u00e9nyek k\u00f6z\u00f6tti j\u00f3 gyakorlatok \u00e9s tud\u00e1s megoszt\u00e1sa, a glob\u00e1lis kih\u00edv\u00e1sokr\u00f3l val\u00f3 k\u00f6z\u00f6s gondolkod\u00e1s valamint transznacion\u00e1lis oktat\u00e1si \u00e9s mobilit\u00e1si programok kidolgoz\u00e1sa. \u00a0 Association for Medical Education (AMEE) <a href=\"https:\/\/semmelweis.hu\/nki\/files\/2022\/01\/amee.jpg\"><\/a> Az AMEE egy glob\u00e1lis szervezet, amelynek tagjai 90 orsz\u00e1g\u00e1b\u00f3l j\u00f6nnek, k\u00f6zt\u00fck tan\u00e1rok, oktat\u00f3k, kutat\u00f3k, adminisztr\u00e1torok, d\u00e9k\u00e1nok, \u00e9rt\u00e9kel\u0151k, hallgat\u00f3k &hellip;<\/p>\n","protected":false},"author":362,"featured_media":0,"parent":0,"menu_order":28,"comment_status":"closed","ping_status":"closed","template":"template-fullwidth.php","meta":{"_acf_changed":false,"footnotes":""},"categories":[],"tags":[],"class_list":["post-28936","page","type-page","status-publish","hentry"],"acf":[],"_links":{"self":[{"href":"https:\/\/semmelweis.hu\/nki\/wp-json\/wp\/v2\/pages\/28936","targetHints":{"allow":["GET"]}}],"collection":[{"href":"https:\/\/semmelweis.hu\/nki\/wp-json\/wp\/v2\/pages"}],"about":[{"href":"https:\/\/semmelweis.hu\/nki\/wp-json\/wp\/v2\/types\/page"}],"author":[{"embeddable":true,"href":"https:\/\/semmelweis.hu\/nki\/wp-json\/wp\/v2\/users\/362"}],"replies":[{"embeddable":true,"href":"https:\/\/semmelweis.hu\/nki\/wp-json\/wp\/v2\/comments?post=28936"}],"version-history":[{"count":10,"href":"https:\/\/semmelweis.hu\/nki\/wp-json\/wp\/v2\/pages\/28936\/revisions"}],"predecessor-version":[{"id":28953,"href":"https:\/\/semmelweis.hu\/nki\/wp-json\/wp\/v2\/pages\/28936\/revisions\/28953"}],"wp:attachment":[{"href":"https:\/\/semmelweis.hu\/nki\/wp-json\/wp\/v2\/media?parent=28936"}],"wp:term":[{"taxonomy":"category","embeddable":true,"href":"https:\/\/semmelweis.hu\/nki\/wp-json\/wp\/v2\/categories?post=28936"},{"taxonomy":"post_tag","embeddable":true,"href":"https:\/\/semmelweis.hu\/nki\/wp-json\/wp\/v2\/tags?post=28936"}],"curies":[{"name":"wp","href":"https:\/\/api.w.org\/{rel}","templated":true}]}}