{"id":184,"date":"2014-05-19T11:54:32","date_gmt":"2014-03-27T11:52:36","guid":{"rendered":"http:\/\/semmelweis.hu\/nki\/?page_id=184"},"modified":"2025-08-22T12:06:58","modified_gmt":"2025-08-22T10:06:58","slug":"feladatkor","status":"publish","type":"page","link":"https:\/\/semmelweis.hu\/nki\/az-igazgatosagrol\/feladatkor\/","title":{"rendered":"Tev\u00e9kenys\u00e9g\u00fcnk"},"content":{"rendered":"<div class=\"w-100 keretes\" style=\"text-align: justify\"><strong>C\u00e9lunk, hogy a nemzetk\u00f6zi egy\u00fcttm\u0171k\u00f6d\u00e9si lehet\u0151s\u00e9gek kiakn\u00e1z\u00e1s\u00e1val hozz\u00e1j\u00e1ruljunk a Semmelweis Egyetem oktat\u00e1s, gy\u00f3gy\u00edt\u00e1s \u00e9s kutat\u00e1s ter\u00fclet\u00e9n v\u00e1llalt k\u00fcldet\u00e9s\u00e9nek bet\u00f6lt\u00e9s\u00e9hez.<\/strong><\/div>\n<div>\u00a0<\/div>\n<div><strong style=\"font-size: 1rem\"><strong><img loading=\"lazy\" decoding=\"async\" class=\"alignright wp-image-32123\" src=\"https:\/\/semmelweis.hu\/nki\/files\/2024\/05\/SE_INT_LOGO_GRAD_GOLD.jpg\" alt=\"\" width=\"388\" height=\"388\" \/><\/strong><\/strong><strong>INTERNATIONAL PARTNERSHIP:<br \/>\n<\/strong><\/div>\n<ul style=\"list-style-type: square\">\n<li>az Egyetem int\u00e9zm\u00e9nyi <a href=\"https:\/\/semmelweis.hu\/nki\/nemzetkozi-kapcsolataink\/partnerintezmenyek\/\"><strong>nemzetk\u00f6zi partnerkapcsolatainak \u00e9s egy\u00fcttm\u0171k\u00f6d\u00e9seinek<\/strong><\/a>\u00a0\u00e1pol\u00e1sa \u00e9s fejleszt\u00e9se;<\/li>\n<li>az Egyetem int\u00e9zm\u00e9nyi <a href=\"https:\/\/semmelweis.hu\/nki\/category\/nk-hirek\/\"><strong>bilater\u00e1lis \u00e9s konzorciumi meg\u00e1llapod\u00e1s<\/strong><\/a>ainak kezel\u00e9se;<\/li>\n<li>az egyetemi fels\u0151vezet\u00e9s <a href=\"https:\/\/semmelweis.hu\/nki\/category\/nk-hirek\/\"><strong>diplom\u00e1ciai l\u00e1togat\u00e1sainak \u00e9s utaz\u00e1s<\/strong><\/a>ainak szervez\u00e9se;<\/li>\n<li>kapcsolattart\u00e1s az \u00e9rintett nagyk\u00f6vets\u00e9gekkel, k\u00fclk\u00e9pviseletekkel;<\/li>\n<li>egy\u00fcttm\u0171k\u00f6d\u00e9s <a href=\"https:\/\/semmelweis.hu\/nki\/nemzetkozi-szervezetek\/\"><strong>szakmai nemzetk\u00f6zi szervezetek<\/strong><\/a>kel;<\/li>\n<li>szakmai t\u00e1mogat\u00e1s m\u00e1s szervezeti egys\u00e9gek nemzetk\u00f6zi partnerkapcsolatai ter\u00e9n;<\/li>\n<li>az Egyetem szervezeti egys\u00e9geinek nemzetk\u00f6zi aktivit\u00e1sainak monitoroz\u00e1sa;<\/li>\n<li>r\u00e9szv\u00e9tel nemzetk\u00f6zi akkredit\u00e1ci\u00f3s elj\u00e1r\u00e1sokban.<\/li>\n<\/ul>\n<p><strong>INTERNATIONAL MOBILITY:<\/strong><\/p>\n<ul style=\"list-style-type: square\">\n<li>az Egyetem <strong><a href=\"https:\/\/semmelweis.hu\/nki\/europai-mobilitasi-programok\/\">mobilit\u00e1si \u00f6szt\u00f6nd\u00edj programjai<\/a><\/strong>nak megval\u00f3s\u00edt\u00e1s\u00e1nak teljesk\u00f6r\u0171 menedzsel\u00e9se <span style=\"font-size: 1rem\">(Erasmus+, Pann\u00f3nia, Stipendium, Diaszp\u00f3ra, Visegr\u00e1d, CEEPUS, Makovecz);<\/span><\/li>\n<li>a nemzetk\u00f6zi hallgat\u00f3i, az oktat\u00f3i \u00e9s a kutat\u00f3i <a href=\"https:\/\/semmelweis.hu\/nki\/nemzetkozi-palyazatok\/\"><strong>k\u00e9toldal\u00fa csereprogramok, \u00f6szt\u00f6nd\u00edjak<\/strong><\/a>\u00a0koordin\u00e1l\u00e1sa \u00e9s folyamatos b\u0151v\u00edt\u00e9se.<\/li>\n<\/ul>\n<p><strong>INTERNATIONAL PROGRAMS:<\/strong><\/p>\n<ul style=\"list-style-type: square\">\n<li>az Egyetem \u00e1ltal k\u00edn\u00e1lt t\u00e9r\u00edt\u00e9ses <a href=\"https:\/\/semmelweis.hu\/nki\/rovid-programok\/\"><strong>nemzetk\u00f6zi r\u00f6vidprogramok<\/strong><\/a>\u00a0koordin\u00e1l\u00e1sa;<\/li>\n<li>hozz\u00e1j\u00e1rul\u00e1s az Egyetem k\u00fclf\u00f6ldi megismertet\u00e9s\u00e9hez \u00e9s n\u00e9pszer\u0171s\u00edt\u00e9s\u00e9hez, nemzetk\u00f6zi strat\u00e9giai c\u00e9ljainak el\u00e9r\u00e9s\u00e9hez, nemzetk\u00f6zi h\u00edrnev\u00e9nek jav\u00edt\u00e1s\u00e1t c\u00e9lz\u00f3 rendezv\u00e9nyek \u00e9s <a href=\"https:\/\/semmelweis.hu\/nki\/category\/nk-hirek\/\"><strong>esem\u00e9nyek<\/strong><\/a> megval\u00f3s\u00edt\u00e1s\u00e1hoz;<\/li>\n<li>k\u00f6zrem\u0171k\u00f6d\u00e9s az Egyetem nemzetk\u00f6zi k\u00e9pz\u00e9si programjainak \u00e9s egy\u00fcttm\u0171k\u00f6d\u00e9seinek el\u0151k\u00e9sz\u00edt\u00e9s\u00e9ben;<\/li>\n<li>k\u00f6zrem\u0171k\u00f6d\u00e9s az Egyetem nemzetk\u00f6zi befektet\u00e9seinek \u00f6szt\u00f6nz\u00e9s\u00e9ben;<\/li>\n<li>r\u00e9szv\u00e9tel az egyetemi <strong>fundraising<\/strong> tev\u00e9kenys\u00e9gekben.<\/li>\n<\/ul>\n<p>AZ IGAZGAT\u00d3S\u00c1G R\u00c9SZLETES M\u0170K\u00d6D\u00c9SI \u00dcGYRENDJE az <a href=\"https:\/\/semmelweis.hu\/minoseg\/letolthetodokumentumok\/szervezeti-ugyrend\/\">Egyetem MIR honlapj\u00e1n<\/a> el\u00e9rehet\u0151.<\/p>\n","protected":false},"excerpt":{"rendered":"<p>C\u00e9lunk, hogy a nemzetk\u00f6zi egy\u00fcttm\u0171k\u00f6d\u00e9si lehet\u0151s\u00e9gek kiakn\u00e1z\u00e1s\u00e1val hozz\u00e1j\u00e1ruljunk a Semmelweis Egyetem oktat\u00e1s, gy\u00f3gy\u00edt\u00e1s \u00e9s kutat\u00e1s ter\u00fclet\u00e9n v\u00e1llalt k\u00fcldet\u00e9s\u00e9nek bet\u00f6lt\u00e9s\u00e9hez. \u00a0 INTERNATIONAL PARTNERSHIP: az Egyetem int\u00e9zm\u00e9nyi <a href=\"https:\/\/semmelweis.hu\/nki\/nemzetkozi-kapcsolataink\/partnerintezmenyek\/\">nemzetk\u00f6zi partnerkapcsolatainak \u00e9s egy\u00fcttm\u0171k\u00f6d\u00e9seinek<\/a> \u00a0\u00e1pol\u00e1sa \u00e9s fejleszt\u00e9se; az Egyetem int\u00e9zm\u00e9nyi <a href=\"https:\/\/semmelweis.hu\/nki\/category\/nk-hirek\/\">bilater\u00e1lis \u00e9s konzorciumi meg\u00e1llapod\u00e1s<\/a> ainak kezel\u00e9se; az egyetemi fels\u0151vezet\u00e9s <a href=\"https:\/\/semmelweis.hu\/nki\/category\/nk-hirek\/\">diplom\u00e1ciai l\u00e1togat\u00e1sainak \u00e9s utaz\u00e1s<\/a> ainak szervez\u00e9se; kapcsolattart\u00e1s az \u00e9rintett nagyk\u00f6vets\u00e9gekkel, k\u00fclk\u00e9pviseletekkel; egy\u00fcttm\u0171k\u00f6d\u00e9s <a href=\"https:\/\/semmelweis.hu\/nki\/nemzetkozi-szervezetek\/\">szakmai nemzetk\u00f6zi szervezetek<\/a> kel; szakmai t\u00e1mogat\u00e1s m\u00e1s szervezeti egys\u00e9gek nemzetk\u00f6zi partnerkapcsolatai ter\u00e9n; az Egyetem &hellip;<\/p>\n","protected":false},"author":203,"featured_media":0,"parent":5,"menu_order":1,"comment_status":"closed","ping_status":"closed","template":"template-fullwidth.php","meta":{"_acf_changed":false,"footnotes":""},"categories":[],"tags":[],"class_list":["post-184","page","type-page","status-publish","hentry"],"acf":[],"_links":{"self":[{"href":"https:\/\/semmelweis.hu\/nki\/wp-json\/wp\/v2\/pages\/184","targetHints":{"allow":["GET"]}}],"collection":[{"href":"https:\/\/semmelweis.hu\/nki\/wp-json\/wp\/v2\/pages"}],"about":[{"href":"https:\/\/semmelweis.hu\/nki\/wp-json\/wp\/v2\/types\/page"}],"author":[{"embeddable":true,"href":"https:\/\/semmelweis.hu\/nki\/wp-json\/wp\/v2\/users\/203"}],"replies":[{"embeddable":true,"href":"https:\/\/semmelweis.hu\/nki\/wp-json\/wp\/v2\/comments?post=184"}],"version-history":[{"count":13,"href":"https:\/\/semmelweis.hu\/nki\/wp-json\/wp\/v2\/pages\/184\/revisions"}],"predecessor-version":[{"id":34092,"href":"https:\/\/semmelweis.hu\/nki\/wp-json\/wp\/v2\/pages\/184\/revisions\/34092"}],"up":[{"embeddable":true,"href":"https:\/\/semmelweis.hu\/nki\/wp-json\/wp\/v2\/pages\/5"}],"wp:attachment":[{"href":"https:\/\/semmelweis.hu\/nki\/wp-json\/wp\/v2\/media?parent=184"}],"wp:term":[{"taxonomy":"category","embeddable":true,"href":"https:\/\/semmelweis.hu\/nki\/wp-json\/wp\/v2\/categories?post=184"},{"taxonomy":"post_tag","embeddable":true,"href":"https:\/\/semmelweis.hu\/nki\/wp-json\/wp\/v2\/tags?post=184"}],"curies":[{"name":"wp","href":"https:\/\/api.w.org\/{rel}","templated":true}]}}