{"id":180,"date":"2014-05-19T11:51:27","date_gmt":"2014-03-27T11:15:58","guid":{"rendered":"http:\/\/semmelweis.hu\/nki\/?page_id=180"},"modified":"2026-01-21T09:48:02","modified_gmt":"2026-01-21T08:48:02","slug":"igazgatoi-koszonto","status":"publish","type":"page","link":"https:\/\/semmelweis.hu\/nki\/az-igazgatosagrol\/igazgatoi-koszonto\/","title":{"rendered":"K\u00fcldet\u00e9s\u00fcnk"},"content":{"rendered":"<div class=\"keretes w-100\">\n<p><strong>\u00dcDV\u00d6Z\u00d6LJ\u00dcK A SEMMELWEIS EGYETEMEN!<\/strong><\/p>\n<p style=\"text-align: justify\">A Semmelweis Egyetem legf\u0151bb c\u00e9lkit\u0171z\u00e9sei k\u00f6z\u00e9 tartozik a <strong>glob\u00e1lis eg\u00e9szs\u00e9g fejleszt\u00e9se \u00e9s az egyetem nemzetk\u00f6zies\u00edt\u00e9se<\/strong>, melyek megval\u00f3s\u00edt\u00e1s\u00e1ban igazgat\u00f3s\u00e1gunk kulcsfontoss\u00e1g\u00fa szerepet t\u00f6lt be. Nemzetk\u00f6zi szak\u00e9rt\u0151kb\u0151l \u00e1ll\u00f3 csapatunkkal akt\u00edvan j\u00e1rulunk hozz\u00e1 a <strong>nemzetk\u00f6zi mobilit\u00e1sok lebonyol\u00edt\u00e1s\u00e1hoz \u00e9s a megl\u00e9v\u0151 k\u00fclf\u00f6ldi kapcsolatok \u00e1pol\u00e1s\u00e1hoz, fejleszt\u00e9s\u00e9hez<\/strong>. Emellett kiemelt hangs\u00falyt fektet\u00fcnk \u00faj kapcsolatok l\u00e9trehoz\u00e1s\u00e1ra, valamint k\u00fcl\u00f6nb\u00f6z\u0151 nemzetk\u00f6zi projektek \u00e9s programok magas szint\u0171 kivitelez\u00e9s\u00e9re is.<\/p>\n<p style=\"text-align: justify\">C\u00e9lunk egy olyan <strong>er\u0151s nemzetk\u00f6zi akad\u00e9miai \u00e9s tudom\u00e1nyos h\u00e1l\u00f3zat ki\u00e9p\u00edt\u00e9se<\/strong>, amely glob\u00e1lis \u00e9s region\u00e1lis szinten egyar\u00e1nt jelent\u0151s befoly\u00e1ssal b\u00edr. Ebben a h\u00e1l\u00f3zatrendszerben \u2013 mely jelenleg t\u00f6bb mint 200 nemzetk\u00f6zi partnert foglal mag\u00e1ban \u2013 ker\u00fclnek megval\u00f3s\u00edt\u00e1sra azok az egy\u00fcttm\u0171k\u00f6d\u00e9sek, melyek els\u0151sorban a glob\u00e1lis eg\u00e9szs\u00e9g\u00fcgy \u00e9s az azon t\u00falmutat\u00f3 kih\u00edv\u00e1sok megold\u00e1s\u00e1ra ir\u00e1nyulnak.<\/p>\n<p style=\"text-align: justify\">A t\u00f6bb mint 255 \u00e9ves m\u00faltra visszatekint\u0151 Semmelweis Egyetem nemzetk\u00f6zi szinten is jelent\u0151s t\u00e1rsadalmi, oktat\u00e1si \u00e9s tudom\u00e1nyos szerepet t\u00f6lt be. Az olyan vil\u00e1gm\u00e9ret\u0171 kih\u00edv\u00e1sok ellen\u00e9re, mint a pand\u00e9mia vagy a k\u00fcl\u00f6nb\u00f6z\u0151 geopolitikai konfliktusok, egyetem\u00fcnk tov\u00e1bbra is vezet\u0151 szerepet v\u00e1llal az oktat\u00e1sban, kutat\u00e1sban, innov\u00e1ci\u00f3ban \u00e9s betegell\u00e1t\u00e1sban egyar\u00e1nt. A Semmelweis Egyetem nemcsak tud\u00e1sk\u00f6zpontk\u00e9nt m\u0171k\u00f6dik, hanem t\u00e1rsadalmi szinten is felel\u0151s a pozit\u00edv v\u00e1ltoz\u00e1sok felgyors\u00edt\u00e1s\u00e1\u00e9rt, mik\u00f6zben stabil alapot biztos\u00edt hallgat\u00f3inak, kutat\u00f3inak \u00e9s eg\u00e9szs\u00e9g\u00fcgyi szakembereinek.<\/p>\n<p style=\"text-align: justify\">Mindemellett egyetem\u00fcnk sokf\u00e9les\u00e9ge \u00e9s nemzetk\u00f6zi jellege megmutatkozik a <strong>r\u00e9g\u00f3ta fenn\u00e1ll\u00f3 nemzetk\u00f6zi programjainkban<\/strong>, kiterjedt alumni-h\u00e1l\u00f3zatunkban, valamint figyelemre m\u00e9lt\u00f3 tudom\u00e1nyos nemzetk\u00f6zi egy\u00fcttm\u0171k\u00f6d\u00e9seinkben. B\u00fcszk\u00e9k vagyunk, hogy a t\u00f6bb mint 100 orsz\u00e1gb\u00f3l \u00e9rkez\u0151 hallgat\u00f3k \u00e9s \u00f6regdi\u00e1kok az itt szerzett tud\u00e1sukkal \u00e9s szak\u00e9rtelm\u00fckkel a Semmelweis Egyetem nagyk\u00f6veteik\u00e9nt t\u00e1mogatj\u00e1k a szakemberek vil\u00e1gszerte n\u00f6vekv\u0151 h\u00e1l\u00f3zat\u00e1t.<\/p>\n<p style=\"text-align: justify\">Egyetem\u00fcnk\u00f6n sz\u00e1mos lehet\u0151s\u00e9g ny\u00edlik a <strong>tud\u00e1s \u00e9s szak\u00e9rtelem megoszt\u00e1s\u00e1ra az oktat\u00e1s, kutat\u00e1s \u00e9s betegell\u00e1t\u00e1s ter\u00e9n egyar\u00e1nt<\/strong>. K\u00e9pz\u00e9sk\u00edn\u00e1latunkat \u00fagy alak\u00edtottuk ki, hogy megfeleljenek hallgat\u00f3ink \u00e9s szakembereink ig\u00e9nyeinek, legyen sz\u00f3 nappali tagozatos oktat\u00e1sr\u00f3l, szem\u00e9lyre szabott r\u00f6vid programokr\u00f3l vagy intenz\u00edv elm\u00e9leti \u00e9s gyakorlati k\u00e9pz\u00e9sekr\u0151l. A Semmelweis Egyetem kimagasl\u00f3 nemzetk\u00f6zi poz\u00edci\u00f3ja, mely a vil\u00e1g legjobb fels\u0151oktat\u00e1si int\u00e9zm\u00e9nyeinek 1%-\u00e1ba sorolja, szint\u00e9n t\u00fckr\u00f6zi az egyetem kiv\u00e1l\u00f3s\u00e1g ir\u00e1nti elhivatotts\u00e1g\u00e1t.<\/p>\n<p style=\"text-align: justify\">A Semmelweis Egyetemen az innov\u00e1ci\u00f3, egy\u00fcttm\u0171k\u00f6d\u00e9s \u00e9s a kiv\u00e1l\u00f3s\u00e1gra val\u00f3 t\u00f6rekv\u00e9s egy\u00fcttesen vezet a glob\u00e1lis eg\u00e9szs\u00e9g\u00fcgy j\u00f6v\u0151je fel\u00e9.<\/p>\n<\/div>\n","protected":false},"excerpt":{"rendered":"<p>K\u00fcldet\u00e9s\u00fcnk, hogy a megl\u00e9v\u0151 k\u00fclf\u00f6ldi kapcsolatok \u00e1pol\u00e1sa mellett akt\u00edvan j\u00e1ruljon hozz\u00e1 \u00faj kapcsolatok kialak\u00edt\u00e1sa r\u00e9v\u00e9n egyetem\u00fcnk nemzetk\u00f6zi versenyk\u00e9pess\u00e9g\u00e9nek \u00e9s h\u00edrnev\u00e9nek min\u00e9l magasabb szintre emel\u00e9s\u00e9hez.<\/p>\n<p>Nemzetk\u00f6zi strat\u00e9gi\u00e1nk egyik alapeleme, hogy a Semmelweis Egyetem a legjobb 100 fels\u0151oktat\u00e1si int\u00e9zm\u00e9ny k\u00f6z\u00e9 ker\u00fclj\u00f6n a nemzetk\u00f6zi ranglist\u00e1kban. <\/p>\n<p> Ehhez elengedhetetlen, hogy tov\u00e1bb fejlessz\u00fck nemzetk\u00f6zi kapcsolatainkat is, n\u00f6velj\u00fck a Semmelweis Egyetem nemzetk\u00f6zi l\u00e1that\u00f3s\u00e1g\u00e1t \u00e9s er\u0151s\u00edts\u00fck vezet\u0151szerep\u00fcnket K\u00f6z\u00e9p-Kelet-Eur\u00f3p\u00e1ban \u00e9s azon t\u00fal egyetem\u00fcnk h\u00e1rmas k\u00fcldet\u00e9s\u00e9nek megfelel\u0151en az oktat\u00e1s, kutat\u00e1s \u00e9s betegell\u00e1t\u00e1s ter\u00fcletein.<\/p>\n","protected":false},"author":203,"featured_media":32371,"parent":5,"menu_order":0,"comment_status":"closed","ping_status":"closed","template":"template-fullwidth.php","meta":{"_acf_changed":false,"footnotes":""},"categories":[],"tags":[],"class_list":["post-180","page","type-page","status-publish","has-post-thumbnail","hentry"],"acf":[],"_links":{"self":[{"href":"https:\/\/semmelweis.hu\/nki\/wp-json\/wp\/v2\/pages\/180","targetHints":{"allow":["GET"]}}],"collection":[{"href":"https:\/\/semmelweis.hu\/nki\/wp-json\/wp\/v2\/pages"}],"about":[{"href":"https:\/\/semmelweis.hu\/nki\/wp-json\/wp\/v2\/types\/page"}],"author":[{"embeddable":true,"href":"https:\/\/semmelweis.hu\/nki\/wp-json\/wp\/v2\/users\/203"}],"replies":[{"embeddable":true,"href":"https:\/\/semmelweis.hu\/nki\/wp-json\/wp\/v2\/comments?post=180"}],"version-history":[{"count":14,"href":"https:\/\/semmelweis.hu\/nki\/wp-json\/wp\/v2\/pages\/180\/revisions"}],"predecessor-version":[{"id":34337,"href":"https:\/\/semmelweis.hu\/nki\/wp-json\/wp\/v2\/pages\/180\/revisions\/34337"}],"up":[{"embeddable":true,"href":"https:\/\/semmelweis.hu\/nki\/wp-json\/wp\/v2\/pages\/5"}],"wp:featuredmedia":[{"embeddable":true,"href":"https:\/\/semmelweis.hu\/nki\/wp-json\/wp\/v2\/media\/32371"}],"wp:attachment":[{"href":"https:\/\/semmelweis.hu\/nki\/wp-json\/wp\/v2\/media?parent=180"}],"wp:term":[{"taxonomy":"category","embeddable":true,"href":"https:\/\/semmelweis.hu\/nki\/wp-json\/wp\/v2\/categories?post=180"},{"taxonomy":"post_tag","embeddable":true,"href":"https:\/\/semmelweis.hu\/nki\/wp-json\/wp\/v2\/tags?post=180"}],"curies":[{"name":"wp","href":"https:\/\/api.w.org\/{rel}","templated":true}]}}