{"id":5,"date":"2023-01-13T15:30:51","date_gmt":"2023-01-13T14:30:51","guid":{"rendered":"https:\/\/semmelweis.hu\/ntitoangol\/?page_id=5"},"modified":"2023-03-10T13:29:40","modified_gmt":"2023-03-10T12:29:40","slug":"a-kozpontrol","status":"publish","type":"page","link":"https:\/\/semmelweis.hu\/nhkk\/a-kozpontrol\/","title":{"rendered":"A Nemzetk\u00f6zi Hallgat\u00f3k K\u00e9pz\u00e9seinek K\u00f6zpontja"},"content":{"rendered":"<div class=\"keretes w-100\">\n<p>A Semmelweis Egyetem <strong>Nemzetk\u00f6zi Hallgat\u00f3k K\u00e9pz\u00e9seinek K\u00f6zpontja<\/strong> (NHKK) a k\u00fclf\u00f6ldi hallgat\u00f3k tanulm\u00e1nyaival kapcsolatos feladatok ell\u00e1t\u00e1s\u00e1t v\u00e9gz\u0151 k\u00f6zponti szervezeti egys\u00e9g, amely az egyetemi karokkal egy\u00fcttm\u0171k\u00f6dve szervezi a nemzetk\u00f6zi hallgat\u00f3kkal kapcsolatos operat\u00edv \u00fcgyeket, valamint koordin\u00e1lja az oktat\u00e1s megszervez\u00e9s\u00e9t az idegen nyelven foly\u00f3 k\u00e9pz\u00e9sek kapcs\u00e1n.\u00a0A K\u00f6zpont vezet\u0151je <strong>dr. Alp\u00e1r Al\u00e1n nemzetk\u00f6zi k\u00e9pz\u00e9sek\u00e9rt felel\u0151s rektorhelyettes<\/strong>.\u00a0<a href=\"https:\/\/semmelweis.hu\/nhkk\/elerhetosegek\/\">El\u00e9rhet\u0151s\u00e9gek \u2192<\/a><\/p>\n<p>A K\u00f6zpont szervezeti egys\u00e9ge a <a href=\"https:\/\/semmelweis.hu\/nhkk\/nyitolap\/nemzetkozi-tanulmanyi-igazgatosag\/\"><strong>Nemzetk\u00f6zi Tanulm\u00e1nyi Igazgat\u00f3s\u00e1g<\/strong> <strong>\u2192<\/strong><\/a><\/p>\n<\/div>\n<p>A Semmelweis Egyetem nemcsak Magyarorsz\u00e1g legr\u00e9gebbi orvosk\u00e9pz\u0151 int\u00e9zm\u00e9nye \u00e9s egyik legnagyobb eg\u00e9szs\u00e9g\u00fcgyi szolg\u00e1ltat\u00f3ja, hanem <strong>Eur\u00f3pa egyik legjelent\u0151sebb angol \u00e9s n\u00e9met nyelv\u0171 k\u00e9pz\u00e9si int\u00e9zm\u00e9nye<\/strong> is. Az itt tanul\u00f3k harmada a nemzetk\u00f6zi k\u00e9pz\u00e9sben vesz r\u00e9szt, hallgat\u00f3ink a vil\u00e1g t\u00f6bb mint sz\u00e1z orsz\u00e1g\u00e1b\u00f3l \u00e9rkeznek.<\/p>\n<p>Minden karunk \u00e9s doktori iskol\u00e1nk k\u00edn\u00e1l valamilyen <a href=\"https:\/\/semmelweis.hu\/nhkk\/idegennyelvu-kepzesek\/\">idegen nyelv\u0171 k\u00e9pz\u00e9st<\/a> az orvos- \u00e9s eg\u00e9szs\u00e9gtudom\u00e1nyok ter\u00fclet\u00e9n, \u00e9s <a href=\"https:\/\/semmelweis.hu\/nki\/kihelyezett-kepzeseink\/\">sz\u00e9khelyen k\u00edv\u00fcli programokkal<\/a> is rendelkez\u00fcnk N\u00e9metorsz\u00e1gban, Rom\u00e1ni\u00e1ban, Sv\u00e1jcban, Szerbi\u00e1ban \u00e9s Szlov\u00e1ki\u00e1ban. A legt\u00f6bb nemzetk\u00f6zi hallgat\u00f3 az \u00c1ltal\u00e1nos Orvostudom\u00e1nyi Karon, a Fogorvostudom\u00e1nyi Karon \u00e9s a Gy\u00f3gyszer\u00e9sztudom\u00e1nyi Karon tanul napjainkban. Egyre b\u0151v\u00fcl\u0151 k\u00edn\u00e1lattal vesz r\u00e9szt a nemzetk\u00f6zi k\u00e9pz\u00e9sekben az Eg\u00e9szs\u00e9gtudom\u00e1nyi Kar, \u00e9s k\u00e9pz\u00e9s\u00e9t a Pet\u0151 Andr\u00e1s Kar is felk\u00edn\u00e1lja angol nyelven. Az egyetem sz\u00e1mos nemzetk\u00f6zi program, \u00edgy az Erasmus, a Stipendium Hungaricum, a Diaspora \u00e9s a Students at Risk (St@R) programok keret\u00e9n bel\u00fcl is fogad k\u00fclf\u00f6ldr\u0151l hallgat\u00f3kat.<\/p>\n<div class=\"fontos_div\">\n<p>A Semmelweis Egyetem nagy hangs\u00falyt helyez multikultur\u00e1lis hallgat\u00f3i k\u00f6z\u00f6ss\u00e9g\u00e9nek \u00f6sszetart\u00e1s\u00e1ra, a nemzetk\u00f6zi \u00e9s magyar hallgat\u00f3k integr\u00e1ci\u00f3j\u00e1ra, a t\u00f6bbnyelv\u0171 oktat\u00e1s \u00e9s t\u00e1j\u00e9koztat\u00e1s mellett nemzetk\u00f6zi rendezv\u00e9nyek, a nemzetek \u00e9s kult\u00far\u00e1k k\u00f6lcs\u00f6n\u00f6s megismer\u00e9s\u00e9t, k\u00f6zeled\u00e9s\u00e9t el\u0151seg\u00edt\u0151 programok r\u00e9v\u00e9n is.<\/p>\n<\/div>\n","protected":false},"excerpt":{"rendered":"<p>A Semmelweis Egyetem nemcsak Magyarorsz\u00e1g legr\u00e9gebbi orvosk\u00e9pz\u0151 int\u00e9zm\u00e9nye \u00e9s egyik legnagyobb eg\u00e9szs\u00e9g\u00fcgyi szolg\u00e1ltat\u00f3ja, hanem Eur\u00f3pa egyik legjelent\u0151sebb angol \u00e9s n\u00e9met nyelv\u0171 k\u00e9pz\u00e9si int\u00e9zm\u00e9nye is. Az itt tanul\u00f3k harmada a nemzetk\u00f6zi k\u00e9pz\u00e9sben vesz r\u00e9szt, hallgat\u00f3ink a vil\u00e1g t\u00f6bb mint sz\u00e1z orsz\u00e1g\u00e1b\u00f3l \u00e9rkeznek.<\/p>\n<p>A <strong>Nemzetk\u00f6zi Hallgat\u00f3k K\u00e9pz\u00e9seinek K\u00f6zpontja <\/strong>l\u00e1tja el az egyetem k\u00fclf\u00f6ldi hallgat\u00f3inak tanulm\u00e1nyaival kapcsolatos feladatokat. A K\u00f6zpont az egyetemi karokkal egy\u00fcttm\u0171k\u00f6dve szervezi a nemzetk\u00f6zi hallgat\u00f3kkal kapcsolatos operat\u00edv \u00fcgyeket, valamint koordin\u00e1lja az oktat\u00e1s megszervez\u00e9s\u00e9t az idegen nyelven foly\u00f3 k\u00e9pz\u00e9sek kapcs\u00e1n.<\/p>\n","protected":false},"author":12,"featured_media":105,"parent":0,"menu_order":0,"comment_status":"closed","ping_status":"closed","template":"template-fullwidth.php","meta":{"_acf_changed":false,"footnotes":""},"categories":[],"tags":[],"class_list":["post-5","page","type-page","status-publish","has-post-thumbnail","hentry"],"acf":[],"_links":{"self":[{"href":"https:\/\/semmelweis.hu\/nhkk\/wp-json\/wp\/v2\/pages\/5","targetHints":{"allow":["GET"]}}],"collection":[{"href":"https:\/\/semmelweis.hu\/nhkk\/wp-json\/wp\/v2\/pages"}],"about":[{"href":"https:\/\/semmelweis.hu\/nhkk\/wp-json\/wp\/v2\/types\/page"}],"author":[{"embeddable":true,"href":"https:\/\/semmelweis.hu\/nhkk\/wp-json\/wp\/v2\/users\/12"}],"replies":[{"embeddable":true,"href":"https:\/\/semmelweis.hu\/nhkk\/wp-json\/wp\/v2\/comments?post=5"}],"version-history":[{"count":10,"href":"https:\/\/semmelweis.hu\/nhkk\/wp-json\/wp\/v2\/pages\/5\/revisions"}],"predecessor-version":[{"id":202,"href":"https:\/\/semmelweis.hu\/nhkk\/wp-json\/wp\/v2\/pages\/5\/revisions\/202"}],"wp:featuredmedia":[{"embeddable":true,"href":"https:\/\/semmelweis.hu\/nhkk\/wp-json\/wp\/v2\/media\/105"}],"wp:attachment":[{"href":"https:\/\/semmelweis.hu\/nhkk\/wp-json\/wp\/v2\/media?parent=5"}],"wp:term":[{"taxonomy":"category","embeddable":true,"href":"https:\/\/semmelweis.hu\/nhkk\/wp-json\/wp\/v2\/categories?post=5"},{"taxonomy":"post_tag","embeddable":true,"href":"https:\/\/semmelweis.hu\/nhkk\/wp-json\/wp\/v2\/tags?post=5"}],"curies":[{"name":"wp","href":"https:\/\/api.w.org\/{rel}","templated":true}]}}