{"id":247,"date":"2024-02-07T14:26:38","date_gmt":"2024-02-07T13:26:38","guid":{"rendered":"https:\/\/semmelweis.hu\/nhkk\/?page_id=247"},"modified":"2024-02-07T14:26:38","modified_gmt":"2024-02-07T13:26:38","slug":"impressum-2","status":"publish","type":"page","link":"https:\/\/semmelweis.hu\/nhkk\/de\/impressum-2\/","title":{"rendered":"Impressum"},"content":{"rendered":"<p><strong>Verantwortlicher Herausgeber<\/strong>: Semmelweis Universit\u00e4t<\/p>\n<p><strong>Name der Organisationseinheit<\/strong>: Bildungszentrale f\u00fcr Internationales Studium<\/p>\n<p><strong>Leiter der Organisationseinheit<\/strong>: Dr. Al\u00e1n Alp\u00e1r<\/p>\n<p><strong>Editoren der Website<\/strong>: Bogl\u00e1rka Somfai, Zolt\u00e1n Sikl\u00f3si<\/p>\n","protected":false},"excerpt":{"rendered":"<p>Verantwortlicher Herausgeber: Semmelweis Universit\u00e4t<br \/>\nName der Organisationseinheit: Bildungszentrale f\u00fcr Internationales Studium<br \/>\nLeiter der Organisationseinheit: Dr. Al\u00e1n Alp\u00e1r<br \/>\nEditoren der Website: Bogl\u00e1rka Somfai, Zolt\u00e1n Sikl\u00f3si<\/p>\n","protected":false},"author":102334,"featured_media":0,"parent":0,"menu_order":9,"comment_status":"closed","ping_status":"closed","template":"","meta":{"_acf_changed":false,"footnotes":""},"categories":[],"tags":[],"class_list":["post-247","page","type-page","status-publish","hentry"],"acf":[],"_links":{"self":[{"href":"https:\/\/semmelweis.hu\/nhkk\/wp-json\/wp\/v2\/pages\/247","targetHints":{"allow":["GET"]}}],"collection":[{"href":"https:\/\/semmelweis.hu\/nhkk\/wp-json\/wp\/v2\/pages"}],"about":[{"href":"https:\/\/semmelweis.hu\/nhkk\/wp-json\/wp\/v2\/types\/page"}],"author":[{"embeddable":true,"href":"https:\/\/semmelweis.hu\/nhkk\/wp-json\/wp\/v2\/users\/102334"}],"replies":[{"embeddable":true,"href":"https:\/\/semmelweis.hu\/nhkk\/wp-json\/wp\/v2\/comments?post=247"}],"version-history":[{"count":2,"href":"https:\/\/semmelweis.hu\/nhkk\/wp-json\/wp\/v2\/pages\/247\/revisions"}],"predecessor-version":[{"id":249,"href":"https:\/\/semmelweis.hu\/nhkk\/wp-json\/wp\/v2\/pages\/247\/revisions\/249"}],"wp:attachment":[{"href":"https:\/\/semmelweis.hu\/nhkk\/wp-json\/wp\/v2\/media?parent=247"}],"wp:term":[{"taxonomy":"category","embeddable":true,"href":"https:\/\/semmelweis.hu\/nhkk\/wp-json\/wp\/v2\/categories?post=247"},{"taxonomy":"post_tag","embeddable":true,"href":"https:\/\/semmelweis.hu\/nhkk\/wp-json\/wp\/v2\/tags?post=247"}],"curies":[{"name":"wp","href":"https:\/\/api.w.org\/{rel}","templated":true}]}}