{"id":245,"date":"2024-02-07T14:26:25","date_gmt":"2024-02-07T13:26:25","guid":{"rendered":"https:\/\/semmelweis.hu\/nhkk\/?page_id=245"},"modified":"2024-02-08T15:04:51","modified_gmt":"2024-02-08T14:04:51","slug":"impressum-3","status":"publish","type":"page","link":"https:\/\/semmelweis.hu\/nhkk\/en\/impressum-3\/","title":{"rendered":"Publisher&#8217;s Imprint"},"content":{"rendered":"<p><strong>Responsible publisher<\/strong>: Semmelweis University<\/p>\n<p><strong>Unit name<\/strong>: Center of International Studies<\/p>\n<p><strong>Head of unit<\/strong>: dr. Al\u00e1n Alp\u00e1r<\/p>\n<p><strong>Editors of the website<\/strong>: Bogl\u00e1rka Somfai, Zolt\u00e1n Sikl\u00f3si<\/p>\n","protected":false},"excerpt":{"rendered":"<p>Responsible publisher: Semmelweis University<br \/>\nUnit name: Center of International Studies<br \/>\nHead of unit: dr. Al\u00e1n Alp\u00e1r<br \/>\nEditors of the website: Bogl\u00e1rka Somfai, Zolt\u00e1n Sikl\u00f3si<\/p>\n","protected":false},"author":102334,"featured_media":0,"parent":0,"menu_order":9,"comment_status":"closed","ping_status":"closed","template":"","meta":{"_acf_changed":false,"footnotes":""},"categories":[],"tags":[],"class_list":["post-245","page","type-page","status-publish","hentry"],"acf":[],"_links":{"self":[{"href":"https:\/\/semmelweis.hu\/nhkk\/wp-json\/wp\/v2\/pages\/245","targetHints":{"allow":["GET"]}}],"collection":[{"href":"https:\/\/semmelweis.hu\/nhkk\/wp-json\/wp\/v2\/pages"}],"about":[{"href":"https:\/\/semmelweis.hu\/nhkk\/wp-json\/wp\/v2\/types\/page"}],"author":[{"embeddable":true,"href":"https:\/\/semmelweis.hu\/nhkk\/wp-json\/wp\/v2\/users\/102334"}],"replies":[{"embeddable":true,"href":"https:\/\/semmelweis.hu\/nhkk\/wp-json\/wp\/v2\/comments?post=245"}],"version-history":[{"count":3,"href":"https:\/\/semmelweis.hu\/nhkk\/wp-json\/wp\/v2\/pages\/245\/revisions"}],"predecessor-version":[{"id":251,"href":"https:\/\/semmelweis.hu\/nhkk\/wp-json\/wp\/v2\/pages\/245\/revisions\/251"}],"wp:attachment":[{"href":"https:\/\/semmelweis.hu\/nhkk\/wp-json\/wp\/v2\/media?parent=245"}],"wp:term":[{"taxonomy":"category","embeddable":true,"href":"https:\/\/semmelweis.hu\/nhkk\/wp-json\/wp\/v2\/categories?post=245"},{"taxonomy":"post_tag","embeddable":true,"href":"https:\/\/semmelweis.hu\/nhkk\/wp-json\/wp\/v2\/tags?post=245"}],"curies":[{"name":"wp","href":"https:\/\/api.w.org\/{rel}","templated":true}]}}