{"id":238,"date":"2024-02-07T14:25:17","date_gmt":"2024-02-07T13:25:17","guid":{"rendered":"https:\/\/semmelweis.hu\/nhkk\/?page_id=238"},"modified":"2025-10-27T16:23:16","modified_gmt":"2025-10-27T15:23:16","slug":"contact","status":"publish","type":"page","link":"https:\/\/semmelweis.hu\/nhkk\/de\/contact\/","title":{"rendered":"Kontakt"},"content":{"rendered":"<h4 style=\"text-align: center\">CENTER OF INTERNATIONAL TRAINING PROGRAMS<\/h4>\n<p style=\"text-align: center\">Address: 1094 Budapest, T\u0171zolt\u00f3 utca 37\u201347.<br \/>\nPhone: 06-1\/459-1500\/60069<br \/>\nE-mail: titkarsag.nhkk@semmelweis.hu<\/p>\n<h1>Mitarbeiterinnen und mitarbeiter<\/h1>\n<h3>BILDUNGSZENTRALE F\u00dcR INTERNATIONALES STUDIUM<\/h3>\n<p><b>Prof. Dr. Al\u00e1n ALP\u00c1R<\/b><\/p>\n<p><b><i>Vizerektor f\u00fcr Internationales Studium<\/i><\/b><\/p>\n<p>&nbsp;<\/p>\n<p>Telefon: (+36-1) 459-1500\/60069<br \/>\nE-Mail: alpar.alan@semmelweis.hu<\/p>\n<hr \/>\n<p><b>Zsuzsanna ARDAY-BUSA<\/b><\/p>\n<p><b><i>B\u00fcroleiterin<\/i><\/b><\/p>\n<p>&nbsp;<\/p>\n<p>Telefon: (+36-20) 670 1008<br \/>\nE-Mail: busa.zsuzsanna@semmelweis.hu<\/p>\n<hr \/>\n<p><b>Bogl\u00e1rka SOMLAI<\/b><\/p>\n<p><b><i>Referentin<\/i><\/b><\/p>\n<p>&nbsp;<\/p>\n<p>Telefon: (+36-20) 663 2661<br \/>\nE-Mail: somfai.boglarka@semmelweis.hu<\/p>\n<hr \/>\n<p><b>N\u00f3ra HORV\u00c1THN\u00c9 ORB\u00c1N<\/b><\/p>\n<p><b><i>Referentin<\/i><\/b><\/p>\n<p>&nbsp;<\/p>\n<p>Telefon: (+36-30) 877 2745<br \/>\nE-Mail: horvathne.orban.nora@semmelweis.hu<\/p>\n<hr \/>\n<p><b>Zolt\u00e1n SIKL\u00d3SI<\/b><\/p>\n<p><b><i>Referent, Ansprechpartner f\u00fcr DSVS-Angelegenheiten<\/i><\/b><\/p>\n<p>&nbsp;<\/p>\n<p>Telefon: (+36-30) 877 2748<br \/>\nE-Mail: <a href=\"siklosi.zoltan@semmelweis.hu\">siklosi.zoltan@semmelweis.hu<\/a><\/p>\n<hr \/>\n<p>&nbsp;<\/p>\n<h3>DEUTSCHSPRACHIGES STUDENTENSEKRETARIAT<\/h3>\n<p><a href=\"https:\/\/semmelweis.hu\/deutsch\/files\/2019\/09\/Edit_Gimpl.jpg\" rel=\"attachment wp-att-2259\"><img loading=\"lazy\" decoding=\"async\" class=\"alignright wp-image-2259 size-medium\" src=\"https:\/\/semmelweis.hu\/deutsch\/files\/2019\/09\/Edit_Gimpl-202x300.jpg\" alt=\"\" width=\"202\" height=\"300\" \/><\/a><\/p>\n<div id=\"GroupWiseSection_1584524772000_gimpl.edit@semmelweis-univ.hu_D650A502132F0000A0FF000000000000_\" class=\"GroupWiseMessageBody active\">\n<div><b style=\"font-size: 1rem\">Edit GEIGER-GIMPL<\/b><\/div>\n<\/div>\n<p><em><strong>Administrative Leiterin<br \/>\nDeutschsprachiges Studentensekretariat<\/strong><\/em><\/p>\n<p>Telefon: (+36 1) 317 0932<br \/>\n(+36-1) 459-1500 \/ 60086<br \/>\n(+36-20) 663 2670<br \/>\nE-Mail: <a class=\"emailLink\" href=\"mailto:geiger.gimpl.edit@semmelweis.hu\">geiger.gimpl.edit@semmelweis.hu<\/a><\/p>\n<hr \/>\n<p><em><strong>Referentinnen f\u00fcr Studentische Angelegenheiten <br \/>\n<\/strong>(Zust\u00e4ndigkeiten: f\u00fcr das Studienjahr 2025\/2026)<\/em><\/p>\n<hr \/>\n<p><a href=\"https:\/\/semmelweis.hu\/deutsch\/files\/2019\/09\/Adel_Halasz.jpg\" rel=\"attachment wp-att-2209\"><img loading=\"lazy\" decoding=\"async\" class=\"alignright wp-image-2209 size-medium\" src=\"https:\/\/semmelweis.hu\/deutsch\/files\/2019\/09\/Klara_Czovek.jpg\" alt=\"\" width=\"202\" height=\"300\" \/><\/a><\/p>\n<p><b>Kl\u00e1ra BARTHA<\/b><\/p>\n<p><em><strong>1. Studienjahr Humanmedizin<\/strong><\/em><br \/>\n<em><strong>Bewerbung f\u00fcr Studienanf\u00e4nger<\/strong><\/em><\/p>\n<p>Telefon: <br \/>\n(+36-1) 459-1500 \/ 60083<br \/>\n(+36-20) 663 2674<br \/>\nE-Mail: <br \/>\n<a href=\"mailto:bartha.klara@semmelweis.hu\">bartha.klara@semmelweis.hu<\/a><br \/>\n<a href=\"mailto:bewerbung@semmelweis.hu\">bewerbung@semmelweis.hu<\/a><\/p>\n<hr \/>\n<p><b><a href=\"https:\/\/semmelweis.hu\/deutsch\/files\/2019\/09\/Adel_Halasz-202x300.jpg\" rel=\"attachment wp-att-2204\"><img loading=\"lazy\" decoding=\"async\" class=\"alignright wp-image-2204 \" src=\"https:\/\/semmelweis.hu\/deutsch\/files\/2019\/09\/Adel_Halasz-202x300.jpg\" alt=\"\" width=\"202\" height=\"286\" \/><\/a>Ad\u00e9l HAL\u00c1SZ<br \/>\n<\/b><br \/>\n<em><strong>2. Studienjahr Humanmedizin<br \/>\nBewerbung f\u00fcr Studienanf\u00e4nger<\/strong><\/em><\/p>\n<p>Telefon: <br \/>\n(+36-1) 459-1500 \/ 60177<br \/>\n(+36-20) 663 2660<br \/>\nE-Mail: <br \/>\n<a class=\"emailLink\" href=\"mailto:halasz.adel@semmelweis.hu\">halasz.adel@semmelweis.hu<\/a><br \/>\n<a href=\"mailto:bewerbung@semmelweis.hu\">bewerbung@semmelweis.hu<\/a><\/p>\n<hr \/>\n<p><img loading=\"lazy\" decoding=\"async\" class=\"alignright\" src=\"https:\/\/semmelweis.hu\/deutsch\/files\/2021\/12\/DavidFanniKatinka_.jpg\" alt=\"\" width=\"202\" height=\"286\" \/><b>Fanni Katinka D\u00c1VID<\/b><\/p>\n<p><em><strong>3. Studienjahr Humanmedizin<\/strong><\/em><br \/>\n<em><strong>Bewerbung f\u00fcr h\u00f6here Studienjahre<\/strong><\/em><\/p>\n<p>Telefon: <br \/>\n(+36-1) 459-1500 \/ 60489<br \/>\n(+36-30) 016 4622<br \/>\nE-Mail: <br \/>\n<a class=\"emailLink\" href=\"david.fanni@semmelweis.hu\">david.fanni@semmelweis.hu<\/a><br \/>\n<a href=\"mailto:bewerbung@semmelweis.hu\">bewerbung@semmelweis.hu<\/a><\/p>\n<hr \/>\n<p><b><img loading=\"lazy\" decoding=\"async\" class=\"alignright\" src=\"https:\/\/semmelweis.hu\/deutsch\/files\/2023\/06\/1687243944485.jpg\" alt=\"\" width=\"201\" height=\"302\" \/>Zs\u00f3fia CSERT\u00c1N<\/b><\/p>\n<p><em><strong>4. Studienjahr Humanmedizin<\/strong><\/em><\/p>\n<p>Telefon: <br \/>\n(+36-1) 459-1500 \/ 60484<br \/>\n(+36-20) 663 2671<\/p>\n<p>E-Mail: <a class=\"emailLink\" href=\"mailto:csertan.zsofia@semmelweis.hu\">csertan.zsofia@semmelweis.hu<\/a><\/p>\n<hr \/>\n<p><img loading=\"lazy\" decoding=\"async\" class=\"alignright wp-image-3878\" src=\"https:\/\/semmelweis.hu\/deutsch\/files\/2020\/01\/S\u00e1ndorEdina-266x400.png\" alt=\"\" width=\"202\" height=\"303\" \/><\/p>\n<p><b>Edina JORDANOV-S\u00c1NDOR<\/b><\/p>\n<p><em><strong>5. Studienjahr Humanmedizin<\/strong><\/em><\/p>\n<p>Telefon: (+36-1) 459-1500 \/ 60089<br \/>\n(+36-30) 592 3522<br \/>\nE-Mail: <a href=\"sandor.edina@semmelweis.hu\" target=\"_blank\" rel=\"noopener noreferrer\">sandor.edina@semmelweis.hu<\/a><\/p>\n<hr \/>\n<p><a href=\"https:\/\/semmelweis.hu\/deutsch\/kontakt\/maria_merkeine_-2\/\" rel=\"attachment wp-att-3485\"><img loading=\"lazy\" decoding=\"async\" class=\"size-full wp-image-3485 alignright\" src=\"https:\/\/semmelweis.hu\/deutsch\/files\/2019\/09\/Maria_Merkeine_-1.jpg\" alt=\"\" width=\"202\" height=\"280\" \/><\/a><\/p>\n<p><b>M\u00e1ria Dr. MERKEIN\u00c9 SZ\u0150KE<\/b><\/p>\n<p><em><strong>6. Studienjahr Humanmedizin<\/strong><\/em><\/p>\n<p>\nTelefon: (+36-1) 459-1500 \/ 60082<br \/>\n(+36-20) 663 2385<br \/>\nE-Mail: <a class=\"emailLink\" href=\"mailto:merkei.maria@semmelweis.hu\">merkei.maria@semmelweis.hu<\/a><\/p>\n<hr \/>\n<p><a href=\"https:\/\/semmelweis.hu\/deutsch\/files\/2019\/09\/Tunde_Szabados.jpg\"><img loading=\"lazy\" decoding=\"async\" class=\"alignright wp-image-2206\" src=\"https:\/\/semmelweis.hu\/deutsch\/files\/2019\/09\/Tunde_Szabados-200x300.jpg\" alt=\"\" width=\"203\" height=\"305\" \/><\/a><b>T\u00fcn<\/b><b>de SZABADOS<\/b><\/p>\n<p><em><strong>3., 4., 5., 6. Studienjahr Humanmedizin Campus Hamburg<\/strong><\/em><\/p>\n<p>Telefon: (+36-1) 459-1500 \/ 60084<br \/>\n(+36-20) 663 2662<br \/>\nE-Mail: <a class=\"emailLink\" href=\"mailto:szabados.tunde@semmelweis.hu\">szabados.tunde@semmelweis.hu<\/a><\/p>\n<hr \/>\n<p><a href=\"https:\/\/semmelweis.hu\/deutsch\/files\/2019\/09\/Andrea_Fekete.jpg\"><img loading=\"lazy\" decoding=\"async\" class=\"alignright wp-image-2207\" src=\"https:\/\/semmelweis.hu\/deutsch\/files\/2019\/09\/Andrea_Fekete-200x300.jpg\" alt=\"\" width=\"202\" height=\"303\" \/><\/a><b>Andrea FEKETE<\/b><\/p>\n<p><em><strong>1., 2., 3., 4., 5. Studien<\/strong><\/em><em><strong>jahr Zahnmedizin<\/strong><\/em><\/p>\n<p>Telefon: (+36-1) 459-1500 \/ 60085<br \/>\n(+36-20) 663 2682<br \/>\nE-Mail: <a class=\"emailLink\" href=\"mailto:fekete.andrea@semmelweis.hu\">fekete.andrea@semmelweis.hu<\/a><\/p>\n<p>&nbsp;<\/p>\n<p>&nbsp;<\/p>\n","protected":false},"excerpt":{"rendered":"<p>CENTER OF INTERNATIONAL TRAINING PROGRAMS Address: 1094 Budapest, T\u0171zolt\u00f3 utca 37\u201347. Phone: 06-1\/459-1500\/60069 E-mail: titkarsag.nhkk@semmelweis.hu Mitarbeiterinnen und mitarbeiter BILDUNGSZENTRALE F\u00dcR INTERNATIONALES STUDIUM Prof. Dr. Al\u00e1n ALP\u00c1R Vizerektor f\u00fcr Internationales Studium &nbsp; Telefon: (+36-1) 459-1500\/60069 E-Mail: alpar.alan@semmelweis.hu Zsuzsanna ARDAY-BUSA B\u00fcroleiterin &nbsp; Telefon: (+36-20) 670 1008 E-Mail: busa.zsuzsanna@semmelweis.hu Bogl\u00e1rka SOMLAI Referentin &nbsp; Telefon: (+36-20) 663 2661 E-Mail: &hellip;<\/p>\n","protected":false},"author":102334,"featured_media":0,"parent":0,"menu_order":5,"comment_status":"closed","ping_status":"closed","template":"","meta":{"_acf_changed":false,"footnotes":""},"categories":[],"tags":[],"class_list":["post-238","page","type-page","status-publish","hentry"],"acf":[],"_links":{"self":[{"href":"https:\/\/semmelweis.hu\/nhkk\/wp-json\/wp\/v2\/pages\/238","targetHints":{"allow":["GET"]}}],"collection":[{"href":"https:\/\/semmelweis.hu\/nhkk\/wp-json\/wp\/v2\/pages"}],"about":[{"href":"https:\/\/semmelweis.hu\/nhkk\/wp-json\/wp\/v2\/types\/page"}],"author":[{"embeddable":true,"href":"https:\/\/semmelweis.hu\/nhkk\/wp-json\/wp\/v2\/users\/102334"}],"replies":[{"embeddable":true,"href":"https:\/\/semmelweis.hu\/nhkk\/wp-json\/wp\/v2\/comments?post=238"}],"version-history":[{"count":4,"href":"https:\/\/semmelweis.hu\/nhkk\/wp-json\/wp\/v2\/pages\/238\/revisions"}],"predecessor-version":[{"id":356,"href":"https:\/\/semmelweis.hu\/nhkk\/wp-json\/wp\/v2\/pages\/238\/revisions\/356"}],"wp:attachment":[{"href":"https:\/\/semmelweis.hu\/nhkk\/wp-json\/wp\/v2\/media?parent=238"}],"wp:term":[{"taxonomy":"category","embeddable":true,"href":"https:\/\/semmelweis.hu\/nhkk\/wp-json\/wp\/v2\/categories?post=238"},{"taxonomy":"post_tag","embeddable":true,"href":"https:\/\/semmelweis.hu\/nhkk\/wp-json\/wp\/v2\/tags?post=238"}],"curies":[{"name":"wp","href":"https:\/\/api.w.org\/{rel}","templated":true}]}}