{"id":235,"date":"2024-02-07T14:57:26","date_gmt":"2024-02-07T13:57:26","guid":{"rendered":"https:\/\/semmelweis.hu\/nhkk\/?page_id=235"},"modified":"2024-02-08T16:11:33","modified_gmt":"2024-02-08T15:11:33","slug":"datenverarbeitung","status":"publish","type":"page","link":"https:\/\/semmelweis.hu\/nhkk\/de\/datenverarbeitung\/","title":{"rendered":"Datenverarbeitung"},"content":{"rendered":"<h4>ZUGANG ZU INFORMATIONEN \u00dcBER DIE VERARBEITUNG PERS\u00d6NLICHER DATEN DURCH DIE BILDUNGSZENTRALE F\u00dcR INTERNATIONALES STUDIUM<\/h4>\n<p><a href=\"https:\/\/semmelweis.hu\/nhkk\/files\/2024\/02\/adatkezelesi-tajekoztato-NHKK-3-korr-abk-02.-26_DE0125.pdf\" target=\"_blank\" rel=\"noopener\">Information f\u00fcr die von der Datenverarbeitung betroffenen Personen<\/a> \u00fcber die Verarbeitung personenbezogener Daten durch die Bildungszentrale f\u00fcr Internationales Studium der Semmelweis Universit\u00e4t<\/p>\n","protected":false},"excerpt":{"rendered":"<p>ZUGANG ZU INFORMATIONEN \u00dcBER DIE VERARBEITUNG PERS\u00d6NLICHER DATEN DURCH DIE BILDUNGSZENTRALE F\u00dcR INTERNATIONALES STUDIUM<br \/>\n<a href=\"https:\/\/semmelweis.hu\/nhkk\/files\/2024\/02\/adatkezelesi-tajekoztato-NHKK-3-korr-abk-02.-26_DE0125.pdf\" target=\"_blank\" rel=\"noopener\">Information f\u00fcr die von der Datenverarbeitung betroffenen Personen<\/a> \u00fcber die Verarbeitung personenbezogener Daten durch die Bildungszentrale f\u00fcr Internationales Studium der Semmelweis Universit\u00e4t<\/p>\n","protected":false},"author":102334,"featured_media":0,"parent":0,"menu_order":4,"comment_status":"closed","ping_status":"closed","template":"","meta":{"_acf_changed":false,"footnotes":""},"categories":[],"tags":[],"class_list":["post-235","page","type-page","status-publish","hentry"],"acf":[],"_links":{"self":[{"href":"https:\/\/semmelweis.hu\/nhkk\/wp-json\/wp\/v2\/pages\/235","targetHints":{"allow":["GET"]}}],"collection":[{"href":"https:\/\/semmelweis.hu\/nhkk\/wp-json\/wp\/v2\/pages"}],"about":[{"href":"https:\/\/semmelweis.hu\/nhkk\/wp-json\/wp\/v2\/types\/page"}],"author":[{"embeddable":true,"href":"https:\/\/semmelweis.hu\/nhkk\/wp-json\/wp\/v2\/users\/102334"}],"replies":[{"embeddable":true,"href":"https:\/\/semmelweis.hu\/nhkk\/wp-json\/wp\/v2\/comments?post=235"}],"version-history":[{"count":5,"href":"https:\/\/semmelweis.hu\/nhkk\/wp-json\/wp\/v2\/pages\/235\/revisions"}],"predecessor-version":[{"id":318,"href":"https:\/\/semmelweis.hu\/nhkk\/wp-json\/wp\/v2\/pages\/235\/revisions\/318"}],"wp:attachment":[{"href":"https:\/\/semmelweis.hu\/nhkk\/wp-json\/wp\/v2\/media?parent=235"}],"wp:term":[{"taxonomy":"category","embeddable":true,"href":"https:\/\/semmelweis.hu\/nhkk\/wp-json\/wp\/v2\/categories?post=235"},{"taxonomy":"post_tag","embeddable":true,"href":"https:\/\/semmelweis.hu\/nhkk\/wp-json\/wp\/v2\/tags?post=235"}],"curies":[{"name":"wp","href":"https:\/\/api.w.org\/{rel}","templated":true}]}}