{"id":223,"date":"2024-02-07T14:21:06","date_gmt":"2024-02-07T13:21:06","guid":{"rendered":"https:\/\/semmelweis.hu\/nhkk\/?page_id=223"},"modified":"2026-02-11T11:14:58","modified_gmt":"2026-02-11T10:14:58","slug":"direktion-fuer-internationales-studium","status":"publish","type":"page","link":"https:\/\/semmelweis.hu\/nhkk\/de\/uber_uns\/direktion-fuer-internationales-studium\/","title":{"rendered":"Direktion f\u00fcr Internationales Studium"},"content":{"rendered":"<p>Die <strong>Direktion f\u00fcr Internationales Studium (NTI)<\/strong> koordiniert in Zusammenarbeit mit den Fakult\u00e4ten die Organisation der fremdsprachlichen Bildung f\u00fcr ausl\u00e4ndische Staatsangeh\u00f6rige an der Universit\u00e4t im Einklang mit den f\u00fcr den jeweiligen Kurs im Studienplan festgelegten fachlichen Inhalten. Zu den Aufgaben der Direktion geh\u00f6ren die Organisation und Abwicklung der Verfahren zur Anwerbung und Zulassung von Studierenden; sie ist zust\u00e4ndig f\u00fcr die Verwaltung allgemeiner studien-, sowie geb\u00fchren- und verg\u00fctungsbezogener Anliegen der Studierenden, f\u00fcr die Administration bez\u00fcglich des Aufenthalts der Studierenden in Ungarn und f\u00fcr die Bereitstellung von Informationen f\u00fcr Studierende.<\/p>\n<p>Die Direktion als Organisationseinheit geh\u00f6rt zur <strong>Bildungszentrale f\u00fcr Internationales Studium<\/strong>. Die fachliche Betreuung ihrer T\u00e4tigkeiten wird durch den Vizerektor f\u00fcr Bildung mit Unterst\u00fctzung der Abteilung f\u00fcr Bildungsverwaltung, und bei spezifischen Aufgaben im Zusammenhang mit den einzelnen Studieng\u00e4ngen durch den Dekan, bzw. den Prodekan f\u00fcr Bildung der jeweiligen Fakult\u00e4t wahrgenommen.<\/p>\n","protected":false},"excerpt":{"rendered":"<p>Die Direktion f\u00fcr Internationales Studium (NTI) koordiniert in Zusammenarbeit mit den Fakult\u00e4ten die Organisation der fremdsprachlichen Bildung f\u00fcr ausl\u00e4ndische Staatsangeh\u00f6rige an der Universit\u00e4t im Einklang mit den f\u00fcr den jeweiligen Kurs im Studienplan festgelegten fachlichen Inhalten. Zu den Aufgaben der Direktion geh\u00f6ren die Organisation und Abwicklung der Verfahren zur Anwerbung und Zulassung von Studierenden; sie &hellip;<\/p>\n","protected":false},"author":102334,"featured_media":0,"parent":211,"menu_order":2,"comment_status":"closed","ping_status":"closed","template":"","meta":{"_acf_changed":false,"footnotes":""},"categories":[],"tags":[],"class_list":["post-223","page","type-page","status-publish","hentry"],"acf":[],"_links":{"self":[{"href":"https:\/\/semmelweis.hu\/nhkk\/wp-json\/wp\/v2\/pages\/223","targetHints":{"allow":["GET"]}}],"collection":[{"href":"https:\/\/semmelweis.hu\/nhkk\/wp-json\/wp\/v2\/pages"}],"about":[{"href":"https:\/\/semmelweis.hu\/nhkk\/wp-json\/wp\/v2\/types\/page"}],"author":[{"embeddable":true,"href":"https:\/\/semmelweis.hu\/nhkk\/wp-json\/wp\/v2\/users\/102334"}],"replies":[{"embeddable":true,"href":"https:\/\/semmelweis.hu\/nhkk\/wp-json\/wp\/v2\/comments?post=223"}],"version-history":[{"count":2,"href":"https:\/\/semmelweis.hu\/nhkk\/wp-json\/wp\/v2\/pages\/223\/revisions"}],"predecessor-version":[{"id":429,"href":"https:\/\/semmelweis.hu\/nhkk\/wp-json\/wp\/v2\/pages\/223\/revisions\/429"}],"up":[{"embeddable":true,"href":"https:\/\/semmelweis.hu\/nhkk\/wp-json\/wp\/v2\/pages\/211"}],"wp:attachment":[{"href":"https:\/\/semmelweis.hu\/nhkk\/wp-json\/wp\/v2\/media?parent=223"}],"wp:term":[{"taxonomy":"category","embeddable":true,"href":"https:\/\/semmelweis.hu\/nhkk\/wp-json\/wp\/v2\/categories?post=223"},{"taxonomy":"post_tag","embeddable":true,"href":"https:\/\/semmelweis.hu\/nhkk\/wp-json\/wp\/v2\/tags?post=223"}],"curies":[{"name":"wp","href":"https:\/\/api.w.org\/{rel}","templated":true}]}}