{"id":211,"date":"2024-02-07T14:20:18","date_gmt":"2024-02-07T13:20:18","guid":{"rendered":"https:\/\/semmelweis.hu\/nhkk\/?page_id=211"},"modified":"2024-02-09T14:12:32","modified_gmt":"2024-02-09T13:12:32","slug":"uber_uns","status":"publish","type":"page","link":"https:\/\/semmelweis.hu\/nhkk\/de\/uber_uns\/","title":{"rendered":"Bildungszentrale f\u00fcr Internationales Studium"},"content":{"rendered":"<div class=\"keretes w-100\">\n<p>Die <strong>Bildungszentrale f\u00fcr Internationales Studium<\/strong> (NHKK) der Semmelweis Universit\u00e4t ist die zentrale Organisationseinheit, die f\u00fcr die Verwaltung der Aufgaben im Zusammenhang mit dem Studium internationaler Studierenden zust\u00e4ndig ist. Sie organisiert die mit internationalen Studierenden zusammenh\u00e4ngenden operativen Angelegenheiten in Zusammenarbeit mit den Fakult\u00e4ten der Universit\u00e4t und koordiniert die Organisation des Unterrichts f\u00fcr die Kurse in Fremdsprachen. Die Zentrale wird von <strong>Dr. Al\u00e1n Alp\u00e1r, Vizerektor f\u00fcr internationale Bildung<\/strong>, geleitet. <a href=\"https:\/\/semmelweis.hu\/nhkk\/de\/kontakte\/\" target=\"_blank\" rel=\"noopener\">Kontakt \u2192<\/a><\/p>\n<p>Die <a href=\"https:\/\/semmelweis.hu\/nhkk\/de\/uber_uns\/direktion-fuer-internationales-studium\/\" target=\"_blank\" rel=\"noopener\"><strong>Direktion f\u00fcr Internationales Studium <\/strong><\/a>ist eine organisatorische Einheit der Bildungszentrale.<\/p>\n<\/div>\n<p>Die Semmelweis Universit\u00e4t ist nicht nur die \u00e4lteste medizinische Hochschuleinrichtung und einer der gr\u00f6\u00dften Gesundheitsdienstleister Ungarns, sondern auch <strong>eine der f\u00fchrenden deutsch- und englischsprachigen Ausbildungsst\u00e4tten in Europa<\/strong>. Ein Drittel unserer Studierenden sind internationale Studierende, die aus \u00fcber hundert L\u00e4ndern der Welt kommen.<\/p>\n<p>Alle unserer Fakult\u00e4ten und Doktorandenschulen bieten irgendeine Form der <strong>fremdsprachlichen Ausbildung<\/strong> im Bereich der Medizin und der Gesundheitswissenschaften an, und wir verf\u00fcgen auch \u00fcber <strong>externe Studieng\u00e4nge<\/strong>\u00a0in Deutschland, Rum\u00e4nien, der Schweiz, Serbien und der Slowakei. Die meisten internationalen Studierenden studieren heute an der Fakult\u00e4t f\u00fcr Humanmedizin, an der Fakult\u00e4t f\u00fcr Zahnmedizin und an der Fakult\u00e4t f\u00fcr Pharmazie. Die Fakult\u00e4t f\u00fcr Gesundheitswissenschaften beteiligt sich an internationalen Kursen mit einem wachsenden Bildungsangebot, und auch die Andr\u00e1s Pet\u0151 Fakult\u00e4t bietet ihre Kurse in englischer Sprache an. Dar\u00fcber hinaus ist die Universit\u00e4t im Rahmen einer Reihe von internationalen Programmen wie Erasmus, Stipendium Hungaricum, Diaspora und Students at Risk (St@R) f\u00fcr Studierende aus dem Ausland offen.<\/p>\n<div class=\"fontos_div\">\n<p>Die Semmelweis Universit\u00e4t legt gro\u00dfen Wert auf die Koh\u00e4sion ihrer multikulturellen Studierendengemeinschaft und die Integration internationaler und ungarischer Studierenden durch mehrsprachige Bildung und Information, internationale Veranstaltungen und Programme zur F\u00f6rderung der gegenseitigen Erkenntnis und Ann\u00e4herung der Nationen und Kulturen.<\/p>\n<\/div>\n","protected":false},"excerpt":{"rendered":"<p><b>Die Semmelweis Universit\u00e4t ist<\/b> nicht nur die \u00e4lteste medizinische Hochschuleinrichtung und einer der gr\u00f6\u00dften Gesundheitsdienstleister Ungarns, sondern auch <b>eine der f\u00fchrenden deutsch- und englischsprachigen Ausbildungsst\u00e4tten in Europa<\/b>. Ein Drittel unserer Studierenden sind internationale Studierende, die aus \u00fcber hundert L\u00e4ndern der Welt kommen.<\/p>\n<p>Die <b>Bildungszentrale f\u00fcr Internationales Studium<\/b> ist zust\u00e4ndig f\u00fcr die Verwaltung der Aufgaben im Zusammenhang mit dem Studium internationaler Studierenden. Sie organisiert die mit internationalen Studierenden zusammenh\u00e4ngenden operativen Angelegenheiten in Zusammenarbeit mit den Fakult\u00e4ten der Universit\u00e4t und koordiniert die Organisation des Unterrichts f\u00fcr die Kurse in Fremdsprachen.<\/p>\n","protected":false},"author":102334,"featured_media":105,"parent":0,"menu_order":0,"comment_status":"closed","ping_status":"closed","template":"template-fullwidth.php","meta":{"_acf_changed":false,"footnotes":""},"categories":[],"tags":[],"class_list":["post-211","page","type-page","status-publish","has-post-thumbnail","hentry"],"acf":[],"_links":{"self":[{"href":"https:\/\/semmelweis.hu\/nhkk\/wp-json\/wp\/v2\/pages\/211","targetHints":{"allow":["GET"]}}],"collection":[{"href":"https:\/\/semmelweis.hu\/nhkk\/wp-json\/wp\/v2\/pages"}],"about":[{"href":"https:\/\/semmelweis.hu\/nhkk\/wp-json\/wp\/v2\/types\/page"}],"author":[{"embeddable":true,"href":"https:\/\/semmelweis.hu\/nhkk\/wp-json\/wp\/v2\/users\/102334"}],"replies":[{"embeddable":true,"href":"https:\/\/semmelweis.hu\/nhkk\/wp-json\/wp\/v2\/comments?post=211"}],"version-history":[{"count":10,"href":"https:\/\/semmelweis.hu\/nhkk\/wp-json\/wp\/v2\/pages\/211\/revisions"}],"predecessor-version":[{"id":324,"href":"https:\/\/semmelweis.hu\/nhkk\/wp-json\/wp\/v2\/pages\/211\/revisions\/324"}],"wp:featuredmedia":[{"embeddable":true,"href":"https:\/\/semmelweis.hu\/nhkk\/wp-json\/wp\/v2\/media\/105"}],"wp:attachment":[{"href":"https:\/\/semmelweis.hu\/nhkk\/wp-json\/wp\/v2\/media?parent=211"}],"wp:term":[{"taxonomy":"category","embeddable":true,"href":"https:\/\/semmelweis.hu\/nhkk\/wp-json\/wp\/v2\/categories?post=211"},{"taxonomy":"post_tag","embeddable":true,"href":"https:\/\/semmelweis.hu\/nhkk\/wp-json\/wp\/v2\/tags?post=211"}],"curies":[{"name":"wp","href":"https:\/\/api.w.org\/{rel}","templated":true}]}}