{"id":175,"date":"2023-03-10T10:25:30","date_gmt":"2023-03-10T09:25:30","guid":{"rendered":"https:\/\/semmelweis.hu\/nhkk\/?page_id=175"},"modified":"2023-03-10T13:41:03","modified_gmt":"2023-03-10T12:41:03","slug":"idegennyelvu-kepzesek","status":"publish","type":"page","link":"https:\/\/semmelweis.hu\/nhkk\/idegennyelvu-kepzesek\/","title":{"rendered":"Idegennyelv\u0171 k\u00e9pz\u00e9sek"},"content":{"rendered":"<h2>Angol nyelv\u0171 k\u00e9pz\u00e9sek<\/h2>\n<p><a href=\"https:\/\/semmelweis.hu\/admission\/programs\/\"><strong>Tov\u00e1bb a k\u00e9pz\u00e9sek angol nyelv\u0171 ismertet\u00e9s\u00e9hez \u2192<\/strong><\/a><\/p>\n<h4>Osztatlan k\u00e9pz\u00e9sek<\/h4>\n<ul class=\" dropdown-menu \" role=\"menu\">\n<li id=\"menu-item-13061\" class=\"ppr-new-window ppr-rewrite menu-item menu-item-type-post_type menu-item-object-page menu-item-13061\"><a href=\"https:\/\/semmelweis.hu\/oktatasigazgatas\/oktatasi-ugyek\/felsofoku-vegzettsegi-szintet-biztosito-kepzesek\/alapkepzesek\/\" target=\"_blank\" rel=\"noopener\">Alapk\u00e9pz\u00e9sek<\/a><\/li>\n<li id=\"menu-item-13062\" class=\"ppr-new-window ppr-rewrite menu-item menu-item-type-post_type menu-item-object-page menu-item-13062\"><a href=\"https:\/\/semmelweis.hu\/oktatasigazgatas\/oktatasi-ugyek\/felsofoku-vegzettsegi-szintet-biztosito-kepzesek\/mesterkepzesek\/\" target=\"_blank\" rel=\"noopener\">Mesterk\u00e9pz\u00e9sek<\/a><\/li>\n<li id=\"menu-item-13063\" class=\"ppr-new-window ppr-rewrite menu-item menu-item-type-post_type menu-item-object-page menu-item-13063\"><a href=\"https:\/\/semmelweis.hu\/oktatasigazgatas\/oktatasi-ugyek\/felsofoku-vegzettsegi-szintet-biztosito-kepzesek\/osztatlan-egyseges-kepzesek\/\" target=\"_blank\" rel=\"noopener\">Egys\u00e9ges osztatlan k\u00e9pz\u00e9sek<\/a><\/li>\n<li id=\"menu-item-13104\" class=\"ppr-new-window ppr-rewrite menu-item menu-item-type-post_type menu-item-object-page menu-item-13104\"><a href=\"https:\/\/semmelweis.hu\/oktatasigazgatas\/oktatasi-ugyek\/felsofoku-vegzettsegi-szintet-biztosito-kepzesek\/doktori-kepzes\/\" target=\"_blank\" rel=\"noopener\">Doktori K\u00e9pz\u00e9sek<\/a><\/li>\n<li id=\"menu-item-13064\" class=\"ppr-new-window ppr-rewrite menu-item menu-item-type-post_type menu-item-object-page menu-item-13064\"><a href=\"https:\/\/semmelweis.hu\/oktatasigazgatas\/oktatasi-ugyek\/felsofoku-vegzettsegi-szintet-nem-biztosito-kepzesek\/\" target=\"_blank\" rel=\"noopener\">Szakir\u00e1ny\u00fa tov\u00e1bbk\u00e9pz\u00e9sek<\/a><\/li>\n<li id=\"menu-item-13061\" class=\"ppr-new-window ppr-rewrite menu-item menu-item-type-post_type menu-item-object-page menu-item-13061\"><a href=\"https:\/\/semmelweis.hu\/oktatasigazgatas\/oktatasi-ugyek\/felsofoku-vegzettsegi-szintet-biztosito-kepzesek\/alapkepzesek\/\" target=\"_blank\" rel=\"noopener\">Alapk\u00e9pz\u00e9sek<\/a><\/li>\n<li id=\"menu-item-13062\" class=\"ppr-new-window ppr-rewrite menu-item menu-item-type-post_type menu-item-object-page menu-item-13062\"><a href=\"https:\/\/semmelweis.hu\/oktatasigazgatas\/oktatasi-ugyek\/felsofoku-vegzettsegi-szintet-biztosito-kepzesek\/mesterkepzesek\/\" target=\"_blank\" rel=\"noopener\">Mesterk\u00e9pz\u00e9sek<\/a><\/li>\n<li id=\"menu-item-13063\" class=\"ppr-new-window ppr-rewrite menu-item menu-item-type-post_type menu-item-object-page menu-item-13063\"><a href=\"https:\/\/semmelweis.hu\/oktatasigazgatas\/oktatasi-ugyek\/felsofoku-vegzettsegi-szintet-biztosito-kepzesek\/osztatlan-egyseges-kepzesek\/\" target=\"_blank\" rel=\"noopener\">Egys\u00e9ges osztatlan k\u00e9pz\u00e9sek<\/a><\/li>\n<li id=\"menu-item-13104\" class=\"ppr-new-window ppr-rewrite menu-item menu-item-type-post_type menu-item-object-page menu-item-13104\"><a href=\"https:\/\/semmelweis.hu\/oktatasigazgatas\/oktatasi-ugyek\/felsofoku-vegzettsegi-szintet-biztosito-kepzesek\/doktori-kepzes\/\" target=\"_blank\" rel=\"noopener\">Doktori K\u00e9pz\u00e9sek<\/a><\/li>\n<li id=\"menu-item-13064\" class=\"ppr-new-window ppr-rewrite menu-item menu-item-type-post_type menu-item-object-page menu-item-13064\"><a href=\"https:\/\/semmelweis.hu\/oktatasigazgatas\/oktatasi-ugyek\/felsofoku-vegzettsegi-szintet-nem-biztosito-kepzesek\/\" target=\"_blank\" rel=\"noopener\">Alapk\u00e9pz\u00e9sek<br \/>\nMesterk\u00e9pz\u00e9sek<br \/>\nEgys\u00e9ges osztatlan k\u00e9pz\u00e9sek<br \/>\nDoktori K\u00e9pz\u00e9sek<br \/>\nSzakir\u00e1ny\u00fa tov\u00e1bbk\u00e9pz\u00e9sek<\/a><\/p>\n<p>Alapk\u00e9pz\u00e9sek<\/p>\n<p>Mesterk\u00e9pz\u00e9sek<\/p>\n<p>Egys\u00e9ges osztatlan k\u00e9pz\u00e9sek<\/p>\n<p>Doktori K\u00e9pz\u00e9sek<\/p>\n<p>Szakir\u00e1ny\u00fa tov\u00e1bbk\u00e9pz\u00e9sekAlapk\u00e9pz\u00e9sek<br \/>\nMesterk\u00e9pz\u00e9sek<br \/>\nEgys\u00e9ges osztatlan k\u00e9pz\u00e9sek<br \/>\nDoktori K\u00e9pz\u00e9sek<br \/>\nSzakir\u00e1ny\u00fa tov\u00e1bbk\u00e9pz\u00e9sek<\/p>\n<p>Alapk\u00e9pz\u00e9sek<\/p>\n<p>Mesterk\u00e9pz\u00e9sek<\/p>\n<p>Egys\u00e9ges osztatlan k\u00e9pz\u00e9sek<\/p>\n<p>Doktori K\u00e9pz\u00e9sek<\/p>\n<p>Szakir\u00e1ny\u00fa tov\u00e1bbk\u00e9pz\u00e9sek<\/p>\n<p>Alapk\u00e9pz\u00e9sek<\/p>\n<p>Mesterk\u00e9pz\u00e9sek<\/p>\n<p>Egys\u00e9ges osztatlan k\u00e9pz\u00e9sek<\/p>\n<p>Doktori K\u00e9pz\u00e9sek<\/p>\n<p>Szakir\u00e1ny\u00fa tov\u00e1bbk\u00e9pz\u00e9sek<\/p>\n<p>Alapk\u00e9pz\u00e9sek<\/p>\n<p>Mesterk\u00e9pz\u00e9sek<\/p>\n<p>Egys\u00e9ges osztatlan k\u00e9pz\u00e9sek<\/p>\n<p>Doktori K\u00e9pz\u00e9sek<\/p>\n<p>Szakir\u00e1ny\u00fa tov\u00e1bbk\u00e9pz\u00e9sek<\/p>\n<p>Alapk\u00e9pz\u00e9sek<\/p>\n<p>Mesterk\u00e9pz\u00e9sek<\/p>\n<p>Egys\u00e9ges osztatlan k\u00e9pz\u00e9sek<\/p>\n<p>Doktori K\u00e9pz\u00e9sek<\/p>\n<p>Szakir\u00e1ny\u00fa tov\u00e1bbk\u00e9pz\u00e9sek<\/p>\n<p>Alapk\u00e9pz\u00e9sek<\/p>\n<p>Mesterk\u00e9pz\u00e9sek<\/p>\n<p>Egys\u00e9ges osztatlan k\u00e9pz\u00e9sek<\/p>\n<p>Doktori K\u00e9pz\u00e9sek<\/p>\n<p>Szakir\u00e1ny\u00fa tov\u00e1bbk\u00e9pz\u00e9sek<\/p>\n<p>Alapk\u00e9pz\u00e9sek<\/p>\n<p>Mesterk\u00e9pz\u00e9sek<\/p>\n<p>Egys\u00e9ges osztatlan k\u00e9pz\u00e9sek<\/p>\n<p>Doktori K\u00e9pz\u00e9sek<\/p>\n<p>Szakir\u00e1ny\u00fa tov\u00e1bbk\u00e9pz\u00e9sekAlapk\u00e9pz\u00e9sekAlapk\u00e9pz\u00e9sek<\/p>\n<p><a href=\"https:\/\/semmelweis.hu\/oktatasigazgatas\/oktatasi-ugyek\/felsofoku-vegzettsegi-szintet-nem-biztosito-kepzesek\/\" target=\"_blank\" rel=\"noopener\">Szakir\u00e1ny\u00fa tov\u00e1bbk\u00e9pz\u00e9sek<\/a><\/li>\n<\/ul>\n<ul>\n<li>\u00e1ltal\u00e1nos orvos (MSc, osztatlan k\u00e9pz\u00e9s)<\/li>\n<li>fogorvos (MSc, osztatlan k\u00e9pz\u00e9s)<\/li>\n<li>gy\u00f3gyszer\u00e9sz (MSc, osztatlan k\u00e9pz\u00e9s)<\/li>\n<\/ul>\n<h4>Mesterk\u00e9pz\u00e9sek<\/h4>\n<ul>\n<li>\u00e1pol\u00e1s (MSc) &#8211; geri\u00e1triai \/ k\u00f6z\u00f6ss\u00e9gi \/ s\u0171rg\u0151ss\u00e9gi szak\u00e1pol\u00f3<\/li>\n<li>fizioter\u00e1pia (MSc)<\/li>\n<\/ul>\n<h4>Alapk\u00e9pz\u00e9sek<\/h4>\n<ul>\n<li>\u00e1pol\u00e1s \u00e9s betegell\u00e1t\u00e1s (BSc) &#8211; \u00e1pol\u00f3<\/li>\n<li>\u00e1pol\u00e1s \u00e9s betegell\u00e1t\u00e1s (BSc) &#8211;\u00a0sz\u00fcl\u00e9szn\u0151<\/li>\n<li>\u00e1pol\u00e1s \u00e9s betegell\u00e1t\u00e1s (BSc) &#8211; v\u00e9d\u0151n\u0151<\/li>\n<li>\u00e1pol\u00e1s \u00e9s betegell\u00e1t\u00e1s (BSc) &#8211; dietetikus<\/li>\n<li>\u00e1pol\u00e1s \u00e9s betegell\u00e1t\u00e1s (BSc) &#8211; gy\u00f3gytorn\u00e1sz-fizioterapeuta<\/li>\n<li>\u00e1pol\u00e1s \u00e9s betegell\u00e1t\u00e1s (BSc) &#8211; optometria<\/li>\n<li>kondukt\u00edv pedag\u00f3giai asszisztens (BA)<\/li>\n<li>eg\u00e9szs\u00e9g\u00fcgyi szervez\u0151 (BSc)<\/li>\n<li>eg\u00e9szs\u00e9gturizmus-szervez\u0151 (BSc)<\/li>\n<\/ul>\n<h2>N\u00e9met nyelv\u0171 k\u00e9pz\u00e9sek<\/h2>\n<p><a href=\"https:\/\/semmelweis.hu\/deutsch\/studiengange\/\"><strong>Tov\u00e1bb a k\u00e9pz\u00e9sek n\u00e9met nyelv\u0171 ismertet\u00e9s\u00e9hez \u2192<\/strong><\/a><\/p>\n<h4>Osztatlan k\u00e9pz\u00e9sek<\/h4>\n<ul>\n<li>\u00e1ltal\u00e1nos orvos (MSc, osztatlan k\u00e9pz\u00e9s)<\/li>\n<li>fogorvos (MSc, osztatlan k\u00e9pz\u00e9s)<\/li>\n<li>gy\u00f3gyszer\u00e9sz (MSc, osztatlan k\u00e9pz\u00e9s)<\/li>\n<\/ul>\n","protected":false},"excerpt":{"rendered":"<p>Angol nyelv\u0171 k\u00e9pz\u00e9sek <a href=\"https:\/\/semmelweis.hu\/admission\/programs\/\">Tov\u00e1bb a k\u00e9pz\u00e9sek angol nyelv\u0171 ismertet\u00e9s\u00e9hez \u2192<\/a> Osztatlan k\u00e9pz\u00e9sek <a href=\"https:\/\/semmelweis.hu\/oktatasigazgatas\/oktatasi-ugyek\/felsofoku-vegzettsegi-szintet-biztosito-kepzesek\/alapkepzesek\/\" target=\"_blank\" rel=\"noopener\">Alapk\u00e9pz\u00e9sek<\/a> <a href=\"https:\/\/semmelweis.hu\/oktatasigazgatas\/oktatasi-ugyek\/felsofoku-vegzettsegi-szintet-biztosito-kepzesek\/mesterkepzesek\/\" target=\"_blank\" rel=\"noopener\">Mesterk\u00e9pz\u00e9sek<\/a> <a href=\"https:\/\/semmelweis.hu\/oktatasigazgatas\/oktatasi-ugyek\/felsofoku-vegzettsegi-szintet-biztosito-kepzesek\/osztatlan-egyseges-kepzesek\/\" target=\"_blank\" rel=\"noopener\">Egys\u00e9ges osztatlan k\u00e9pz\u00e9sek<\/a> <a href=\"https:\/\/semmelweis.hu\/oktatasigazgatas\/oktatasi-ugyek\/felsofoku-vegzettsegi-szintet-biztosito-kepzesek\/doktori-kepzes\/\" target=\"_blank\" rel=\"noopener\">Doktori K\u00e9pz\u00e9sek<\/a> <a href=\"https:\/\/semmelweis.hu\/oktatasigazgatas\/oktatasi-ugyek\/felsofoku-vegzettsegi-szintet-nem-biztosito-kepzesek\/\" target=\"_blank\" rel=\"noopener\">Szakir\u00e1ny\u00fa tov\u00e1bbk\u00e9pz\u00e9sek<\/a> <a href=\"https:\/\/semmelweis.hu\/oktatasigazgatas\/oktatasi-ugyek\/felsofoku-vegzettsegi-szintet-biztosito-kepzesek\/alapkepzesek\/\" target=\"_blank\" rel=\"noopener\">Alapk\u00e9pz\u00e9sek<\/a> <a href=\"https:\/\/semmelweis.hu\/oktatasigazgatas\/oktatasi-ugyek\/felsofoku-vegzettsegi-szintet-biztosito-kepzesek\/mesterkepzesek\/\" target=\"_blank\" rel=\"noopener\">Mesterk\u00e9pz\u00e9sek<\/a> <a href=\"https:\/\/semmelweis.hu\/oktatasigazgatas\/oktatasi-ugyek\/felsofoku-vegzettsegi-szintet-biztosito-kepzesek\/osztatlan-egyseges-kepzesek\/\" target=\"_blank\" rel=\"noopener\">Egys\u00e9ges osztatlan k\u00e9pz\u00e9sek<\/a> <a href=\"https:\/\/semmelweis.hu\/oktatasigazgatas\/oktatasi-ugyek\/felsofoku-vegzettsegi-szintet-biztosito-kepzesek\/doktori-kepzes\/\" target=\"_blank\" rel=\"noopener\">Doktori K\u00e9pz\u00e9sek<\/a> <a href=\"https:\/\/semmelweis.hu\/oktatasigazgatas\/oktatasi-ugyek\/felsofoku-vegzettsegi-szintet-nem-biztosito-kepzesek\/\" target=\"_blank\" rel=\"noopener\">Alapk\u00e9pz\u00e9sek Mesterk\u00e9pz\u00e9sek Egys\u00e9ges osztatlan k\u00e9pz\u00e9sek Doktori K\u00e9pz\u00e9sek Szakir\u00e1ny\u00fa tov\u00e1bbk\u00e9pz\u00e9sek<\/a> Alapk\u00e9pz\u00e9sek Mesterk\u00e9pz\u00e9sek Egys\u00e9ges osztatlan k\u00e9pz\u00e9sek Doktori K\u00e9pz\u00e9sek Szakir\u00e1ny\u00fa tov\u00e1bbk\u00e9pz\u00e9sekAlapk\u00e9pz\u00e9sek Mesterk\u00e9pz\u00e9sek Egys\u00e9ges osztatlan k\u00e9pz\u00e9sek Doktori K\u00e9pz\u00e9sek Szakir\u00e1ny\u00fa tov\u00e1bbk\u00e9pz\u00e9sek Alapk\u00e9pz\u00e9sek Mesterk\u00e9pz\u00e9sek Egys\u00e9ges osztatlan k\u00e9pz\u00e9sek Doktori K\u00e9pz\u00e9sek Szakir\u00e1ny\u00fa tov\u00e1bbk\u00e9pz\u00e9sek Alapk\u00e9pz\u00e9sek Mesterk\u00e9pz\u00e9sek Egys\u00e9ges osztatlan k\u00e9pz\u00e9sek Doktori K\u00e9pz\u00e9sek Szakir\u00e1ny\u00fa tov\u00e1bbk\u00e9pz\u00e9sek Alapk\u00e9pz\u00e9sek Mesterk\u00e9pz\u00e9sek Egys\u00e9ges &hellip;<\/p>\n","protected":false},"author":101640,"featured_media":0,"parent":0,"menu_order":2,"comment_status":"closed","ping_status":"closed","template":"","meta":{"_acf_changed":false,"footnotes":""},"categories":[],"tags":[],"class_list":["post-175","page","type-page","status-publish","hentry"],"acf":[],"_links":{"self":[{"href":"https:\/\/semmelweis.hu\/nhkk\/wp-json\/wp\/v2\/pages\/175","targetHints":{"allow":["GET"]}}],"collection":[{"href":"https:\/\/semmelweis.hu\/nhkk\/wp-json\/wp\/v2\/pages"}],"about":[{"href":"https:\/\/semmelweis.hu\/nhkk\/wp-json\/wp\/v2\/types\/page"}],"author":[{"embeddable":true,"href":"https:\/\/semmelweis.hu\/nhkk\/wp-json\/wp\/v2\/users\/101640"}],"replies":[{"embeddable":true,"href":"https:\/\/semmelweis.hu\/nhkk\/wp-json\/wp\/v2\/comments?post=175"}],"version-history":[{"count":8,"href":"https:\/\/semmelweis.hu\/nhkk\/wp-json\/wp\/v2\/pages\/175\/revisions"}],"predecessor-version":[{"id":203,"href":"https:\/\/semmelweis.hu\/nhkk\/wp-json\/wp\/v2\/pages\/175\/revisions\/203"}],"wp:attachment":[{"href":"https:\/\/semmelweis.hu\/nhkk\/wp-json\/wp\/v2\/media?parent=175"}],"wp:term":[{"taxonomy":"category","embeddable":true,"href":"https:\/\/semmelweis.hu\/nhkk\/wp-json\/wp\/v2\/categories?post=175"},{"taxonomy":"post_tag","embeddable":true,"href":"https:\/\/semmelweis.hu\/nhkk\/wp-json\/wp\/v2\/tags?post=175"}],"curies":[{"name":"wp","href":"https:\/\/api.w.org\/{rel}","templated":true}]}}